{"id":18087,"date":"2024-08-01T01:09:16","date_gmt":"2024-07-31T18:09:16","guid":{"rendered":"http:\/\/xgolf.vn\/-product-\/uncategorized\/kinh-golf-tifosi-seek-2-0-satin-vapor\/"},"modified":"2024-08-01T01:09:18","modified_gmt":"2024-07-31T18:09:18","slug":"kinh-golf-tifosi-seek-2-0-satin-vapor","status":"publish","type":"product","link":"https:\/\/xgolf.vn\/zh\/-product-\/phu-kien\/kinh\/kinh-golf-tifosi-seek-2-0-satin-vapor\/","title":{"rendered":"Ki\u0301nh golf TIFOSI SEEK 2.0, SATIN VAPOR"},"content":{"rendered":"<div class=\"product attribute description\">\n<div class=\"value\">#html-body [data-pb-style=A1CNN7D]{background-position:left top;background-size:cover;background-repeat:no-repeat;background-attachment:scroll;align-self:stretch}#html-body [data-pb-style=VX6U0MJ]{display:flex;width:100%}#html-body [data-pb-style=O0Q776N]{justify-content:flex-start;display:flex;flex-direction:column;background-position:left top;background-size:cover;background-repeat:no-repeat;background-attachment:scroll;width:100%;align-self:stretch}<\/p>\n<div class=\"pagebuilder-column-group\" data-background-images=\"{}\" data-content-type=\"column-group\" data-appearance=\"default\" data-grid-size=\"12\" data-element=\"main\" data-pb-style=\"A1CNN7D\">\n<div class=\"pagebuilder-column-line\" data-content-type=\"column-line\" data-element=\"main\" data-pb-style=\"VX6U0MJ\">\n<div class=\"pagebuilder-column\" data-content-type=\"column\" data-appearance=\"full-height\" data-background-images=\"{}\" data-element=\"main\" data-pb-style=\"O0Q776N\">\n<div data-content-type=\"text\" data-appearance=\"default\" data-element=\"main\">\n<h4>Ki\u0301nh golf TIFOSI SEEK 2.0, SATIN VAPOR<\/h4>\n<p>Seek 2.0 c\u00f3 tr\u00f2ng k\u00ednh polycarbonate ch\u1ed1ng v\u1ee1, mi\u1ebfng \u0111\u1ec7m tai v\u00e0 m\u0169i cao su hydrophilic t\u0103ng \u0111\u1ed9 b\u00e1m c\u00e0ng nhi\u1ec1u khi b\u1ea1n \u0111\u1ed5 m\u1ed3 h\u00f4i v\u00e0 c\u00f4ng ngh\u1ec7 Comfort Grip th\u00eam \u0111\u1ed9 linh ho\u1ea1t v\u00e0o mi\u1ebfng \u0111\u1ec7m tai gi\u00fap gi\u1eef k\u00ednh m\u1eaft ch\u1eafc ch\u1eafn m\u00e0 kh\u00f4ng g\u00e2y \u00e1p l\u1ef1c, ph\u00f9 h\u1ee3p v\u1edbi nhi\u1ec1u k\u00edch c\u1ee1 khu\u00f4n m\u1eb7t. T\u00ecm ki\u1ebfm c\u1eb7p k\u00ednh ho\u00e0n h\u1ea3o, v\u00e0 \u0111a d\u1ee5ng, ch\u1ecdn ngay Seek 2.0<\/p>\n<p><strong>TH\u00d4NG S\u1ed0 K\u1ef8 THU\u1eacT <\/strong><\/p>\n<ul>\n<li>G\u1ecdng: ch\u1ea5t li\u1ec7u Grilamid TR-90 si\u00eau nh\u1eb9 v\u00e0 b\u1ec1n ch\u1eafc<\/li>\n<li>Tr\u00f2ng : \u00a0X\u00e1m kh\u00f3i &#8211; Tr\u00f2ng ch\u1ed1ng v\u1ee1 b\u1eb1ng ch\u1ea5t li\u1ec7u polycarbonate b\u1ea3o v\u1ec7 100% c\u00e1c tia UV \u0111\u1ed9c h\u1ea1i kh\u00e1c nh\u01b0 UVA \/ UVB<\/li>\n<li>T\u00ednh n\u0103ng: Mi\u1ebfng \u0111\u1ec7m m\u0169i cao su hydrophilic &#8211; \u0111\u1ed9 b\u00e1m t\u0103ng c\u00e0ng nhi\u1ec1u khi b\u1ea1n \u0111\u1ed5 m\u1ed3 h\u00f4i. C\u00f4ng ngh\u1ec7 Comfort Grip th\u00eam \u0111\u1ed9 linh ho\u1ea1t v\u00e0o \u0111\u1ec7m tai gi\u00fap gi\u1eef k\u00ednh m\u1eaft ch\u1eafc ch\u1eafn m\u00e0 kh\u00f4ng g\u00e2y \u00e1p l\u1ef1c<\/li>\n<li>Ph\u00f9 h\u1ee3p g\u01b0\u01a1ng m\u1eb7t: Nh\u1ecf v\u00e0 Trung b\u00ecnh \u00a0| Tr\u1ecdng l\u01b0\u1ee3ng: 21G<\/li>\n<li>T\u1eb7ng k\u00e8m: T\u00fai m\u1ec1m lau k\u00ednh Microfiber<\/li>\n<\/ul>\n<\/div>\n<\/div>\n<\/div>\n<\/div>\n<\/div>\n<\/div>\n<ul class=\"attribute-specs-wrapper\">\n<li>\n                    Gi\u1edbi t\u00ednh: Nam                <\/li>\n<li>\n                    H\u00e3ng: TIFOSI                <\/li>\n<li>\n                    S\u1ea3n xu\u1ea5t : Trung Qu\u1ed1c                <\/li>\n<\/ul>","protected":false},"excerpt":{"rendered":"<div class=\"text-bottom--product-detail-info\">\n<div class=\"item\">\n        S\u1ea3n ph\u1ea9m ch\u00ednh h\u00e3ng 100%.\n    <\/div>\n<div class=\"item\">\n<div>\n          Ch\u00ednh s\u00e1ch \u0111\u1ed5i h\u00e0ng  (Xem chi ti\u1ebft).\n        <\/div>\n<\/div>\n<div class=\"item\">\n        Gi\u00e1 s\u1ea3n ph\u1ea9m \u0111\u00e3 bao g\u1ed3m VAT.\n    <\/div>\n<div class=\"item\">\n        Mi\u1ec5n ph\u00ed v\u1eadn chuy\u1ec3n th\u01b0\u1eddng\n    <\/div>\n<\/div>","protected":false},"featured_media":18088,"comment_status":"closed","ping_status":"closed","template":"","meta":[],"pwb-brand":[4361],"product_cat":[3346],"product_tag":[4758,4559],"class_list":{"0":"post-18087","1":"product","2":"type-product","3":"status-publish","4":"has-post-thumbnail","6":"pwb-brand-tifosi","7":"product_cat-kinh","8":"product_tag-kinh-golf-tifosi-seek-2-0","9":"product_tag-satin-vapor","11":"first","12":"instock","13":"shipping-taxable","14":"purchasable","15":"product-type-simple"},"brands":[{"id":4361,"name":"TIFOSI","slug":"tifosi"}],"_links":{"self":[{"href":"https:\/\/xgolf.vn\/zh\/wp-json\/wp\/v2\/product\/18087","targetHints":{"allow":["GET"]}}],"collection":[{"href":"https:\/\/xgolf.vn\/zh\/wp-json\/wp\/v2\/product"}],"about":[{"href":"https:\/\/xgolf.vn\/zh\/wp-json\/wp\/v2\/types\/product"}],"replies":[{"embeddable":true,"href":"https:\/\/xgolf.vn\/zh\/wp-json\/wp\/v2\/comments?post=18087"}],"wp:featuredmedia":[{"embeddable":true,"href":"https:\/\/xgolf.vn\/zh\/wp-json\/wp\/v2\/media\/18088"}],"wp:attachment":[{"href":"https:\/\/xgolf.vn\/zh\/wp-json\/wp\/v2\/media?parent=18087"}],"wp:term":[{"taxonomy":"pwb-brand","embeddable":true,"href":"https:\/\/xgolf.vn\/zh\/wp-json\/wp\/v2\/pwb-brand?post=18087"},{"taxonomy":"product_cat","embeddable":true,"href":"https:\/\/xgolf.vn\/zh\/wp-json\/wp\/v2\/product_cat?post=18087"},{"taxonomy":"product_tag","embeddable":true,"href":"https:\/\/xgolf.vn\/zh\/wp-json\/wp\/v2\/product_tag?post=18087"}],"curies":[{"name":"wp","href":"https:\/\/api.w.org\/{rel}","templated":true}]}}