{"id":17185,"date":"2024-07-31T22:50:24","date_gmt":"2024-07-31T15:50:24","guid":{"rendered":"http:\/\/xgolf.vn\/-product-\/uncategorized\/kinh-golf-tifosi-sanctum-blackout\/"},"modified":"2024-07-31T22:50:30","modified_gmt":"2024-07-31T15:50:30","slug":"kinh-golf-tifosi-sanctum-blackout","status":"publish","type":"product","link":"https:\/\/xgolf.vn\/zh\/-product-\/phu-kien\/kinh\/kinh-golf-tifosi-sanctum-blackout\/","title":{"rendered":"K\u00ednh golf TIFOSI SANCTUM, BLACKOUT"},"content":{"rendered":"<div class=\"product attribute description\">\n<div class=\"value\">#html-body [data-pb-style=HD0F6N6]{justify-content:flex-start;display:flex;flex-direction:column;background-position:left top;background-size:cover;background-repeat:no-repeat;background-attachment:scroll}<\/p>\n<div data-content-type=\"row\" data-appearance=\"contained\" data-element=\"main\">\n<div data-enable-parallax=\"0\" data-parallax-speed=\"0.5\" data-background-images=\"{}\" data-background-type=\"image\" data-video-loop=\"true\" data-video-play-only-visible=\"true\" data-video-lazy-load=\"true\" data-video-fallback-src=\"\" data-element=\"inner\" data-pb-style=\"HD0F6N6\">\n<div data-content-type=\"text\" data-appearance=\"default\" data-element=\"main\">\n<h1><span style=\"font-size: 28px\">K\u00ednh golf TIFOSI SANCTUM, BLACKOUT<\/span><\/h1>\n<div class=\"grid product-single\">\n<div class=\"grid__item large--nine-twelfths medium--one-whole small--one-whole\">\n<div class=\"product-content\">\n<div class=\"pro-short-desc\"><span style=\"font-size: 20px\"><strong>N\u00c2NG C\u1ea4P PHONG C\u00c1CH N\u0102NG \u0110\u1ed8NG C\u1ee6A B\u1ea0N V\u1edaI K\u00cdNH TH\u1ec2 THAO SANCTUM<\/strong><\/span><br \/><span style=\"font-size: 20px\">B\u1ea1n \u0111\u00e3 s\u1eb5n s\u00e0ng \u0111\u01b0a l\u1ed1i s\u1ed1ng n\u0103ng \u0111\u1ed9ng c\u1ee7a m\u00ecnh l\u00ean m\u1ed9t t\u1ea7m cao m\u1edbi ch\u01b0a? H\u00e3y ch\u1ecdn\u00a0Sanctum, \u0111\u1ec9nh cao c\u1ee7a k\u00ednh r\u00e2m th\u1ec3 thao k\u1ebft h\u1ee3p d\u1ec5 d\u00e0ng gi\u1eefa c\u00e1 t\u00ednh,\u00a0s\u1ef1 tho\u1ea3i m\u00e1i v\u00e0 hi\u1ec7u su\u1ea5t \u0111\u1ec3 n\u00e2ng cao tr\u1ea3i nghi\u1ec7m h\u00e0ng ng\u00e0y c\u1ee7a b\u1ea1n. Ra \u0111\u1eddi t\u1eeb n\u1ec1n t\u1ea3ng c\u1ee7a Sizzle, Sanctum ti\u1ebfn m\u1ed9t b\u01b0\u1edbc xa h\u01a1n v\u1edbi b\u1ec1 m\u1eb7t\u00a0k\u00ednh l\u1edbn h\u01a1n v\u00e0 n\u1ecbnh m\u1eaft h\u01a1n.<strong>Phong c\u00e1ch n\u00f3i l\u00ean nhi\u1ec1u \u0111i\u1ec1u<\/strong><\/span><br \/><span style=\"font-size: 20px\">Sanctum kh\u00f4ng ch\u1ec9 v\u1ec1\u00a0ch\u1ee9c n\u0103ng; \u0111\u00f3 l\u00e0 trend\u00a0th\u1eddi trang. B\u1ec1 m\u1eb7t\u00a0k\u00ednh l\u1edbn h\u01a1n v\u00e0 thi\u1ebft k\u1ebf hi\u1ec7n \u0111\u1ea1i t\u0103ng th\u00eam n\u00e9t tinh t\u1ebf cho b\u1ed9 trang ph\u1ee5c th\u1ec3 thao c\u1ee7a b\u1ea1n, \u0111\u1ea3m b\u1ea3o b\u1ea1n tr\u00f4ng \u0111\u1eb9p trong m\u1ecdi g\u00f3c ch\u1ee5p \u0111\u1ed9ng. Cho d\u00f9 b\u1ea1n \u0111ang \u0111i tr\u00ean nh\u1eefng con \u0111\u01b0\u1eddng m\u00f2n, t\u1eadn h\u01b0\u1edfng m\u1ed9t chuy\u1ebfn \u0111\u1ea1p xe nh\u00e0n nh\u00e3 hay tham gia c\u00e1c bu\u1ed5i \u0111\u00e1nh banh\u00a0c\u01b0\u1eddng \u0111\u1ed9 cao, Sanctum lu\u00f4n k\u1ebft h\u1ee3p phong c\u00e1ch v\u1edbi m\u1ee5c \u0111\u00edch m\u1ed9t c\u00e1ch li\u1ec1n m\u1ea1ch.<\/span><\/div>\n<\/div>\n<\/div>\n<div class=\"grid__item large--three-twelfths medium--one-whole small--one-whole\">\n<div class=\"product-content\">\n<div class=\"grid mg-left-5\">\n<div class=\"grid__item large--one-whole medium--one-third small--one-whole pd-left5\">\n<div class=\"product-actions clearfix\"><span style=\"font-size: 20px\"><strong>T\u00ednh N\u0103ng<\/strong><\/span><\/div>\n<\/div>\n<\/div>\n<div class=\"grid mg-left-5\">\n<div class=\"grid__item large--one-whole medium--one-third small--one-whole pd-left5\">\u00a0<\/div>\n<\/div>\n<\/div>\n<\/div>\n<\/div>\n<div class=\"grid\">\n<div class=\"grid__item large--nine-twelfths medium--one-whole small--one-whole small--hide\">\n<div class=\"product-description-wrapper\">\n<div class=\"tab clearfix\">\u00a0<\/div>\n<div id=\"protab1\" class=\"pro-tabcontent\"><span style=\"font-size: 20px\"><img decoding=\"async\" src=\"http:\/\/xgolf.vn\/wp-content\/uploads\/2024\/07\/21_72ed973974db491dad05ddaff6d8d8bc.png\" title=\"21_72ed973974db491dad05ddaff6d8d8bc\"><\/span><\/p>\n<table>\n<tbody>\n<tr>\n<th><span style=\"font-size: 20px\"><img decoding=\"async\" src=\"http:\/\/xgolf.vn\/wp-content\/uploads\/2024\/07\/polycarbonate_lens_small-1.png\" title=\"polycarbonate_lens_small-1\"><\/span><\/th>\n<td><span style=\"font-size: 20px\"><strong>Ch\u1ea5t li\u1ec7u POLYCARBONATE<\/strong>\u0110\u01b0\u1ee3c ch\u1ebf t\u1ea1o t\u1eeb ch\u1ea5t li\u1ec7u polycarbonate ch\u1ed1ng tr\u1ea7y x\u01b0\u1edbc, ch\u1ed1ng v\u1ee1.<\/span><\/td>\n<\/tr>\n<tr>\n<th><span style=\"font-size: 20px\"><img decoding=\"async\" src=\"http:\/\/xgolf.vn\/wp-content\/uploads\/2024\/07\/glareguard_small-1.png\" title=\"glareguard_small-1\"><\/span><\/th>\n<td><span style=\"font-size: 20px\"><strong>Ch\u1ed1ng ch\u00f3i<\/strong>L\u1edbp ph\u1ee7 tr\u00f2ng k\u00ednh b\u1ea3o v\u1ec7 ch\u1ed1ng ch\u00f3i \u0111\u1ed9c quy\u1ec1n c\u1ee7a Tifosi l\u00e0m gi\u1ea3m m\u1ecfi m\u1eaft.<\/span><\/td>\n<\/tr>\n<tr>\n<th><span style=\"font-size: 20px\"><img decoding=\"async\" src=\"http:\/\/xgolf.vn\/wp-content\/uploads\/2024\/07\/grilamid_tr90_1_small-1.png\" title=\"grilamid_tr90_1_small-1\"><\/span><\/th>\n<td><span style=\"font-size: 20px\"><strong>G\u1ecdng k\u00ednh b\u1eb1ng ch\u1ea5t li\u1ec7u GRILAMID TR-90<\/strong>Ch\u1ea5t li\u1ec7u nylon c\u1ef1c k\u1ef3 nh\u1eb9 v\u00e0 b\u1ec1n, ch\u1ed1ng l\u1ea1i c\u00e1c t\u00e1c h\u1ea1i t\u1eeb ch\u1ea5t h\u00f3a h\u1ecdc v\u00e0 tia c\u1ef1c t\u00edm.<\/span><\/td>\n<\/tr>\n<tr>\n<th><span style=\"font-size: 20px\"><img decoding=\"async\" src=\"http:\/\/xgolf.vn\/wp-content\/uploads\/2024\/07\/hydrophilic_rubber_13_small-1.png\" title=\"hydrophilic_rubber_13_small-1\"><\/span><\/th>\n<td><span style=\"font-size: 20px\"><strong>Cao su \u01b0a n\u01b0\u1edbc\u00a0<\/strong>Ph\u1ea7n cao su \u01b0a n\u01b0\u1edbc \u1edf \u0111\u1ec7m tai v\u00e0 m\u0169i gi\u00fap t\u0103ng \u0111\u1ed9 b\u00e1m ngay c\u1ea3 khi \u0111\u1ed5 m\u1ed3 h\u00f4i.<\/span><\/td>\n<\/tr>\n<tr>\n<th><span style=\"font-size: 20px\"><img decoding=\"async\" src=\"http:\/\/xgolf.vn\/wp-content\/uploads\/2024\/07\/uv_protection_small-1.png\" title=\"uv_protection_small-1\"><\/span><\/th>\n<td><span style=\"font-size: 20px\"><strong>Ch\u1ed1ng Tia UV<\/strong>T\u1ea5t c\u1ea3 tr\u00f2ng k\u00ednh Tifosi 100% \u0111\u1ec1u ch\u1ed1ng tia UVA v\u00e0 UVB \u0111\u1ed9c h\u1ea1i.<\/span><\/td>\n<\/tr>\n<\/tbody>\n<\/table>\n<ul>\n<li>\n<p><span style=\"font-size: 20px\"><strong>Tr\u00f2ng:<\/strong>\u00a0Smoke\u00a0\u2013 tr\u00f2ng ch\u1ed1ng v\u1ee1 b\u1eb1ng ch\u1ea5t li\u1ec7u\u00a0polycarbonate b\u1ea3o v\u1ec7\u00a0100% c\u00e1c tia UV \u0111\u1ed9c h\u1ea1i kh\u00e1c nh\u01b0\u00a0UVA \/ UVB.<\/span><\/p>\n<\/li>\n<li>\n<p><span style=\"font-size: 20px\"><strong>T\u00ednh n\u0103ng:\u00a0<\/strong>Tr\u00f2ng k\u00ednh to kh\u00f4ng g\u1ecdng, mi\u1ebfng \u0111\u1ec7m tai v\u00e0 m\u0169i c\u00f3 th\u1ec3 \u0111i\u1ec1u ch\u1ec9nh t\u00f9y \u00fd, ph\u1ea7n \u0111\u1ec7m tai v\u00e0 m\u0169i b\u1eb1ng cao su h\u00fat n\u01b0\u1edbc gi\u00fap t\u0103ng \u0111\u1ed9 b\u00e1m ngay c\u1ea3 khi\u00a0\u0111\u1ed5 nhi\u1ec1u m\u1ed3 h\u00f4i.<\/span><\/p>\n<\/li>\n<li>\n<p><span style=\"font-size: 20px\"><strong>Ph\u00f9 h\u1ee3p g\u01b0\u01a1ng m\u1eb7t:<\/strong>\u00a0T\u1ea7m Trung \u0111\u1ebfn To\u00a0|\u00a0<strong>Tr\u1ecdng l\u01b0\u1ee3ng:<\/strong>\u00a024G<\/span><\/p>\n<\/li>\n<\/ul>\n<\/div>\n<\/div>\n<\/div>\n<\/div>\n<\/div>\n<\/div>\n<\/div>\n<\/div>\n<\/div>\n<ul class=\"attribute-specs-wrapper\">\n<li>\n                    H\u00e3ng: TIFOSI                <\/li>\n<li>\n                    S\u1ea3n xu\u1ea5t : Trung Qu\u1ed1c                <\/li>\n<\/ul>","protected":false},"excerpt":{"rendered":"<div class=\"text-bottom--product-detail-info\">\n<div class=\"item\">\n        S\u1ea3n ph\u1ea9m ch\u00ednh h\u00e3ng 100%.\n    <\/div>\n<div class=\"item\">\n<div>\n          Ch\u00ednh s\u00e1ch \u0111\u1ed5i h\u00e0ng  (Xem chi ti\u1ebft).\n        <\/div>\n<\/div>\n<div class=\"item\">\n        Gi\u00e1 s\u1ea3n ph\u1ea9m \u0111\u00e3 bao g\u1ed3m VAT.\n    <\/div>\n<div class=\"item\">\n        Mi\u1ec5n ph\u00ed v\u1eadn chuy\u1ec3n th\u01b0\u1eddng\n    <\/div>\n<\/div>","protected":false},"featured_media":17186,"comment_status":"closed","ping_status":"closed","template":"","meta":[],"pwb-brand":[4361],"product_cat":[3346],"product_tag":[4376,4375],"class_list":{"0":"post-17185","1":"product","2":"type-product","3":"status-publish","4":"has-post-thumbnail","6":"pwb-brand-tifosi","7":"product_cat-kinh","8":"product_tag-blackout","9":"product_tag-kinh-golf-tifosi-sanctum","11":"first","12":"instock","13":"shipping-taxable","14":"purchasable","15":"product-type-simple"},"brands":[{"id":4361,"name":"TIFOSI","slug":"tifosi"}],"_links":{"self":[{"href":"https:\/\/xgolf.vn\/zh\/wp-json\/wp\/v2\/product\/17185","targetHints":{"allow":["GET"]}}],"collection":[{"href":"https:\/\/xgolf.vn\/zh\/wp-json\/wp\/v2\/product"}],"about":[{"href":"https:\/\/xgolf.vn\/zh\/wp-json\/wp\/v2\/types\/product"}],"replies":[{"embeddable":true,"href":"https:\/\/xgolf.vn\/zh\/wp-json\/wp\/v2\/comments?post=17185"}],"wp:featuredmedia":[{"embeddable":true,"href":"https:\/\/xgolf.vn\/zh\/wp-json\/wp\/v2\/media\/17186"}],"wp:attachment":[{"href":"https:\/\/xgolf.vn\/zh\/wp-json\/wp\/v2\/media?parent=17185"}],"wp:term":[{"taxonomy":"pwb-brand","embeddable":true,"href":"https:\/\/xgolf.vn\/zh\/wp-json\/wp\/v2\/pwb-brand?post=17185"},{"taxonomy":"product_cat","embeddable":true,"href":"https:\/\/xgolf.vn\/zh\/wp-json\/wp\/v2\/product_cat?post=17185"},{"taxonomy":"product_tag","embeddable":true,"href":"https:\/\/xgolf.vn\/zh\/wp-json\/wp\/v2\/product_tag?post=17185"}],"curies":[{"name":"wp","href":"https:\/\/api.w.org\/{rel}","templated":true}]}}