{"id":15952,"date":"2024-07-31T19:53:07","date_gmt":"2024-07-31T12:53:07","guid":{"rendered":"http:\/\/xgolf.vn\/-product-\/uncategorized\/kinh-golf-swans-salf-0715-bk-ultra-lens-for-golfs\/"},"modified":"2024-07-31T19:53:10","modified_gmt":"2024-07-31T12:53:10","slug":"kinh-golf-swans-salf-0715-bk-ultra-lens-for-golfs","status":"publish","type":"product","link":"https:\/\/xgolf.vn\/zh\/-product-\/phu-kien\/kinh\/kinh-golf-swans-salf-0715-bk-ultra-lens-for-golfs\/","title":{"rendered":"K\u00ednh golf swans SALF-0715 BK (ULTRA LENS for GOLFS)"},"content":{"rendered":"<div class=\"product attribute description\">\n<div class=\"value\">#html-body [data-pb-style=FT1TV70]{justify-content:flex-start;display:flex;flex-direction:column;background-position:left top;background-size:cover;background-repeat:no-repeat;background-attachment:scroll}<\/p>\n<div data-content-type=\"row\" data-appearance=\"contained\" data-element=\"main\">\n<div data-enable-parallax=\"0\" data-parallax-speed=\"0.5\" data-background-images=\"{}\" data-background-type=\"image\" data-video-loop=\"true\" data-video-play-only-visible=\"true\" data-video-lazy-load=\"true\" data-video-fallback-src=\"\" data-element=\"inner\" data-pb-style=\"FT1TV70\">\n<div data-content-type=\"text\" data-appearance=\"default\" data-element=\"main\">\n<h1><span style=\"font-size: 28px\">K\u00ednh golf swans SALF-0715 BK (ULTRA LENS for GOLFS)<\/span><\/h1>\n<p><span style=\"font-size: 20px\">Th\u00f4ng tin s\u1ea3n ph\u1ea9m<\/span><\/p>\n<ul>\n<li><span style=\"font-size: 20px\">M\u1eabu \u1ed1ng k\u00ednh g\u01b0\u01a1ng ph\u00f9 h\u1ee3p v\u1edbi l\u00e1 SWANS Airless<\/span><\/li>\n<li><span style=\"font-size: 20px\">M\u00e0u khung: \u0111en x b\u1ea1c nh\u1ea1t<\/span><\/li>\n<li><span style=\"font-size: 20px\">M\u00e0u \u1ed1ng k\u00ednh: G\u01b0\u01a1ng b\u1ea1c x xanh nh\u1ea1t<\/span><\/li>\n<li><span style=\"font-size: 20px\">Chi\u1ec1u r\u1ed9ng: 142mm<\/span><\/li>\n<li><span style=\"font-size: 20px\">Chi\u1ec1u cao: 37mm<\/span><\/li>\n<li><span style=\"font-size: 20px\">Tr\u1ecdng l\u01b0\u1ee3ng: 16g<\/span><\/li>\n<li><span style=\"font-size: 20px\">\u0110\u1ed9 truy\u1ec1n tia c\u1ef1c t\u00edm: 0,1% ho\u1eb7c \u00edt h\u01a1n<\/span><\/li>\n<li><span style=\"font-size: 20px\">\u0110\u1ed9 ph\u00e2n c\u1ef1c: 97% tr\u1edf l\u00ean<\/span><\/li>\n<li><span style=\"font-size: 20px\">Bao g\u1ed3m tr\u01b0\u1eddng h\u1ee3p<\/span><\/li>\n<li><span style=\"font-size: 20px\">\u0110\u1ed9 truy\u1ec1n \u00e1nh s\u00e1ng nh\u00ecn th\u1ea5y \u0111\u01b0\u1ee3c: 0,43<\/span><\/li>\n<li><span style=\"font-size: 20px\">M\u00f4 t\u1ea3 m\u00e0u s\u1eafc c\u1ee7a \u1ed1ng k\u00ednh: L\u1edbp tr\u00e1ng g\u01b0\u01a1ng tr\u00ean b\u1ec1 m\u1eb7t \u1ed1ng k\u00ednh gi\u00fap ng\u0103n ch\u1eb7n \u00e1nh s\u00e1ng ch\u00f3i v\u00e0 m\u00e0u xanh b\u0103ng c\u01a1 b\u1ea3n nh\u1ea5n m\u1ea1nh \u0111\u1ed9 t\u01b0\u01a1ng ph\u1ea3n, v\u00ec v\u1eady \u1ed1ng k\u00ednh n\u00e0y c\u00f3 t\u1ea7m nh\u00ecn r\u00f5 r\u00e0ng. M\u00e0u n\u00e0y ho\u00e0n h\u1ea3o cho c\u00e1c m\u00f4n th\u1ec3 thao ch\u01a1i g\u00f4n v\u00e0 b\u00f3ng.<\/span><\/li>\n<li><span style=\"font-size: 20px\">s\u1ea3n xu\u1ea5t t\u1ea1i Nh\u1eadt B\u1ea3n<\/span><\/li>\n<li><span style=\"color: #333333;font-size: 20px\">SALF-0715 BK<\/span><\/li>\n<\/ul>\n<\/div>\n<\/div>\n<\/div>\n<\/div>\n<\/div>\n<ul class=\"attribute-specs-wrapper\">\n<li>\n                    Th\u1ec3 lo\u1ea1i: K\u00ednh                <\/li>\n<li>\n                    H\u00e3ng: Swans                <\/li>\n<li>\n                    S\u1ea3n xu\u1ea5t : Nh\u1eadt B\u1ea3n                <\/li>\n<\/ul>","protected":false},"excerpt":{"rendered":"<div class=\"text-bottom--product-detail-info\">\n<div class=\"item\">\n        S\u1ea3n ph\u1ea9m ch\u00ednh h\u00e3ng 100%.\n    <\/div>\n<div class=\"item\">\n<div>\n          Ch\u00ednh s\u00e1ch \u0111\u1ed5i h\u00e0ng  (Xem chi ti\u1ebft).\n        <\/div>\n<\/div>\n<div class=\"item\">\n        Gi\u00e1 s\u1ea3n ph\u1ea9m \u0111\u00e3 bao g\u1ed3m VAT.\n    <\/div>\n<div class=\"item\">\n        Mi\u1ec5n ph\u00ed v\u1eadn chuy\u1ec3n th\u01b0\u1eddng\n    <\/div>\n<\/div>","protected":false},"featured_media":15953,"comment_status":"closed","ping_status":"closed","template":"","meta":[],"pwb-brand":[3503],"product_cat":[3346],"product_tag":[3841],"class_list":{"0":"post-15952","1":"product","2":"type-product","3":"status-publish","4":"has-post-thumbnail","6":"pwb-brand-swans","7":"product_cat-kinh","8":"product_tag-kinh-golf-swans-salf-0715-bk-ultra-lens-for-golfs","10":"first","11":"instock","12":"shipping-taxable","13":"purchasable","14":"product-type-simple"},"brands":[{"id":3503,"name":"Swans","slug":"swans"}],"_links":{"self":[{"href":"https:\/\/xgolf.vn\/zh\/wp-json\/wp\/v2\/product\/15952","targetHints":{"allow":["GET"]}}],"collection":[{"href":"https:\/\/xgolf.vn\/zh\/wp-json\/wp\/v2\/product"}],"about":[{"href":"https:\/\/xgolf.vn\/zh\/wp-json\/wp\/v2\/types\/product"}],"replies":[{"embeddable":true,"href":"https:\/\/xgolf.vn\/zh\/wp-json\/wp\/v2\/comments?post=15952"}],"wp:featuredmedia":[{"embeddable":true,"href":"https:\/\/xgolf.vn\/zh\/wp-json\/wp\/v2\/media\/15953"}],"wp:attachment":[{"href":"https:\/\/xgolf.vn\/zh\/wp-json\/wp\/v2\/media?parent=15952"}],"wp:term":[{"taxonomy":"pwb-brand","embeddable":true,"href":"https:\/\/xgolf.vn\/zh\/wp-json\/wp\/v2\/pwb-brand?post=15952"},{"taxonomy":"product_cat","embeddable":true,"href":"https:\/\/xgolf.vn\/zh\/wp-json\/wp\/v2\/product_cat?post=15952"},{"taxonomy":"product_tag","embeddable":true,"href":"https:\/\/xgolf.vn\/zh\/wp-json\/wp\/v2\/product_tag?post=15952"}],"curies":[{"name":"wp","href":"https:\/\/api.w.org\/{rel}","templated":true}]}}