{"id":15157,"date":"2024-07-31T18:06:34","date_gmt":"2024-07-31T11:06:34","guid":{"rendered":"http:\/\/xgolf.vn\/-product-\/uncategorized\/kinh-golf-swans-stx-da-0167-paw-ultra-lens-for-golfs\/"},"modified":"2024-07-31T18:06:36","modified_gmt":"2024-07-31T11:06:36","slug":"kinh-golf-swans-stx-da-0167-paw-ultra-lens-for-golfs","status":"publish","type":"product","link":"https:\/\/xgolf.vn\/zh\/-product-\/phu-kien\/kinh\/kinh-golf-swans-stx-da-0167-paw-ultra-lens-for-golfs\/","title":{"rendered":"K\u00ednh golf swans STX DA-0167 PAW (ULTRA LENS for GOLFS)"},"content":{"rendered":"<div class=\"product attribute description\">\n<div class=\"value\">#html-body [data-pb-style=J9JRYN6]{justify-content:flex-start;display:flex;flex-direction:column;background-position:left top;background-size:cover;background-repeat:no-repeat;background-attachment:scroll}<\/p>\n<div data-content-type=\"row\" data-appearance=\"contained\" data-element=\"main\">\n<div data-enable-parallax=\"0\" data-parallax-speed=\"0.5\" data-background-images=\"{}\" data-background-type=\"image\" data-video-loop=\"true\" data-video-play-only-visible=\"true\" data-video-lazy-load=\"true\" data-video-fallback-src=\"\" data-element=\"inner\" data-pb-style=\"J9JRYN6\">\n<div data-content-type=\"text\" data-appearance=\"default\" data-element=\"main\">\n<h1><span style=\"font-size: 28px\">K\u00ednh golf swans STX DA-0167 PAW (ULTRA LENS for GOLFS)<\/span><\/h1>\n<p><span style=\"font-size: 28px\">Th\u00f4ng tin s\u1ea3n ph\u1ea9m<\/span><\/p>\n<p><span style=\"font-size: 20px\">\u25c6D\u00f2ng STRIX, v\u1ed1n \u0111\u01b0\u1ee3c \u01b0a chu\u1ed9ng nh\u01b0 m\u1ed9t m\u1eabu th\u1ec3 thao ch\u00ednh th\u1ee9c, \u0111\u00e3 ph\u00e1t tri\u1ec3n h\u01a1n n\u1eefa. Ch\u1eef &#8220;D&#8221; trong &#8220;STRIX D.A.&#8221; l\u00e0 ti\u1ebfng Ph\u00e1p c\u1ee7a Deperler: Kh\u1edfi h\u00e0nh, B\u1eaft \u0111\u1ea7u v\u00e0 &#8220;A&#8221; c\u00f3 ngh\u0129a l\u00e0 Ng\u01b0\u1eddi \u0111\u1ebfn: \u0110\u1ebfn, M\u1ee5c ti\u00eau. Nh\u01b0 t\u00ean cho th\u1ea5y, &#8220;STRIX D.A.&#8221; th\u1ec3 hi\u1ec7n \u00fd \u0111\u1ecbnh h\u1ed7 tr\u1ee3 b\u1ea1n t\u1eeb \u0111\u1ea7u \u0111\u1ebfn cu\u1ed1i. . N\u00f3 \u0111ang di\u1ec5n ra<\/span><\/p>\n<p><span style=\"font-size: 20px\">\u25c6\u1ed0ng k\u00ednh c\u00f3 th\u1ec3 \u0111\u01b0\u1ee3c thay th\u1ebf! C\u00f3 th\u1ec3 thay tr\u00f2ng k\u00ednh b\u1eb1ng c\u00e1ch g\u1eadp k\u00ednh r\u00e2m v\u00e0 th\u00e1o c\u00e1c b\u1ed9 ph\u1eadn b\u00ean tr\u00e1i v\u00e0 ph\u1ea3i c\u1ee7a g\u1ecdng, sau \u0111\u00f3 th\u00e1o ph\u1ea7n m\u0169i c\u1ee7a g\u1ecdng r\u1ed3i k\u00e9o tr\u00f2ng k\u00ednh ra ph\u00eda d\u01b0\u1edbi.<\/span><\/p>\n<p><span style=\"font-size: 20px\">\u1ed0ng k\u00ednh d\u1ef1 ph\u00f2ng \u0111\u01b0\u1ee3c b\u00e1n ri\u00eang<\/span><\/p>\n<p><span style=\"font-size: 20px\">\u25c7Ch\u1ee9c n\u0103ng \u1ed1ng k\u00ednh \u1ed0NG K\u00cdNH SI\u00caU \u1ed0ng k\u00ednh c\u00f3 kh\u1ea3 n\u0103ng hi\u1ec3n th\u1ecb cao c\u00f3 th\u1ec3 nh\u1ea5n m\u1ea1nh ph\u1ea7n b\u1ea1n mu\u1ed1n xem<\/span><\/p>\n<p><span style=\"font-size: 20px\">PETROID LENS Tr\u00f2ng k\u00ednh l\u00e0m b\u1eb1ng v\u1eadt li\u1ec7u polycarbonate c\u00f3 l\u1edbp ph\u1ee7 ch\u1ed1ng tr\u1ea7y x\u01b0\u1edbc<\/span><\/p>\n<p>\u00a0<\/p>\n<p><span style=\"font-size: 20px\">m\u00e0u \u1ed1ng k\u00ednh Ph\u00e2n c\u1ef1c ULTRA Ice Blue (\u0111\u01b0\u1ee3c ph\u1ee7 nhi\u1ec1u l\u1edbp tr\u00ean c\u1ea3 hai m\u1eb7t)<\/span><\/p>\n<p><span style=\"font-size: 20px\">\u0110\u1ed9 truy\u1ec1n \u00e1nh s\u00e1ng nh\u00ecn th\u1ea5y \u0111\u01b0\u1ee3c 27%<\/span><\/p>\n<p><span style=\"font-size: 20px\">\u0111\u1ed9 truy\u1ec1n tia c\u1ef1c t\u00edm \u00cdt h\u01a1n 0,1%<\/span><\/p>\n<p><span style=\"font-size: 20px\">k\u00edch c\u1ee1\u00a0 \u00a0 \u00a0W152\u00d7H50mm (k\u00edch th\u01b0\u1edbc unisex)<\/span><\/p>\n<p><span style=\"font-size: 20px\">V\u1eadt li\u1ec7u Khung\/\u1ed1ng k\u00ednh nylon\/polycarbonate<\/span><\/p>\n<p><span style=\"font-size: 20px\">kh\u1ed1i l\u01b0\u1ee3ng 29g<\/span><\/p>\n<p><span style=\"font-size: 20px\">ph\u1ee5 ki\u1ec7n \u00a0 \u00a0h\u1ed9p b\u00e1n c\u1ee9ng<\/span><\/p>\n<p><span style=\"font-size: 20px\">N\u01b0\u1edbc s\u1ea3n xu\u1ea5t s\u1ea3n xu\u1ea5t t\u1ea1i Nh\u1eadt B\u1ea3n<\/span><\/p>\n<p>\u00a0<\/p>\n<\/div>\n<\/div>\n<\/div>\n<\/div>\n<\/div>\n<ul class=\"attribute-specs-wrapper\">\n<li>\n                    Th\u1ec3 lo\u1ea1i: K\u00ednh                <\/li>\n<li>\n                    H\u00e3ng: Swans                <\/li>\n<li>\n                    S\u1ea3n xu\u1ea5t : Nh\u1eadt B\u1ea3n                <\/li>\n<\/ul>","protected":false},"excerpt":{"rendered":"<div class=\"text-bottom--product-detail-info\">\n<div class=\"item\">\n        S\u1ea3n ph\u1ea9m ch\u00ednh h\u00e3ng 100%.\n    <\/div>\n<div class=\"item\">\n<div>\n          Ch\u00ednh s\u00e1ch \u0111\u1ed5i h\u00e0ng  (Xem chi ti\u1ebft).\n        <\/div>\n<\/div>\n<div class=\"item\">\n        Gi\u00e1 s\u1ea3n ph\u1ea9m \u0111\u00e3 bao g\u1ed3m VAT.\n    <\/div>\n<div class=\"item\">\n        Mi\u1ec5n ph\u00ed v\u1eadn chuy\u1ec3n th\u01b0\u1eddng\n    <\/div>\n<\/div>","protected":false},"featured_media":15158,"comment_status":"closed","ping_status":"closed","template":"","meta":[],"pwb-brand":[3503],"product_cat":[3346],"product_tag":[3502],"class_list":{"0":"post-15157","1":"product","2":"type-product","3":"status-publish","4":"has-post-thumbnail","6":"pwb-brand-swans","7":"product_cat-kinh","8":"product_tag-kinh-golf-swans-stx-da-0167-paw-ultra-lens-for-golfs","10":"first","11":"instock","12":"shipping-taxable","13":"purchasable","14":"product-type-simple"},"brands":[{"id":3503,"name":"Swans","slug":"swans"}],"_links":{"self":[{"href":"https:\/\/xgolf.vn\/zh\/wp-json\/wp\/v2\/product\/15157","targetHints":{"allow":["GET"]}}],"collection":[{"href":"https:\/\/xgolf.vn\/zh\/wp-json\/wp\/v2\/product"}],"about":[{"href":"https:\/\/xgolf.vn\/zh\/wp-json\/wp\/v2\/types\/product"}],"replies":[{"embeddable":true,"href":"https:\/\/xgolf.vn\/zh\/wp-json\/wp\/v2\/comments?post=15157"}],"wp:featuredmedia":[{"embeddable":true,"href":"https:\/\/xgolf.vn\/zh\/wp-json\/wp\/v2\/media\/15158"}],"wp:attachment":[{"href":"https:\/\/xgolf.vn\/zh\/wp-json\/wp\/v2\/media?parent=15157"}],"wp:term":[{"taxonomy":"pwb-brand","embeddable":true,"href":"https:\/\/xgolf.vn\/zh\/wp-json\/wp\/v2\/pwb-brand?post=15157"},{"taxonomy":"product_cat","embeddable":true,"href":"https:\/\/xgolf.vn\/zh\/wp-json\/wp\/v2\/product_cat?post=15157"},{"taxonomy":"product_tag","embeddable":true,"href":"https:\/\/xgolf.vn\/zh\/wp-json\/wp\/v2\/product_tag?post=15157"}],"curies":[{"name":"wp","href":"https:\/\/api.w.org\/{rel}","templated":true}]}}