{"id":26098,"date":"2024-09-09T14:31:14","date_gmt":"2024-09-09T07:31:14","guid":{"rendered":"http:\/\/xgolf.vn\/-product-\/uncategorized\/driver-ltdx-ls-matte-black-gold-fusion-2022-cobra\/"},"modified":"2024-09-09T14:31:39","modified_gmt":"2024-09-09T07:31:39","slug":"driver-ltdx-ls-matte-black-gold-fusion-2022-cobra","status":"publish","type":"product","link":"https:\/\/xgolf.vn\/vi\/-product-\/gay\/driver\/driver-ltdx-ls-matte-black-gold-fusion-2022-cobra\/","title":{"rendered":"Driver LTDx LS Matte Black \/ Gold Fusion 2022 | Cobra"},"content":{"rendered":"<div id=\"proDes\" class=\"pro-tabcontent\">\n<h2 style=\"font-size: 24px;font-family: RobotoCondensed-Bold\">Driver LTDx LS Matte Black \/ Gold Fusion 2022 | Cobra<\/h2>\n<p>\t\t\t\t\t\t\t\t<img decoding=\"async\" src=\"http:\/\/xgolf.vn\/wp-content\/uploads\/2024\/09\/driver_ltdx_ls_matte_black__gold_fusion_2022_cobra__1__d866fc593bfb402e900977f136e773f8_1024x1024-1.jpg\" alt=\"Driver LTDx LS Matte Black \/ Gold Fusion 2022 | Cobra\" style=\"margin-left: auto;margin-right: auto\" width=\"100%\" title=\"driver_ltdx_ls_matte_black__gold_fusion_2022_cobra__1__d866fc593bfb402e900977f136e773f8_1024x1024-1\"><\/p>\n<p>\t\t\t\t\t\t\t\t<img decoding=\"async\" src=\"http:\/\/xgolf.vn\/wp-content\/uploads\/2024\/09\/driver_ltdx_ls_matte_black__gold_fusion_2022_cobra__2__d6365a4e0810450b88549ab09d24f3f6_1024x1024.jpg\" alt=\"Driver LTDx LS Matte Black \/ Gold Fusion 2022 | Cobra\" style=\"margin-left: auto;margin-right: auto\" width=\"100%\" title=\"driver_ltdx_ls_matte_black__gold_fusion_2022_cobra__2__d6365a4e0810450b88549ab09d24f3f6_1024x1024\"><\/p>\n<p>\t\t\t\t\t\t\t\t<img decoding=\"async\" src=\"http:\/\/xgolf.vn\/wp-content\/uploads\/2024\/09\/driver_ltdx_ls_matte_black__gold_fusion_2022_cobra__3__993e3d2e146e42d6a88d4a34b33a78c0_1024x1024.jpg\" alt=\"Driver LTDx LS Matte Black \/ Gold Fusion 2022 | Cobra\" style=\"margin-left: auto;margin-right: auto\" width=\"100%\" title=\"driver_ltdx_ls_matte_black__gold_fusion_2022_cobra__3__993e3d2e146e42d6a88d4a34b33a78c0_1024x1024\"><\/p>\n<p>\t\t\t\t\t\t\t\t<img decoding=\"async\" src=\"http:\/\/xgolf.vn\/wp-content\/uploads\/2024\/09\/driver_ltdx_ls_matte_black__gold_fusion_2022_cobra__4__c36881c3e22641bcb30cb3c40ecd0288_1024x1024.jpg\" alt=\"Driver LTDx LS Matte Black \/ Gold Fusion 2022 | Cobra\" style=\"margin-left: auto;margin-right: auto\" width=\"100%\" title=\"driver_ltdx_ls_matte_black__gold_fusion_2022_cobra__4__c36881c3e22641bcb30cb3c40ecd0288_1024x1024\"><\/p>\n<p>\t\t\t\t\t\t\t\t<img decoding=\"async\" src=\"http:\/\/xgolf.vn\/wp-content\/uploads\/2024\/09\/driver_ltdx_ls_matte_black__gold_fusion_2022_cobra__5__6633bba44fc04512afc078cef7e226ac_1024x1024.jpg\" alt=\"Driver LTDx LS Matte Black \/ Gold Fusion 2022 | Cobra\" style=\"margin-left: auto;margin-right: auto\" width=\"100%\" title=\"driver_ltdx_ls_matte_black__gold_fusion_2022_cobra__5__6633bba44fc04512afc078cef7e226ac_1024x1024\"><\/p>\n<div><\/div>\n<div style=\"padding: 10px;text-align: left;margin-bottom: 10px;background-color: #a3e1ff;border-radius: 10px\">\n\t\t\t\t\t\t\t\t\t<strong>M\u00e0u s\u1eafc s\u1ea3n ph\u1ea9m<\/strong><br \/>H\u00ecnh \u1ea3nh s\u1ea3n ph\u1ea9m \u0111\u00e3 \u0111\u01b0\u1ee3c ch\u1ee5p t\u1eeb th\u1ef1c t\u1ebf, tuy nhi\u00ean t\u00f9y v\u00e0o m\u00f4i tr\u01b0\u1eddng \u00e1nh s\u00e1ng v\u00e0 m\u00e0n h\u00ecnh c\u1ee7a thi\u1ebft b\u1ecb, m\u00e0u s\u1eafc th\u1ef1c t\u1ebf c\u00f3 th\u1ec3 kh\u00f4ng ho\u00e0n to\u00e0n gi\u1ed1ng. Xin l\u01b0u \u00fd \u0111i\u1ec1u n\u00e0y khi mua h\u00e0ng.\n\t\t\t\t\t\t\t\t<\/div>\n<\/p><\/div>\n","protected":false},"excerpt":{"rendered":"<div id=\"variant-swatch-0\" class=\"swatch swatch-product-single clearfix\" data-option=\"option1\" data-option-index=\"0\">\n<div class=\"header\">\n      <span class=\"title\"><\/p>\n<p>          Loft<\/p>\n<p>      <\/span><\/div>\n<div class=\"select-swap\">\n<div data-value=\"10.5\u00b0\" class=\"n-sd swatch-element 10-5 \">\n<p>                <label for=\"swatch-0-10-5\"><br \/>\n                  10.5\u00b0<br \/>\n                  <img decoding=\"async\" class=\"crossed-out\" src=\"https:\/\/theme.hstatic.net\/1000007560\/1001261951\/14\/soldout1.png?v=199\"><br \/>\n                  <img decoding=\"async\" class=\"img-check\" src=\"https:\/\/theme.hstatic.net\/1000007560\/1001261951\/14\/select-pro.png?v=199\"><br \/>\n                <\/label><\/p><\/div>\n<\/p><\/div>\n<\/p><\/div>\n","protected":false},"featured_media":26099,"comment_status":"closed","ping_status":"closed","template":"","meta":[],"pwb-brand":[7869],"product_cat":[3254],"product_tag":[3647,4599],"class_list":{"0":"post-26098","1":"product","2":"type-product","3":"status-publish","4":"has-post-thumbnail","6":"pwb-brand-cobra","7":"product_cat-driver","8":"product_tag-a","9":"product_tag-matte-black","11":"first","12":"instock","13":"sale","14":"shipping-taxable","15":"purchasable","16":"product-type-simple"},"brands":[{"id":7869,"name":"Cobra","slug":"cobra"}],"_links":{"self":[{"href":"https:\/\/xgolf.vn\/vi\/wp-json\/wp\/v2\/product\/26098","targetHints":{"allow":["GET"]}}],"collection":[{"href":"https:\/\/xgolf.vn\/vi\/wp-json\/wp\/v2\/product"}],"about":[{"href":"https:\/\/xgolf.vn\/vi\/wp-json\/wp\/v2\/types\/product"}],"replies":[{"embeddable":true,"href":"https:\/\/xgolf.vn\/vi\/wp-json\/wp\/v2\/comments?post=26098"}],"wp:featuredmedia":[{"embeddable":true,"href":"https:\/\/xgolf.vn\/vi\/wp-json\/wp\/v2\/media\/26099"}],"wp:attachment":[{"href":"https:\/\/xgolf.vn\/vi\/wp-json\/wp\/v2\/media?parent=26098"}],"wp:term":[{"taxonomy":"pwb-brand","embeddable":true,"href":"https:\/\/xgolf.vn\/vi\/wp-json\/wp\/v2\/pwb-brand?post=26098"},{"taxonomy":"product_cat","embeddable":true,"href":"https:\/\/xgolf.vn\/vi\/wp-json\/wp\/v2\/product_cat?post=26098"},{"taxonomy":"product_tag","embeddable":true,"href":"https:\/\/xgolf.vn\/vi\/wp-json\/wp\/v2\/product_tag?post=26098"}],"curies":[{"name":"wp","href":"https:\/\/api.w.org\/{rel}","templated":true}]}}