{"id":24959,"date":"2024-09-05T15:40:29","date_gmt":"2024-09-05T08:40:29","guid":{"rendered":"http:\/\/xgolf.vn\/-product-\/uncategorized\/bo-9-gay-golf-nu-cartbag-chuyen-nghiep-full-set-reva-callaway\/"},"modified":"2024-09-05T15:40:51","modified_gmt":"2024-09-05T08:40:51","slug":"bo-9-gay-golf-nu-cartbag-chuyen-nghiep-full-set-reva-callaway","status":"publish","type":"product","link":"https:\/\/xgolf.vn\/vi\/-product-\/lady-golf\/bo-gay-fullset-nu\/bo-9-gay-golf-nu-cartbag-chuyen-nghiep-full-set-reva-callaway\/","title":{"rendered":"B\u1ed9 9 g\u1eady golf n\u1eef + cartbag chuy\u00ean nghi\u1ec7p Full set REVA | Callaway"},"content":{"rendered":"<div id=\"proDes\" class=\"pro-tabcontent\">\n<h2 style=\"font-size: 24px;font-family: RobotoCondensed-Bold\">B\u1ed9 9 g\u1eady golf n\u1eef + cartbag chuy\u00ean nghi\u1ec7p Full set REVA | Callaway<\/h2>\n<p>\t\t\t\t\t\t\t\tREVA 9-Piece Complete Set m\u1edbi t\u1eeb Callaway, th\u01b0\u01a1ng hi\u1ec7u s\u1ed1 1 v\u1ec1 thi\u1ebft b\u1ecb d\u00e0nh cho ph\u1ee5 n\u1eef, \u0111\u01b0\u1ee3c thi\u1ebft k\u1ebf v\u1edbi t\u00ednh n\u0103ng cao c\u1ea5p.\u00a0S\u1ea3n ph\u1ea9m ho\u00e0n ch\u1ec9nh n\u00e0y \u0111\u01b0\u1ee3c thi\u1ebft k\u1ebf d\u00e0nh cho ph\u1ee5 n\u1eef \u1edf m\u1ecdi c\u1ea5p \u0111\u1ed9 k\u1ef9 n\u0103ng, nh\u1eefng ng\u01b0\u1eddi mu\u1ed1n t\u0103ng kho\u1ea3ng c\u00e1ch, \u0111\u00e1nh nh\u1eefng c\u00fa \u0111\u00e1nh tuy\u1ec7t v\u1eddi v\u00e0 t\u1eadn h\u01b0\u1edfng tr\u1ecdn v\u1eb9n ni\u1ec1m vui c\u1ee7a golf.\u00a0<\/p>\n<div>B\u1ed9 n\u00e0y bao g\u1ed3m: Driver, Wood 4, 5 (ho\u1eb7c\u00a06 hybrid), 7 \u0111\u1ebfn 9 Irons, Pitching v\u00e0 Sand Wedge, Putter, Cart Bag, v\u00e0 (4) cover \u0111\u1ea7u g\u1eady.<\/div>\n<div>\u00a0<\/div>\n<h3>CHI TI\u1ebeT S\u1ea2N PH\u1ea8M<\/h3>\n<div>\n<ul>\n<li>Driver kho\u1ea3ng c\u00e1ch xa: \u0110\u01b0\u1ee3c thi\u1ebft k\u1ebf cho s\u1ef1 k\u1ebft h\u1ee3p t\u1ed1i \u01b0u gi\u1eefa kho\u1ea3ng c\u00e1ch v\u00e0 d\u1ec5 \u0111\u00e1nh hit v\u1edbi c\u1ea3m h\u1ee9ng t\u1ef1 tin trong m\u1ecdi c\u00fa \u0111\u00e1nh.<\/li>\n<li>G\u1eady g\u1ed7 d\u1ec5 \u0111\u00e1nh b\u00f3ng b\u1ed5ng: \u0110\u01b0\u1ee3c t\u1ed1i \u01b0u h\u00f3a \u0111\u1ec3 c\u00f3 th\u1ec3 d\u1ec5 d\u00e0ng \u0111\u00e1nh qu\u1ea3 b\u00f3ng bay b\u1ed5ng \u0111\u1ea1t kho\u1ea3ng c\u00e1ch \u1ed5n \u0111\u1ecbnh<\/li>\n<li>G\u1eady s\u1eaft c\u1ef1c d\u1ec5 ki\u1ec3m so\u00e1t b\u00f3ng: G\u1eady s\u1eaft c\u00f3 m\u1eb7t sau tr\u1ee3 l\u1ef1c, m\u1eb7t g\u1eady k\u00edch th\u01b0\u1edbc l\u1edbn \u0111\u01b0\u1ee3c thi\u1ebft k\u1ebf \u0111\u1ec3 d\u1ec5 d\u00e0ng \u0111\u00e1nh b\u1ed5ng v\u00e0 ti\u1ebfp x\u00fac b\u00f3ng t\u1ed1i \u01b0u<\/li>\n<li>\u0110\u01b0\u1ee3c thi\u1ebft k\u1ebf cho t\u1ed1c \u0111\u1ed9 swing c\u1ee7a ph\u1ee5 n\u1eef: Qu\u00e1 tr\u00ecnh \u0111o \u0111\u1ea1t \u0111\u1ed9 loft c\u1ee7a set g\u1eady \u0111\u01b0\u1ee3c thi\u1ebft k\u1ebf d\u1ef1a tr\u00ean qu\u00e1 tr\u00ecnh th\u1eed nghi\u1ec7m r\u1ed9ng r\u00e3i v\u1edbi c\u00e1ch swing golfers n\u1eef<\/li>\n<li>Tour Putter Stroke Lab danh ti\u1ebfng: Ki\u1ec3u shaft m\u1edbi v\u1edbi thi\u1ebft k\u1ebf stroke lab c\u1ee7a ch\u00fang t\u00f4i c\u1ea3i thi\u1ec7n nh\u1ecbp \u0111\u1ed9 v\u00e0 t\u00ednh nh\u1ea5t qu\u00e1n trong m\u1ecdi c\u00fa putt c\u1ee7a b\u1ea1n.<\/li>\n<li>T\u00fai golf v\u00e0 cover: T\u00fai golf, cover g\u1eady REVA cao c\u1ea5p v\u00e0 \u0111\u01b0\u1ee3c thay th\u1ebf b\u1eb1ng da cho th\u1ecb tr\u01b0\u1eddng ch\u00e2u \u00c1 gi\u00fap t\u0103ng \u0111\u1ed9 b\u1ec1n v\u00e0 sang tr\u1ecdng cho c\u00e1c golfers n\u1eef.<\/li>\n<\/ul>\n<\/div>\n<h3>Th\u00f4ng s\u1ed1 k\u1ef9 thu\u1eadt<\/h3>\n<div>\n<table>\n<tbody>\n<tr>\n<th>Lo\u1ea1i g\u1eady<\/th>\n<th>LOFT<\/th>\n<th>STANDARD LENGTH<\/th>\n<th>LIE<\/th>\n<th>SWING WEIGHT<\/th>\n<\/tr>\n<tr>\n<td>DRIVER<\/td>\n<td>12.5\u00b0<\/td>\n<td style=\"text-align:center\">44.50&#8243;<\/td>\n<td>57.0\u00b0<\/td>\n<td style=\"text-align:center\">C5<\/td>\n<\/tr>\n<tr>\n<td>4-WOOD<\/td>\n<td>18\u00b0<\/td>\n<td style=\"text-align:center\">40.75&#8243;<\/td>\n<td>&#8211;\u00b0<\/td>\n<td style=\"text-align:center\">C1<\/td>\n<\/tr>\n<tr>\n<td>5H<\/td>\n<td>27\u00b0<\/td>\n<td style=\"text-align:center\">38.50&#8243;<\/td>\n<td>59.5\u00b0<\/td>\n<td style=\"text-align:center\">C5<\/td>\n<\/tr>\n<tr>\n<td>7-IRON<\/td>\n<td>33\u00b0<\/td>\n<td style=\"text-align:center\">36.50&#8243;<\/td>\n<td>62.5\u00b0<\/td>\n<td style=\"text-align:center\">C6<\/td>\n<\/tr>\n<tr>\n<td>8-IRON<\/td>\n<td>38\u00b0<\/td>\n<td style=\"text-align:center\">36.00&#8243;<\/td>\n<td>63.0\u00b0<\/td>\n<td style=\"text-align:center\">C6<\/td>\n<\/tr>\n<tr>\n<td>9-IRON<\/td>\n<td>43\u00b0<\/td>\n<td style=\"text-align:center\">35.50&#8243;<\/td>\n<td>63.5\u00b0<\/td>\n<td style=\"text-align:center\">C6<\/td>\n<\/tr>\n<tr>\n<td>PW<\/td>\n<td>48\u00b0<\/td>\n<td style=\"text-align:center\">35.00&#8243;<\/td>\n<td>64.0\u00b0<\/td>\n<td style=\"text-align:center\">C6<\/td>\n<\/tr>\n<tr>\n<td>SW<\/td>\n<td>56\u00ad\u00b0<\/td>\n<td style=\"text-align:center\">34.75&#8243;<\/td>\n<td>64.0\u00b0<\/td>\n<td style=\"text-align:center\">C7<\/td>\n<\/tr>\n<tr>\n<td>Putter<\/td>\n<td>3\u00b0<\/td>\n<td style=\"text-align:center\">32&#8243;<\/td>\n<td>70.0\u00b0<\/td>\n<td style=\"text-align:center\">&#8212;<\/td>\n<\/tr>\n<\/tbody>\n<\/table>\n<\/div>\n<p>\t\t\t\t\t\t\t\t<img decoding=\"async\" src=\"http:\/\/xgolf.vn\/wp-content\/uploads\/2024\/09\/bo_gay_golf_nu_chuyen_nghiep_full_set_reva_9pc_callaway_cd41dc682c06455b8be80155b0d865ba_1024x1024-1.jpg\" alt=\"B\u1ed9 9 g\u1eady golf n\u1eef + cartbag chuy\u00ean nghi\u1ec7p Full set REVA | Callaway\" style=\"margin-left: auto;margin-right: auto\" width=\"100%\" title=\"bo_gay_golf_nu_chuyen_nghiep_full_set_reva_9pc_callaway_cd41dc682c06455b8be80155b0d865ba_1024x1024-1\"><\/p>\n<p>\t\t\t\t\t\t\t\t<img decoding=\"async\" src=\"http:\/\/xgolf.vn\/wp-content\/uploads\/2024\/09\/bo_9_gay_golf_nu___cartbag_chuyen_nghiep_full_set_reva_callaway__1__f19383e4d922457d9ccefbb772aeaa6b_1024x1024.jpg\" alt=\"B\u1ed9 9 g\u1eady golf n\u1eef + cartbag chuy\u00ean nghi\u1ec7p Full set REVA | Callaway\" style=\"margin-left: auto;margin-right: auto\" width=\"100%\" title=\"bo_9_gay_golf_nu___cartbag_chuyen_nghiep_full_set_reva_callaway__1__f19383e4d922457d9ccefbb772aeaa6b_1024x1024\"><\/p>\n<p>\t\t\t\t\t\t\t\t<img decoding=\"async\" src=\"http:\/\/xgolf.vn\/wp-content\/uploads\/2024\/09\/bo_9_gay_golf_nu___cartbag_chuyen_nghiep_full_set_reva_callaway__2__f7ee87d9134c4e0c8d8a5957b89238aa_1024x1024.jpg\" alt=\"B\u1ed9 9 g\u1eady golf n\u1eef + cartbag chuy\u00ean nghi\u1ec7p Full set REVA | Callaway\" style=\"margin-left: auto;margin-right: auto\" width=\"100%\" title=\"bo_9_gay_golf_nu___cartbag_chuyen_nghiep_full_set_reva_callaway__2__f7ee87d9134c4e0c8d8a5957b89238aa_1024x1024\"><\/p>\n<p>\t\t\t\t\t\t\t\t<img decoding=\"async\" src=\"http:\/\/xgolf.vn\/wp-content\/uploads\/2024\/09\/bo_9_gay_golf_nu___cartbag_chuyen_nghiep_full_set_reva_callaway__3__81a629aa74c6483ebeaa3e3879000f4a_1024x1024.jpg\" alt=\"B\u1ed9 9 g\u1eady golf n\u1eef + cartbag chuy\u00ean nghi\u1ec7p Full set REVA | Callaway\" style=\"margin-left: auto;margin-right: auto\" width=\"100%\" title=\"bo_9_gay_golf_nu___cartbag_chuyen_nghiep_full_set_reva_callaway__3__81a629aa74c6483ebeaa3e3879000f4a_1024x1024\"><\/p>\n<p>\t\t\t\t\t\t\t\t<img decoding=\"async\" src=\"http:\/\/xgolf.vn\/wp-content\/uploads\/2024\/09\/bo_9_gay_golf_nu___cartbag_chuyen_nghiep_full_set_reva_callaway__4__07460545bbe14d1c83e5ec254cb48351_1024x1024.jpg\" alt=\"B\u1ed9 9 g\u1eady golf n\u1eef + cartbag chuy\u00ean nghi\u1ec7p Full set REVA | Callaway\" style=\"margin-left: auto;margin-right: auto\" width=\"100%\" title=\"bo_9_gay_golf_nu___cartbag_chuyen_nghiep_full_set_reva_callaway__4__07460545bbe14d1c83e5ec254cb48351_1024x1024\"><\/p>\n<p>\t\t\t\t\t\t\t\t<img decoding=\"async\" src=\"http:\/\/xgolf.vn\/wp-content\/uploads\/2024\/09\/bo_9_gay_golf_nu___cartbag_chuyen_nghiep_full_set_reva_callaway__5__4aae7260897247b7bdad580b3c043a28_1024x1024.jpg\" alt=\"B\u1ed9 9 g\u1eady golf n\u1eef + cartbag chuy\u00ean nghi\u1ec7p Full set REVA | Callaway\" style=\"margin-left: auto;margin-right: auto\" width=\"100%\" title=\"bo_9_gay_golf_nu___cartbag_chuyen_nghiep_full_set_reva_callaway__5__4aae7260897247b7bdad580b3c043a28_1024x1024\"><\/p>\n<div><\/div>\n<div style=\"padding: 10px;text-align: left;margin-bottom: 10px;background-color: #a3e1ff;border-radius: 10px\">\n\t\t\t\t\t\t\t\t\t<strong>M\u00e0u s\u1eafc s\u1ea3n ph\u1ea9m<\/strong><br \/>H\u00ecnh \u1ea3nh s\u1ea3n ph\u1ea9m \u0111\u00e3 \u0111\u01b0\u1ee3c ch\u1ee5p t\u1eeb th\u1ef1c t\u1ebf, tuy nhi\u00ean t\u00f9y v\u00e0o m\u00f4i tr\u01b0\u1eddng \u00e1nh s\u00e1ng v\u00e0 m\u00e0n h\u00ecnh c\u1ee7a thi\u1ebft b\u1ecb, m\u00e0u s\u1eafc th\u1ef1c t\u1ebf c\u00f3 th\u1ec3 kh\u00f4ng ho\u00e0n to\u00e0n gi\u1ed1ng. Xin l\u01b0u \u00fd \u0111i\u1ec1u n\u00e0y khi mua h\u00e0ng.\n\t\t\t\t\t\t\t\t<\/div>\n<\/p><\/div>\n","protected":false},"excerpt":{"rendered":"<p>B\u1ed9 9 g\u1eady golf n\u1eef + cartbag chuy\u00ean nghi\u1ec7p Full set REVA | Callaway REVA 9-Piece Complete Set m\u1edbi t\u1eeb Callaway, th\u01b0\u01a1ng hi\u1ec7u s\u1ed1 1 v\u1ec1 thi\u1ebft b\u1ecb d\u00e0nh cho ph\u1ee5 n\u1eef, \u0111\u01b0\u1ee3c thi\u1ebft k\u1ebf v\u1edbi t\u00ednh n\u0103ng cao c\u1ea5p.\u00a0S\u1ea3n ph\u1ea9m ho\u00e0n ch\u1ec9nh n\u00e0y \u0111\u01b0\u1ee3c thi\u1ebft k\u1ebf d\u00e0nh cho ph\u1ee5 n\u1eef \u1edf m\u1ecdi c\u1ea5p \u0111\u1ed9 [&#8230;]\n","protected":false},"featured_media":24960,"comment_status":"closed","ping_status":"closed","template":"","meta":[],"pwb-brand":[3519],"product_cat":[3233],"product_tag":[3647,4618],"class_list":{"0":"post-24959","1":"product","2":"type-product","3":"status-publish","4":"has-post-thumbnail","6":"pwb-brand-callaway","7":"product_cat-bo-gay-fullset-nu","8":"product_tag-a","9":"product_tag-iron","11":"first","12":"instock","13":"sale","14":"shipping-taxable","15":"purchasable","16":"product-type-simple"},"brands":[{"id":3519,"name":"Callaway","slug":"callaway"}],"_links":{"self":[{"href":"https:\/\/xgolf.vn\/vi\/wp-json\/wp\/v2\/product\/24959","targetHints":{"allow":["GET"]}}],"collection":[{"href":"https:\/\/xgolf.vn\/vi\/wp-json\/wp\/v2\/product"}],"about":[{"href":"https:\/\/xgolf.vn\/vi\/wp-json\/wp\/v2\/types\/product"}],"replies":[{"embeddable":true,"href":"https:\/\/xgolf.vn\/vi\/wp-json\/wp\/v2\/comments?post=24959"}],"wp:featuredmedia":[{"embeddable":true,"href":"https:\/\/xgolf.vn\/vi\/wp-json\/wp\/v2\/media\/24960"}],"wp:attachment":[{"href":"https:\/\/xgolf.vn\/vi\/wp-json\/wp\/v2\/media?parent=24959"}],"wp:term":[{"taxonomy":"pwb-brand","embeddable":true,"href":"https:\/\/xgolf.vn\/vi\/wp-json\/wp\/v2\/pwb-brand?post=24959"},{"taxonomy":"product_cat","embeddable":true,"href":"https:\/\/xgolf.vn\/vi\/wp-json\/wp\/v2\/product_cat?post=24959"},{"taxonomy":"product_tag","embeddable":true,"href":"https:\/\/xgolf.vn\/vi\/wp-json\/wp\/v2\/product_tag?post=24959"}],"curies":[{"name":"wp","href":"https:\/\/api.w.org\/{rel}","templated":true}]}}