{"id":20486,"date":"2024-08-01T07:03:15","date_gmt":"2024-08-01T00:03:15","guid":{"rendered":"http:\/\/xgolf.vn\/-product-\/uncategorized\/bo-gay-sat-golf-honma-new-beres-07-5sao-9-gay\/"},"modified":"2024-08-01T07:03:21","modified_gmt":"2024-08-01T00:03:21","slug":"bo-gay-sat-golf-honma-new-beres-07-5sao-9-gay","status":"publish","type":"product","link":"https:\/\/xgolf.vn\/vi\/-product-\/gay\/iron\/bo-gay-sat-golf-honma-new-beres-07-5sao-9-gay\/","title":{"rendered":"B\u1ed9 g\u1eady s\u1eaft golf HONMA New Beres 07 5Sao (9 g\u1eady)"},"content":{"rendered":"<div class=\"product attribute description\">\n<div class=\"value\">\n<iframe src=\"https:\/\/www.youtube.com\/embed\/lEsnUu9eSJM\" width=\"560\" height=\"315\" frameborder allowfullscreen=\"allowfullscreen\"><\/iframe>\n<p><strong>B\u1ed9 g\u1eady s\u1eaft golf HONMA New Beres 07 5Sao (9g\u1eady)<\/strong><\/p>\n<h2>H\u00c0NG ORDER KH\u00d4NG C\u00d3 S\u1eb4N<\/h2>\n<p><strong>TI\u00caU CHU\u1ea8N<\/strong><\/p>\n<p>\u0110\u01b0\u1ee3c thi\u1ebft k\u1ebf b\u1edfi th\u1ee3 th\u1ee7 c\u00f4ng b\u1eadc th\u1ea7y gi\u00e0u kinh nghi\u1ec7m nh\u1ea5t c\u1ee7a Honma \u0111\u01b0\u1ee3c g\u1ecdi l\u00e0 Takumi, BERES 5S l\u00e0 tuy\u00ean b\u1ed1 cu\u1ed1i c\u00f9ng c\u1ee7a s\u1ef1 sang tr\u1ecdng golf.<\/p>\n<p><strong>ARTISTRY ELEGANT<\/strong><\/p>\n<p>H\u00ecnh d\u1ea1ng m\u1eb7t g\u1eady \u00a0BERES \u0111\u01b0\u1ee3c c\u1eaft b\u1eb1ng tay t\u1ec9 m\u1ec9 v\u00e0 ti\u1ebfp \u0111\u1ea5t t\u1eeb \u200b\u200bkh\u1ed1i kim lo\u1ea1i tr\u01b0\u1edbc khi \u0111\u01b0\u1ee3c s\u1ed1 h\u00f3a th\u00e0nh CAD \u0111\u1ec3 \u0111\u1ea3m b\u1ea3o h\u00ecnh d\u1ea1ng v\u00e0 c\u1ea5u h\u00ecnh \u0111\u1eb9p.<\/p>\n<p><strong>TH\u00d4NG TIN CHI TI\u1ebeT<\/strong><\/p>\n<p>Nh\u1eefng ngh\u1ec7 nh\u00e2n b\u1eadc th\u1ea7y chuy\u00ean v\u1ec1 s\u01a1n v\u00e0 ho\u00e0n thi\u1ec7n t\u1ea1o ra m\u1ed9t c\u00e1i \u0111\u1ea7u v\u1edbi m\u00e0u v\u00e0ng tuy\u1ec7t \u0111\u1eb9p, \u0111\u00e1nh b\u00f3ng, k\u1ebft c\u1ea5u v\u00e0 c\u00e1c chi ti\u1ebft huy hi\u1ec7u, \u0111\u01b0\u1ee3c t\u0103ng th\u00eam b\u1edfi c\u00e1c \u0111i\u1ec3m nh\u1ea5n v\u00e0ng 24K v\u00e0 c\u00e1c m\u1ea3nh trang tr\u00ed.<\/p>\n<p><strong>HI\u1ec6U SU\u1ea4T N\u00c2NG C\u1ea4P<\/strong><\/p>\n<p>Khe t\u1ed1c \u0111\u1ed9 ho\u1ea1t \u0111\u1ed9ng t\u1ed1i \u0111a (hai khe b\u00ean trong c\u1ed9ng v\u1edbi m\u1ed9t khe \u0111\u1ebf ngo\u00e0i) k\u00edch ho\u1ea1t \u1edf t\u1ed1c \u0111\u1ed9 xoay ch\u1eadm h\u01a1n v\u00e0 cho ph\u00e9p c\u1ea5u tr\u00fac u\u1ed1n cong \u0111\u1ec3 t\u1ea1o ra t\u1ed1c \u0111\u1ed9 b\u00f3ng t\u0103ng l\u00ean khi ch\u1ea1m th\u1ea5p.<\/p>\n<p><strong>M\u1eb6T G\u1eacY <\/strong><\/p>\n<p>Thi\u1ebft k\u1ebf m\u1eb7t g\u1eady \u00a0L-cup 3D tinh vi.\u00a0C\u1ea5u tr\u00fac ph\u00eda tr\u01b0\u1edbc m\u1ecfng v\u00e0 nh\u1eb9 l\u00e0m t\u0103ng kho\u1ea3ng c\u00e1ch v\u00e0 kh\u1edfi \u0111\u1ed9ng b\u1eb1ng c\u00e1ch \u0111\u1ea9y th\u00eam tr\u1ecdng l\u01b0\u1ee3ng v\u1ec1 ph\u00eda sau.<\/p>\n<p><strong>HIGHLY EVOLVED SHAFT<\/strong><\/p>\n<p>C\u00e1c tr\u1ee5c ARMRQ 4S m\u1edbi \u0111\u01b0\u1ee3c s\u1ea3n xu\u1ea5t t\u1ea1i Sakata Nh\u1eadt B\u1ea3n b\u1eb1ng c\u00e1ch s\u1eed d\u1ee5ng c\u00e1c v\u1eadt li\u1ec7u tinh vi nh\u1ea5t trong ng\u00e0nh.\u00a0S\u1ee9c m\u1ea1nh cao m\u1edbi, v\u1eadt li\u1ec7u h\u00ecnh xo\u1eafn xo\u1eafn v\u1eadt li\u1ec7u \u0111\u01b0\u1ee3c s\u1eed d\u1ee5ng \u0111\u1ec3 t\u0103ng truy\u1ec1n n\u0103ng l\u01b0\u1ee3ng \u0111\u1ec3 t\u0103ng ti\u1ec1m n\u0103ng kho\u1ea3ng c\u00e1ch c\u1ee7a b\u1ea1n.\u00a0S\u1ee3i T1100G b\u1ed5 sung \u0111\u01b0\u1ee3c th\u00eam v\u00e0o cho s\u1ef1 \u1ed5n \u0111\u1ecbnh.\u00a0C\u00f4ng ngh\u1ec7 s\u1ee3i gi\u00e1p lai kim lo\u1ea1i \u0111a tr\u1ee5c c\u00f3 th\u1ec3 nh\u00ecn th\u1ea5y b\u00ean d\u01b0\u1edbi b\u00e1ng c\u1ea7m l\u00e0m t\u0103ng s\u1ee9c m\u1ea1nh tr\u1ee5c d\u01b0\u1edbi tay v\u00e0 cung c\u1ea5p c\u00e2n b\u1eb1ng \u0111\u1ed1i tr\u1ecdng \u0111\u1ec3 t\u0103ng t\u1ed1c \u0111\u1ed9 vung.\u00a0Thi\u1ebft k\u1ebf c\u00f3 h\u1ec7 s\u1ed1 smash cao v\u1edbi ph\u1ea7n gi\u1eefa m\u1ec1m l\u00e0m t\u0103ng ti\u1ec1m n\u0103ng kho\u1ea3ng c\u00e1ch c\u1ee7a b\u1ea1n. T\u0103ng kh\u1ea3 n\u0103ng kho\u1ea3ng c\u00e1ch c\u1ee7a b\u1ea1n.<\/p>\n<p><strong>TH\u00d4NG S\u1ed0<\/strong><\/p>\n<div class=\"table-wrap\">\n<table class=\"waffle no-grid\" style=\"height: 100px\" width=\"404\" cellspacing=\"0\" cellpadding=\"0\">\n<tbody>\n<tr style=\"height: 17px\">\n<td style=\"height: 17px;width: 62.4653px\">CLUB<\/td>\n<td class=\"s1\" style=\"height: 17px;width: 0.243056px\">\u00a0<\/td>\n<td class=\"s1\" style=\"height: 17px;width: 34.6875px\">5<\/td>\n<td class=\"s1\" style=\"height: 17px;width: 34.6875px\">6<\/td>\n<td class=\"s1\" style=\"height: 17px;width: 34.6875px\">7<\/td>\n<td class=\"s1\" style=\"height: 17px;width: 34.6875px\">8<\/td>\n<td class=\"s1\" style=\"height: 17px;width: 34.6875px\">9<\/td>\n<td class=\"s1\" style=\"height: 17px;width: 34.6875px\">10<\/td>\n<td class=\"s1\" style=\"height: 17px;width: 35.7986px\">11<\/td>\n<td class=\"s1\" style=\"height: 17px;width: 35.7986px\">AW<\/td>\n<td class=\"s1\" style=\"height: 17px;width: 35.7986px\">SW<\/td>\n<td class=\"s1\" style=\"height: 17px;width: 1.35417px\">\u00a0<\/td>\n<\/tr>\n<tr style=\"height: 17px\">\n<td style=\"height: 17px;width: 62.4653px\">LOFT<\/td>\n<td class=\"s1\" style=\"height: 17px;width: 0.243056px\">\u00a0<\/td>\n<td class=\"s1\" style=\"height: 17px;width: 34.6875px\">21.0<\/td>\n<td class=\"s1\" style=\"height: 17px;width: 34.6875px\">24.0<\/td>\n<td class=\"s1\" style=\"height: 17px;width: 34.6875px\">27.0<\/td>\n<td class=\"s1\" style=\"height: 17px;width: 34.6875px\">31.0<\/td>\n<td class=\"s1\" style=\"height: 17px;width: 34.6875px\">35.0<\/td>\n<td class=\"s1\" style=\"height: 17px;width: 34.6875px\">40.0<\/td>\n<td class=\"s1\" style=\"height: 17px;width: 35.7986px\">45.0<\/td>\n<td class=\"s1\" style=\"height: 17px;width: 35.7986px\">50.0<\/td>\n<td class=\"s1\" style=\"height: 17px;width: 35.7986px\">55.0<\/td>\n<td class=\"s1\" style=\"height: 17px;width: 1.35417px\">\u00a0<\/td>\n<\/tr>\n<tr style=\"height: 17px\">\n<td style=\"height: 17px;width: 62.4653px\">LIE<\/td>\n<td class=\"s1\" style=\"height: 17px;width: 0.243056px\">\u00a0<\/td>\n<td class=\"s1\" style=\"height: 17px;width: 34.6875px\">61.0<\/td>\n<td class=\"s1\" style=\"height: 17px;width: 34.6875px\">61.5<\/td>\n<td class=\"s1\" style=\"height: 17px;width: 34.6875px\">62.0<\/td>\n<td class=\"s1\" style=\"height: 17px;width: 34.6875px\">62.5<\/td>\n<td class=\"s1\" style=\"height: 17px;width: 34.6875px\">63.0<\/td>\n<td class=\"s1\" style=\"height: 17px;width: 34.6875px\">63.0<\/td>\n<td class=\"s1\" style=\"height: 17px;width: 35.7986px\">63.0<\/td>\n<td class=\"s1\" style=\"height: 17px;width: 35.7986px\">63.0<\/td>\n<td class=\"s1\" style=\"height: 17px;width: 35.7986px\">64.0<\/td>\n<td class=\"s1\" style=\"height: 17px;width: 1.35417px\">\u00a0<\/td>\n<\/tr>\n<tr style=\"height: 17px\">\n<td class=\"s1\" style=\"height: 17px;width: 62.4653px\" rowspan=\"2\">LENGTH<\/td>\n<td class=\"s1\" style=\"height: 17px;width: 0.243056px\">\u00a0<\/td>\n<td class=\"s1\" style=\"height: 17px;width: 34.6875px\">38.0<\/td>\n<td class=\"s1\" style=\"height: 17px;width: 34.6875px\">37.5<\/td>\n<td class=\"s1\" style=\"height: 17px;width: 34.6875px\">37.0<\/td>\n<td class=\"s1\" style=\"height: 17px;width: 34.6875px\">36.5<\/td>\n<td class=\"s1\" style=\"height: 17px;width: 34.6875px\">36.0<\/td>\n<td class=\"s1\" style=\"height: 17px;width: 34.6875px\">35.5<\/td>\n<td class=\"s1\" style=\"height: 17px;width: 35.7986px\">35.0<\/td>\n<td class=\"s1\" style=\"height: 17px;width: 35.7986px\">35.0<\/td>\n<td class=\"s1\" style=\"height: 17px;width: 35.7986px\">35.0<\/td>\n<td class=\"s1\" style=\"height: 17px;width: 1.35417px\">\u00a0<\/td>\n<\/tr>\n<\/tbody>\n<\/table>\n<p><img decoding=\"async\" src=\"http:\/\/xgolf.vn\/wp-content\/uploads\/2024\/08\/ir075s6.png\" title=\"ir075s6\"><\/p>\n<\/div>\n<p class=\"product-shortdescription\">\u00a0<\/p>\n<h2>\u00a0<\/h2>\n<\/div>\n<\/div>\n<ul class=\"attribute-specs-wrapper\">\n<li>\n                    Gi\u1edbi t\u00ednh: Nam                <\/li>\n<li>\n                    Th\u1ec3 lo\u1ea1i: Iron                <\/li>\n<li>\n                    H\u00e3ng: HONMA                <\/li>\n<li>\n                    S\u1ea3n xu\u1ea5t : Nh\u1eadt B\u1ea3n                <\/li>\n<li>\n                    B\u1ea3o h\u00e0nh: 1 N\u0103m (L\u1ed7i nh\u00e0 s\u1ea3n xu\u1ea5t)                <\/li>\n<\/ul>\n","protected":false},"excerpt":{"rendered":"<div class=\"text-bottom--product-detail-info\">\n<div class=\"item\">\n        S\u1ea3n ph\u1ea9m ch\u00ednh h\u00e3ng 100%.\n    <\/div>\n<div class=\"item\">\n<div>\n          Ch\u00ednh s\u00e1ch \u0111\u1ed5i h\u00e0ng  (Xem chi ti\u1ebft).\n        <\/div>\n<\/div>\n<div class=\"item\">\n        Gi\u00e1 s\u1ea3n ph\u1ea9m \u0111\u00e3 bao g\u1ed3m VAT.\n    <\/div>\n<div class=\"item\">\n        Mi\u1ec5n ph\u00ed v\u1eadn chuy\u1ec3n th\u01b0\u1eddng\n    <\/div>\n<\/div>\n","protected":false},"featured_media":20487,"comment_status":"closed","ping_status":"closed","template":"","meta":[],"pwb-brand":[3247],"product_cat":[3258],"product_tag":[3647,5827,4618],"class_list":{"0":"post-20486","1":"product","2":"type-product","3":"status-publish","4":"has-post-thumbnail","6":"pwb-brand-honma","7":"product_cat-iron","8":"product_tag-a","9":"product_tag-bo-gay-honma-iron-new-beres-07-5s-9g","10":"product_tag-iron","12":"first","13":"instock","14":"shipping-taxable","15":"purchasable","16":"product-type-simple"},"brands":[{"id":3247,"name":"HONMA","slug":"honma"}],"_links":{"self":[{"href":"https:\/\/xgolf.vn\/vi\/wp-json\/wp\/v2\/product\/20486","targetHints":{"allow":["GET"]}}],"collection":[{"href":"https:\/\/xgolf.vn\/vi\/wp-json\/wp\/v2\/product"}],"about":[{"href":"https:\/\/xgolf.vn\/vi\/wp-json\/wp\/v2\/types\/product"}],"replies":[{"embeddable":true,"href":"https:\/\/xgolf.vn\/vi\/wp-json\/wp\/v2\/comments?post=20486"}],"wp:featuredmedia":[{"embeddable":true,"href":"https:\/\/xgolf.vn\/vi\/wp-json\/wp\/v2\/media\/20487"}],"wp:attachment":[{"href":"https:\/\/xgolf.vn\/vi\/wp-json\/wp\/v2\/media?parent=20486"}],"wp:term":[{"taxonomy":"pwb-brand","embeddable":true,"href":"https:\/\/xgolf.vn\/vi\/wp-json\/wp\/v2\/pwb-brand?post=20486"},{"taxonomy":"product_cat","embeddable":true,"href":"https:\/\/xgolf.vn\/vi\/wp-json\/wp\/v2\/product_cat?post=20486"},{"taxonomy":"product_tag","embeddable":true,"href":"https:\/\/xgolf.vn\/vi\/wp-json\/wp\/v2\/product_tag?post=20486"}],"curies":[{"name":"wp","href":"https:\/\/api.w.org\/{rel}","templated":true}]}}