{"id":17282,"date":"2024-07-31T23:04:06","date_gmt":"2024-07-31T16:04:06","guid":{"rendered":"http:\/\/xgolf.vn\/-product-\/uncategorized\/kinh-golf-tifosi-stash-matte-smoke\/"},"modified":"2024-07-31T23:04:18","modified_gmt":"2024-07-31T16:04:18","slug":"kinh-golf-tifosi-stash-matte-smoke","status":"publish","type":"product","link":"https:\/\/xgolf.vn\/vi\/-product-\/phu-kien\/kinh\/kinh-golf-tifosi-stash-matte-smoke\/","title":{"rendered":"K\u00ednh golf TIFOSI STASH, MATTE SMOKE"},"content":{"rendered":"<div class=\"product attribute description\">\n<div class=\"value\">#html-body [data-pb-style=JQP7MPE]{justify-content:flex-start;display:flex;flex-direction:column;background-position:left top;background-size:cover;background-repeat:no-repeat;background-attachment:scroll}<\/p>\n<div data-content-type=\"row\" data-appearance=\"contained\" data-element=\"main\">\n<div data-enable-parallax=\"0\" data-parallax-speed=\"0.5\" data-background-images=\"{}\" data-background-type=\"image\" data-video-loop=\"true\" data-video-play-only-visible=\"true\" data-video-lazy-load=\"true\" data-video-fallback-src=\"\" data-element=\"inner\" data-pb-style=\"JQP7MPE\">\n<div data-content-type=\"text\" data-appearance=\"default\" data-element=\"main\">\n<h1><span style=\"font-size: 28px\">K\u00ednh golf TIFOSI STASH, MATTE SMOKE<\/span><\/h1>\n<div class=\"grid product-single\">\n<div class=\"grid__item large--nine-twelfths medium--one-whole small--one-whole\">\n<div class=\"product-content\">\n<div class=\"pro-short-desc\">\n<p><span style=\"font-size: 20px\"><strong>H\u00d2A QUY\u1ec6N 3 Y\u1ebeU T\u1ed0 TRONG 1: TH\u1edcI TRANG, DI\u1ec6U M\u1eaeT V\u00c0 HI\u1ec6U SU\u1ea4T CAO CHO NG\u01af\u1edcI \u0110I XE \u0110\u1ea0P V\u00c0 NG\u01af\u1edcI CH\u01a0I TENNIS<\/strong><\/span><br \/><span style=\"font-size: 20px\">Tr\u1ea3i nghi\u1ec7m \u0111\u1ed9 r\u00f5 n\u00e9t to\u00e0n c\u1ea3nh v\u00e0 lo\u1ea1i b\u1ecf nh\u1eefng kh\u00f3 chi\u1ec7u b\u1ea1n \u0111\u00e3 g\u1eb7p v\u1edbi k\u00ednh m\u00e1t tr\u01b0\u1edbc \u0111\u00e2y th\u00ec ho\u1ea1t \u0111\u1ed9ng ngo\u1ea1i tr\u1eddi. \u0110\u01b0\u1ee3c thi\u1ebft k\u1ebf \u0111\u1ec3 \u0111\u00e1p \u1ee9ng nhu c\u1ea7u c\u1ee7a ng\u01b0\u1eddi \u0111i xe \u0111\u1ea1p, Tennis v\u00e0 nh\u1eefng ng\u01b0\u1eddi \u0111am m\u00ea ho\u1ea1t \u0111\u1ed9ng ngo\u00e0i tr\u1eddi, k\u00ednh\u00a0Stash \u0111\u1ea3m b\u1ea3o b\u1ea1n lu\u00f4n t\u1eadp trung v\u00e0o \u0111\u01b0\u1eddng \u0111i\u00a0v\u1edbi th\u1ea5u k\u00ednh che ch\u1eafn bao quanh khu\u00f4n m\u1eb7t\u00a0gi\u00fap gi\u1ea3m thi\u1ec3u l\u1ef1c c\u1ea3n c\u1ee7a gi\u00f3 v\u00e0\u00a0ch\u00f3i.<\/span><\/p>\n<p><span style=\"font-size: 20px\"><img decoding=\"async\" src=\"http:\/\/xgolf.vn\/wp-content\/uploads\/2024\/07\/fototec_956ab70577b7404faeb6332c30c444eb.png\" title=\"fototec_956ab70577b7404faeb6332c30c444eb\"><\/span><\/p>\n<p><span style=\"font-size: 20px\"><img decoding=\"async\" src=\"http:\/\/xgolf.vn\/wp-content\/uploads\/2024\/07\/5_9a0ed91168ab429288e0bb5092cfe77d-1.png\" title=\"5_9a0ed91168ab429288e0bb5092cfe77d-1\"><\/span><\/p>\n<p><span style=\"font-size: 20px\">T\u00ednh N\u0103ng<\/span><\/p>\n<\/div>\n<\/div>\n<\/div>\n<div class=\"product-content\">\n<div class=\"grid mg-left-5\">\n<div class=\"grid__item large--one-whole medium--one-third small--one-whole pd-left5\">\n<div class=\"product-actions clearfix\">\u00a0<\/div>\n<\/div>\n<\/div>\n<\/div>\n<\/div>\n<div class=\"grid\">\n<div class=\"grid__item large--nine-twelfths medium--one-whole small--one-whole small--hide\">\n<div class=\"product-description-wrapper\">\n<div id=\"protab1\" class=\"pro-tabcontent\">\n<p><span style=\"font-size: 20px\"><img decoding=\"async\" src=\"http:\/\/xgolf.vn\/wp-content\/uploads\/2024\/07\/17_6bdb9ab1dda84acea49587d03edd95ca-1.png\" title=\"17_6bdb9ab1dda84acea49587d03edd95ca-1\"><\/span><\/p>\n<div>\n<table>\n<tbody>\n<tr>\n<th>\n<p><span style=\"font-size: 20px\"><img decoding=\"async\" src=\"http:\/\/xgolf.vn\/wp-content\/uploads\/2024\/07\/adjustable_ear_pads_1_small-2.png\" title=\"adjustable_ear_pads_1_small-2\"><\/span><\/p>\n<\/th>\n<td>\n<p><span style=\"font-size: 20px\"><strong>C\u00e0ng k\u00ednh \u0111i\u1ec1u ch\u1ec9nh \u0111\u01b0\u1ee3c<\/strong><\/span><\/p>\n<p><span style=\"font-size: 20px\">H\u1ed7 tr\u1ee3 t\u00f9y ch\u1ec9nh, t\u0103ng s\u1ef1 tho\u1ea3i m\u00e1i khi s\u1eed d\u1ee5ng.<\/span><\/p>\n<\/td>\n<\/tr>\n<tr>\n<th>\n<p><span style=\"font-size: 20px\"><img decoding=\"async\" src=\"http:\/\/xgolf.vn\/wp-content\/uploads\/2024\/07\/polycarbonate_lens_small-3.png\" title=\"polycarbonate_lens_small-3\"><\/span><\/p>\n<\/th>\n<td>\n<p><span style=\"font-size: 20px\"><strong>Ch\u1ea5t li\u1ec7u POLYCARBONATE<\/strong><\/span><\/p>\n<p><span style=\"font-size: 20px\">\u0110\u01b0\u1ee3c ch\u1ebf t\u1ea1o t\u1eeb ch\u1ea5t li\u1ec7u polycarbonate ch\u1ed1ng tr\u1ea7y x\u01b0\u1edbc, ch\u1ed1ng v\u1ee1.<\/span><\/p>\n<\/td>\n<\/tr>\n<tr>\n<th>\n<p><span style=\"font-size: 20px\"><img decoding=\"async\" src=\"http:\/\/xgolf.vn\/wp-content\/uploads\/2024\/07\/glareguard_small-3.png\" title=\"glareguard_small-3\"><\/span><\/p>\n<\/th>\n<td>\n<p><span style=\"font-size: 20px\"><strong>Ch\u1ed1ng ch\u00f3i<\/strong><\/span><\/p>\n<p><span style=\"font-size: 20px\">L\u1edbp ph\u1ee7 tr\u00f2ng k\u00ednh b\u1ea3o v\u1ec7 ch\u1ed1ng ch\u00f3i \u0111\u1ed9c quy\u1ec1n c\u1ee7a Tifosi l\u00e0m gi\u1ea3m m\u1ecfi m\u1eaft.<\/span><\/p>\n<\/td>\n<\/tr>\n<tr>\n<th>\n<p><span style=\"font-size: 20px\"><img decoding=\"async\" src=\"http:\/\/xgolf.vn\/wp-content\/uploads\/2024\/07\/grilamid_tr90_1_small-3.png\" title=\"grilamid_tr90_1_small-3\"><\/span><\/p>\n<\/th>\n<td>\n<p><span style=\"font-size: 20px\"><strong>G\u1ecdng k\u00ednh b\u1eb1ng ch\u1ea5t li\u1ec7u GRILAMID TR-90<\/strong><\/span><\/p>\n<p><span style=\"font-size: 20px\">Ch\u1ea5t li\u1ec7u nylon c\u1ef1c k\u1ef3 nh\u1eb9 v\u00e0 b\u1ec1n, ch\u1ed1ng l\u1ea1i c\u00e1c t\u00e1c h\u1ea1i t\u1eeb ch\u1ea5t h\u00f3a h\u1ecdc v\u00e0 tia c\u1ef1c t\u00edm.<\/span><\/p>\n<\/td>\n<\/tr>\n<tr>\n<th>\n<p><span style=\"font-size: 20px\"><img decoding=\"async\" src=\"http:\/\/xgolf.vn\/wp-content\/uploads\/2024\/07\/hydrophilic_rubber_13_small-3.png\" title=\"hydrophilic_rubber_13_small-3\"><\/span><\/p>\n<\/th>\n<td>\n<p><span style=\"font-size: 20px\"><strong>Cao su \u01b0a n\u01b0\u1edbc\u00a0<\/strong><\/span><\/p>\n<p><span style=\"font-size: 20px\">Ph\u1ea7n cao su \u01b0a n\u01b0\u1edbc \u1edf \u0111\u1ec7m tai v\u00e0 m\u0169i gi\u00fap t\u0103ng \u0111\u1ed9 b\u00e1m ngay c\u1ea3 khi \u0111\u1ed5 m\u1ed3 h\u00f4i.<\/span><\/p>\n<\/td>\n<\/tr>\n<tr>\n<th>\n<p><span style=\"font-size: 20px\"><img decoding=\"async\" src=\"http:\/\/xgolf.vn\/wp-content\/uploads\/2024\/07\/optically_decentered_small-2.png\" title=\"optically_decentered_small-2\"><\/span><\/p>\n<\/th>\n<td>\n<p><span style=\"font-size: 20px\"><strong>\u0110\u1ea1t chu\u1ea9n quang h\u1ecdc\u00a0<\/strong><\/span><\/p>\n<p><span style=\"font-size: 20px\">Gi\u00fap hi\u1ec3n th\u1ecb m\u1ed9t c\u00e1ch ch\u00e2n th\u1eadt v\u00e0 ng\u0103n ng\u1eeba hi\u1ec7n t\u01b0\u1ee3ng ph\u00f3ng \u0111\u1ea1i kh\u00f4ng mong mu\u1ed1n.<\/span><\/p>\n<\/td>\n<\/tr>\n<tr>\n<th>\n<p><span style=\"font-size: 20px\"><img decoding=\"async\" src=\"http:\/\/xgolf.vn\/wp-content\/uploads\/2024\/07\/uv_protection_small-3.png\" title=\"uv_protection_small-3\"><\/span><\/p>\n<\/th>\n<td>\n<p><span style=\"font-size: 20px\"><strong>Ch\u1ed1ng Tia UV<\/strong><\/span><\/p>\n<p><span style=\"font-size: 20px\">T\u1ea5t c\u1ea3 tr\u00f2ng k\u00ednh Tifosi 100% \u0111\u1ec1u ch\u1ed1ng tia UVA v\u00e0 UVB \u0111\u1ed9c h\u1ea1i.<\/span><\/p>\n<\/td>\n<\/tr>\n<tr>\n<th>\n<p><span style=\"font-size: 20px\"><img decoding=\"async\" src=\"http:\/\/xgolf.vn\/wp-content\/uploads\/2024\/07\/case_included_small-2.png\" title=\"case_included_small-2\"><\/span><\/p>\n<\/th>\n<td>\n<p><span style=\"font-size: 20px\"><strong>H\u1ed9p k\u00ednh k\u00e8m theo<\/strong><\/span><\/p>\n<p><span style=\"font-size: 20px\">Gi\u00fap b\u1ea3o qu\u1ea3n k\u00ednh t\u1ed1t h\u01a1n.\u00a0\u00a0<\/span><\/p>\n<\/td>\n<\/tr>\n<tr>\n<th>\n<p><span style=\"font-size: 20px\"><img decoding=\"async\" src=\"http:\/\/xgolf.vn\/wp-content\/uploads\/2024\/07\/adjustable_nose_small-2.png\" title=\"adjustable_nose_small-2\"><\/span><\/p>\n<\/th>\n<td>\n<p><span style=\"font-size: 20px\"><strong>\u0110\u1ec7m m\u0169i \u0111i\u1ec1u ch\u1ec9nh \u0111\u01b0\u1ee3c\u00a0<\/strong><\/span><\/p>\n<p><span style=\"font-size: 20px\">H\u1ed7 tr\u1ee3 t\u00f9y ch\u1ec9nh, h\u1ea1n ch\u1ebf tr\u01b0\u1ee3t v\u00e0 t\u0103ng s\u1ef1 tho\u1ea3i m\u00e1i.<\/span><\/p>\n<\/td>\n<\/tr>\n<\/tbody>\n<\/table>\n<ul>\n<li>\n<p><span style=\"font-size: 20px\"><strong>G\u1ecdng k\u00ednh:<\/strong>\u00a0S\u1eed d\u1ee5ng ch\u1ea5t li\u1ec7u Grilamid TR-90<\/span><\/p>\n<\/li>\n<li>\n<p><span style=\"font-size: 20px\"><strong>Tr\u00f2ng k\u00ednh:\u00a0<\/strong>Clarion Blue Fototec \u2013 \u1ed0ng k\u00ednh polycarbonate ch\u1ed1ng v\u1ee1 gi\u00fap \u0111\u1ea9y n\u01b0\u1edbc v\u1edbi t\u00f4ng m\u00e0u b\u1eaft \u0111\u1ea7u g\u1ea7n nh\u01b0 trong v\u00e0 t\u1ed1i d\u1ea7n d\u01b0\u1edbi \u00e1nh s\u00e1ng m\u1eb7t tr\u1eddi th\u00e0nh t\u00f4ng m\u00e0u kh\u00f3i v\u1edbi g\u01b0\u01a1ng m\u00e0u xanh lam<\/span><\/p>\n<\/li>\n<li>\n<p><span style=\"font-size: 20px\"><strong>VLT (Truy\u1ec1n \u00e1nh s\u00e1ng)<\/strong>:\u00a0<strong>Clarion &#8211; 46%~13%<\/strong><\/span><\/p>\n<\/li>\n<li>\n<p><span style=\"font-size: 20px\"><strong>Tr\u1ecdng l\u01b0\u1ee3ng:<\/strong>\u00a034G<\/span><\/p>\n<\/li>\n<\/ul>\n<\/div>\n<\/div>\n<\/div>\n<\/div>\n<\/div>\n<\/div>\n<\/div>\n<\/div>\n<\/div>\n<\/div>\n<ul class=\"attribute-specs-wrapper\">\n<li>\n                    H\u00e3ng: TIFOSI                <\/li>\n<li>\n                    S\u1ea3n xu\u1ea5t : Trung Qu\u1ed1c                <\/li>\n<\/ul>\n","protected":false},"excerpt":{"rendered":"<div class=\"text-bottom--product-detail-info\">\n<div class=\"item\">\n        S\u1ea3n ph\u1ea9m ch\u00ednh h\u00e3ng 100%.\n    <\/div>\n<div class=\"item\">\n<div>\n          Ch\u00ednh s\u00e1ch \u0111\u1ed5i h\u00e0ng  (Xem chi ti\u1ebft).\n        <\/div>\n<\/div>\n<div class=\"item\">\n        Gi\u00e1 s\u1ea3n ph\u1ea9m \u0111\u00e3 bao g\u1ed3m VAT.\n    <\/div>\n<div class=\"item\">\n        Mi\u1ec5n ph\u00ed v\u1eadn chuy\u1ec3n th\u01b0\u1eddng\n    <\/div>\n<\/div>\n","protected":false},"featured_media":17283,"comment_status":"closed","ping_status":"closed","template":"","meta":[],"pwb-brand":[4361],"product_cat":[3346],"product_tag":[3647,4391,4415],"class_list":{"0":"post-17282","1":"product","2":"type-product","3":"status-publish","4":"has-post-thumbnail","6":"pwb-brand-tifosi","7":"product_cat-kinh","8":"product_tag-a","9":"product_tag-kinh-golf-tifosi-stash","10":"product_tag-matte-smoke","12":"first","13":"instock","14":"shipping-taxable","15":"purchasable","16":"product-type-simple"},"brands":[{"id":4361,"name":"TIFOSI","slug":"tifosi"}],"_links":{"self":[{"href":"https:\/\/xgolf.vn\/vi\/wp-json\/wp\/v2\/product\/17282","targetHints":{"allow":["GET"]}}],"collection":[{"href":"https:\/\/xgolf.vn\/vi\/wp-json\/wp\/v2\/product"}],"about":[{"href":"https:\/\/xgolf.vn\/vi\/wp-json\/wp\/v2\/types\/product"}],"replies":[{"embeddable":true,"href":"https:\/\/xgolf.vn\/vi\/wp-json\/wp\/v2\/comments?post=17282"}],"wp:featuredmedia":[{"embeddable":true,"href":"https:\/\/xgolf.vn\/vi\/wp-json\/wp\/v2\/media\/17283"}],"wp:attachment":[{"href":"https:\/\/xgolf.vn\/vi\/wp-json\/wp\/v2\/media?parent=17282"}],"wp:term":[{"taxonomy":"pwb-brand","embeddable":true,"href":"https:\/\/xgolf.vn\/vi\/wp-json\/wp\/v2\/pwb-brand?post=17282"},{"taxonomy":"product_cat","embeddable":true,"href":"https:\/\/xgolf.vn\/vi\/wp-json\/wp\/v2\/product_cat?post=17282"},{"taxonomy":"product_tag","embeddable":true,"href":"https:\/\/xgolf.vn\/vi\/wp-json\/wp\/v2\/product_tag?post=17282"}],"curies":[{"name":"wp","href":"https:\/\/api.w.org\/{rel}","templated":true}]}}