{"id":16262,"date":"2024-07-31T20:36:06","date_gmt":"2024-07-31T13:36:06","guid":{"rendered":"http:\/\/xgolf.vn\/-product-\/uncategorized\/bo-gay-golf-fullset-callaway-warbrid-19-jv-10-gaytui\/"},"modified":"2024-07-31T20:36:08","modified_gmt":"2024-07-31T13:36:08","slug":"bo-gay-golf-fullset-callaway-warbrid-19-jv-10-gaytui","status":"publish","type":"product","link":"https:\/\/xgolf.vn\/vi\/-product-\/gay\/fullset\/bo-gay-golf-fullset-callaway-warbrid-19-jv-10-gaytui\/","title":{"rendered":"B\u1ed9 g\u1eady golf fullset Callaway Warbrid 19 JV ( 10 g\u1eady+t\u00fai )"},"content":{"rendered":"<div class=\"product attribute description\">\n<div class=\"value\">\n<h1>B\u1ed9 g\u1eady g\u00f4n\u00a0fullset Callaway Warbrid 19 JV ( 10g+t\u00fai )<\/h1>\n<h2>B\u1ed9 g\u1eady fullset Callaway Warbrid cao c\u1ea5p, ch\u00ednh h\u00e3ng<\/h2>\n<p>B\u1ed9 g\u1eady golf cho nam\u00a0Callaway Warbrid\u00a0g\u1ed3m 10\u00a0g\u1eady golf\u00a0v\u1edbi 01\u00a0t\u00fai golf cart bags\u00a0\u0111\u1ec3 \u0111\u1ef1ng v\u00e0 b\u1ea3o v\u1ec7 g\u1eady.<\/p>\n<p><strong>S\u1ea3n ph\u1ea9m bao g\u1ed3m:<\/strong><\/p>\n<ul>\n<li>1\u00a0g\u1eady golf driver :10.5<\/li>\n<li>1\u00a0g\u1eady golf fairway : 5<\/li>\n<li>1\u00a0g\u1eady golf putter : odysey white hot pro\u00a0<\/li>\n<li>7\u00a0g\u1eady iron\u00a0clubs g\u1ed3m g\u1eady iron s\u1ed1 5, 6, 7, 8, 9, PW, SW.<\/li>\n<li>1\u00a0t\u00fai golf cart bags\u00a0c\u00f3 \u0111i k\u00e8m bao ch\u1ee5p b\u1ea3o v\u1ec7<\/li>\n<\/ul>\n<p>B\u1ed9 g\u1eady golf nam\u00a0n\u00e0y s\u1ebd l\u00e0 h\u00e0nh trang \u0111\u1ea7y \u0111\u1ee7 \u0111\u1ec3 b\u1ea1n c\u00f3 th\u1ec3 t\u1ef1 tin\u00a0ch\u01a1i golf\u00a0v\u1edbi nhi\u1ec1u ki\u1ec3u v\u00e0 c\u00e1ch \u0111\u00e1nh kh\u00e1c nhau. Th\u00e2n g\u1eady Graphite r\u1ea5t b\u1ec1n b\u1ec9 v\u00e0 nh\u1eb9, thi\u1ebft k\u1ebf \u0111\u1ea7u n\u1eb7ng, tr\u1ecdng t\u00e2m th\u1ea5p gi\u00fap ng\u01b0\u1eddi ch\u01a1i d\u1ec5 d\u00e0ng th\u1ef1c hi\u1ec7n c\u00e1c c\u00fa \u0111\u00e1nh d\u00e0i, t\u0103ng t\u1ed1c \u0111\u1ed9 b\u00f3ng.<\/p>\n<p>T\u00fai golf\u00a0Callaway cart bags Warbrid c\u00f3 thi\u1ebft k\u1ebf quai \u0111eo d\u00e0y d\u1eb7n, ch\u1eafc ch\u1eafn v\u1edbi \u0111\u1ec7m m\u1ec1m c\u00f3 t\u00e1c d\u1ee5ng \u0111\u1ee1 v\u00e0 gi\u00fap ng\u01b0\u1eddi d\u00f9ng ch\u1ed1ng m\u1ecfi khi s\u1eed d\u1ee5ng ho\u1eb7c mang tr\u00ean vai. Lo\u1ea1i t\u00fai n\u00e0y \u0111\u01b0\u1ee3c l\u00e0m b\u1eb1ng ch\u1ea5t li\u1ec7u da t\u1ed5ng h\u1ee3p v\u00e0 polyester c\u00f3 kh\u1ea3 n\u0103ng ch\u1ed1ng th\u1ea5m n\u01b0\u1edbc gi\u00fap b\u1ea3o v\u1ec7 g\u1eady v\u00e0 c\u00e1c \u0111\u1ed3 d\u00f9ng c\u00e1 nh\u00e2n t\u1ed1t h\u01a1n.<\/p>\n<p>Kh\u00f3a k\u00e9o c\u1ee7a t\u00fai golf r\u1ea5t ch\u1eafc ch\u1eafn, \u0111\u1ed9 b\u1ec1n cao. Ch\u00e2n \u0111\u1ebf ch\u1ed1ng tr\u01b0\u1ee3t gi\u00fap t\u00fai lu\u00f4n \u0111\u1ee9ng v\u1eefng tr\u00ean s\u00e2n golf. T\u00fai c\u00f2n \u0111i k\u00e8m th\u00eam bao ch\u1ee5p b\u00ean tr\u00ean b\u1ea3o v\u1ec7 v\u00e0 mang \u0111\u1ebfn s\u1ef1 \u1ed5n \u0111\u1ecbnh trong qu\u00e1 tr\u00ecnh di chuy\u1ec3n.\u00a0<\/p>\n<p><strong>Th\u00f4ng s\u1ed1\u00a0<\/strong><\/p>\n<table style=\"width: 95.7143%\" border=\"1\" width=\"100%\" cellspacing=\"1\" cellpadding=\"1\">\n<tbody>\n<tr>\n<th style=\"width: 14.9206%\" colspan=\"2\" bgcolor=\"#CCCCCC\">\n<div align=\"center\"><span class=\"a-list-item\">Count<\/span><\/div>\n<\/th>\n<td style=\"width: 10.4762%\" bgcolor=\"#CCCCCC\">\n<div align=\"center\"><span class=\"a-list-item\">W#1<\/span><\/div>\n<\/td>\n<td style=\"width: 6.19048%\" bgcolor=\"#CCCCCC\">\n<div align=\"center\"><span class=\"a-list-item\">W#5<\/span><\/div>\n<\/td>\n<td style=\"width: 7.14286%\" bgcolor=\"#CCCCCC\">\n<div align=\"center\"><span class=\"a-list-item\">I#5<\/span><\/div>\n<\/td>\n<td style=\"width: 8.57143%\" bgcolor=\"#CCCCCC\">\n<div align=\"center\"><span class=\"a-list-item\">I#6<\/span><\/div>\n<\/td>\n<td style=\"width: 8.57143%\" bgcolor=\"#CCCCCC\">\n<div align=\"center\"><span class=\"a-list-item\">I#7<\/span><\/div>\n<\/td>\n<td style=\"width: 7.14286%\" bgcolor=\"#CCCCCC\">\n<div align=\"center\"><span class=\"a-list-item\">I#8<\/span><\/div>\n<\/td>\n<td style=\"width: 8.57143%\" bgcolor=\"#CCCCCC\">\n<div align=\"center\"><span class=\"a-list-item\">I#9<\/span><\/div>\n<\/td>\n<td style=\"width: 8.57143%\" bgcolor=\"#CCCCCC\">\n<div align=\"center\"><span class=\"a-list-item\">PW<\/span><\/div>\n<\/td>\n<td style=\"width: 10%\" bgcolor=\"#CCCCCC\">\n<div align=\"center\"><span class=\"a-list-item\">SW<\/span><\/div>\n<\/td>\n<td style=\"width: 7.46032%\" bgcolor=\"#CCCCCC\">\n<div align=\"center\"><span class=\"a-list-item\">Putter<\/span><\/div>\n<\/td>\n<\/tr>\n<tr>\n<th style=\"width: 14.9206%\" colspan=\"2\" bgcolor=\"#CCCCCC\">\n<div align=\"center\"><span class=\"a-list-item\">Storehouse corner (\u00b0)<\/span><\/div>\n<\/th>\n<td style=\"width: 10.4762%\">\n<div align=\"center\"><span class=\"a-list-item\">10.5<\/span><\/div>\n<\/td>\n<td style=\"width: 6.19048%\">\n<div align=\"center\"><span class=\"a-list-item\">19.0<\/span><\/div>\n<\/td>\n<td style=\"width: 7.14286%\">\n<div align=\"center\"><span class=\"a-list-item\">23.0<\/span><\/div>\n<\/td>\n<td style=\"width: 8.57143%\">\n<div align=\"center\"><span class=\"a-list-item\">26.0<\/span><\/div>\n<\/td>\n<td style=\"width: 8.57143%\">\n<div align=\"center\"><span class=\"a-list-item\">30.0<\/span><\/div>\n<\/td>\n<td style=\"width: 7.14286%\">\n<div align=\"center\"><span class=\"a-list-item\">34.5<\/span><\/div>\n<\/td>\n<td style=\"width: 8.57143%\">\n<div align=\"center\"><span class=\"a-list-item\">39.0<\/span><\/div>\n<\/td>\n<td style=\"width: 8.57143%\">\n<div align=\"center\"><span class=\"a-list-item\">44.0<\/span><\/div>\n<\/td>\n<td style=\"width: 10%\">\n<div align=\"center\"><span class=\"a-list-item\">54.0<\/span><\/div>\n<\/td>\n<td style=\"width: 7.46032%\">\n<div align=\"center\"><span class=\"a-list-item\">3.0<\/span><\/div>\n<\/td>\n<\/tr>\n<tr>\n<th style=\"width: 14.9206%\" colspan=\"2\" bgcolor=\"#CCCCCC\">\n<div align=\"center\"><span class=\"a-list-item\">Head material<\/span><\/div>\n<\/th>\n<td style=\"width: 10.4762%\">\n<div align=\"center\"><span class=\"a-list-item\">Titanium<\/span><\/div>\n<\/td>\n<td style=\"width: 72.2222%\" colspan=\"9\">\n<div align=\"center\"><span class=\"a-list-item\">Stainless steel<\/span><\/div>\n<\/td>\n<\/tr>\n<tr>\n<th style=\"width: 14.9206%\" colspan=\"2\" bgcolor=\"#CCCCCC\">\n<div align=\"center\"><span class=\"a-list-item\">Shaft name<\/span><\/div>\n<\/th>\n<td style=\"width: 82.6984%\" colspan=\"10\">\n<div align=\"center\"><span class=\"a-list-item\">Wood: WARBIRD ( R) iron: WARBIRD (R)<\/span><\/div>\n<\/td>\n<\/tr>\n<tr>\n<th style=\"width: 14.9206%\" colspan=\"2\" bgcolor=\"#CCCCCC\">\n<div align=\"center\"><span class=\"a-list-item\">Club length (R set)<\/span><\/div>\n<\/th>\n<td style=\"width: 10.4762%\">\n<div align=\"center\"><span class=\"a-list-item\">45.0<\/span><\/div>\n<\/td>\n<td style=\"width: 6.19048%\">\n<div align=\"center\"><span class=\"a-list-item\">42.5<\/span><\/div>\n<\/td>\n<td style=\"width: 7.14286%\">\n<div align=\"center\"><span class=\"a-list-item\">38.25<\/span><\/div>\n<\/td>\n<td style=\"width: 8.57143%\">\n<div align=\"center\"><span class=\"a-list-item\">37.625<\/span><\/div>\n<\/td>\n<td style=\"width: 8.57143%\">\n<div align=\"center\"><span class=\"a-list-item\">37.0<\/span><\/div>\n<\/td>\n<td style=\"width: 7.14286%\">\n<div align=\"center\"><span class=\"a-list-item\">36.5<\/span><\/div>\n<\/td>\n<td style=\"width: 8.57143%\">\n<div align=\"center\"><span class=\"a-list-item\">35.375<\/span><\/div>\n<\/td>\n<td style=\"width: 8.57143%\">\n<div align=\"center\"><span class=\"a-list-item\">35.125<\/span><\/div>\n<\/td>\n<td style=\"width: 10%\">\n<div align=\"center\"><span class=\"a-list-item\">35.0625<\/span><\/div>\n<\/td>\n<td style=\"width: 7.46032%\">\n<div align=\"center\"><span class=\"a-list-item\">34.0<\/span><\/div>\n<\/td>\n<\/tr>\n<tr>\n<th style=\"width: 14.9206%\" colspan=\"2\" bgcolor=\"#CCCCCC\">\n<div align=\"center\"><span class=\"a-list-item\">Rye corner (\u00b0)<\/span><\/div>\n<\/th>\n<td style=\"width: 10.4762%\">\n<div align=\"center\"><span class=\"a-list-item\">58.5<\/span><\/div>\n<\/td>\n<td style=\"width: 6.19048%\">\n<div align=\"center\"><span class=\"a-list-item\">58.0<\/span><\/div>\n<\/td>\n<td style=\"width: 7.14286%\">\n<div align=\"center\"><span class=\"a-list-item\">61.5<\/span><\/div>\n<\/td>\n<td style=\"width: 8.57143%\">\n<div align=\"center\"><span class=\"a-list-item\">62.0<\/span><\/div>\n<\/td>\n<td style=\"width: 8.57143%\">\n<div align=\"center\"><span class=\"a-list-item\">62.5<\/span><\/div>\n<\/td>\n<td style=\"width: 7.14286%\">\n<div align=\"center\"><span class=\"a-list-item\">63.0<\/span><\/div>\n<\/td>\n<td style=\"width: 8.57143%\">\n<div align=\"center\"><span class=\"a-list-item\">63.5<\/span><\/div>\n<\/td>\n<td style=\"width: 8.57143%\">\n<div align=\"center\"><span class=\"a-list-item\">64.0<\/span><\/div>\n<\/td>\n<td style=\"width: 10%\">\n<div align=\"center\"><span class=\"a-list-item\">64.0<\/span><\/div>\n<\/td>\n<td style=\"width: 7.46032%\">\n<div align=\"center\"><span class=\"a-list-item\">70.0<\/span><\/div>\n<\/td>\n<\/tr>\n<tr>\n<th style=\"width: 10.4762%\" bgcolor=\"#CCCCCC\">\n<div align=\"center\"><span class=\"a-list-item\">Balance<\/span><\/div>\n<\/th>\n<th style=\"width: 4.44444%\" bgcolor=\"#CCCCCC\">\n<div align=\"center\"><span class=\"a-list-item\">R set<\/span><\/div>\n<\/th>\n<td style=\"width: 10.4762%\">\n<div align=\"center\"><span class=\"a-list-item\">D2<\/span><\/div>\n<\/td>\n<td style=\"width: 6.19048%\">\n<div align=\"center\"><span class=\"a-list-item\">&#8212;<\/span><\/div>\n<\/td>\n<td style=\"width: 7.14286%\">\n<div align=\"center\"><span class=\"a-list-item\">D0<\/span><\/div>\n<\/td>\n<td style=\"width: 8.57143%\">\n<div align=\"center\"><span class=\"a-list-item\">&#8212;<\/span><\/div>\n<\/td>\n<td style=\"width: 8.57143%\">\n<div align=\"center\"><span class=\"a-list-item\">&#8212;<\/span><\/div>\n<\/td>\n<td style=\"width: 7.14286%\">\n<div align=\"center\"><span class=\"a-list-item\">&#8212;<\/span><\/div>\n<\/td>\n<td style=\"width: 8.57143%\">\n<div align=\"center\"><span class=\"a-list-item\">&#8212;<\/span><\/div>\n<\/td>\n<td style=\"width: 8.57143%\">\n<div align=\"center\"><span class=\"a-list-item\">&#8212;<\/span><\/div>\n<\/td>\n<td style=\"width: 10%\">\n<div align=\"center\"><span class=\"a-list-item\">&#8212;<\/span><\/div>\n<\/td>\n<td style=\"width: 7.46032%\">\n<div align=\"center\"><span class=\"a-list-item\">&#8212;<\/span><\/div>\n<\/td>\n<\/tr>\n<tr>\n<th style=\"width: 10.4762%\" bgcolor=\"#CCCCCC\">\n<div align=\"center\"><span class=\"a-list-item\">Club weight<\/span><\/div>\n<\/th>\n<th style=\"width: 4.44444%\" bgcolor=\"#CCCCCC\">\n<div align=\"center\"><span class=\"a-list-item\">R set<\/span><\/div>\n<\/th>\n<td style=\"width: 10.4762%\">\n<div align=\"center\"><span class=\"a-list-item\">310g<\/span><\/div>\n<\/td>\n<td style=\"width: 6.19048%\">\n<div align=\"center\"><span class=\"a-list-item\">&#8212;<\/span><\/div>\n<\/td>\n<td style=\"width: 7.14286%\">\n<div align=\"center\"><span class=\"a-list-item\">373 g<\/span><\/div>\n<\/td>\n<td style=\"width: 8.57143%\">\n<div align=\"center\"><span class=\"a-list-item\">&#8212;<\/span><\/div>\n<\/td>\n<td style=\"width: 8.57143%\">\n<div align=\"center\"><span class=\"a-list-item\">&#8212;<\/span><\/div>\n<\/td>\n<td style=\"width: 7.14286%\">\n<div align=\"center\"><span class=\"a-list-item\">&#8212;<\/span><\/div>\n<\/td>\n<td style=\"width: 8.57143%\">\n<div align=\"center\"><span class=\"a-list-item\">&#8212;<\/span><\/div>\n<\/td>\n<td style=\"width: 8.57143%\">\n<div align=\"center\"><span class=\"a-list-item\">&#8212;<\/span><\/div>\n<\/td>\n<td style=\"width: 10%\">\u00a0<\/td>\n<td style=\"width: 7.46032%\">\u00a0<\/td>\n<\/tr>\n<\/tbody>\n<\/table>\n<p><strong><\/p>\n<p><\/strong><\/p>\n<p>\u00a0<\/p>\n<\/div>\n<\/div>\n<ul class=\"attribute-specs-wrapper\">\n<li>\n                    Gi\u1edbi t\u00ednh: Nam                <\/li>\n<li>\n                    Th\u1ec3 lo\u1ea1i: fullset                <\/li>\n<li>\n                    H\u00e3ng: Callaway                <\/li>\n<li>\n                    S\u1ea3n xu\u1ea5t : Trung Qu\u1ed1c                <\/li>\n<li>\n                    B\u1ea3o h\u00e0nh: 1 N\u0103m (L\u1ed7i nh\u00e0 s\u1ea3n xu\u1ea5t)                <\/li>\n<\/ul>\n","protected":false},"excerpt":{"rendered":"<div class=\"text-bottom--product-detail-info\">\n<div class=\"item\">\n        S\u1ea3n ph\u1ea9m ch\u00ednh h\u00e3ng 100%.\n    <\/div>\n<div class=\"item\">\n<div>\n          Ch\u00ednh s\u00e1ch \u0111\u1ed5i h\u00e0ng  (Xem chi ti\u1ebft).\n        <\/div>\n<\/div>\n<div class=\"item\">\n        Gi\u00e1 s\u1ea3n ph\u1ea9m \u0111\u00e3 bao g\u1ed3m VAT.\n    <\/div>\n<div class=\"item\">\n        Mi\u1ec5n ph\u00ed v\u1eadn chuy\u1ec3n th\u01b0\u1eddng\n    <\/div>\n<\/div>\n","protected":false},"featured_media":16263,"comment_status":"closed","ping_status":"closed","template":"","meta":[],"pwb-brand":[3519],"product_cat":[3260],"product_tag":[3968],"class_list":{"0":"post-16262","1":"product","2":"type-product","3":"status-publish","4":"has-post-thumbnail","6":"pwb-brand-callaway","7":"product_cat-fullset","8":"product_tag-bo-gay-fullset-callaway-warbrid-19-jv-10gtui","10":"first","11":"instock","12":"shipping-taxable","13":"purchasable","14":"product-type-simple"},"brands":[{"id":3519,"name":"Callaway","slug":"callaway"}],"_links":{"self":[{"href":"https:\/\/xgolf.vn\/vi\/wp-json\/wp\/v2\/product\/16262","targetHints":{"allow":["GET"]}}],"collection":[{"href":"https:\/\/xgolf.vn\/vi\/wp-json\/wp\/v2\/product"}],"about":[{"href":"https:\/\/xgolf.vn\/vi\/wp-json\/wp\/v2\/types\/product"}],"replies":[{"embeddable":true,"href":"https:\/\/xgolf.vn\/vi\/wp-json\/wp\/v2\/comments?post=16262"}],"wp:featuredmedia":[{"embeddable":true,"href":"https:\/\/xgolf.vn\/vi\/wp-json\/wp\/v2\/media\/16263"}],"wp:attachment":[{"href":"https:\/\/xgolf.vn\/vi\/wp-json\/wp\/v2\/media?parent=16262"}],"wp:term":[{"taxonomy":"pwb-brand","embeddable":true,"href":"https:\/\/xgolf.vn\/vi\/wp-json\/wp\/v2\/pwb-brand?post=16262"},{"taxonomy":"product_cat","embeddable":true,"href":"https:\/\/xgolf.vn\/vi\/wp-json\/wp\/v2\/product_cat?post=16262"},{"taxonomy":"product_tag","embeddable":true,"href":"https:\/\/xgolf.vn\/vi\/wp-json\/wp\/v2\/product_tag?post=16262"}],"curies":[{"name":"wp","href":"https:\/\/api.w.org\/{rel}","templated":true}]}}