{"id":15742,"date":"2024-07-31T19:21:06","date_gmt":"2024-07-31T12:21:06","guid":{"rendered":"http:\/\/xgolf.vn\/-product-\/uncategorized\/kinh-golf-swans-spb-0714-bk-ultra-lens-for-golfs\/"},"modified":"2024-07-31T19:21:08","modified_gmt":"2024-07-31T12:21:08","slug":"kinh-golf-swans-spb-0714-bk-ultra-lens-for-golfs","status":"publish","type":"product","link":"https:\/\/xgolf.vn\/vi\/-product-\/phu-kien\/kinh\/kinh-golf-swans-spb-0714-bk-ultra-lens-for-golfs\/","title":{"rendered":"K\u00ednh golf swans SPB-0714 BK (ULTRA LENS for GOLFS)"},"content":{"rendered":"<div class=\"product attribute description\">\n<div class=\"value\">#html-body [data-pb-style=NCCOHBS]{justify-content:flex-start;display:flex;flex-direction:column;background-position:left top;background-size:cover;background-repeat:no-repeat;background-attachment:scroll}<\/p>\n<div data-content-type=\"row\" data-appearance=\"contained\" data-element=\"main\">\n<div data-enable-parallax=\"0\" data-parallax-speed=\"0.5\" data-background-images=\"{}\" data-background-type=\"image\" data-video-loop=\"true\" data-video-play-only-visible=\"true\" data-video-lazy-load=\"true\" data-video-fallback-src=\"\" data-element=\"inner\" data-pb-style=\"NCCOHBS\">\n<div data-content-type=\"text\" data-appearance=\"default\" data-element=\"main\">\n<h1><span style=\"font-size: 28px\">K\u00ednh golf swans SPB-0714 BK (ULTRA LENS for GOLFS)<\/span><\/h1>\n<p><span style=\"font-size: 28px\">Th\u00f4ng tin s\u1ea3n ph\u1ea9m\u00a0<\/span><\/p>\n<p><span style=\"font-size: 20px\">M\u1eabu th\u1ec3 thao to\u00e0n di\u1ec7n v\u1edbi thi\u1ebft k\u1ebf trang nh\u00e3, ch\u01a1i g\u00f4n, qu\u1ea7n v\u1ee3t, ch\u1ed1ng tia c\u1ef1c t\u00edm, tr\u1ecdng l\u01b0\u1ee3ng nh\u1eb9, tr\u00f2ng k\u00ednh c\u00f3 th\u1ec3 ho\u00e1n \u0111\u1ed5i cho nhau<\/span><\/p>\n<ul>\n<li><span style=\"font-size: 20px\">T\u00ednh n\u0103ng s\u1ea3n ph\u1ea9m<\/span><br \/><span style=\"font-size: 20px\">Thi\u1ebft k\u1ebf khung th\u1ec3 hi\u1ec7n nh\u1eefng chuy\u1ec3n \u0111\u1ed9ng m\u1ea1nh m\u1ebd v\u00e0 d\u1ebbo dai c\u1ee7a l\u00f2 xo, lo\u00e0i \u0111\u1ed9ng v\u1eadt \u0103n c\u1ecf c\u00f3 kh\u1ea3 n\u0103ng th\u1ec3 ch\u1ea5t c\u1ef1c cao.<\/span><br \/><span style=\"font-size: 20px\">K\u00edch c\u1ee1 ph\u00f9 h\u1ee3p nh\u1ea5t v\u1edbi ng\u01b0\u1eddi Nh\u1eadt, \u0111\u01b0\u1ee3c bao b\u1ecdc trong h\u00ecnh th\u1ee9c trang nh\u00e3 v\u00e0 \u0111\u01b0\u1ee3c trang b\u1ecb c\u00e1c ch\u1ee9c n\u0103ng c\u00f3 th\u1ec3 s\u1eed d\u1ee5ng trong nhi\u1ec1u t\u00ecnh hu\u1ed1ng th\u1ec3 thao kh\u00e1c nhau.<\/span><br \/><span style=\"font-size: 20px\">M\u1eabu \u1ed1ng k\u00ednh \u0111\u00f4i t\u01b0\u1ee3ng tr\u01b0ng cho SWANS.<\/span><\/li>\n<li><span style=\"font-size: 20px\">g\u1ecdng l linh ho\u1ea1t<\/span><br \/><span style=\"font-size: 20px\">B\u1eb1ng c\u00e1ch u\u1ed1n ph\u1ea7n th\u00e1i d\u01b0\u01a1ng v\u00e0o trong, b\u1ea1n c\u00f3 th\u1ec3 th\u1ef1c hi\u1ec7n c\u00e1c \u0111i\u1ec1u ch\u1ec9nh tinh t\u1ebf \u0111\u1ec3 ph\u00f9 h\u1ee3p v\u1edbi h\u00ecnh d\u1ea1ng \u0111\u1ea7u c\u1ee7a m\u00ecnh.<\/span><\/li>\n<li><span style=\"font-size: 20px\">C\u00f3 th\u1ec3 thay th\u1ebf \u1ed1ng k\u00ednh<\/span><br \/><span style=\"font-size: 20px\">\u1ed0ng k\u00ednh c\u00f3 th\u1ec3 \u0111\u01b0\u1ee3c thay th\u1ebf d\u1ec5 d\u00e0ng b\u1eb1ng c\u00e1ch \u0111\u00f3ng m\u1edf c\u00e1c b\u1ed9 ph\u1eadn \u1edf b\u00ean c\u1ea1nh khung. N\u00f3 kh\u00f3a khi \u0111eo, l\u00e0m cho n\u00f3 c\u00f3 kh\u1ea3 n\u0103ng ch\u1ed1ng va \u0111\u1eadp.<\/span><\/li>\n<li><span style=\"font-size: 20px\">Mi\u1ebfng \u0111\u1ec7m m\u0169i c\u00f3 th\u1ec3 \u0111i\u1ec1u ch\u1ec9nh<\/span><br \/><span style=\"font-size: 20px\">C\u00f3 th\u1ec3 \u0111i\u1ec1u ch\u1ec9nh \u0111\u1ec3 ph\u00f9 h\u1ee3p v\u1edbi d\u00e1ng m\u0169i c\u1ee7a ng\u01b0\u1eddi \u0111eo. \u0110\u01b0\u1ee3c l\u00e0m b\u1eb1ng ch\u1ea5t li\u1ec7u cao su kh\u00f4ng d\u1ec5 tr\u01b0\u1ee3t ngay c\u1ea3 khi ra m\u1ed3 h\u00f4i.<\/span><br \/><span style=\"font-size: 20px\">Gi\u1ea3i th\u00edch m\u00e0u \u1ed1ng k\u00ednh<\/span><br \/><span style=\"font-size: 20px\">(0714\/G\u01b0\u01a1ng b\u1ea1c x Xanh b\u0103ng SI\u00caU)<\/span><\/li>\n<li><span style=\"font-size: 20px\">M\u00e0u khung \u0111en<\/span><\/li>\n<li><span style=\"font-size: 20px\">M\u00e0u tr\u00f2ng k\u00ednh 0714\/G\u01b0\u01a1ng b\u1ea1c x Xanh b\u0103ng SI\u00caU<\/span><\/li>\n<li><span style=\"font-size: 20px\">\u0110\u1ed9 truy\u1ec1n \u00e1nh s\u00e1ng nh\u00ecn th\u1ea5y \u0111\u01b0\u1ee3c 28%<\/span><\/li>\n<li><span style=\"font-size: 20px\">\u0110\u1ed9 truy\u1ec1n tia c\u1ef1c t\u00edm 0,1% tr\u1edf xu\u1ed1ng (c\u1eaft tia c\u1ef1c t\u00edm 99,9% tr\u1edf l\u00ean)<\/span><\/li>\n<li><span style=\"font-size: 20px\">Ch\u1ee9c n\u0103ng \u1ed1ng k\u00ednh ULTRA LENS, PETROID LENS, tr\u00e1ng g\u01b0\u01a1ng<\/span><\/li>\n<li><span style=\"font-size: 20px\">\u0110\u01b0\u1eddng cong \u1ed1ng k\u00ednh 8 \u0111\u01b0\u1eddng cong<\/span><\/li>\n<li><span style=\"font-size: 20px\">K\u00edch th\u01b0\u1edbc Cao 41mm \/ R\u1ed9ng 141mm<\/span><\/li>\n<li><span style=\"font-size: 20px\">Kh\u1ed1i l\u01b0\u1ee3ng 26g<\/span><\/li>\n<li><span style=\"font-size: 20px\">T\u00ednh n\u0103ng g\u1ecdng: tr\u00f2ng k\u00ednh c\u00f3 th\u1ec3 ho\u00e1n \u0111\u1ed5i cho nhau, c\u00e0ng k\u00ednh c\u00f3 th\u1ec3 \u0111i\u1ec1u ch\u1ec9nh, m\u0169i c\u00f3 th\u1ec3 \u0111i\u1ec1u ch\u1ec9nh<\/span><\/li>\n<li><span style=\"font-size: 20px\">Ch\u1ea5t li\u1ec7u Khung: Nylon, \u1ed0ng k\u00ednh: Polycarbonate<\/span><\/li>\n<li><span style=\"font-size: 20px\">Ph\u1ee5 ki\u1ec7n H\u1ed9p b\u00e1n c\u1ee9ng<\/span><\/li>\n<li><span style=\"font-size: 20px\">N\u01b0\u1edbc xu\u1ea5t x\u1ee9: S\u1ea3n xu\u1ea5t t\u1ea1i Nh\u1eadt B\u1ea3n<\/span>\n<\/li>\n<\/ul>\n<\/div>\n<\/div>\n<\/div>\n<\/div>\n<\/div>\n<ul class=\"attribute-specs-wrapper\">\n<li>\n                    Th\u1ec3 lo\u1ea1i: K\u00ednh                <\/li>\n<li>\n                    H\u00e3ng: Swans                <\/li>\n<li>\n                    S\u1ea3n xu\u1ea5t : Nh\u1eadt B\u1ea3n                <\/li>\n<\/ul>\n","protected":false},"excerpt":{"rendered":"<div class=\"text-bottom--product-detail-info\">\n<div class=\"item\">\n        S\u1ea3n ph\u1ea9m ch\u00ednh h\u00e3ng 100%.\n    <\/div>\n<div class=\"item\">\n<div>\n          Ch\u00ednh s\u00e1ch \u0111\u1ed5i h\u00e0ng  (Xem chi ti\u1ebft).\n        <\/div>\n<\/div>\n<div class=\"item\">\n        Gi\u00e1 s\u1ea3n ph\u1ea9m \u0111\u00e3 bao g\u1ed3m VAT.\n    <\/div>\n<div class=\"item\">\n        Mi\u1ec5n ph\u00ed v\u1eadn chuy\u1ec3n th\u01b0\u1eddng\n    <\/div>\n<\/div>\n","protected":false},"featured_media":15743,"comment_status":"closed","ping_status":"closed","template":"","meta":[],"pwb-brand":[3503],"product_cat":[3346],"product_tag":[3744],"class_list":{"0":"post-15742","1":"product","2":"type-product","3":"status-publish","4":"has-post-thumbnail","6":"pwb-brand-swans","7":"product_cat-kinh","8":"product_tag-kinh-golf-swans-spb-0714-bk-ultra-lens-for-golfs","10":"first","11":"instock","12":"shipping-taxable","13":"purchasable","14":"product-type-simple"},"brands":[{"id":3503,"name":"Swans","slug":"swans"}],"_links":{"self":[{"href":"https:\/\/xgolf.vn\/vi\/wp-json\/wp\/v2\/product\/15742","targetHints":{"allow":["GET"]}}],"collection":[{"href":"https:\/\/xgolf.vn\/vi\/wp-json\/wp\/v2\/product"}],"about":[{"href":"https:\/\/xgolf.vn\/vi\/wp-json\/wp\/v2\/types\/product"}],"replies":[{"embeddable":true,"href":"https:\/\/xgolf.vn\/vi\/wp-json\/wp\/v2\/comments?post=15742"}],"wp:featuredmedia":[{"embeddable":true,"href":"https:\/\/xgolf.vn\/vi\/wp-json\/wp\/v2\/media\/15743"}],"wp:attachment":[{"href":"https:\/\/xgolf.vn\/vi\/wp-json\/wp\/v2\/media?parent=15742"}],"wp:term":[{"taxonomy":"pwb-brand","embeddable":true,"href":"https:\/\/xgolf.vn\/vi\/wp-json\/wp\/v2\/pwb-brand?post=15742"},{"taxonomy":"product_cat","embeddable":true,"href":"https:\/\/xgolf.vn\/vi\/wp-json\/wp\/v2\/product_cat?post=15742"},{"taxonomy":"product_tag","embeddable":true,"href":"https:\/\/xgolf.vn\/vi\/wp-json\/wp\/v2\/product_tag?post=15742"}],"curies":[{"name":"wp","href":"https:\/\/api.w.org\/{rel}","templated":true}]}}