{"id":30651,"date":"2024-09-16T18:45:27","date_gmt":"2024-09-16T11:45:27","guid":{"rendered":"http:\/\/xgolf.vn\/-product-\/uncategorized\/vo-golf-nam-tj046-n94532-taylormade\/"},"modified":"2024-09-16T18:45:41","modified_gmt":"2024-09-16T11:45:41","slug":"vo-golf-nam-tj046-n94532-taylormade","status":"publish","type":"product","link":"https:\/\/xgolf.vn\/ur\/-product-\/giay\/vo-golf-nam-tj046-n94532-taylormade\/","title":{"rendered":"V\u1edb golf nam TJ046 N94532 | TaylorMade"},"content":{"rendered":"<div id=\"proDes\" class=\"pro-tabcontent\">\n<h2 style=\"font-size: 24px;font-family: RobotoCondensed-Bold\">V\u1edb golf nam TJ046 N94532 | TaylorMade<\/h2>\n<div>Ch\u1ea5t li\u1ec7u: Cotton Acrylic<\/div>\n<div>K\u00edch th\u01b0\u1edbc: Ph\u00f9 h\u1ee3p k\u00edch c\u1ee1 b\u00e0n ch\u00e2n t\u1eeb 25 &#8211; 27cm<\/div>\n<div>\u0110\u1ed1i t\u01b0\u1ee3ng: Nam gi\u1edbi<\/div>\n<p>\t\t\t\t\t\t\t\t<img decoding=\"async\" src=\"http:\/\/xgolf.vn\/wp-content\/uploads\/2024\/09\/n94532-taylormade_5a0c3b45739144fbafd275e9791b558e_1024x1024-1.jpg\" alt=\"V\u1edb golf nam TJ046 N94532 | TJ046 N94532 socks | TaylorMade\" style=\"margin-left: auto;margin-right: auto\" width=\"100%\" title=\"n94532-taylormade_5a0c3b45739144fbafd275e9791b558e_1024x1024-1\"><\/p>\n<div><\/div>\n<div style=\"padding: 10px;text-align: left;margin-bottom: 10px;background-color: #a3e1ff;border-radius: 10px\">\n\t\t\t\t\t\t\t\t\t<strong>M\u00e0u s\u1eafc s\u1ea3n ph\u1ea9m<\/strong><br \/>H\u00ecnh \u1ea3nh s\u1ea3n ph\u1ea9m \u0111\u00e3 \u0111\u01b0\u1ee3c ch\u1ee5p t\u1eeb th\u1ef1c t\u1ebf, tuy nhi\u00ean t\u00f9y v\u00e0o m\u00f4i tr\u01b0\u1eddng \u00e1nh s\u00e1ng v\u00e0 m\u00e0n h\u00ecnh c\u1ee7a thi\u1ebft b\u1ecb, m\u00e0u s\u1eafc th\u1ef1c t\u1ebf c\u00f3 th\u1ec3 kh\u00f4ng ho\u00e0n to\u00e0n gi\u1ed1ng. Xin l\u01b0u \u00fd \u0111i\u1ec1u n\u00e0y khi mua h\u00e0ng.\n\t\t\t\t\t\t\t\t<\/div>\n<\/p><\/div>","protected":false},"excerpt":{"rendered":"<p>V\u1edb golf nam TJ046 N94532 | TaylorMade Ch\u1ea5t li\u1ec7u: Cotton Acrylic K\u00edch th\u01b0\u1edbc: Ph\u00f9 h\u1ee3p k\u00edch c\u1ee1 b\u00e0n ch\u00e2n t\u1eeb 25 &#8211; 27cm \u0110\u1ed1i t\u01b0\u1ee3ng: Nam gi\u1edbi M\u00e0u s\u1eafc s\u1ea3n ph\u1ea9mH\u00ecnh \u1ea3nh s\u1ea3n ph\u1ea9m \u0111\u00e3 \u0111\u01b0\u1ee3c ch\u1ee5p t\u1eeb th\u1ef1c t\u1ebf, tuy nhi\u00ean t\u00f9y v\u00e0o m\u00f4i tr\u01b0\u1eddng \u00e1nh s\u00e1ng v\u00e0 m\u00e0n h\u00ecnh c\u1ee7a thi\u1ebft b\u1ecb, m\u00e0u [&#8230;]","protected":false},"featured_media":30652,"comment_status":"closed","ping_status":"closed","template":"","meta":[],"pwb-brand":[3248],"product_cat":[3309],"product_tag":[3647],"class_list":{"0":"post-30651","1":"product","2":"type-product","3":"status-publish","4":"has-post-thumbnail","6":"pwb-brand-taylormade","7":"product_cat-giay","8":"product_tag-a","10":"first","11":"instock","12":"sale","13":"shipping-taxable","14":"purchasable","15":"product-type-simple"},"brands":[{"id":3248,"name":"TaylorMade","slug":"taylormade"}],"_links":{"self":[{"href":"https:\/\/xgolf.vn\/ur\/wp-json\/wp\/v2\/product\/30651","targetHints":{"allow":["GET"]}}],"collection":[{"href":"https:\/\/xgolf.vn\/ur\/wp-json\/wp\/v2\/product"}],"about":[{"href":"https:\/\/xgolf.vn\/ur\/wp-json\/wp\/v2\/types\/product"}],"replies":[{"embeddable":true,"href":"https:\/\/xgolf.vn\/ur\/wp-json\/wp\/v2\/comments?post=30651"}],"wp:featuredmedia":[{"embeddable":true,"href":"https:\/\/xgolf.vn\/ur\/wp-json\/wp\/v2\/media\/30652"}],"wp:attachment":[{"href":"https:\/\/xgolf.vn\/ur\/wp-json\/wp\/v2\/media?parent=30651"}],"wp:term":[{"taxonomy":"pwb-brand","embeddable":true,"href":"https:\/\/xgolf.vn\/ur\/wp-json\/wp\/v2\/pwb-brand?post=30651"},{"taxonomy":"product_cat","embeddable":true,"href":"https:\/\/xgolf.vn\/ur\/wp-json\/wp\/v2\/product_cat?post=30651"},{"taxonomy":"product_tag","embeddable":true,"href":"https:\/\/xgolf.vn\/ur\/wp-json\/wp\/v2\/product_tag?post=30651"}],"curies":[{"name":"wp","href":"https:\/\/api.w.org\/{rel}","templated":true}]}}