{"id":28403,"date":"2024-09-13T15:45:50","date_gmt":"2024-09-13T08:45:50","guid":{"rendered":"http:\/\/xgolf.vn\/-product-\/uncategorized\/vo-golf-nu-co-cao-tj062-taylormade\/"},"modified":"2024-09-13T15:46:09","modified_gmt":"2024-09-13T08:46:09","slug":"vo-golf-nu-co-cao-tj062-taylormade","status":"publish","type":"product","link":"https:\/\/xgolf.vn\/ur\/-product-\/giay\/vo-golf-nu-co-cao-tj062-taylormade\/","title":{"rendered":"V\u1edb golf n\u1eef c\u1ed5 cao TJ062 | TaylorMade"},"content":{"rendered":"<div id=\"proDes\" class=\"pro-tabcontent\">\n<h2 style=\"font-size: 24px;font-family: RobotoCondensed-Bold\"> V\u1edb golf n\u1eef c\u1ed5 cao TJ062 | TaylorMade<\/h2>\n<div>Ch\u1ea5t li\u1ec7u: Cotton \/ Acrylic \/ Kh\u00e1c<\/div>\n<div>K\u00edch c\u1ee1: Ph\u00f9 h\u1ee3p v\u1edbi k\u00edch th\u01b0\u1edbc b\u00e0n ch\u00e2n t\u1eeb 22 &#8211; 24 cm<\/div>\n<div>\u00a0<\/div>\n<div>T\u1ea5t d\u00e0i qua \u0111\u1ea7u g\u1ed1i, c\u00f3 logo th\u00eau d\u00e0i d\u1ecdc theo b\u1eafp ch\u00e2n, ph\u00f9 h\u1ee3p v\u1edbi trang ph\u1ee5c v\u00e1y ng\u1eafn, gi\u00e0y th\u1ec3 thao c\u1ed5 th\u1ea5p\u00a0mang l\u1ea1i phong c\u00e1ch v\u1eeba\u00a0c\u1ed5 \u0111i\u1ec3n nh\u01b0ng v\u1eabn tr\u1ebb trung, n\u0103ng \u0111\u1ed9ng.<\/div>\n<div>Ch\u1ea5t li\u1ec7u\u00a0m\u1ec1m m\u1ea1i, co gi\u00e3n v\u00e0 \u00f4m g\u1ecdn theo d\u00e1ng ch\u00e2n.<\/div>\n<p>\t\t\t\t\t\t\t\t<img decoding=\"async\" src=\"http:\/\/xgolf.vn\/wp-content\/uploads\/2024\/09\/tj062_sock_79fe058048ab47749bb73b28141255dc_1024x1024-1.jpg\" alt=\"TJ062 | V\u1edb golf n\u1eef c\u1ed5 cao TJ062 | TJ062 Women's Socks | Nhi\u1ec1u m\u00e0u | Ta\" style=\"margin-left: auto;margin-right: auto\" width=\"100%\" title=\"tj062_sock_79fe058048ab47749bb73b28141255dc_1024x1024-1\"><\/p>\n<p>\t\t\t\t\t\t\t\t<img decoding=\"async\" src=\"http:\/\/xgolf.vn\/wp-content\/uploads\/2024\/09\/tj062_sock-1_a73ecb27548d4abf8e0ba14b596f2be4_1024x1024.jpg\" alt=\"TJ062 | V\u1edb golf n\u1eef c\u1ed5 cao TJ062 | TJ062 Women's Socks | Nhi\u1ec1u m\u00e0u | Ta\" style=\"margin-left: auto;margin-right: auto\" width=\"100%\" title=\"tj062_sock-1_a73ecb27548d4abf8e0ba14b596f2be4_1024x1024\"><\/p>\n<p>\t\t\t\t\t\t\t\t<img decoding=\"async\" src=\"http:\/\/xgolf.vn\/wp-content\/uploads\/2024\/09\/tj062_sock-2_7b7da9c7a49c46fd89eda335e4aee5b7_1024x1024.jpg\" alt=\"TJ062 | V\u1edb golf n\u1eef c\u1ed5 cao TJ062 | TJ062 Women's Socks | Nhi\u1ec1u m\u00e0u | Ta\" style=\"margin-left: auto;margin-right: auto\" width=\"100%\" title=\"tj062_sock-2_7b7da9c7a49c46fd89eda335e4aee5b7_1024x1024\"><\/p>\n<p>\t\t\t\t\t\t\t\t<img decoding=\"async\" src=\"http:\/\/xgolf.vn\/wp-content\/uploads\/2024\/09\/tj062_sock-3_2a73021b5cb54c969ce939bc0f656613_1024x1024.jpg\" alt=\"TJ062 | V\u1edb golf n\u1eef c\u1ed5 cao TJ062 | TJ062 Women's Socks | Nhi\u1ec1u m\u00e0u | Ta\" style=\"margin-left: auto;margin-right: auto\" width=\"100%\" title=\"tj062_sock-3_2a73021b5cb54c969ce939bc0f656613_1024x1024\"><\/p>\n<div><\/div>\n<div style=\"padding: 10px;text-align: left;margin-bottom: 10px;background-color: #a3e1ff;border-radius: 10px\">\n\t\t\t\t\t\t\t\t\t<strong>M\u00e0u s\u1eafc s\u1ea3n ph\u1ea9m<\/strong><br \/>H\u00ecnh \u1ea3nh s\u1ea3n ph\u1ea9m \u0111\u00e3 \u0111\u01b0\u1ee3c ch\u1ee5p t\u1eeb th\u1ef1c t\u1ebf, tuy nhi\u00ean t\u00f9y v\u00e0o m\u00f4i tr\u01b0\u1eddng \u00e1nh s\u00e1ng v\u00e0 m\u00e0n h\u00ecnh c\u1ee7a thi\u1ebft b\u1ecb, m\u00e0u s\u1eafc th\u1ef1c t\u1ebf c\u00f3 th\u1ec3 kh\u00f4ng ho\u00e0n to\u00e0n gi\u1ed1ng. Xin l\u01b0u \u00fd \u0111i\u1ec1u n\u00e0y khi mua h\u00e0ng.\n\t\t\t\t\t\t\t\t<\/div>\n<\/p><\/div>","protected":false},"excerpt":{"rendered":"<div id=\"variant-swatch-0\" class=\"swatch swatch-product-single clearfix\" data-option=\"option1\" data-option-index=\"0\">\n<div class=\"header\">\n      <span class=\"title\"><\/p>\n<p>          M\u00e0u s\u1eafc<\/p>\n<p>        <\/span>: &amp;nbsp<br \/>\n          <span class=\"title-color\"><\/span><\/p><\/div>\n<div class=\"select-swap\">\n<div data-value=\"White\" class=\"n-sd swatch-element color white\">\n<p>                  <label class=\"white has-thumb\" for=\"swatch-0-white\" style=\"background: url(\/\/product.hstatic.net\/1000007560\/product\/tj062_sock-1_a73ecb27548d4abf8e0ba14b596f2be4_small.jpg) top left no-repeat\"><br \/>\n                    <span class=\"titlecolor\">White<\/span><br \/>\n                    <img decoding=\"async\" class=\"crossed-out\" src=\"https:\/\/theme.hstatic.net\/1000007560\/1001261951\/14\/soldout1.png?v=207\"><br \/>\n                    <img decoding=\"async\" class=\"img-check\" src=\"https:\/\/theme.hstatic.net\/1000007560\/1001261951\/14\/select-pro.png?v=207\"><br \/>\n                  <\/label><\/p><\/div>\n<div data-value=\"Black\" class=\"n-sd swatch-element color black\">\n<p>                  <label class=\"black has-thumb\" for=\"swatch-0-black\" style=\"background: url(\/\/product.hstatic.net\/1000007560\/product\/tj062_sock-2_7b7da9c7a49c46fd89eda335e4aee5b7_small.jpg) top left no-repeat\"><br \/>\n                    <span class=\"titlecolor\">Black<\/span><br \/>\n                    <img decoding=\"async\" class=\"crossed-out\" src=\"https:\/\/theme.hstatic.net\/1000007560\/1001261951\/14\/soldout1.png?v=207\"><br \/>\n                    <img decoding=\"async\" class=\"img-check\" src=\"https:\/\/theme.hstatic.net\/1000007560\/1001261951\/14\/select-pro.png?v=207\"><br \/>\n                  <\/label><\/p><\/div>\n<div data-value=\"Pink\" class=\"n-sd swatch-element color pink\">\n<p>                  <label class=\"pink has-thumb\" for=\"swatch-0-pink\" style=\"background: url(\/\/product.hstatic.net\/1000007560\/product\/tj062_sock-3_2a73021b5cb54c969ce939bc0f656613_small.jpg) top left no-repeat\"><br \/>\n                    <span class=\"titlecolor\">Pink<\/span><br \/>\n                    <img decoding=\"async\" class=\"crossed-out\" src=\"https:\/\/theme.hstatic.net\/1000007560\/1001261951\/14\/soldout1.png?v=207\"><br \/>\n                    <img decoding=\"async\" class=\"img-check\" src=\"https:\/\/theme.hstatic.net\/1000007560\/1001261951\/14\/select-pro.png?v=207\"><br \/>\n                  <\/label><\/p><\/div>\n<\/p><\/div>\n<\/p><\/div>","protected":false},"featured_media":28404,"comment_status":"closed","ping_status":"closed","template":"","meta":[],"pwb-brand":[3248],"product_cat":[3309],"product_tag":[3647],"class_list":{"0":"post-28403","1":"product","2":"type-product","3":"status-publish","4":"has-post-thumbnail","6":"pwb-brand-taylormade","7":"product_cat-giay","8":"product_tag-a","10":"first","11":"instock","12":"sale","13":"shipping-taxable","14":"purchasable","15":"product-type-simple"},"brands":[{"id":3248,"name":"TaylorMade","slug":"taylormade"}],"_links":{"self":[{"href":"https:\/\/xgolf.vn\/ur\/wp-json\/wp\/v2\/product\/28403","targetHints":{"allow":["GET"]}}],"collection":[{"href":"https:\/\/xgolf.vn\/ur\/wp-json\/wp\/v2\/product"}],"about":[{"href":"https:\/\/xgolf.vn\/ur\/wp-json\/wp\/v2\/types\/product"}],"replies":[{"embeddable":true,"href":"https:\/\/xgolf.vn\/ur\/wp-json\/wp\/v2\/comments?post=28403"}],"wp:featuredmedia":[{"embeddable":true,"href":"https:\/\/xgolf.vn\/ur\/wp-json\/wp\/v2\/media\/28404"}],"wp:attachment":[{"href":"https:\/\/xgolf.vn\/ur\/wp-json\/wp\/v2\/media?parent=28403"}],"wp:term":[{"taxonomy":"pwb-brand","embeddable":true,"href":"https:\/\/xgolf.vn\/ur\/wp-json\/wp\/v2\/pwb-brand?post=28403"},{"taxonomy":"product_cat","embeddable":true,"href":"https:\/\/xgolf.vn\/ur\/wp-json\/wp\/v2\/product_cat?post=28403"},{"taxonomy":"product_tag","embeddable":true,"href":"https:\/\/xgolf.vn\/ur\/wp-json\/wp\/v2\/product_tag?post=28403"}],"curies":[{"name":"wp","href":"https:\/\/api.w.org\/{rel}","templated":true}]}}