{"id":26250,"date":"2024-09-09T17:34:34","date_gmt":"2024-09-09T10:34:34","guid":{"rendered":"http:\/\/xgolf.vn\/-product-\/uncategorized\/gay-putter-2023-super-select-newport-2-titleist\/"},"modified":"2024-09-09T17:35:31","modified_gmt":"2024-09-09T10:35:31","slug":"gay-putter-2023-super-select-newport-2-titleist","status":"publish","type":"product","link":"https:\/\/xgolf.vn\/ur\/-product-\/gay\/gay-putter-2023-super-select-newport-2-titleist\/","title":{"rendered":"G\u1eady Putter 2023 Super Select Newport 2 | Titleist"},"content":{"rendered":"<div id=\"proDes\" class=\"pro-tabcontent\">\n<h2 style=\"font-size: 24px;font-family: RobotoCondensed-Bold\">G\u1eady Putter 2023 Super Select Newport 2 | Titleist<\/h2>\n<p>Refined and re-designed, the iconic Scotty Cameron heel-and-toe weighted putter shape\u2014the Super Select Newport 2\u2014emerges again as the flagship model of our most modern blade line to date.<\/p>\n<p>Milled in USA from 303 stainless steel with customizable tungsten sole weights, the Newport 2 retains its tri-sole design, incorporates the Tour-inspired I-beam plumbing neck and introduces new dual-milled face technology, a milling process inspired by deep milled models, but with a second pass of the mill to level, or smooth, face grooves to deliver the feedback associated with mid-mill putters and a highly consistent putter face.<\/p>\n<p>The Super Select Newport 2 carries through with the line\u2019s new graphics, shaft band, headcover and new textured Pistolini Plus grip. A left-handed Super Select Newport 2 model is also available.<\/p>\n<p>\u00a0<\/p>\n<div class=\"youtube-embed-wrapper\" style=\"position: relative;padding-bottom: 56.25%;height: 0px\"><iframe width=\"640\" height=\"360\" src=\"https:\/\/www.youtube.com\/embed\/Nm_S5dycQCA\" frameborder style=\"aspect-ratio: 16 \/ 9; width: 100%; height: 100%; position: absolute;\" class=\"iframe-youtube-embed\"><\/iframe><\/div>\n<p>\u00a0<\/p>\n<p>\t\t\t\t\t\t\t\t<img decoding=\"async\" src=\"http:\/\/xgolf.vn\/wp-content\/uploads\/2024\/09\/gay_putter_2023_super_select_newport_2_titleist__1__6ea921894370421fb49d9ed3a4133698_1024x1024-1.jpg\" alt=\"G\u1eady Putter 2023 Super Select Newport 2 | Titleist\" style=\"margin-left: auto;margin-right: auto\" width=\"100%\" title=\"gay_putter_2023_super_select_newport_2_titleist__1__6ea921894370421fb49d9ed3a4133698_1024x1024-1\"><\/p>\n<p>\t\t\t\t\t\t\t\t<img decoding=\"async\" src=\"http:\/\/xgolf.vn\/wp-content\/uploads\/2024\/09\/gay_putter_2023_super_select_newport_2_titleist__2__d3c725bd3c214d5f8da679a711e8ead0_1024x1024.jpg\" alt=\"G\u1eady Putter 2023 Super Select Newport 2 | Titleist\" style=\"margin-left: auto;margin-right: auto\" width=\"100%\" title=\"gay_putter_2023_super_select_newport_2_titleist__2__d3c725bd3c214d5f8da679a711e8ead0_1024x1024\"><\/p>\n<p>\t\t\t\t\t\t\t\t<img decoding=\"async\" src=\"http:\/\/xgolf.vn\/wp-content\/uploads\/2024\/09\/gay_putter_2023_super_select_newport_2_titleist__3__ad0a15e6d0354f31897c3b1acb3693a0_1024x1024.jpg\" alt=\"G\u1eady Putter 2023 Super Select Newport 2 | Titleist\" style=\"margin-left: auto;margin-right: auto\" width=\"100%\" title=\"gay_putter_2023_super_select_newport_2_titleist__3__ad0a15e6d0354f31897c3b1acb3693a0_1024x1024\"><\/p>\n<p>\t\t\t\t\t\t\t\t<img decoding=\"async\" src=\"http:\/\/xgolf.vn\/wp-content\/uploads\/2024\/09\/super_select_newport_grip-cover_2210b2871cf4497b84ab5857abd08642_1024x1024.jpg\" alt=\"G\u1eady Putter 2023 Super Select Newport 2 | Titleist\" style=\"margin-left: auto;margin-right: auto\" width=\"100%\" title=\"super_select_newport_grip-cover_2210b2871cf4497b84ab5857abd08642_1024x1024\"><\/p>\n<div><\/div>\n<div style=\"padding: 10px;text-align: left;margin-bottom: 10px;background-color: #a3e1ff;border-radius: 10px\">\n\t\t\t\t\t\t\t\t\t<strong>M\u00e0u s\u1eafc s\u1ea3n ph\u1ea9m<\/strong><br \/>H\u00ecnh \u1ea3nh s\u1ea3n ph\u1ea9m \u0111\u00e3 \u0111\u01b0\u1ee3c ch\u1ee5p t\u1eeb th\u1ef1c t\u1ebf, tuy nhi\u00ean t\u00f9y v\u00e0o m\u00f4i tr\u01b0\u1eddng \u00e1nh s\u00e1ng v\u00e0 m\u00e0n h\u00ecnh c\u1ee7a thi\u1ebft b\u1ecb, m\u00e0u s\u1eafc th\u1ef1c t\u1ebf c\u00f3 th\u1ec3 kh\u00f4ng ho\u00e0n to\u00e0n gi\u1ed1ng. Xin l\u01b0u \u00fd \u0111i\u1ec1u n\u00e0y khi mua h\u00e0ng.\n\t\t\t\t\t\t\t\t<\/div>\n<\/p><\/div>","protected":false},"excerpt":{"rendered":"<div id=\"variant-swatch-0\" class=\"swatch swatch-product-single clearfix\" data-option=\"option1\" data-option-index=\"0\">\n<div class=\"header\">\n      <span class=\"title\"><\/p>\n<p>          Tay thu\u1eadn<\/p>\n<p>      <\/span><\/div>\n<div class=\"select-swap\">\n<div data-value=\"Tay ph\u1ea3i\" class=\"n-sd swatch-element tay-phai\">\n<p>                <label for=\"swatch-0-tay-phai\"><br \/>\n                  Tay ph\u1ea3i<br \/>\n                  <img decoding=\"async\" class=\"crossed-out\" src=\"https:\/\/theme.hstatic.net\/1000007560\/1001261951\/14\/soldout1.png?v=200\"><br \/>\n                  <img decoding=\"async\" class=\"img-check\" src=\"https:\/\/theme.hstatic.net\/1000007560\/1001261951\/14\/select-pro.png?v=200\"><br \/>\n                <\/label><\/p><\/div>\n<div data-value=\"Tay tr\u00e1i\" class=\"n-sd swatch-element tay-trai\">\n<p>                <label for=\"swatch-0-tay-trai\"><br \/>\n                  Tay tr\u00e1i<br \/>\n                  <img decoding=\"async\" class=\"crossed-out\" src=\"https:\/\/theme.hstatic.net\/1000007560\/1001261951\/14\/soldout1.png?v=200\"><br \/>\n                  <img decoding=\"async\" class=\"img-check\" src=\"https:\/\/theme.hstatic.net\/1000007560\/1001261951\/14\/select-pro.png?v=200\"><br \/>\n                <\/label><\/p><\/div>\n<\/p><\/div>\n<\/p><\/div>","protected":false},"featured_media":26251,"comment_status":"closed","ping_status":"closed","template":"","meta":[],"pwb-brand":[3385],"product_cat":[3253],"product_tag":[3647],"class_list":{"0":"post-26250","1":"product","2":"type-product","3":"status-publish","4":"has-post-thumbnail","6":"pwb-brand-titleist","7":"product_cat-gay","8":"product_tag-a","10":"first","11":"instock","12":"sale","13":"shipping-taxable","14":"purchasable","15":"product-type-simple"},"brands":[{"id":3385,"name":"Titleist","slug":"titleist"}],"_links":{"self":[{"href":"https:\/\/xgolf.vn\/ur\/wp-json\/wp\/v2\/product\/26250","targetHints":{"allow":["GET"]}}],"collection":[{"href":"https:\/\/xgolf.vn\/ur\/wp-json\/wp\/v2\/product"}],"about":[{"href":"https:\/\/xgolf.vn\/ur\/wp-json\/wp\/v2\/types\/product"}],"replies":[{"embeddable":true,"href":"https:\/\/xgolf.vn\/ur\/wp-json\/wp\/v2\/comments?post=26250"}],"wp:featuredmedia":[{"embeddable":true,"href":"https:\/\/xgolf.vn\/ur\/wp-json\/wp\/v2\/media\/26251"}],"wp:attachment":[{"href":"https:\/\/xgolf.vn\/ur\/wp-json\/wp\/v2\/media?parent=26250"}],"wp:term":[{"taxonomy":"pwb-brand","embeddable":true,"href":"https:\/\/xgolf.vn\/ur\/wp-json\/wp\/v2\/pwb-brand?post=26250"},{"taxonomy":"product_cat","embeddable":true,"href":"https:\/\/xgolf.vn\/ur\/wp-json\/wp\/v2\/product_cat?post=26250"},{"taxonomy":"product_tag","embeddable":true,"href":"https:\/\/xgolf.vn\/ur\/wp-json\/wp\/v2\/product_tag?post=26250"}],"curies":[{"name":"wp","href":"https:\/\/api.w.org\/{rel}","templated":true}]}}