{"id":26016,"date":"2024-09-09T13:00:29","date_gmt":"2024-09-09T06:00:29","guid":{"rendered":"http:\/\/xgolf.vn\/-product-\/uncategorized\/gay-putter-spider-gt-silver-black-as-taylormade\/"},"modified":"2024-09-09T13:02:25","modified_gmt":"2024-09-09T06:02:25","slug":"gay-putter-spider-gt-silver-black-as-taylormade","status":"publish","type":"product","link":"https:\/\/xgolf.vn\/ur\/-product-\/gay\/gay-putter-spider-gt-silver-black-as-taylormade\/","title":{"rendered":"G\u1eady putter SPIDER GT SILVER\/BLACK AS | TaylorMade"},"content":{"rendered":"<div id=\"proDes\" class=\"pro-tabcontent\">\n<h2 style=\"font-size: 24px;font-family: RobotoCondensed-Bold\">G\u1eady putter SPIDER GT SILVER\/BLACK AS | TaylorMade<\/h2>\n<p>\t\t\t\t\t\t\t\tG\u1eady putter SPIDER GT SV\/BK AS #3 34IN<\/p>\n<p>\t\t\t\t\t\t\t\t<img decoding=\"async\" src=\"http:\/\/xgolf.vn\/wp-content\/uploads\/2024\/09\/gay_putter_spider_gt_silverblack_as_taylormade_80827aaaddf54c99a7806d1601d85f72_1024x1024-1.jpg\" alt=\"G\u1eady putter SPIDER GT SILVER\/BLACK AS | TaylorMade\" style=\"margin-left: auto;margin-right: auto\" width=\"100%\" title=\"gay_putter_spider_gt_silverblack_as_taylormade_80827aaaddf54c99a7806d1601d85f72_1024x1024-1\"><\/p>\n<p>\t\t\t\t\t\t\t\t<img decoding=\"async\" src=\"http:\/\/xgolf.vn\/wp-content\/uploads\/2024\/09\/cover_gay_putter_spider_gt_splitback_as_taylormade_bc67b9a32c27409bb74c9fdcf08f2251_1024x1024.jpg\" alt=\"G\u1eady putter SPIDER GT SILVER\/BLACK AS | TaylorMade\" style=\"margin-left: auto;margin-right: auto\" width=\"100%\" title=\"cover_gay_putter_spider_gt_splitback_as_taylormade_bc67b9a32c27409bb74c9fdcf08f2251_1024x1024\"><\/p>\n<div><\/div>\n<div style=\"padding: 10px;text-align: left;margin-bottom: 10px;background-color: #a3e1ff;border-radius: 10px\">\n\t\t\t\t\t\t\t\t\t<strong>M\u00e0u s\u1eafc s\u1ea3n ph\u1ea9m<\/strong><br \/>H\u00ecnh \u1ea3nh s\u1ea3n ph\u1ea9m \u0111\u00e3 \u0111\u01b0\u1ee3c ch\u1ee5p t\u1eeb th\u1ef1c t\u1ebf, tuy nhi\u00ean t\u00f9y v\u00e0o m\u00f4i tr\u01b0\u1eddng \u00e1nh s\u00e1ng v\u00e0 m\u00e0n h\u00ecnh c\u1ee7a thi\u1ebft b\u1ecb, m\u00e0u s\u1eafc th\u1ef1c t\u1ebf c\u00f3 th\u1ec3 kh\u00f4ng ho\u00e0n to\u00e0n gi\u1ed1ng. Xin l\u01b0u \u00fd \u0111i\u1ec1u n\u00e0y khi mua h\u00e0ng.\n\t\t\t\t\t\t\t\t<\/div>\n<\/p><\/div>","protected":false},"excerpt":{"rendered":"<div id=\"variant-swatch-0\" class=\"swatch swatch-product-single clearfix\" data-option=\"option1\" data-option-index=\"0\">\n<div class=\"header\">\n      <span class=\"title\"><\/p>\n<p>          Tay thu\u1eadn<\/p>\n<p>      <\/span><\/div>\n<div class=\"select-swap\">\n<div data-value=\"Tray Ph\u1ea3i\" class=\"n-sd swatch-element tray-phai\">\n<p>                <label for=\"swatch-0-tray-phai\"><br \/>\n                  Tray Ph\u1ea3i<br \/>\n                  <img decoding=\"async\" class=\"crossed-out\" src=\"https:\/\/theme.hstatic.net\/1000007560\/1001261951\/14\/soldout1.png?v=194\"><br \/>\n                  <img decoding=\"async\" class=\"img-check\" src=\"https:\/\/theme.hstatic.net\/1000007560\/1001261951\/14\/select-pro.png?v=194\"><br \/>\n                <\/label><\/p><\/div>\n<div data-value=\"Tray Tr\u00e1i\" class=\"n-sd swatch-element tray-trai\">\n<p>                <label for=\"swatch-0-tray-trai\"><br \/>\n                  Tray Tr\u00e1i<br \/>\n                  <img decoding=\"async\" class=\"crossed-out\" src=\"https:\/\/theme.hstatic.net\/1000007560\/1001261951\/14\/soldout1.png?v=194\"><br \/>\n                  <img decoding=\"async\" class=\"img-check\" src=\"https:\/\/theme.hstatic.net\/1000007560\/1001261951\/14\/select-pro.png?v=194\"><br \/>\n                <\/label><\/p><\/div>\n<\/p><\/div>\n<\/p><\/div>","protected":false},"featured_media":26017,"comment_status":"closed","ping_status":"closed","template":"","meta":[],"pwb-brand":[3248],"product_cat":[3253],"product_tag":[3647],"class_list":{"0":"post-26016","1":"product","2":"type-product","3":"status-publish","4":"has-post-thumbnail","6":"pwb-brand-taylormade","7":"product_cat-gay","8":"product_tag-a","10":"first","11":"instock","12":"sale","13":"shipping-taxable","14":"purchasable","15":"product-type-simple"},"brands":[{"id":3248,"name":"TaylorMade","slug":"taylormade"}],"_links":{"self":[{"href":"https:\/\/xgolf.vn\/ur\/wp-json\/wp\/v2\/product\/26016","targetHints":{"allow":["GET"]}}],"collection":[{"href":"https:\/\/xgolf.vn\/ur\/wp-json\/wp\/v2\/product"}],"about":[{"href":"https:\/\/xgolf.vn\/ur\/wp-json\/wp\/v2\/types\/product"}],"replies":[{"embeddable":true,"href":"https:\/\/xgolf.vn\/ur\/wp-json\/wp\/v2\/comments?post=26016"}],"wp:featuredmedia":[{"embeddable":true,"href":"https:\/\/xgolf.vn\/ur\/wp-json\/wp\/v2\/media\/26017"}],"wp:attachment":[{"href":"https:\/\/xgolf.vn\/ur\/wp-json\/wp\/v2\/media?parent=26016"}],"wp:term":[{"taxonomy":"pwb-brand","embeddable":true,"href":"https:\/\/xgolf.vn\/ur\/wp-json\/wp\/v2\/pwb-brand?post=26016"},{"taxonomy":"product_cat","embeddable":true,"href":"https:\/\/xgolf.vn\/ur\/wp-json\/wp\/v2\/product_cat?post=26016"},{"taxonomy":"product_tag","embeddable":true,"href":"https:\/\/xgolf.vn\/ur\/wp-json\/wp\/v2\/product_tag?post=26016"}],"curies":[{"name":"wp","href":"https:\/\/api.w.org\/{rel}","templated":true}]}}