{"id":18053,"date":"2024-08-01T01:03:15","date_gmt":"2024-07-31T18:03:15","guid":{"rendered":"http:\/\/xgolf.vn\/-product-\/uncategorized\/kinh-golf-tifosi-seek-fc-gloss-black\/"},"modified":"2024-08-01T01:03:18","modified_gmt":"2024-07-31T18:03:18","slug":"kinh-golf-tifosi-seek-fc-gloss-black","status":"publish","type":"product","link":"https:\/\/xgolf.vn\/ur\/-product-\/phu-kien\/kinh\/kinh-golf-tifosi-seek-fc-gloss-black\/","title":{"rendered":"Ki\u0301nh golf TIFOSI SEEK FC, GLOSS BLACK"},"content":{"rendered":"<div class=\"product attribute description\">\n<div class=\"value\">#html-body [data-pb-style=URVXLY8]{background-position:left top;background-size:cover;background-repeat:no-repeat;background-attachment:scroll;align-self:stretch}#html-body [data-pb-style=CDCQFIH]{display:flex;width:100%}#html-body [data-pb-style=FJ4JQV6]{justify-content:flex-start;display:flex;flex-direction:column;background-position:left top;background-size:cover;background-repeat:no-repeat;background-attachment:scroll;width:100%;align-self:stretch}<\/p>\n<div class=\"pagebuilder-column-group\" data-background-images=\"{}\" data-content-type=\"column-group\" data-appearance=\"default\" data-grid-size=\"12\" data-element=\"main\" data-pb-style=\"URVXLY8\">\n<div class=\"pagebuilder-column-line\" data-content-type=\"column-line\" data-element=\"main\" data-pb-style=\"CDCQFIH\">\n<div class=\"pagebuilder-column\" data-content-type=\"column\" data-appearance=\"full-height\" data-background-images=\"{}\" data-element=\"main\" data-pb-style=\"FJ4JQV6\">\n<div data-content-type=\"text\" data-appearance=\"default\" data-element=\"main\">\n<h3>Ki\u0301nh golf TIFOSI\u00a0 SEEK FC, GLOSS BLACK<\/h3>\n<p>Seek thu\u1ed9c d\u00f2ng m\u1eabu k\u00ednh \u0111\u01a1n tr\u00f2ng c\u1ee7a Tifosi v\u1edbi tr\u00f2ng k\u00ednh polycarbonate ch\u1ed1ng v\u1ee1, b\u1ea3o v\u1ec7 100% kh\u1ecfi c\u00e1c tia UVA &amp; UVB c\u00f3 h\u1ea1i. G\u1ecdng k\u00ednh s\u1eed d\u1ee5ng ch\u1ea5t li\u1ec7u Grilamid TR-90, ph\u1ea7n \u0111\u1ec7m tai v\u00e0 m\u0169i b\u1eb1ng cao su \u01b0a n\u01b0\u1edbc th\u1ea5m h\u00fat cao ch\u1ed1ng tr\u01b0\u1ee3t hi\u1ec7u qu\u1ea3. Ngo\u00e0i ra ph\u1ea7n \u0111\u1ec7m tai v\u00e0 m\u0169i c\u00f3 th\u1ec3 \u0111i\u1ec1u ch\u1ec9nh cho ph\u00f9 h\u1ee3p v\u00e0 tho\u1ea3i m\u00e1i h\u01a1n.<\/p>\n<p><strong>C\u00e0ng k\u00ednh \u0111i\u1ec1u ch\u1ec9nh \u0111\u01b0\u1ee3c<\/strong><\/p>\n<p>H\u1ed7 tr\u1ee3 t\u00f9y ch\u1ec9nh, t\u0103ng s\u1ef1 tho\u1ea3i m\u00e1i khi s\u1eed d\u1ee5ng.<br \/>\u00a0<br \/><strong>Ch\u1ea5t li\u1ec7u POLYCARBONATE<\/strong><\/p>\n<p>\u0110\u01b0\u1ee3c ch\u1ebf t\u1ea1o t\u1eeb ch\u1ea5t li\u1ec7u polycarbonate ch\u1ed1ng tr\u1ea7y x\u01b0\u1edbc, ch\u1ed1ng v\u1ee1.<br \/>\u00a0<br \/><strong>Ch\u1ed1ng ch\u00f3i<\/strong><\/p>\n<p>L\u1edbp ph\u1ee7 tr\u00f2ng k\u00ednh b\u1ea3o v\u1ec7 ch\u1ed1ng ch\u00f3i \u0111\u1ed9c quy\u1ec1n c\u1ee7a Tifosi l\u00e0m gi\u1ea3m m\u1ecfi m\u1eaft.<br \/>\u00a0<br \/><strong>G\u1ecdng k\u00ednh b\u1eb1ng ch\u1ea5t li\u1ec7u GRILAMID TR-90<\/strong><\/p>\n<p>Ch\u1ea5t li\u1ec7u nylon c\u1ef1c k\u1ef3 nh\u1eb9 v\u00e0 b\u1ec1n, ch\u1ed1ng l\u1ea1i c\u00e1c t\u00e1c h\u1ea1i t\u1eeb ch\u1ea5t h\u00f3a h\u1ecdc v\u00e0 tia c\u1ef1c t\u00edm.<br \/>\u00a0<br \/><strong>Cao su \u01b0a n\u01b0\u1edbc\u00a0<\/strong><\/p>\n<p>Ph\u1ea7n cao su \u01b0a n\u01b0\u1edbc \u1edf \u0111\u1ec7m tai v\u00e0 m\u0169i gi\u00fap t\u0103ng \u0111\u1ed9 b\u00e1m ngay c\u1ea3 khi \u0111\u1ed5 m\u1ed3 h\u00f4i.<br \/><strong>\u00a0<\/strong><br \/><strong>\u0110\u1ea1t chu\u1ea9n quang h\u1ecdc\u00a0<\/strong><\/p>\n<p>Gi\u00fap hi\u1ec3n th\u1ecb m\u1ed9t c\u00e1ch ch\u00e2n th\u1eadt v\u00e0 ng\u0103n ng\u1eeba hi\u1ec7n t\u01b0\u1ee3ng ph\u00f3ng \u0111\u1ea1i kh\u00f4ng mong mu\u1ed1n.<br \/>\u00a0<br \/><strong>Ch\u1ed1ng Tia UV<\/strong><\/p>\n<p>T\u1ea5t c\u1ea3 tr\u00f2ng k\u00ednh Tifosi 100% \u0111\u1ec1u ch\u1ed1ng tia UVA v\u00e0 UVB \u0111\u1ed9c h\u1ea1i.<br \/>\u00a0<br \/><strong>\u0110\u1ec7m m\u0169i \u0111i\u1ec1u ch\u1ec9nh \u0111\u01b0\u1ee3c\u00a0<\/strong><\/p>\n<p>H\u1ed7 tr\u1ee3 t\u00f9y ch\u1ec9nh, h\u1ea1n ch\u1ebf tr\u01b0\u1ee3t v\u00e0 t\u0103ng s\u1ef1 tho\u1ea3i m\u00e1i.<br \/>\u00a0<br \/><strong>H\u1ed9p k\u00ednh k\u00e8m theo<\/strong><\/p>\n<p>Gi\u00fap b\u1ea3o qu\u1ea3n k\u00ednh t\u1ed1t h\u01a1n.<\/p>\n<\/div>\n<\/div>\n<\/div>\n<\/div>\n<\/div>\n<\/div>\n<ul class=\"attribute-specs-wrapper\">\n<li>\n                    Gi\u1edbi t\u00ednh: Nam                <\/li>\n<li>\n                    H\u00e3ng: TIFOSI                <\/li>\n<li>\n                    S\u1ea3n xu\u1ea5t : Trung Qu\u1ed1c                <\/li>\n<\/ul>","protected":false},"excerpt":{"rendered":"<div class=\"text-bottom--product-detail-info\">\n<div class=\"item\">\n        S\u1ea3n ph\u1ea9m ch\u00ednh h\u00e3ng 100%.\n    <\/div>\n<div class=\"item\">\n<div>\n          Ch\u00ednh s\u00e1ch \u0111\u1ed5i h\u00e0ng  (Xem chi ti\u1ebft).\n        <\/div>\n<\/div>\n<div class=\"item\">\n        Gi\u00e1 s\u1ea3n ph\u1ea9m \u0111\u00e3 bao g\u1ed3m VAT.\n    <\/div>\n<div class=\"item\">\n        Mi\u1ec5n ph\u00ed v\u1eadn chuy\u1ec3n th\u01b0\u1eddng\n    <\/div>\n<\/div>","protected":false},"featured_media":18054,"comment_status":"closed","ping_status":"closed","template":"","meta":[],"pwb-brand":[4361],"product_cat":[3346],"product_tag":[3647,4637,4774],"class_list":{"0":"post-18053","1":"product","2":"type-product","3":"status-publish","4":"has-post-thumbnail","6":"pwb-brand-tifosi","7":"product_cat-kinh","8":"product_tag-a","9":"product_tag-gloss-black","10":"product_tag-kinh-golf-tifosi-seek-fc","12":"first","13":"instock","14":"shipping-taxable","15":"purchasable","16":"product-type-simple"},"brands":[{"id":4361,"name":"TIFOSI","slug":"tifosi"}],"_links":{"self":[{"href":"https:\/\/xgolf.vn\/ur\/wp-json\/wp\/v2\/product\/18053","targetHints":{"allow":["GET"]}}],"collection":[{"href":"https:\/\/xgolf.vn\/ur\/wp-json\/wp\/v2\/product"}],"about":[{"href":"https:\/\/xgolf.vn\/ur\/wp-json\/wp\/v2\/types\/product"}],"replies":[{"embeddable":true,"href":"https:\/\/xgolf.vn\/ur\/wp-json\/wp\/v2\/comments?post=18053"}],"wp:featuredmedia":[{"embeddable":true,"href":"https:\/\/xgolf.vn\/ur\/wp-json\/wp\/v2\/media\/18054"}],"wp:attachment":[{"href":"https:\/\/xgolf.vn\/ur\/wp-json\/wp\/v2\/media?parent=18053"}],"wp:term":[{"taxonomy":"pwb-brand","embeddable":true,"href":"https:\/\/xgolf.vn\/ur\/wp-json\/wp\/v2\/pwb-brand?post=18053"},{"taxonomy":"product_cat","embeddable":true,"href":"https:\/\/xgolf.vn\/ur\/wp-json\/wp\/v2\/product_cat?post=18053"},{"taxonomy":"product_tag","embeddable":true,"href":"https:\/\/xgolf.vn\/ur\/wp-json\/wp\/v2\/product_tag?post=18053"}],"curies":[{"name":"wp","href":"https:\/\/api.w.org\/{rel}","templated":true}]}}