{"id":17523,"date":"2024-07-31T23:40:10","date_gmt":"2024-07-31T16:40:10","guid":{"rendered":"http:\/\/xgolf.vn\/-product-\/uncategorized\/kinh-golf-tifosi-smirk-honey\/"},"modified":"2024-07-31T23:40:15","modified_gmt":"2024-07-31T16:40:15","slug":"kinh-golf-tifosi-smirk-honey","status":"publish","type":"product","link":"https:\/\/xgolf.vn\/ur\/-product-\/phu-kien\/kinh\/kinh-golf-tifosi-smirk-honey\/","title":{"rendered":"K\u00ednh golf TIFOSI SMIRK, HONEY"},"content":{"rendered":"<div class=\"product attribute description\">\n<div class=\"value\">#html-body [data-pb-style=HOJB3D5]{justify-content:flex-start;display:flex;flex-direction:column;background-position:left top;background-size:cover;background-repeat:no-repeat;background-attachment:scroll}<\/p>\n<div data-content-type=\"row\" data-appearance=\"contained\" data-element=\"main\">\n<div data-enable-parallax=\"0\" data-parallax-speed=\"0.5\" data-background-images=\"{}\" data-background-type=\"image\" data-video-loop=\"true\" data-video-play-only-visible=\"true\" data-video-lazy-load=\"true\" data-video-fallback-src=\"\" data-element=\"inner\" data-pb-style=\"HOJB3D5\">\n<div data-content-type=\"text\" data-appearance=\"default\" data-element=\"main\">\n<h1><span style=\"font-size: 28px\">K\u00ednh golf TIFOSI SMIRK, HONEY<\/span><\/h1>\n<p><span style=\"font-size: 20px\">T\u00ednh n\u0103ng<\/span><\/p>\n<table class=\"shop_attributes\">\n<tbody>\n<tr>\n<th>\n<p><span style=\"font-size: 20px\"><img decoding=\"async\" src=\"http:\/\/xgolf.vn\/wp-content\/uploads\/2024\/07\/polycarbonate_lens_small-7.png\" title=\"polycarbonate_lens_small-7\"><\/span><\/p>\n<\/th>\n<td>\n<p><span style=\"font-size: 20px\"><strong>Ch\u1ea5t li\u1ec7u POLYCARBONATE<\/strong><\/span><\/p>\n<p><span style=\"font-size: 20px\">\u0110\u01b0\u1ee3c ch\u1ebf t\u1ea1o t\u1eeb ch\u1ea5t li\u1ec7u polycarbonate ch\u1ed1ng tr\u1ea7y x\u01b0\u1edbc, ch\u1ed1ng v\u1ee1.<\/span><\/p>\n<\/td>\n<\/tr>\n<tr>\n<th>\n<p><span style=\"font-size: 20px\"><img decoding=\"async\" src=\"http:\/\/xgolf.vn\/wp-content\/uploads\/2024\/07\/glareguard_small-7.png\" title=\"glareguard_small-7\"><\/span><\/p>\n<\/th>\n<td>\n<p><span style=\"font-size: 20px\"><strong>Ch\u1ed1ng ch\u00f3i<\/strong><\/span><\/p>\n<p><span style=\"font-size: 20px\">L\u1edbp ph\u1ee7 tr\u00f2ng k\u00ednh b\u1ea3o v\u1ec7 ch\u1ed1ng ch\u00f3i \u0111\u1ed9c quy\u1ec1n c\u1ee7a Tifosi l\u00e0m gi\u1ea3m m\u1ecfi m\u1eaft.<\/span><\/p>\n<\/td>\n<\/tr>\n<tr>\n<th>\n<p><span style=\"font-size: 20px\"><img decoding=\"async\" src=\"http:\/\/xgolf.vn\/wp-content\/uploads\/2024\/07\/grilamid_tr90_1_small-7.png\" title=\"grilamid_tr90_1_small-7\"><\/span><\/p>\n<\/th>\n<td>\n<p><span style=\"font-size: 20px\"><strong>G\u1ecdng k\u00ednh b\u1eb1ng ch\u1ea5t li\u1ec7u GRILAMID TR-90<\/strong><\/span><\/p>\n<p><span style=\"font-size: 20px\">Ch\u1ea5t li\u1ec7u nylon c\u1ef1c k\u1ef3 nh\u1eb9 v\u00e0 b\u1ec1n, ch\u1ed1ng l\u1ea1i c\u00e1c t\u00e1c h\u1ea1i t\u1eeb ch\u1ea5t h\u00f3a h\u1ecdc v\u00e0 tia c\u1ef1c t\u00edm.<\/span><\/p>\n<\/td>\n<\/tr>\n<tr>\n<th>\n<p><span style=\"font-size: 20px\"><img decoding=\"async\" src=\"http:\/\/xgolf.vn\/wp-content\/uploads\/2024\/07\/hydrophilic_rubber_13_small-7.png\" title=\"hydrophilic_rubber_13_small-7\"><\/span><\/p>\n<\/th>\n<td>\n<p><span style=\"font-size: 20px\"><strong>Cao su \u01b0a n\u01b0\u1edbc\u00a0<\/strong><\/span><\/p>\n<p><span style=\"font-size: 20px\">Ph\u1ea7n cao su \u01b0a n\u01b0\u1edbc \u1edf \u0111\u1ec7m tai v\u00e0 m\u0169i gi\u00fap t\u0103ng \u0111\u1ed9 b\u00e1m ngay c\u1ea3 khi \u0111\u1ed5 m\u1ed3 h\u00f4i.<\/span><\/p>\n<\/td>\n<\/tr>\n<tr>\n<th>\n<p><span style=\"font-size: 20px\"><img decoding=\"async\" src=\"http:\/\/xgolf.vn\/wp-content\/uploads\/2024\/07\/uv_protection_small-7.png\" title=\"uv_protection_small-7\"><\/span><\/p>\n<\/th>\n<td>\n<p><span style=\"font-size: 20px\"><strong>Ch\u1ed1ng Tia UV<\/strong><\/span><\/p>\n<p><span style=\"font-size: 20px\">T\u1ea5t c\u1ea3 tr\u00f2ng k\u00ednh Tifosi 100% \u0111\u1ec1u ch\u1ed1ng tia UVA v\u00e0 UVB \u0111\u1ed9c h\u1ea1i.<\/span><\/p>\n<\/td>\n<\/tr>\n<\/tbody>\n<\/table>\n<ul>\n<li>\n<p><span style=\"font-size: 20px\"><strong>G\u1ecdng k\u00ednh:<\/strong>\u00a0Grilamid TR-90 nh\u1eb9 v\u00e0 b\u1ec1n<\/span><\/p>\n<\/li>\n<li>\n<p><span style=\"font-size: 20px\"><strong>Tr\u00f2ng k\u00ednh:<\/strong>\u00a0Rose Mirror &#8211; Tr\u00f2ng k\u00ednh polycarbonate ch\u1ed1ng v\u1ee1 v\u1edbi kh\u1ea3 n\u0103ng b\u1ea3o v\u1ec7 100% UVA \/ UVB kh\u1ecfi tia UV<\/span><\/p>\n<\/li>\n<li>\n<p><span style=\"font-size: 20px\"><strong>\u0110\u1eb7c \u0111i\u1ec3m:<\/strong>\u00a0B\u1ea3n l\u1ec1 li\u1ec1n m\u1ea1ch\u00a0kh\u00f4ng bao gi\u1edd k\u00e9o t\u00f3c, mi\u1ebfng \u0111\u1ec7m m\u0169i h\u00fat\u00a0n\u01b0\u1edbc \u0111\u1ec3 t\u0103ng \u0111\u1ed9 b\u00e1m v\u00e0 c\u00f4ng ngh\u1ec7 Tifosi Glide cho ph\u00e9p g\u1ecdng tr\u1ed1ng\u00a0b\u1ecb tr\u01b0\u1ee3t nh\u01b0ng tho\u1ea3i m\u00e1i tai<\/span><\/p>\n<\/li>\n<li>\n<p><span style=\"font-size: 20px\"><strong>Ph\u00f9 h\u1ee3p<\/strong>: Nh\u1ecf-L\u1edbn |\u00a0<strong>Tr\u1ecdng l\u01b0\u1ee3ng<\/strong>: 24G<\/span><\/p>\n<\/li>\n<\/ul>\n<\/div>\n<\/div>\n<\/div>\n<\/div>\n<\/div>\n<ul class=\"attribute-specs-wrapper\">\n<li>\n                    H\u00e3ng: TIFOSI                <\/li>\n<li>\n                    S\u1ea3n xu\u1ea5t : Trung Qu\u1ed1c                <\/li>\n<\/ul>","protected":false},"excerpt":{"rendered":"<div class=\"text-bottom--product-detail-info\">\n<div class=\"item\">\n        S\u1ea3n ph\u1ea9m ch\u00ednh h\u00e3ng 100%.\n    <\/div>\n<div class=\"item\">\n<div>\n          Ch\u00ednh s\u00e1ch \u0111\u1ed5i h\u00e0ng  (Xem chi ti\u1ebft).\n        <\/div>\n<\/div>\n<div class=\"item\">\n        Gi\u00e1 s\u1ea3n ph\u1ea9m \u0111\u00e3 bao g\u1ed3m VAT.\n    <\/div>\n<div class=\"item\">\n        Mi\u1ec5n ph\u00ed v\u1eadn chuy\u1ec3n th\u01b0\u1eddng\n    <\/div>\n<\/div>","protected":false},"featured_media":17524,"comment_status":"closed","ping_status":"closed","template":"","meta":[],"pwb-brand":[4361],"product_cat":[3346],"product_tag":[4520,4446],"class_list":{"0":"post-17523","1":"product","2":"type-product","3":"status-publish","4":"has-post-thumbnail","6":"pwb-brand-tifosi","7":"product_cat-kinh","8":"product_tag-honey","9":"product_tag-kinh-golf-tifosi-smirk","11":"first","12":"instock","13":"shipping-taxable","14":"purchasable","15":"product-type-simple"},"brands":[{"id":4361,"name":"TIFOSI","slug":"tifosi"}],"_links":{"self":[{"href":"https:\/\/xgolf.vn\/ur\/wp-json\/wp\/v2\/product\/17523","targetHints":{"allow":["GET"]}}],"collection":[{"href":"https:\/\/xgolf.vn\/ur\/wp-json\/wp\/v2\/product"}],"about":[{"href":"https:\/\/xgolf.vn\/ur\/wp-json\/wp\/v2\/types\/product"}],"replies":[{"embeddable":true,"href":"https:\/\/xgolf.vn\/ur\/wp-json\/wp\/v2\/comments?post=17523"}],"wp:featuredmedia":[{"embeddable":true,"href":"https:\/\/xgolf.vn\/ur\/wp-json\/wp\/v2\/media\/17524"}],"wp:attachment":[{"href":"https:\/\/xgolf.vn\/ur\/wp-json\/wp\/v2\/media?parent=17523"}],"wp:term":[{"taxonomy":"pwb-brand","embeddable":true,"href":"https:\/\/xgolf.vn\/ur\/wp-json\/wp\/v2\/pwb-brand?post=17523"},{"taxonomy":"product_cat","embeddable":true,"href":"https:\/\/xgolf.vn\/ur\/wp-json\/wp\/v2\/product_cat?post=17523"},{"taxonomy":"product_tag","embeddable":true,"href":"https:\/\/xgolf.vn\/ur\/wp-json\/wp\/v2\/product_tag?post=17523"}],"curies":[{"name":"wp","href":"https:\/\/api.w.org\/{rel}","templated":true}]}}