{"id":17363,"date":"2024-07-31T23:13:14","date_gmt":"2024-07-31T16:13:14","guid":{"rendered":"http:\/\/xgolf.vn\/-product-\/uncategorized\/tui-phu-kien-golf-taylormade-2mspo-tj095\/"},"modified":"2024-07-31T23:13:17","modified_gmt":"2024-07-31T16:13:17","slug":"tui-phu-kien-golf-taylormade-2mspo-tj095","status":"publish","type":"product","link":"https:\/\/xgolf.vn\/ur\/-product-\/tui\/tui-phu-kien\/tui-phu-kien-golf-taylormade-2mspo-tj095\/","title":{"rendered":"T\u00fai ph\u1ee5 ki\u1ec7n golf TaylorMade 2MSPO-TJ095"},"content":{"rendered":"<div class=\"product attribute description\">\n<div class=\"value\">\n<h1>T\u00fai ph\u1ee5 ki\u1ec7n golf TaylorMade 2MSPO-TJ095<\/h1>\n<h2>Th\u00f4ng tin<\/h2>\n<p><span>M\u1ed9t chi\u1ebfc t\u00fai v\u1edbi thi\u1ebft k\u1ebf \u0111\u00f4 th\u1ecb v\u00e0 th\u00f4ng minh.<\/span><br \/><span>Th\u00e2n m\u1edd \u0111\u01b0\u1ee3c t\u1ea1o \u0111i\u1ec3m nh\u1ea5n b\u1eb1ng polyester d\u1eadp n\u1ed5i.\u00a0M\u1ed9t thi\u1ebft k\u1ebf phong c\u00e1ch c\u00f3 th\u1ec3 \u0111\u01b0\u1ee3c s\u1eed d\u1ee5ng trong th\u00e0nh ph\u1ed1 v\u1edbi logo \u0111\u1ed3 h\u1ecda trang ph\u1ee5c.<\/span><\/p>\n<table width=\"100%\" cellpadding=\"5\" bgcolor=\"#999999\">\n<tbody>\n<tr align=\"center\" bgcolor=\"#ffffff\">\n<td bgcolor=\"#efefef\" width=\"28%\"><span>v\u1eadt li\u1ec7u<\/span><\/td>\n<td width=\"72%\"><span>da t\u1ed5ng h\u1ee3p, polyester<\/span><\/td>\n<\/tr>\n<tr align=\"center\" bgcolor=\"#ffffff\">\n<td bgcolor=\"#efefef\"><span>k\u00edch c\u1ee1<\/span><\/td>\n<td><span>L27\u00d7W14\u00d7H14cm<\/span><\/td>\n<\/tr>\n<\/tbody>\n<\/table>\n<\/div>\n<\/div>\n<ul class=\"attribute-specs-wrapper\">\n<li>\n                    Gi\u1edbi t\u00ednh: N\u1eef                <\/li>\n<li>\n                    K\u00edch th\u01b0\u1edbc: 0                <\/li>\n<li>\n                    Th\u1ec3 lo\u1ea1i: T\u00fai ph\u1ee5 ki\u1ec7n                 <\/li>\n<li>\n                    H\u00e3ng: TaylorMade                <\/li>\n<li>\n                    S\u1ea3n xu\u1ea5t : Trung Qu\u1ed1c                <\/li>\n<\/ul>","protected":false},"excerpt":{"rendered":"<div class=\"text-bottom--product-detail-info\">\n<div class=\"item\">\n        S\u1ea3n ph\u1ea9m ch\u00ednh h\u00e3ng 100%.\n    <\/div>\n<div class=\"item\">\n<div>\n          Ch\u00ednh s\u00e1ch \u0111\u1ed5i h\u00e0ng  (Xem chi ti\u1ebft).\n        <\/div>\n<\/div>\n<div class=\"item\">\n        Gi\u00e1 s\u1ea3n ph\u1ea9m \u0111\u00e3 bao g\u1ed3m VAT.\n    <\/div>\n<div class=\"item\">\n        Mi\u1ec5n ph\u00ed v\u1eadn chuy\u1ec3n th\u01b0\u1eddng\n    <\/div>\n<\/div>","protected":false},"featured_media":17364,"comment_status":"closed","ping_status":"closed","template":"","meta":[],"pwb-brand":[3248],"product_cat":[3332],"product_tag":[4443],"class_list":{"0":"post-17363","1":"product","2":"type-product","3":"status-publish","4":"has-post-thumbnail","6":"pwb-brand-taylormade","7":"product_cat-tui-phu-kien","8":"product_tag-tui-phu-kien-golf-taylormade-2mspo-tj095","10":"first","11":"instock","12":"shipping-taxable","13":"purchasable","14":"product-type-simple"},"brands":[{"id":3248,"name":"TaylorMade","slug":"taylormade"}],"_links":{"self":[{"href":"https:\/\/xgolf.vn\/ur\/wp-json\/wp\/v2\/product\/17363","targetHints":{"allow":["GET"]}}],"collection":[{"href":"https:\/\/xgolf.vn\/ur\/wp-json\/wp\/v2\/product"}],"about":[{"href":"https:\/\/xgolf.vn\/ur\/wp-json\/wp\/v2\/types\/product"}],"replies":[{"embeddable":true,"href":"https:\/\/xgolf.vn\/ur\/wp-json\/wp\/v2\/comments?post=17363"}],"wp:featuredmedia":[{"embeddable":true,"href":"https:\/\/xgolf.vn\/ur\/wp-json\/wp\/v2\/media\/17364"}],"wp:attachment":[{"href":"https:\/\/xgolf.vn\/ur\/wp-json\/wp\/v2\/media?parent=17363"}],"wp:term":[{"taxonomy":"pwb-brand","embeddable":true,"href":"https:\/\/xgolf.vn\/ur\/wp-json\/wp\/v2\/pwb-brand?post=17363"},{"taxonomy":"product_cat","embeddable":true,"href":"https:\/\/xgolf.vn\/ur\/wp-json\/wp\/v2\/product_cat?post=17363"},{"taxonomy":"product_tag","embeddable":true,"href":"https:\/\/xgolf.vn\/ur\/wp-json\/wp\/v2\/product_tag?post=17363"}],"curies":[{"name":"wp","href":"https:\/\/api.w.org\/{rel}","templated":true}]}}