{"id":17276,"date":"2024-07-31T23:03:06","date_gmt":"2024-07-31T16:03:06","guid":{"rendered":"http:\/\/xgolf.vn\/-product-\/uncategorized\/tui-phu-kien-golf-taylormade-2mspo-tj126\/"},"modified":"2024-07-31T23:03:09","modified_gmt":"2024-07-31T16:03:09","slug":"tui-phu-kien-golf-taylormade-2mspo-tj126","status":"publish","type":"product","link":"https:\/\/xgolf.vn\/ur\/-product-\/tui\/tui-phu-kien\/tui-phu-kien-golf-taylormade-2mspo-tj126\/","title":{"rendered":"T\u00fai ph\u1ee5 ki\u1ec7n golf TaylorMade 2MSPO-TJ126"},"content":{"rendered":"<div class=\"product attribute description\">\n<div class=\"value\">\n<h1>T\u00fai ph\u1ee5 ki\u1ec7n golf TaylorMade 2MSPO-TJ126<\/h1>\n<h2>Th\u00f4ng Tin<\/h2>\n<table border=\"1\" width=\"750\" rules=\"all\" cellspacing=\"0\" cellpadding=\"5\">\n<tbody>\n<tr>\n<th width=\"150\"><span>T\u00ean s\u1ea3n ph\u1ea9m<\/span><\/th>\n<td width=\"600\"><span>T\u00fai ti\u1ec7n \u00edch Taylormade TM TJ126<\/span><\/td>\n<\/tr>\n<tr>\n<th width=\"150\"><span>M\u00e0u s\u1eafc<\/span><\/th>\n<td width=\"600\"><span>N94812 \u0110EN<\/span><\/td>\n<\/tr>\n<tr>\n<th width=\"150\"><span>v\u1eadt li\u1ec7u<\/span><\/th>\n<td width=\"600\"><span>polyester<\/span><\/td>\n<\/tr>\n<tr>\n<th width=\"150\"><span>k\u00edch c\u1ee1<\/span><\/th>\n<td width=\"600\"><span>L21\u00d7W5\u00d7H13cm<\/span><\/td>\n<\/tr>\n<tr>\n<th width=\"150\"><span>\u0110\u1eb7c tr\u01b0ng<\/span><\/th>\n<td width=\"600\"><span>T\u00fai \u0111\u1ef1ng ph\u1ee5 ki\u1ec7n B\u0103ng tay c\u1ea7m c\u00f3 th\u1ec3 th\u00e1o r\u1eddi<\/span><\/td>\n<\/tr>\n<\/tbody>\n<\/table>\n<\/div>\n<\/div>\n<ul class=\"attribute-specs-wrapper\">\n<li>\n                    Gi\u1edbi t\u00ednh: Nam                <\/li>\n<li>\n                    M\u00e0u: BK                <\/li>\n<li>\n                    K\u00edch th\u01b0\u1edbc: 0                <\/li>\n<li>\n                    Th\u1ec3 lo\u1ea1i: T\u00fai ph\u1ee5 ki\u1ec7n                 <\/li>\n<li>\n                    H\u00e3ng: TaylorMade                <\/li>\n<li>\n                    S\u1ea3n xu\u1ea5t : Trung Qu\u1ed1c                <\/li>\n<\/ul>","protected":false},"excerpt":{"rendered":"<div class=\"text-bottom--product-detail-info\">\n<div class=\"item\">\n        S\u1ea3n ph\u1ea9m ch\u00ednh h\u00e3ng 100%.\n    <\/div>\n<div class=\"item\">\n<div>\n          Ch\u00ednh s\u00e1ch \u0111\u1ed5i h\u00e0ng  (Xem chi ti\u1ebft).\n        <\/div>\n<\/div>\n<div class=\"item\">\n        Gi\u00e1 s\u1ea3n ph\u1ea9m \u0111\u00e3 bao g\u1ed3m VAT.\n    <\/div>\n<div class=\"item\">\n        Mi\u1ec5n ph\u00ed v\u1eadn chuy\u1ec3n th\u01b0\u1eddng\n    <\/div>\n<\/div>","protected":false},"featured_media":17277,"comment_status":"closed","ping_status":"closed","template":"","meta":[],"pwb-brand":[3248],"product_cat":[3332],"product_tag":[3647,4412],"class_list":{"0":"post-17276","1":"product","2":"type-product","3":"status-publish","4":"has-post-thumbnail","6":"pwb-brand-taylormade","7":"product_cat-tui-phu-kien","8":"product_tag-a","9":"product_tag-tui-phu-kien-golf-taylormade-2mspo-tj126","11":"first","12":"instock","13":"shipping-taxable","14":"purchasable","15":"product-type-simple"},"brands":[{"id":3248,"name":"TaylorMade","slug":"taylormade"}],"_links":{"self":[{"href":"https:\/\/xgolf.vn\/ur\/wp-json\/wp\/v2\/product\/17276","targetHints":{"allow":["GET"]}}],"collection":[{"href":"https:\/\/xgolf.vn\/ur\/wp-json\/wp\/v2\/product"}],"about":[{"href":"https:\/\/xgolf.vn\/ur\/wp-json\/wp\/v2\/types\/product"}],"replies":[{"embeddable":true,"href":"https:\/\/xgolf.vn\/ur\/wp-json\/wp\/v2\/comments?post=17276"}],"wp:featuredmedia":[{"embeddable":true,"href":"https:\/\/xgolf.vn\/ur\/wp-json\/wp\/v2\/media\/17277"}],"wp:attachment":[{"href":"https:\/\/xgolf.vn\/ur\/wp-json\/wp\/v2\/media?parent=17276"}],"wp:term":[{"taxonomy":"pwb-brand","embeddable":true,"href":"https:\/\/xgolf.vn\/ur\/wp-json\/wp\/v2\/pwb-brand?post=17276"},{"taxonomy":"product_cat","embeddable":true,"href":"https:\/\/xgolf.vn\/ur\/wp-json\/wp\/v2\/product_cat?post=17276"},{"taxonomy":"product_tag","embeddable":true,"href":"https:\/\/xgolf.vn\/ur\/wp-json\/wp\/v2\/product_tag?post=17276"}],"curies":[{"name":"wp","href":"https:\/\/api.w.org\/{rel}","templated":true}]}}