{"id":16234,"date":"2024-07-31T20:31:14","date_gmt":"2024-07-31T13:31:14","guid":{"rendered":"http:\/\/xgolf.vn\/-product-\/uncategorized\/gay-golf-driver-taylormade-qi10-ls-as-tm50\/"},"modified":"2024-07-31T20:31:16","modified_gmt":"2024-07-31T13:31:16","slug":"gay-golf-driver-taylormade-qi10-ls-as-tm50","status":"publish","type":"product","link":"https:\/\/xgolf.vn\/ur\/-product-\/gay\/driver\/gay-golf-driver-taylormade-qi10-ls-as-tm50\/","title":{"rendered":"G\u1eady golf driver TaylorMade Qi10 LS AS TM50"},"content":{"rendered":"<div class=\"product attribute description\">\n<div class=\"value\">#html-body [data-pb-style=E6UMHUI]{justify-content:flex-start;display:flex;flex-direction:column;background-position:left top;background-size:cover;background-repeat:no-repeat;background-attachment:scroll}<\/p>\n<div data-content-type=\"row\" data-appearance=\"contained\" data-element=\"main\">\n<div data-enable-parallax=\"0\" data-parallax-speed=\"0.5\" data-background-images=\"{}\" data-background-type=\"image\" data-video-loop=\"true\" data-video-play-only-visible=\"true\" data-video-lazy-load=\"true\" data-video-fallback-src=\"\" data-element=\"inner\" data-pb-style=\"E6UMHUI\">\n<div data-content-type=\"text\" data-appearance=\"default\" data-element=\"main\">\n<h1><span style=\"font-size: 28px\">G\u1eady golf driver TaylorMade Qi10 LS AS TM50<\/span><\/h1>\n<p><span style=\"font-size: 28px\">Th\u00f4ng tin s\u1ea3n ph\u1ea9m<\/span><\/p>\n<p><span style=\"font-size: 28px\">T\u00cdNH N\u0102NG V\u00c0 C\u00d4NG D\u1ee4NG<\/span><\/p>\n<p><strong>KH\u1ea2 N\u0102NG TRUY\u1ec0N N\u0102NG L\u01af\u1ee2NG T\u1ed0T H\u01a0N<\/strong><\/p>\n<p>\u2022 \u00a0 \u00a0M\u1eb7t g\u1eady Carbon 60X Twist Face \u0111\u01b0\u1ee3c thi\u1ebft k\u1ebf l\u1ea1i nh\u1eb9 h\u01a1n \u0111\u00e1ng k\u1ec3 so v\u1edbi m\u1eb7t titan truy\u1ec1n th\u1ed1ng v\u00e0 t\u1ea1o ra kh\u1ea3 n\u0103ng truy\u1ec1n n\u0103ng l\u01b0\u1ee3ng hi\u1ec7u qu\u1ea3 h\u01a1n.<\/p>\n<p>\u2022 \u00a0 \u00a0C\u1ea5u tr\u00fac h\u1ed7 tr\u1ee3 m\u1edbi \u0111em l\u1ea1i t\u1ed1c \u0111\u1ed9 b\u00f3ng nhanh h\u01a1n \u0111\u1ed3ng th\u1eddi c\u1ea3i thi\u1ec7n \u0111\u1ed9 b\u1ec1n.<\/p>\n<p>\u2022 \u00a0 \u00a0\u0110\u01b0\u1ee3c thi\u1ebft k\u1ebf nh\u1eb1m c\u1ea3i thi\u1ec7n vi\u1ec7c duy tr\u00ec t\u1ed1c \u0111\u1ed9 b\u00f3ng trong c\u00e1c c\u00fa \u0111\u00e1nh l\u1ec7ch t\u00e2m.<\/p>\n<p><strong>\u1ed4N \u0110\u1ecaNH V\u1edaI M\u1ee8C SPIN TH\u1ea4P<\/strong><\/p>\n<p>\u2022 \u00a0 \u00a0Vi\u1ec7c c\u00f3 tr\u1ecdng t\u00e2m th\u1ea5p v\u00e0 m\u1ee9c m\u00f4 men qu\u00e1n t\u00ednh cao \u0111\u00e3 t\u1ea1o ra m\u1ed9t c\u00e2y g\u1eady Driver nh\u1eafm t\u1edbi nh\u1eefng golfer t\u1ed1c \u0111\u1ed9 cao h\u01a1n, nh\u1eefng ng\u01b0\u1eddi mu\u1ed1n \u0111\u1ea1t \u0111\u01b0\u1ee3c hi\u1ec7u su\u1ea5t spin th\u1ea5p.<\/p>\n<p>\u2022 \u00a0 \u00a0C\u00e2y g\u1eady Driver n\u00e0y \u0111\u01b0\u1ee3c thi\u1ebft k\u1ebf m\u1ed9t c\u00e1ch chi\u1ebfn l\u01b0\u1ee3c nh\u1eb1m gi\u1ea3m \u0111\u1ed9 spin v\u00e0 n\u00e2ng cao kh\u1ea3<\/p>\n<p>n\u0103ng ho\u1ea1t \u0111\u1ed9ng m\u00e0 kh\u00f4ng l\u00e0m m\u1ea5t \u0111i s\u1ef1 \u1ed5n \u0111\u1ecbnh.<\/p>\n<p><strong>PH\u1ea6N CROWN INFINITY CARBON M\u1edaI V\u1edaI KH\u1ea2 N\u0102NG C\u0102N CH\u1ec8NH \u0110\u01af\u1ee2C C\u1ea2I TI\u1ebeN<\/strong><\/p>\n<p>\u2022 \u00a0 \u00a0L\u1edbp Infinity Carbon m\u1edbi bao ph\u1ee7 t\u1edbi 97% b\u1ec1 m\u1eb7t crown c\u1ee7a g\u1eady, gi\u00fap gi\u1ea3i ph\u00f3ng kh\u1ed1i l\u01b0\u1ee3ng b\u1ed5 sung \u0111\u1ec3 t\u1ed1i \u01b0u v\u1ecb tr\u00ed tr\u1ecdng t\u00e2m v\u00e0 t\u0103ng c\u01b0\u1eddng \u0111\u1ed9 \u1ed5n \u0111\u1ecbnh.<\/p>\n<p>\u2022 \u00a0 \u00a0\u0110em l\u1ea1i g\u00f3c nh\u00ecn khi \u0111\u1eb7t g\u1eady r\u00f5 r\u00e0ng v\u1edbi kh\u1ea3 n\u0103ng c\u0103n ch\u1ec9nh \u0111\u01b0\u1ee3c c\u1ea3i ti\u1ebfn nh\u1edd \u0111\u01b0\u1eddng vi\u1ec1n tr\u00ean c\u00f3 \u0111\u1ed9 t\u01b0\u01a1ng ph\u1ea3n<\/p>\n<p>cao \u0111\u01b0\u1ee3c t\u00edch h\u1ee3p trong M\u1eb7t g\u1eady 60X Carbon Twist Face.<\/p>\n<p><strong>H\u00ccNH D\u00c1NG \u0110\u1ea6U G\u1eacY C\u1ed4 \u0110I\u1ec2N<\/strong><\/p>\n<p>\u2022 \u00a0 \u00a0H\u00ecnh d\u00e1ng \u0111\u1ea7u g\u1eady c\u1ed5 \u0111i\u1ec3n v\u1edbi ph\u1ea7n crown \u0111\u01b0\u1ee3c ph\u1ee7 b\u1edfi Infinity Carbon m\u1edbi v\u00e0 \u0111\u01b0\u1eddng vi\u1ec1n c\u0103n ch\u1ec9nh mang l\u1ea1i s\u1ef1 t\u1ef1 tin v\u00e0 gi\u00fap d\u1ec5 d\u00e0ng ng\u1eafm t\u1edbi h\u01b0\u1edbng m\u1ee5c ti\u00eau.<br \/>\u00a0<\/p>\n<p><strong>NH\u1eeeNG C\u00d4NG NGH\u1ec6 TAYLORMADE \u0110\u00c3 \u0110\u01af\u1ee2C KI\u1ec2M CH\u1ee8NG<\/strong><\/p>\n<p>\u2022 \u00a0 \u00a0Ki\u1ec3m so\u00e1t \u0111\u01b0\u1eddng b\u00f3ng b\u1eb1ng c\u00e1ch di chuy\u1ec3n kh\u1ed1i tr\u01b0\u1ee3t 18g \u0111\u1ec3 t\u1ea1o ra nh\u1eefng c\u00fa draw ho\u1eb7c fade theo mong mu\u1ed1n.<\/p>\n<p>\u2022 \u00a0 \u00a0\u0110i\u1ec1u ch\u1ec9nh \u0111\u1ed9 loft b\u1eb1ng c\u00e1ch s\u1eed d\u1ee5ng sleeve 4\u00b0 (+\/-2\u00b0) \u0111i k\u00e8m.<\/p>\n<p>\u2022 \u00a0 \u00a0B\u1ea3o to\u00e0n t\u1ed1c \u0111\u1ed9 b\u00f3ng v\u1edbi c\u00f4ng ngh\u1ec7 Thru-Slot Speed Pocket, \u0111\u01b0\u1ee3c thi\u1ebft k\u1ebf \u0111\u1ec3 t\u1ed1i \u01b0u t\u1ed1c \u0111\u1ed9 b\u00f3ng v\u1edbi nh\u1eefng c\u00fa \u0111\u00e1nh<\/p>\n<p>v\u00e0o ph\u1ea7n d\u01b0\u1edbi c\u1ee7a m\u1eb7t g\u1eady.<\/p>\n<p>\u2022 \u00a0 \u00a0\u00c2m thanh g\u1ecdn g\u00e0ng v\u00e0 m\u1ea1nh m\u1ebd l\u00e0 n\u1ec1n t\u1ea3ng cho hi\u1ec7u su\u1ea5t c\u1ee7a d\u00f2ng g\u1eady Driver t\u1edbi t\u1eeb TaylorMade.<\/p>\n<p>\u2022 \u00a0 \u00a0M\u1eb7t g\u1eady Twist Face s\u1eed d\u1ee5ng c\u00e1c g\u00f3c s\u1eeda l\u1ed7i, \u0111\u01b0\u1ee3c thi\u1ebft k\u1ebf \u0111\u1ec3 kh\u1eafc ph\u1ee5c xu h\u01b0\u1edbng c\u1ed1 h\u1eefu c\u1ee7a golfer khi \u0111\u00e1nh nh\u1eefng c\u00fa l\u1ec7ch t\u00e2m, t\u1eeb \u0111\u00f3 t\u1ea1o ra nh\u1eefng c\u00fa \u0111\u00e1nh th\u1eb3ng h\u01a1n.<br \/>\u00a0<\/p>\n<table style=\"border-collapse: collapse;width: 52.16%;height: 75px\" border=\"1\">\n<tbody>\n<tr>\n<td style=\"width: 49.97%\">HEAD<\/td>\n<td style=\"width: 49.97%\">Qi10 LS DRIVER<\/td>\n<\/tr>\n<tr>\n<td style=\"width: 49.97%\">Head material\/ Face material<\/td>\n<td style=\"width: 49.97%\">\n<p>Titanium frame body [9-1-1 ti] + Infinity carbon crown + Carbon sole + Special reinforced carbon composite ring + Sliding weight (18g) + MOI back weight (17g) \/<\/p>\n<p>New 60-layer carbon twist face + PU cover<\/p>\n<\/td>\n<\/tr>\n<tr>\n<td style=\"width: 49.97%\">Head volume (cm3&lt;cc&gt;)<\/td>\n<td style=\"width: 49.97%\">460<\/td>\n<\/tr>\n<tr>\n<td style=\"width: 49.97%\">Lie angle (o)<\/td>\n<td style=\"width: 49.97%\">54 (STD) \u2013 58 (UPRT)<\/td>\n<\/tr>\n<\/tbody>\n<\/table>\n<p>\u00a0<\/p>\n<p><strong>SHAFT<\/strong>;Diamana SILVER TM50<\/p>\n<table style=\"border-collapse: collapse;width: 35.44%;height: 56px\" border=\"1\">\n<tbody>\n<tr>\n<td style=\"width: 24.985%\">Flex<\/td>\n<td style=\"width: 24.985%\">Club weight (g)<\/td>\n<td style=\"width: 24.985%\">Shaft weight (g)<\/td>\n<td style=\"width: 24.985%\">Torque<\/td>\n<\/tr>\n<tr>\n<td style=\"width: 24.985%\">S<\/td>\n<td style=\"width: 24.985%\">310<\/td>\n<td style=\"width: 24.985%\">58<\/td>\n<td style=\"width: 24.985%\">3.6<\/td>\n<\/tr>\n<tr>\n<td style=\"width: 24.985%\">SR<\/td>\n<td style=\"width: 24.985%\">306<\/td>\n<td style=\"width: 24.985%\">55<\/td>\n<td style=\"width: 24.985%\">4.0<\/td>\n<\/tr>\n<tr>\n<td style=\"width: 24.985%\">R<\/td>\n<td style=\"width: 24.985%\">304<\/td>\n<td style=\"width: 24.985%\">52<\/td>\n<td style=\"width: 24.985%\">4.3<\/td>\n<\/tr>\n<\/tbody>\n<\/table>\n<p><strong>Grip<\/strong> :TM Tour Velvet 360 Black\/Blue CP (R60\/47.5g)<br \/>\u00a0<br \/>\u00a0<br \/>\u00a0<br \/>\u00a0<br \/>\u00a0<br \/>\u00a0<\/p>\n<\/div>\n<\/div>\n<\/div>\n<\/div>\n<\/div>\n<ul class=\"attribute-specs-wrapper\">\n<li>\n                    Gi\u1edbi t\u00ednh: Nam                <\/li>\n<li>\n                    Th\u1ec3 lo\u1ea1i: Driver                <\/li>\n<li>\n                    H\u00e3ng: TaylorMade                <\/li>\n<li>\n                    S\u1ea3n xu\u1ea5t : Trung Qu\u1ed1c                <\/li>\n<\/ul>","protected":false},"excerpt":{"rendered":"<div class=\"text-bottom--product-detail-info\">\n<div class=\"item\">\n        S\u1ea3n ph\u1ea9m ch\u00ednh h\u00e3ng 100%.\n    <\/div>\n<div class=\"item\">\n<div>\n          Ch\u00ednh s\u00e1ch \u0111\u1ed5i h\u00e0ng  (Xem chi ti\u1ebft).\n        <\/div>\n<\/div>\n<div class=\"item\">\n        Gi\u00e1 s\u1ea3n ph\u1ea9m \u0111\u00e3 bao g\u1ed3m VAT.\n    <\/div>\n<div class=\"item\">\n        Mi\u1ec5n ph\u00ed v\u1eadn chuy\u1ec3n th\u01b0\u1eddng\n    <\/div>\n<\/div>","protected":false},"featured_media":16235,"comment_status":"closed","ping_status":"closed","template":"","meta":[],"pwb-brand":[3248],"product_cat":[3254],"product_tag":[3955],"class_list":{"0":"post-16234","1":"product","2":"type-product","3":"status-publish","4":"has-post-thumbnail","6":"pwb-brand-taylormade","7":"product_cat-driver","8":"product_tag-gay-golf-driver-taylormade-qi10-ls-as-tm50","10":"first","11":"instock","12":"shipping-taxable","13":"purchasable","14":"product-type-simple"},"brands":[{"id":3248,"name":"TaylorMade","slug":"taylormade"}],"_links":{"self":[{"href":"https:\/\/xgolf.vn\/ur\/wp-json\/wp\/v2\/product\/16234","targetHints":{"allow":["GET"]}}],"collection":[{"href":"https:\/\/xgolf.vn\/ur\/wp-json\/wp\/v2\/product"}],"about":[{"href":"https:\/\/xgolf.vn\/ur\/wp-json\/wp\/v2\/types\/product"}],"replies":[{"embeddable":true,"href":"https:\/\/xgolf.vn\/ur\/wp-json\/wp\/v2\/comments?post=16234"}],"wp:featuredmedia":[{"embeddable":true,"href":"https:\/\/xgolf.vn\/ur\/wp-json\/wp\/v2\/media\/16235"}],"wp:attachment":[{"href":"https:\/\/xgolf.vn\/ur\/wp-json\/wp\/v2\/media?parent=16234"}],"wp:term":[{"taxonomy":"pwb-brand","embeddable":true,"href":"https:\/\/xgolf.vn\/ur\/wp-json\/wp\/v2\/pwb-brand?post=16234"},{"taxonomy":"product_cat","embeddable":true,"href":"https:\/\/xgolf.vn\/ur\/wp-json\/wp\/v2\/product_cat?post=16234"},{"taxonomy":"product_tag","embeddable":true,"href":"https:\/\/xgolf.vn\/ur\/wp-json\/wp\/v2\/product_tag?post=16234"}],"curies":[{"name":"wp","href":"https:\/\/api.w.org\/{rel}","templated":true}]}}