{"id":15838,"date":"2024-07-31T19:36:19","date_gmt":"2024-07-31T12:36:19","guid":{"rendered":"http:\/\/xgolf.vn\/-product-\/uncategorized\/kinh-golf-swans-spb-0167-maw-ultra-lens-for-golfs\/"},"modified":"2024-07-31T19:36:20","modified_gmt":"2024-07-31T12:36:20","slug":"kinh-golf-swans-spb-0167-maw-ultra-lens-for-golfs","status":"publish","type":"product","link":"https:\/\/xgolf.vn\/ur\/-product-\/phu-kien\/kinh\/kinh-golf-swans-spb-0167-maw-ultra-lens-for-golfs\/","title":{"rendered":"K\u00ednh golf swans SPB-0167 MAW (ULTRA LENS for GOLFS)"},"content":{"rendered":"<div class=\"product attribute description\">\n<div class=\"value\">#html-body [data-pb-style=NCNM3U6]{justify-content:flex-start;display:flex;flex-direction:column;background-position:left top;background-size:cover;background-repeat:no-repeat;background-attachment:scroll}<\/p>\n<div data-content-type=\"row\" data-appearance=\"contained\" data-element=\"main\">\n<div data-enable-parallax=\"0\" data-parallax-speed=\"0.5\" data-background-images=\"{}\" data-background-type=\"image\" data-video-loop=\"true\" data-video-play-only-visible=\"true\" data-video-lazy-load=\"true\" data-video-fallback-src=\"\" data-element=\"inner\" data-pb-style=\"NCNM3U6\">\n<div data-content-type=\"text\" data-appearance=\"default\" data-element=\"main\">\n<h1><span style=\"font-size: 28px\">K\u00ednh golf swans SPB-0167 MAW (ULTRA LENS for GOLFS)<\/span><\/h1>\n<p><span style=\"font-size: 20px\">Th\u00f4ng tin s\u1ea3n ph\u1ea9m<\/span><\/p>\n<ul>\n<li><span style=\"font-size: 20px\">S\u1eed d\u1ee5ng &#8220;PETROID LENS&#8221; \u0111\u01b0\u1ee3c l\u00e0m b\u1eb1ng polycarbonate, m\u1ed9t v\u1eadt li\u1ec7u nh\u1ef1a c\u00f3 kh\u1ea3 n\u0103ng ch\u1ed1ng va \u0111\u1eadp cao h\u01a1n kho\u1ea3ng 10 l\u1ea7n so v\u1edbi th\u1ee7y tinh v\u00e0 \u0111\u01b0\u1ee3c gia c\u1ed1 b\u1eb1ng m\u00e0ng ph\u1ee7 c\u1ee9ng \u0111\u1ed9c quy\u1ec1n c\u1ee7a SWANS.<\/span><\/li>\n<li><span style=\"font-size: 20px\">Springbok \u0111\u01b0\u1ee3c thi\u1ebft k\u1ebf nh\u1eb1m m\u1ee5c \u0111\u00edch chuy\u1ec3n \u0111\u1ed9ng m\u1ea1nh m\u1ebd v\u00e0 linh ho\u1ea1t n\u00e0y. N\u00f3 c\u00f3 thi\u1ebft k\u1ebf trang nh\u00e3, c\u1ea3 nam v\u00e0 n\u1eef \u0111\u1ec1u c\u00f3 th\u1ec3 s\u1eed d\u1ee5ng v\u1edbi k\u00edch c\u1ee1 ph\u00f9 h\u1ee3p nh\u1ea5t v\u1edbi ng\u01b0\u1eddi Nh\u1eadt hi\u1ec7n \u0111\u1ea1i. C\u00e1c b\u1ed9 ph\u1eadn b\u00ean \u0111\u1ec3 thay th\u1ebf \u1ed1ng k\u00ednh \u0111\u01b0\u1ee3c t\u00edch h\u1ee3p ho\u00e0n h\u1ea3o v\u1edbi thi\u1ebft k\u1ebf khung v\u00e0 kh\u00f4ng l\u00e0m gi\u00e1n \u0111o\u1ea1n h\u00ecnh th\u1ee9c t\u1ed5ng th\u1ec3.<\/span><\/li>\n<li><span style=\"font-size: 20px\">\u00b7\u1ed1ng k\u00ednh Ngo\u00e0i th\u1ea5u k\u00ednh ph\u00e2n c\u1ef1c gi\u00fap lo\u1ea1i b\u1ecf \u00e1nh s\u00e1ng ch\u00f3i t\u1eeb n\u01b0\u1edbc, nh\u1ef1a \u0111\u01b0\u1eddng v\u00e0 c\u1ecf, th\u1ea5u k\u00ednh c\u00f2n c\u00f3 l\u1edbp ph\u1ee7 ch\u1ed1ng ph\u1ea3n chi\u1ebfu \u1edf m\u1eb7t tr\u01b0\u1edbc v\u00e0 m\u1eb7t sau \u0111\u1ec3 gi\u1ea3m \u0111\u1ed9 ch\u00f3i. \u1ed0ng k\u00ednh n\u00e0y kh\u00f4ng ch\u1ec9 \u0111\u1ea3m b\u1ea3o t\u1ea7m nh\u00ecn r\u00f5 r\u00e0ng m\u00e0 c\u00f2n c\u00f3 m\u00e0u xanh b\u0103ng gi\u00fap t\u0103ng \u0111\u1ed9 t\u01b0\u01a1ng ph\u1ea3n, gi\u00fap nh\u1eadn bi\u1ebft b\u00f3ng d\u1ec5 d\u00e0ng h\u01a1n trong nhi\u1ec1u m\u00f4n th\u1ec3 thao kh\u00e1c nhau.<\/span><\/li>\n<li><span style=\"font-size: 20px\">M\u00e0u khung: Tr\u1eafng m\u1edd<\/span><\/li>\n<li><span style=\"font-size: 20px\">M\u00e0u \u1ed1ng k\u00ednh: M\u00e0u xanh b\u0103ng ph\u00e2n c\u1ef1c ULTRA (\u0111\u01b0\u1ee3c ph\u1ee7 nhi\u1ec1u l\u1edbp tr\u00ean c\u1ea3 hai m\u1eb7t)<\/span><\/li>\n<li><span style=\"font-size: 20px\">\u0110\u1ed9 truy\u1ec1n \u00e1nh s\u00e1ng nh\u00ecn th\u1ea5y \u0111\u01b0\u1ee3c: 29% (m\u1ee9c \u0111\u1ed9 ph\u00e2n c\u1ef1c: 90% tr\u1edf l\u00ean)<\/span><\/li>\n<li><span style=\"font-size: 20px\">\u0110\u1ed9 truy\u1ec1n tia UV: 0,1% tr\u1edf xu\u1ed1ng (UV c\u1eaft 99,9% tr\u1edf l\u00ean)<\/span><\/li>\n<li><span style=\"font-size: 20px\">K\u00edch th\u01b0\u1edbc: Cao 41mm \/ R\u1ed9ng 141mm (c\u1ee1 unisex)<\/span><\/li>\n<li><span style=\"font-size: 20px\">Tr\u1ecdng l\u01b0\u1ee3ng: 26g<\/span><\/li>\n<li><span style=\"font-size: 20px\">\u0110\u01b0\u1eddng cong \u1ed1ng k\u00ednh: 8 \u0111\u01b0\u1eddng cong<\/span><\/li>\n<li><span style=\"font-size: 20px\">T\u00ednh n\u0103ng g\u1ecdng: tr\u00f2ng k\u00ednh c\u00f3 th\u1ec3 ho\u00e1n \u0111\u1ed5i cho nhau, c\u00e0ng k\u00ednh c\u00f3 th\u1ec3 \u0111i\u1ec1u ch\u1ec9nh, m\u0169i c\u00f3 th\u1ec3 \u0111i\u1ec1u ch\u1ec9nh<\/span><\/li>\n<li><span style=\"font-size: 20px\">v\u1eadt li\u1ec7u<\/span><br \/><span style=\"font-size: 20px\">Khung: Nylon, \u1ed0ng k\u00ednh: Polycarbonate<\/span><\/li>\n<li><span style=\"font-size: 20px\">Ph\u1ee5 ki\u1ec7n: H\u1ed9p b\u00e1n c\u1ee9ng, s\u00e1ch h\u01b0\u1edbng d\u1eabn<\/span><\/li>\n<li><span style=\"font-size: 20px\">N\u01b0\u1edbc s\u1ea3n xu\u1ea5t: S\u1ea3n xu\u1ea5t t\u1ea1i Nh\u1eadt B\u1ea3n<\/span>\n<\/li>\n<\/ul>\n<\/div>\n<\/div>\n<\/div>\n<\/div>\n<\/div>\n<ul class=\"attribute-specs-wrapper\">\n<li>\n                    Th\u1ec3 lo\u1ea1i: K\u00ednh                <\/li>\n<li>\n                    H\u00e3ng: Swans                <\/li>\n<li>\n                    S\u1ea3n xu\u1ea5t : Nh\u1eadt B\u1ea3n                <\/li>\n<\/ul>","protected":false},"excerpt":{"rendered":"<div class=\"text-bottom--product-detail-info\">\n<div class=\"item\">\n        S\u1ea3n ph\u1ea9m ch\u00ednh h\u00e3ng 100%.\n    <\/div>\n<div class=\"item\">\n<div>\n          Ch\u00ednh s\u00e1ch \u0111\u1ed5i h\u00e0ng  (Xem chi ti\u1ebft).\n        <\/div>\n<\/div>\n<div class=\"item\">\n        Gi\u00e1 s\u1ea3n ph\u1ea9m \u0111\u00e3 bao g\u1ed3m VAT.\n    <\/div>\n<div class=\"item\">\n        Mi\u1ec5n ph\u00ed v\u1eadn chuy\u1ec3n th\u01b0\u1eddng\n    <\/div>\n<\/div>","protected":false},"featured_media":15839,"comment_status":"closed","ping_status":"closed","template":"","meta":[],"pwb-brand":[3503],"product_cat":[3346],"product_tag":[3792],"class_list":{"0":"post-15838","1":"product","2":"type-product","3":"status-publish","4":"has-post-thumbnail","6":"pwb-brand-swans","7":"product_cat-kinh","8":"product_tag-kinh-golf-swans-spb-0167-maw-ultra-lens-for-golfs","10":"first","11":"instock","12":"shipping-taxable","13":"purchasable","14":"product-type-simple"},"brands":[{"id":3503,"name":"Swans","slug":"swans"}],"_links":{"self":[{"href":"https:\/\/xgolf.vn\/ur\/wp-json\/wp\/v2\/product\/15838","targetHints":{"allow":["GET"]}}],"collection":[{"href":"https:\/\/xgolf.vn\/ur\/wp-json\/wp\/v2\/product"}],"about":[{"href":"https:\/\/xgolf.vn\/ur\/wp-json\/wp\/v2\/types\/product"}],"replies":[{"embeddable":true,"href":"https:\/\/xgolf.vn\/ur\/wp-json\/wp\/v2\/comments?post=15838"}],"wp:featuredmedia":[{"embeddable":true,"href":"https:\/\/xgolf.vn\/ur\/wp-json\/wp\/v2\/media\/15839"}],"wp:attachment":[{"href":"https:\/\/xgolf.vn\/ur\/wp-json\/wp\/v2\/media?parent=15838"}],"wp:term":[{"taxonomy":"pwb-brand","embeddable":true,"href":"https:\/\/xgolf.vn\/ur\/wp-json\/wp\/v2\/pwb-brand?post=15838"},{"taxonomy":"product_cat","embeddable":true,"href":"https:\/\/xgolf.vn\/ur\/wp-json\/wp\/v2\/product_cat?post=15838"},{"taxonomy":"product_tag","embeddable":true,"href":"https:\/\/xgolf.vn\/ur\/wp-json\/wp\/v2\/product_tag?post=15838"}],"curies":[{"name":"wp","href":"https:\/\/api.w.org\/{rel}","templated":true}]}}