{"id":16274,"date":"2024-07-31T20:38:07","date_gmt":"2024-07-31T13:38:07","guid":{"rendered":"http:\/\/xgolf.vn\/-product-\/uncategorized\/gay-golf-honma-putter-sl001-cn-pstpless-bkip\/"},"modified":"2024-07-31T20:38:10","modified_gmt":"2024-07-31T13:38:10","slug":"gay-golf-honma-putter-sl001-cn-pstpless-bkip","status":"publish","type":"product","link":"https:\/\/xgolf.vn\/ru\/-product-\/gay\/putter\/gay-golf-honma-putter-sl001-cn-pstpless-bkip\/","title":{"rendered":"G\u1eady golf Honma Putter SL001 CN-PSTPLESS BKIP"},"content":{"rendered":"<div class=\"product attribute description\">\n<div class=\"value\">#html-body [data-pb-style=TTQ9A63]{background-position:left top;background-size:cover;background-repeat:no-repeat;background-attachment:scroll;align-self:stretch}#html-body [data-pb-style=ORVBP4M]{display:flex;width:100%}#html-body [data-pb-style=AGRXY9L],#html-body [data-pb-style=O7L0BHL]{justify-content:flex-start;display:flex;flex-direction:column;background-position:left top;background-size:cover;background-repeat:no-repeat;background-attachment:scroll;width:50%;align-self:stretch}<\/p>\n<div class=\"pagebuilder-column-group\" data-background-images=\"{}\" data-content-type=\"column-group\" data-appearance=\"default\" data-grid-size=\"12\" data-element=\"main\" data-pb-style=\"TTQ9A63\">\n<div class=\"pagebuilder-column-line\" data-content-type=\"column-line\" data-element=\"main\" data-pb-style=\"ORVBP4M\">\n<div class=\"pagebuilder-column\" data-content-type=\"column\" data-appearance=\"full-height\" data-background-images=\"{}\" data-element=\"main\" data-pb-style=\"AGRXY9L\">\n<div data-content-type=\"text\" data-appearance=\"default\" data-element=\"main\">\n<p>\u00a0SL-001<br \/>Tr\u1ea3i nghi\u1ec7m s\u1ef1 sang tr\u1ecdng v\u01b0\u1ee3t th\u1eddi gian c\u1ee7a Classic Putter, \u0111\u01b0\u1ee3c ch\u1ebf t\u00e1c b\u1edfi \u0111\u1ed9i ng\u0169 chuy\u00ean gia c\u1ee7a Honma \u1edf Sakata t\u1eeb \u0111\u1ea7u \u0111\u1ebfn cu\u1ed1i. \u0110\u01b0\u1ee3c thi\u1ebft k\u1ebf \u0111\u1ec3 \u0111i\u1ec1u khi\u1ec3n d\u1ec5 d\u00e0ng, xoay m\u1eb7t v\u00e0 c\u0103n ch\u1ec9nh ch\u00ednh x\u00e1c, putter c\u1ed5 \u0111i\u1ec3n n\u00e0y ho\u00e0n h\u1ea3o cho nh\u1eefng ng\u01b0\u1eddi ch\u01a1i t\u00ecm ki\u1ebfm g\u00e1c x\u00e9p t\u00e1c \u0111\u1ed9ng nh\u1ecf v\u00e0 m\u1ed9t c\u00fa \u0111\u00e1nh v\u00f2ng cung nh\u1eb9.<\/p>\n<p>\u0110i\u1ec1u khi\u1ec3n d\u1ec5 d\u00e0ng cho nh\u1eefng ng\u01b0\u1eddi ch\u01a1i \u0111ang t\u00ecm ki\u1ebfm t\u00e1c \u0111\u1ed9ng ch\u00ednh x\u00e1c v\u00e0 tr\u1ef1c quan h\u00f3a n\u00e2ng cao cho Arc Style.<\/p>\n<p>\u2022 C\u1ed5 qu\u00e2y: H\u00ecnh d\u1ea1ng \u0111\u1ed9c \u0111\u00e1o n\u00e0y ng\u0103n ch\u1eb7n \u0111\u1ea9y ra\u00a0<\/p>\n<p>\u2022 Khe kim c\u01b0\u01a1ng: V\u1edbi thi\u1ebft k\u1ebf khe \u0111\u1ed9c \u0111\u00e1o gi\u00fap gi\u1ea3m di\u1ec7n t\u00edch ti\u1ebfp x\u00fac v\u1edbi b\u00f3ng khi va ch\u1ea1m, th\u00fac \u0111\u1ea9y xoay v\u1ec1 ph\u00eda tr\u01b0\u1edbc v\u00e0 \u0111\u1ea3m b\u1ea3o c\u1ea3m gi\u00e1c m\u1ec1m m\u1ea1i.<\/p>\n<p>\u2022 Ch\u00e8n TPU g\u1ed1c: \u0110\u01b0\u1ee3c thi\u1ebft k\u1ebf \u0111\u1eb7c bi\u1ec7t \u0111\u1ec3 t\u1ed1i \u01b0u h\u00f3a c\u1ea3m gi\u00e1c v\u00e0 cu\u1ed9n tinh khi\u1ebft trong khi cung c\u1ea5p hi\u1ec7u su\u1ea5t v\u01b0\u1ee3t tr\u1ed9i.<\/p>\n<\/div>\n<\/div>\n<\/div>\n<\/div>\n<\/div>\n<\/div>\n<ul class=\"attribute-specs-wrapper\">\n<li>\n                    Gi\u1edbi t\u00ednh: Nam                <\/li>\n<li>\n                    Th\u1ec3 lo\u1ea1i: Putter                <\/li>\n<li>\n                    H\u00e3ng: HONMA                <\/li>\n<li>\n                    S\u1ea3n xu\u1ea5t : Nh\u1eadt B\u1ea3n                <\/li>\n<\/ul>","protected":false},"excerpt":{"rendered":"<div class=\"text-bottom--product-detail-info\">\n<div class=\"item\">\n        S\u1ea3n ph\u1ea9m ch\u00ednh h\u00e3ng 100%.\n    <\/div>\n<div class=\"item\">\n<div>\n          Ch\u00ednh s\u00e1ch \u0111\u1ed5i h\u00e0ng  (Xem chi ti\u1ebft).\n        <\/div>\n<\/div>\n<div class=\"item\">\n        Gi\u00e1 s\u1ea3n ph\u1ea9m \u0111\u00e3 bao g\u1ed3m VAT.\n    <\/div>\n<div class=\"item\">\n        Mi\u1ec5n ph\u00ed v\u1eadn chuy\u1ec3n th\u01b0\u1eddng\n    <\/div>\n<\/div>","protected":false},"featured_media":16275,"comment_status":"closed","ping_status":"closed","template":"","meta":[],"pwb-brand":[3247],"product_cat":[3257],"product_tag":[3974],"class_list":{"0":"post-16274","1":"product","2":"type-product","3":"status-publish","4":"has-post-thumbnail","6":"pwb-brand-honma","7":"product_cat-putter","8":"product_tag-gay-golf-honma-putter-sl001-cn-pstpless-bkip","10":"first","11":"instock","12":"shipping-taxable","13":"purchasable","14":"product-type-simple"},"brands":[{"id":3247,"name":"HONMA","slug":"honma"}],"_links":{"self":[{"href":"https:\/\/xgolf.vn\/ru\/wp-json\/wp\/v2\/product\/16274","targetHints":{"allow":["GET"]}}],"collection":[{"href":"https:\/\/xgolf.vn\/ru\/wp-json\/wp\/v2\/product"}],"about":[{"href":"https:\/\/xgolf.vn\/ru\/wp-json\/wp\/v2\/types\/product"}],"replies":[{"embeddable":true,"href":"https:\/\/xgolf.vn\/ru\/wp-json\/wp\/v2\/comments?post=16274"}],"wp:featuredmedia":[{"embeddable":true,"href":"https:\/\/xgolf.vn\/ru\/wp-json\/wp\/v2\/media\/16275"}],"wp:attachment":[{"href":"https:\/\/xgolf.vn\/ru\/wp-json\/wp\/v2\/media?parent=16274"}],"wp:term":[{"taxonomy":"pwb-brand","embeddable":true,"href":"https:\/\/xgolf.vn\/ru\/wp-json\/wp\/v2\/pwb-brand?post=16274"},{"taxonomy":"product_cat","embeddable":true,"href":"https:\/\/xgolf.vn\/ru\/wp-json\/wp\/v2\/product_cat?post=16274"},{"taxonomy":"product_tag","embeddable":true,"href":"https:\/\/xgolf.vn\/ru\/wp-json\/wp\/v2\/product_tag?post=16274"}],"curies":[{"name":"wp","href":"https:\/\/api.w.org\/{rel}","templated":true}]}}