{"id":25072,"date":"2024-09-05T15:57:21","date_gmt":"2024-09-05T08:57:21","guid":{"rendered":"http:\/\/xgolf.vn\/-product-\/uncategorized\/bo-gay-golf-nu-full-set-g-le3-ping\/"},"modified":"2024-09-05T15:57:47","modified_gmt":"2024-09-05T08:57:47","slug":"bo-gay-golf-nu-full-set-g-le3-ping","status":"publish","type":"product","link":"https:\/\/xgolf.vn\/pt\/-product-\/lady-golf\/bo-gay-fullset-nu\/bo-gay-golf-nu-full-set-g-le3-ping\/","title":{"rendered":"B\u1ed9 g\u1eady golf n\u1eef Full set G le3 | PING"},"content":{"rendered":"<div id=\"proDes\" class=\"pro-tabcontent\">\n<h2 style=\"font-size: 24px;font-family: RobotoCondensed-Bold\">B\u1ed9 g\u1eady golf n\u1eef Full set G le3 | PING<\/h2>\n<div>\n<table cellspacing=\"0\">\n<tbody>\n<tr>\n<td><strong>Lo\u1ea1i g\u1eady<\/strong><\/td>\n<td><strong>M\u00f4 t\u1ea3<\/strong><\/td>\n<td><strong>S\u1ed1 l\u01b0\u1ee3ng<\/strong><\/td>\n<td><strong>\u0110VT<\/strong><\/td>\n<td><strong>\u00a0Gi\u00e1 b\u00e1n l\u1ebb\u00a0<\/strong><\/td>\n<\/tr>\n<tr>\n<td>Driver 11.5\u00b0 L<\/td>\n<td>#1 11.5\u00b0 STD ULT 250 J<br \/>L -1&#8243; (44 3\/4&#8243;) W\/HEAD COVER<\/td>\n<td>1<\/td>\n<td>C\u00c1I<\/td>\n<td>\u00a0 15,500,000<\/td>\n<\/tr>\n<tr>\n<td>Fairway<\/td>\n<td>#5 STD ULT 250 J L -1\/2&#8243;<br \/>IOMIC STICKY DEEP SEA-RED W\/HEAD COVER<\/td>\n<td>1<\/td>\n<td>Chi\u1ebfc<\/td>\n<td>\u00a0\u00a0\u00a0 9,500,000<\/td>\n<\/tr>\n<tr>\n<td>Hybrid 5H<\/td>\n<td>5H ULT 250H J L -1\/2&#8243;<br \/>IOMIC STICKY DEEP SEA-RED W\/HEAD COVER<\/td>\n<td>1<\/td>\n<td>Chi\u1ebfc<\/td>\n<td>\u00a0\u00a0\u00a0 7,500,000<\/td>\n<\/tr>\n<tr>\n<td>Hybrid 6H<\/td>\n<td>6H ULT 250H J L -1\/2&#8243;<br \/>IOMIC STICKY DEEP SEA-RED W\/HEAD COVER<\/td>\n<td>1<\/td>\n<td>Chi\u1ebfc<\/td>\n<td>\u00a0\u00a0\u00a0 7,500,000<\/td>\n<\/tr>\n<tr>\n<td>Irons set 6-9,P,U,S<\/td>\n<td>6-9,PW,UW,SW ULT 250I J L -1\/2&#8243;<br \/>RED IOMIC STICKY DEEP SEA-RED<\/td>\n<td>1<\/td>\n<td>B\u1ed9<\/td>\n<td>\u00a0 37,500,000<\/td>\n<\/tr>\n<tr>\n<td>Putter Anser<\/td>\n<td>ANSER 33&#8243; FLAT 1<br \/>RED STEPLESS STEEL (B) SLIGHT PING<\/td>\n<td>1<\/td>\n<td>Chi\u1ebfc<\/td>\n<td>\u00a0\u00a0\u00a0 7,500,000<\/td>\n<\/tr>\n<tr>\n<td>Putter Louise<\/td>\n<td>LOUISE 33&#8243; FLAT 1<br \/>RED STEPLESS STEEL (P) STRONG PING<\/td>\n<td>1<\/td>\n<td>Chi\u1ebfc<\/td>\n<td>\u00a0\u00a0\u00a0 7,500,000<\/td>\n<\/tr>\n<tr>\n<td>Putter Ketsch G<\/td>\n<td>KETSCH G 33&#8243; FLAT 1<br \/>RED STEPLESS STEEL (B) STRAIGHT PING<\/td>\n<td>1<\/td>\n<td>Chi\u1ebfc<\/td>\n<td>\u00a0\u00a0\u00a0 9,500,000<\/td>\n<\/tr>\n<\/tbody>\n<\/table>\n<\/div>\n<p>\t\t\t\t\t\t\t\t<img decoding=\"async\" src=\"http:\/\/xgolf.vn\/wp-content\/uploads\/2024\/09\/gay_full_set_ping_g_le3-anser_40b8d245ed374bed902637673b3f82e6_1024x1024-1.jpg\" alt=\"B\u1ed9 g\u1eady golf n\u1eef Full set G le3 | PING\" style=\"margin-left: auto;margin-right: auto\" width=\"100%\" title=\"gay_full_set_ping_g_le3-anser_40b8d245ed374bed902637673b3f82e6_1024x1024-1\"><\/p>\n<p>\t\t\t\t\t\t\t\t<img decoding=\"async\" src=\"http:\/\/xgolf.vn\/wp-content\/uploads\/2024\/09\/gay_full_set_ping_g_le3_0_ac6dd870b8cf48b6ad4e4d7432e532b3_1024x1024.jpg\" alt=\"B\u1ed9 g\u1eady golf n\u1eef Full set G le3 | PING\" style=\"margin-left: auto;margin-right: auto\" width=\"100%\" title=\"gay_full_set_ping_g_le3_0_ac6dd870b8cf48b6ad4e4d7432e532b3_1024x1024\"><\/p>\n<p>\t\t\t\t\t\t\t\t<img decoding=\"async\" src=\"http:\/\/xgolf.vn\/wp-content\/uploads\/2024\/09\/gay_full_set_ping_g_le3_driver_9da6b7d2418a4eee9a3f865280239107_1024x1024.jpg\" alt=\"B\u1ed9 g\u1eady golf n\u1eef Full set G le3 | PING\" style=\"margin-left: auto;margin-right: auto\" width=\"100%\" title=\"gay_full_set_ping_g_le3_driver_9da6b7d2418a4eee9a3f865280239107_1024x1024\"><\/p>\n<p>\t\t\t\t\t\t\t\t<img decoding=\"async\" src=\"http:\/\/xgolf.vn\/wp-content\/uploads\/2024\/09\/gay_full_set_ping_g_le3_fairway_f7df633af3364520aeb457a0266fc8f3_1024x1024.jpg\" alt=\"B\u1ed9 g\u1eady golf n\u1eef Full set G le3 | PING\" style=\"margin-left: auto;margin-right: auto\" width=\"100%\" title=\"gay_full_set_ping_g_le3_fairway_f7df633af3364520aeb457a0266fc8f3_1024x1024\"><\/p>\n<p>\t\t\t\t\t\t\t\t<img decoding=\"async\" src=\"http:\/\/xgolf.vn\/wp-content\/uploads\/2024\/09\/gay_full_set_ping_g_le3_hybrid_c98e3e7b05d84f87a9a229145e4535c6_1024x1024.jpg\" alt=\"B\u1ed9 g\u1eady golf n\u1eef Full set G le3 | PING\" style=\"margin-left: auto;margin-right: auto\" width=\"100%\" title=\"gay_full_set_ping_g_le3_hybrid_c98e3e7b05d84f87a9a229145e4535c6_1024x1024\"><\/p>\n<p>\t\t\t\t\t\t\t\t<img decoding=\"async\" src=\"http:\/\/xgolf.vn\/wp-content\/uploads\/2024\/09\/gle3_iron-cavity_lifestyle_708x708_f2bffb37b8c74b1ca7d657e26e8681c4_1024x1024.jpg\" alt=\"B\u1ed9 g\u1eady golf n\u1eef Full set G le3 | PING\" style=\"margin-left: auto;margin-right: auto\" width=\"100%\" title=\"gle3_iron-cavity_lifestyle_708x708_f2bffb37b8c74b1ca7d657e26e8681c4_1024x1024\"><\/p>\n<p>\t\t\t\t\t\t\t\t<img decoding=\"async\" src=\"http:\/\/xgolf.vn\/wp-content\/uploads\/2024\/09\/gay_full_set_ping_g_le3_putter_486495ed1e754b25b0384c2762c90d79_1024x1024.jpg\" alt=\"B\u1ed9 g\u1eady golf n\u1eef Full set G le3 | PING\" style=\"margin-left: auto;margin-right: auto\" width=\"100%\" title=\"gay_full_set_ping_g_le3_putter_486495ed1e754b25b0384c2762c90d79_1024x1024\"><\/p>\n<p>\t\t\t\t\t\t\t\t<img decoding=\"async\" src=\"http:\/\/xgolf.vn\/wp-content\/uploads\/2024\/09\/gay_full_set_ping_g_le3-ketsch-g_cedabf2dd9894b53bc278b2c098aaa89_1024x1024.jpg\" alt=\"B\u1ed9 g\u1eady golf n\u1eef Full set G le3 | PING\" style=\"margin-left: auto;margin-right: auto\" width=\"100%\" title=\"gay_full_set_ping_g_le3-ketsch-g_cedabf2dd9894b53bc278b2c098aaa89_1024x1024\"><\/p>\n<p>\t\t\t\t\t\t\t\t<img decoding=\"async\" src=\"http:\/\/xgolf.vn\/wp-content\/uploads\/2024\/09\/gay_full_set_ping_g_le3-louise_11aeae5dd2574d4c9de2f31ad79373af_1024x1024.jpg\" alt=\"B\u1ed9 g\u1eady golf n\u1eef Full set G le3 | PING\" style=\"margin-left: auto;margin-right: auto\" width=\"100%\" title=\"gay_full_set_ping_g_le3-louise_11aeae5dd2574d4c9de2f31ad79373af_1024x1024\"><\/p>\n<div><\/div>\n<div style=\"padding: 10px;text-align: left;margin-bottom: 10px;background-color: #a3e1ff;border-radius: 10px\">\n\t\t\t\t\t\t\t\t\t<strong>M\u00e0u s\u1eafc s\u1ea3n ph\u1ea9m<\/strong><br \/>H\u00ecnh \u1ea3nh s\u1ea3n ph\u1ea9m \u0111\u00e3 \u0111\u01b0\u1ee3c ch\u1ee5p t\u1eeb th\u1ef1c t\u1ebf, tuy nhi\u00ean t\u00f9y v\u00e0o m\u00f4i tr\u01b0\u1eddng \u00e1nh s\u00e1ng v\u00e0 m\u00e0n h\u00ecnh c\u1ee7a thi\u1ebft b\u1ecb, m\u00e0u s\u1eafc th\u1ef1c t\u1ebf c\u00f3 th\u1ec3 kh\u00f4ng ho\u00e0n to\u00e0n gi\u1ed1ng. Xin l\u01b0u \u00fd \u0111i\u1ec1u n\u00e0y khi mua h\u00e0ng.\n\t\t\t\t\t\t\t\t<\/div>\n<\/p><\/div>","protected":false},"excerpt":{"rendered":"<div id=\"variant-swatch-0\" class=\"swatch swatch-product-single clearfix\" data-option=\"option1\" data-option-index=\"0\">\n<div class=\"header\">\n      <span class=\"title\"><\/p>\n<p>          T\u00f9y ch\u1ecdn putter<\/p>\n<p>      <\/span><\/div>\n<div class=\"select-swap\">\n<div data-value=\"Anser\" class=\"n-sd swatch-element anser\">\n<p>                <label for=\"swatch-0-anser\"><br \/>\n                  Anser<br \/>\n                  <img decoding=\"async\" class=\"crossed-out\" src=\"https:\/\/theme.hstatic.net\/1000007560\/1001261951\/14\/soldout1.png?v=186\"><br \/>\n                  <img decoding=\"async\" class=\"img-check\" src=\"https:\/\/theme.hstatic.net\/1000007560\/1001261951\/14\/select-pro.png?v=186\"><br \/>\n                <\/label><\/p><\/div>\n<div data-value=\"Louise\" class=\"n-sd swatch-element louise\">\n<p>                <label for=\"swatch-0-louise\"><br \/>\n                  Louise<br \/>\n                  <img decoding=\"async\" class=\"crossed-out\" src=\"https:\/\/theme.hstatic.net\/1000007560\/1001261951\/14\/soldout1.png?v=186\"><br \/>\n                  <img decoding=\"async\" class=\"img-check\" src=\"https:\/\/theme.hstatic.net\/1000007560\/1001261951\/14\/select-pro.png?v=186\"><br \/>\n                <\/label><\/p><\/div>\n<div data-value=\"Ketsch G\" class=\"n-sd swatch-element ketsch-g\">\n<p>                <label for=\"swatch-0-ketsch-g\"><br \/>\n                  Ketsch G<br \/>\n                  <img decoding=\"async\" class=\"crossed-out\" src=\"https:\/\/theme.hstatic.net\/1000007560\/1001261951\/14\/soldout1.png?v=186\"><br \/>\n                  <img decoding=\"async\" class=\"img-check\" src=\"https:\/\/theme.hstatic.net\/1000007560\/1001261951\/14\/select-pro.png?v=186\"><br \/>\n                <\/label><\/p><\/div>\n<\/p><\/div>\n<\/p><\/div>","protected":false},"featured_media":25073,"comment_status":"closed","ping_status":"closed","template":"","meta":[],"pwb-brand":[3548],"product_cat":[3233],"product_tag":[3647,4618],"class_list":{"0":"post-25072","1":"product","2":"type-product","3":"status-publish","4":"has-post-thumbnail","6":"pwb-brand-ping","7":"product_cat-bo-gay-fullset-nu","8":"product_tag-a","9":"product_tag-iron","11":"first","12":"instock","13":"sale","14":"shipping-taxable","15":"purchasable","16":"product-type-simple"},"brands":[{"id":3548,"name":"PING","slug":"ping"}],"_links":{"self":[{"href":"https:\/\/xgolf.vn\/pt\/wp-json\/wp\/v2\/product\/25072","targetHints":{"allow":["GET"]}}],"collection":[{"href":"https:\/\/xgolf.vn\/pt\/wp-json\/wp\/v2\/product"}],"about":[{"href":"https:\/\/xgolf.vn\/pt\/wp-json\/wp\/v2\/types\/product"}],"replies":[{"embeddable":true,"href":"https:\/\/xgolf.vn\/pt\/wp-json\/wp\/v2\/comments?post=25072"}],"wp:featuredmedia":[{"embeddable":true,"href":"https:\/\/xgolf.vn\/pt\/wp-json\/wp\/v2\/media\/25073"}],"wp:attachment":[{"href":"https:\/\/xgolf.vn\/pt\/wp-json\/wp\/v2\/media?parent=25072"}],"wp:term":[{"taxonomy":"pwb-brand","embeddable":true,"href":"https:\/\/xgolf.vn\/pt\/wp-json\/wp\/v2\/pwb-brand?post=25072"},{"taxonomy":"product_cat","embeddable":true,"href":"https:\/\/xgolf.vn\/pt\/wp-json\/wp\/v2\/product_cat?post=25072"},{"taxonomy":"product_tag","embeddable":true,"href":"https:\/\/xgolf.vn\/pt\/wp-json\/wp\/v2\/product_tag?post=25072"}],"curies":[{"name":"wp","href":"https:\/\/api.w.org\/{rel}","templated":true}]}}