{"id":16198,"date":"2024-07-31T20:26:12","date_gmt":"2024-07-31T13:26:12","guid":{"rendered":"http:\/\/xgolf.vn\/-product-\/uncategorized\/gay-golf-driver-xxio-xx13-eks\/"},"modified":"2024-07-31T20:26:14","modified_gmt":"2024-07-31T13:26:14","slug":"gay-golf-driver-xxio-xx13-eks","status":"publish","type":"product","link":"https:\/\/xgolf.vn\/pt\/-product-\/gay\/driver\/gay-golf-driver-xxio-xx13-eks\/","title":{"rendered":"G\u1eady golf driver XXIO XX13 EKS"},"content":{"rendered":"<div class=\"product attribute description\">\n<div class=\"value\">#html-body [data-pb-style=C3WWW1L]{background-position:left top;background-size:cover;background-repeat:no-repeat;background-attachment:scroll;align-self:stretch}#html-body [data-pb-style=BRHV6OI]{display:flex;width:100%}#html-body [data-pb-style=OQEXBJC]{justify-content:flex-start;display:flex;flex-direction:column;background-position:left top;background-size:cover;background-repeat:no-repeat;background-attachment:scroll;width:100%;align-self:stretch}<\/p>\n<div class=\"pagebuilder-column-group\" data-background-images=\"{}\" data-content-type=\"column-group\" data-appearance=\"default\" data-grid-size=\"12\" data-element=\"main\" data-pb-style=\"C3WWW1L\">\n<div class=\"pagebuilder-column-line\" data-content-type=\"column-line\" data-element=\"main\" data-pb-style=\"BRHV6OI\">\n<div class=\"pagebuilder-column\" data-content-type=\"column\" data-appearance=\"full-height\" data-background-images=\"{}\" data-element=\"main\" data-pb-style=\"OQEXBJC\">\n<div data-content-type=\"text\" data-appearance=\"default\" data-element=\"main\">\n<p><strong>C\u00f4ng ngh\u1ec7 BiFLEX FACE:<\/strong> H\u00e3y t\u01b0\u1edfng t\u01b0\u1ee3ng m\u1ed9t khu\u00f4n m\u1eb7t n\u0103ng \u0111\u1ed9ng gi\u00fap t\u1ed1i \u0111a h\u00f3a vi\u1ec7c truy\u1ec1n n\u0103ng l\u01b0\u1ee3ng t\u1eeb c\u00e1c c\u00fa \u0111\u00e1nh l\u1ec7ch t\u00e2m. C\u00f4ng ngh\u1ec7 ti\u00ean ti\u1ebfn n\u00e0y gi\u00fap t\u0103ng c\u01b0\u1eddng t\u00ednh linh ho\u1ea1t, m\u1edf r\u1ed9ng v\u00f9ng t\u1ed1c \u0111\u1ed9 cao th\u00eam 125% cho XXIO 13 v\u00e0 143% cho XXIO X so v\u1edbi c\u00e1c m\u1eabu tr\u01b0\u1edbc \u0111\u00f3. K\u1ebft qu\u1ea3? T\u0103ng t\u1ed1c \u0111\u1ed9 b\u00f3ng v\u00e0 t\u0103ng kho\u1ea3ng c\u00e1ch \u1ea5n t\u01b0\u1ee3ng.<br \/><strong>Kh\u00ed \u0111\u1ed9ng l\u1ef1c h\u1ecdc ActivWing n\u00e2ng cao<\/strong>: V\u01b0\u01a1ng mi\u1ec7n &#8220;ActivWing&#8221; hai t\u1ea7ng gi\u00fap \u1ed5n \u0111\u1ecbnh ph\u1ea7n \u0111\u1ea7u, gi\u1ea3m s\u1ef1 gi\u00e1n \u0111o\u1ea1n khi xoay v\u00e0 t\u0103ng s\u1ee9c m\u1ea1nh. N\u00f3 gi\u1ed1ng nh\u01b0 c\u00f3 m\u1ed9t tr\u1ee3 l\u00fd kh\u00ed \u0111\u1ed9ng h\u1ecdc \u0111\u1ea3m b\u1ea3o s\u1ef1 \u1ed5n \u0111\u1ecbnh trong su\u1ed1t c\u00fa \u0111\u00e1nh c\u1ee7a b\u1ea1n.<br \/>KHUNG REBOUND v\u00e0 h\u01a1n th\u1ebf n\u1eefa: &#8220;Khung REBOUND&#8221; 4 l\u1edbp k\u1ebft h\u1ee3p v\u1edbi &#8220;thi\u1ebft k\u1ebf ph\u1ed3ng &amp; cu\u1ed9n 6 m\u1ea3nh&#8221; \u0111\u1ea3m b\u1ea3o t\u1ed1c \u0111\u1ed9 b\u00f3ng v\u00e0 \u0111\u1ed9 \u1ed5n \u0111\u1ecbnh v\u01b0\u1ee3t tr\u1ed9i, \u0111\u1ed3ng th\u1eddi gi\u1ea3m thi\u1ec3u m\u1ea5t ph\u01b0\u01a1ng h\u01b0\u1edbng ngay c\u1ea3 khi \u0111\u00e1nh l\u1ec7ch t\u00e2m. \u0110\u00f3 l\u00e0 s\u1ef1 k\u1ebft h\u1ee3p gi\u1eefa s\u1ef1 \u0111\u1ed5i m\u1edbi v\u00e0 ki\u1ebfn \u200b\u200bth\u1ee9c chuy\u00ean m\u00f4n t\u1eeb c\u00e1c m\u1eabu XXIO tr\u01b0\u1edbc \u0111\u00e2y.<br \/><strong>\u0110i\u1ec1u ch\u1ec9nh \u00e2m thanh ch\u00ednh x\u00e1c: <\/strong>Ch\u00fang t\u00f4i \u0111\u00e3 tinh ch\u1ec9nh \u00e2m thanh t\u00e1c \u0111\u1ed9ng. XXIO 13 mang \u0111\u1ebfn \u00e2m thanh tr\u00e0n \u0111\u1ea7y n\u0103ng l\u01b0\u1ee3ng, tr\u00e0n \u0111\u1ea7y sinh l\u1ef1c, trong khi XXIO X mang \u0111\u1ebfn s\u1ef1 c\u1ed9ng h\u01b0\u1edfng \u00e2m v\u1ef1c cao, th\u1ecfa m\u00e3n, n\u00e2ng cao tr\u1ea3i nghi\u1ec7m vung v\u1ee3t c\u1ee7a b\u1ea1n.<br \/>Tr\u1ee5c nh\u1eb9 c\u1ea3i ti\u1ebfn: \u0110\u01b0\u1ee3c thi\u1ebft k\u1ebf ri\u00eang \u0111\u1ec3 c\u00f3 hi\u1ec7u su\u1ea5t t\u1ed1i \u01b0u, &#8220;Tr\u1ee5c carbon XXIO MP1300&#8221; c\u1ee7a XXIO 13 v\u00e0 &#8220;Tr\u1ee5c carbon Miyazaki AX-3&#8221; c\u1ee7a XXIO X t\u1ea1o ra s\u1ef1 c\u00e2n b\u1eb1ng ho\u00e0n h\u1ea3o gi\u1eefa t\u00ednh linh ho\u1ea1t v\u00e0 c\u01b0\u1eddng \u0111\u1ed9 va \u0111\u1eadp, t\u0103ng t\u1ed1c \u0111\u1ed9 xoay v\u00e0 kh\u1ea3 n\u0103ng ki\u1ec3m so\u00e1t.<br \/>H\u1ec7 th\u1ed1ng \u0111i\u1ec1u ch\u1ec9nh nhanh: G\u1eady driver XXIO X \u0111\u01b0\u1ee3c trang b\u1ecb &#8220;H\u1ec7 th\u1ed1ng \u0111i\u1ec1u ch\u1ec9nh nhanh&#8221; cho ph\u00e9p b\u1ea1n nhanh ch\u00f3ng thay \u0111\u1ed5i g\u00f3c loft v\u00e0 g\u00f3c n\u1eb1m.<\/p>\n<\/div>\n<\/div>\n<\/div>\n<\/div>\n<\/div>\n<\/div>\n<ul class=\"attribute-specs-wrapper\">\n<li>\n                    Th\u1ec3 lo\u1ea1i: Driver                <\/li>\n<\/ul>","protected":false},"excerpt":{"rendered":"<div class=\"text-bottom--product-detail-info\">\n<div class=\"item\">\n        S\u1ea3n ph\u1ea9m ch\u00ednh h\u00e3ng 100%.\n    <\/div>\n<div class=\"item\">\n<div>\n          Ch\u00ednh s\u00e1ch \u0111\u1ed5i h\u00e0ng  (Xem chi ti\u1ebft).\n        <\/div>\n<\/div>\n<div class=\"item\">\n        Gi\u00e1 s\u1ea3n ph\u1ea9m \u0111\u00e3 bao g\u1ed3m VAT.\n    <\/div>\n<div class=\"item\">\n        Mi\u1ec5n ph\u00ed v\u1eadn chuy\u1ec3n th\u01b0\u1eddng\n    <\/div>\n<\/div>","protected":false},"featured_media":16199,"comment_status":"closed","ping_status":"closed","template":"","meta":[],"pwb-brand":[],"product_cat":[3254],"product_tag":[3940],"class_list":{"0":"post-16198","1":"product","2":"type-product","3":"status-publish","4":"has-post-thumbnail","6":"product_cat-driver","7":"product_tag-gay-golf-driver-xxio-xx13-eks","9":"first","10":"instock","11":"shipping-taxable","12":"purchasable","13":"product-type-simple"},"brands":[],"_links":{"self":[{"href":"https:\/\/xgolf.vn\/pt\/wp-json\/wp\/v2\/product\/16198","targetHints":{"allow":["GET"]}}],"collection":[{"href":"https:\/\/xgolf.vn\/pt\/wp-json\/wp\/v2\/product"}],"about":[{"href":"https:\/\/xgolf.vn\/pt\/wp-json\/wp\/v2\/types\/product"}],"replies":[{"embeddable":true,"href":"https:\/\/xgolf.vn\/pt\/wp-json\/wp\/v2\/comments?post=16198"}],"wp:featuredmedia":[{"embeddable":true,"href":"https:\/\/xgolf.vn\/pt\/wp-json\/wp\/v2\/media\/16199"}],"wp:attachment":[{"href":"https:\/\/xgolf.vn\/pt\/wp-json\/wp\/v2\/media?parent=16198"}],"wp:term":[{"taxonomy":"pwb-brand","embeddable":true,"href":"https:\/\/xgolf.vn\/pt\/wp-json\/wp\/v2\/pwb-brand?post=16198"},{"taxonomy":"product_cat","embeddable":true,"href":"https:\/\/xgolf.vn\/pt\/wp-json\/wp\/v2\/product_cat?post=16198"},{"taxonomy":"product_tag","embeddable":true,"href":"https:\/\/xgolf.vn\/pt\/wp-json\/wp\/v2\/product_tag?post=16198"}],"curies":[{"name":"wp","href":"https:\/\/api.w.org\/{rel}","templated":true}]}}