{"id":17969,"date":"2024-08-01T00:50:08","date_gmt":"2024-07-31T17:50:08","guid":{"rendered":"http:\/\/xgolf.vn\/-product-\/uncategorized\/but-ke-line-bong-golf-koma-12-symbols-3-lines\/"},"modified":"2024-08-01T00:50:12","modified_gmt":"2024-07-31T17:50:12","slug":"but-ke-line-bong-golf-koma-12-symbols-3-lines","status":"publish","type":"product","link":"https:\/\/xgolf.vn\/ja\/-product-\/phu-kien\/khac\/but-ke-line-bong-golf-koma-12-symbols-3-lines\/","title":{"rendered":"B\u00fat k\u1ebb line b\u00f3ng golf Koma 12 Symbols &amp; 3 Lines"},"content":{"rendered":"<div class=\"product attribute description\">\n<div class=\"value\">\n<h1>B\u00fat k\u1ebb line b\u00f3ng g\u00f4n\u00a0Koma 12 Symbols &amp; 3 Lines<\/h1>\n<p>k\u1ebb b\u00f3ng c\u0103n ch\u1ec9nh \u0111\u01b0\u1eddng\u00a0b\u00f3ng d\u1ebd d\u00e0ng h\u01a1n\u00a0<\/p>\n<\/div>\n<\/div>\n<ul class=\"attribute-specs-wrapper\">\n<li>\n                    H\u00e3ng: Koma                <\/li>\n<li>\n                    S\u1ea3n xu\u1ea5t : Trung Qu\u1ed1c                <\/li>\n<\/ul>","protected":false},"excerpt":{"rendered":"<div class=\"text-bottom--product-detail-info\">\n<div class=\"item\">\n        S\u1ea3n ph\u1ea9m ch\u00ednh h\u00e3ng 100%.\n    <\/div>\n<div class=\"item\">\n<div>\n          Ch\u00ednh s\u00e1ch \u0111\u1ed5i h\u00e0ng  (Xem chi ti\u1ebft).\n        <\/div>\n<\/div>\n<div class=\"item\">\n        Gi\u00e1 s\u1ea3n ph\u1ea9m \u0111\u00e3 bao g\u1ed3m VAT.\n    <\/div>\n<div class=\"item\">\n        Mi\u1ec5n ph\u00ed v\u1eadn chuy\u1ec3n th\u01b0\u1eddng\n    <\/div>\n<\/div>","protected":false},"featured_media":17970,"comment_status":"closed","ping_status":"closed","template":"","meta":[],"pwb-brand":[3866],"product_cat":[3349],"product_tag":[4734],"class_list":{"0":"post-17969","1":"product","2":"type-product","3":"status-publish","4":"has-post-thumbnail","6":"pwb-brand-koma","7":"product_cat-khac","8":"product_tag-but-ke-line-bong-golf-koma-12-symbols-3-lines","10":"first","11":"instock","12":"shipping-taxable","13":"purchasable","14":"product-type-simple"},"brands":[{"id":3866,"name":"Koma","slug":"koma"}],"_links":{"self":[{"href":"https:\/\/xgolf.vn\/ja\/wp-json\/wp\/v2\/product\/17969","targetHints":{"allow":["GET"]}}],"collection":[{"href":"https:\/\/xgolf.vn\/ja\/wp-json\/wp\/v2\/product"}],"about":[{"href":"https:\/\/xgolf.vn\/ja\/wp-json\/wp\/v2\/types\/product"}],"replies":[{"embeddable":true,"href":"https:\/\/xgolf.vn\/ja\/wp-json\/wp\/v2\/comments?post=17969"}],"wp:featuredmedia":[{"embeddable":true,"href":"https:\/\/xgolf.vn\/ja\/wp-json\/wp\/v2\/media\/17970"}],"wp:attachment":[{"href":"https:\/\/xgolf.vn\/ja\/wp-json\/wp\/v2\/media?parent=17969"}],"wp:term":[{"taxonomy":"pwb-brand","embeddable":true,"href":"https:\/\/xgolf.vn\/ja\/wp-json\/wp\/v2\/pwb-brand?post=17969"},{"taxonomy":"product_cat","embeddable":true,"href":"https:\/\/xgolf.vn\/ja\/wp-json\/wp\/v2\/product_cat?post=17969"},{"taxonomy":"product_tag","embeddable":true,"href":"https:\/\/xgolf.vn\/ja\/wp-json\/wp\/v2\/product_tag?post=17969"}],"curies":[{"name":"wp","href":"https:\/\/api.w.org\/{rel}","templated":true}]}}