{"id":26695,"date":"2024-09-10T01:30:19","date_gmt":"2024-09-09T18:30:19","guid":{"rendered":"http:\/\/xgolf.vn\/-product-\/uncategorized\/gay-hybrid-paradym-ai-smoke-hl-callaway\/"},"modified":"2024-09-10T01:32:59","modified_gmt":"2024-09-09T18:32:59","slug":"gay-hybrid-paradym-ai-smoke-hl-callaway","status":"publish","type":"product","link":"https:\/\/xgolf.vn\/hi\/-product-\/gay\/gay-hybrid-paradym-ai-smoke-hl-callaway\/","title":{"rendered":"G\u1eady Hybrid Paradym Ai SMOKE HL | Callaway"},"content":{"rendered":"<div id=\"proDes\" class=\"pro-tabcontent\">\n<h2 style=\"font-size: 24px;font-family: RobotoCondensed-Bold\"> G\u1eady Hybrid Paradym Ai SMOKE HL | Callaway<\/h2>\n<p>C\u00f4ng ngh\u1ec7 AI SMART FACE \u0111\u1ea7u ti\u00ean tr\u00ean Th\u1ebf gi\u1edbi \u0111\u01b0\u1ee3c thi\u1ebft k\u1ebf th\u00f4ng qua d\u1eef li\u1ec7u ghi nh\u1eadn t\u1eeb ng\u01b0\u1eddi ch\u01a1i th\u1eadt: AI SMART FACE l\u00e0 m\u1ed9t c\u00f4ng ngh\u1ec7 ho\u00e0n to\u00e0n m\u1edbi, hi\u1ec7u su\u1ea5t \u0111\u01b0\u1ee3c t\u1ed1i \u0111a h\u00f3a nh\u1edd ghi nh\u1eadn h\u00e0ng ngh\u00ecn c\u00fa vung g\u1eady golf th\u1ef1c t\u1ebf (bao g\u1ed3m t\u1ed1c \u0111\u1ed9 vung, s\u1ef1 ph\u00e2n t\u00e1n v\u00e0 h\u01b0\u1edbng m\u1eb7t g\u1eady).<\/p>\n<h3>Th\u00f4ng s\u1ed1 s\u1ea3n ph\u1ea9m<\/h3>\n<ul>\n<li>Lo\u1ea1i g\u1eady: game-improvement<\/li>\n<li>T\u1ed1c \u0111\u1ed9 vung g\u1eady: trung b\u00ecnh \u0111\u1ebfn b\u00ecnh th\u01b0\u1eddng<\/li>\n<li>Launch: cao h\u01a1n<\/li>\n<li>Shape\/profile: oversized, flat profile<\/li>\n<li>\u0110\u1ed9 \u1ed5n \u0111\u1ecbnh: cao h\u01a1n<\/li>\n<\/ul>\n<div>\n<h3>So s\u00e1nh c\u00e1c lo\u1ea1i g\u1eady\u00a0Hybrid Paradym Ai SMOKE<\/h3>\n<table cellpadding=\"0\" cellspacing=\"0\" border=\"1\">\n<tbody>\n<tr>\n<td style=\"text-align:center\"><img decoding=\"async\" src=\"http:\/\/xgolf.vn\/wp-content\/uploads\/2024\/09\/hybrids-2024-paradym-comparison-ai-smoke_54226b698a5e49d29ba815cbe0097870_small-2.jpg\" title=\"hybrids-2024-paradym-comparison-ai-smoke_54226b698a5e49d29ba815cbe0097870_small-2\"><br \/>AI SMOKE<\/td>\n<td>&#8211; Ng\u01b0\u1eddi ch\u01a1i c\u00f3 t\u1ed1c \u0111\u1ed9 vung g\u1eady t\u1eeb trung b\u00ecnh \u0111\u1ebfn nhanh h\u01a1n.<br \/>&#8211; Ng\u01b0\u1eddi ch\u01a1i golf c\u00f3 khuynh h\u01b0\u1edbng \u0111\u00e1nh b\u00f3ng b\u1ed5ng v\u00e0 mong mu\u1ed1n kho\u1ea3ng c\u00e1ch bay xa h\u01a1n.<\/td>\n<\/tr>\n<tr>\n<td style=\"text-align:center\"><img decoding=\"async\" src=\"http:\/\/xgolf.vn\/wp-content\/uploads\/2024\/09\/hybrids-2024-paradym-comparison-ai-smoke-hl_10ed7a86453645819e189bad25d637e6_small-2.jpg\" title=\"hybrids-2024-paradym-comparison-ai-smoke-hl_10ed7a86453645819e189bad25d637e6_small-2\"><br \/>AI SMOKE HL<\/td>\n<td>&#8211; Ng\u01b0\u1eddi ch\u01a1i c\u00f3 t\u1ed1c \u0111\u1ed9 vung g\u1eady t\u1eeb trung b\u00ecnh \u0111\u1ebfn m\u1ee9c b\u00ecnh th\u01b0\u1eddng.<br \/>&#8211; Ng\u01b0\u1eddi ch\u01a1i golf c\u00f3 mong mu\u1ed1n c\u1ea3i thi\u1ec7n \u0111\u01b0\u1eddng b\u00f3ng bay cao h\u01a1n \u0111\u1ec3 t\u1ed1i \u0111a h\u00f3a kho\u1ea3ng c\u00e1ch.<\/td>\n<\/tr>\n<tr>\n<td style=\"text-align:center\"><img decoding=\"async\" src=\"http:\/\/xgolf.vn\/wp-content\/uploads\/2024\/09\/hybrids-2024-paradym-ai-smoke-comparison-max-fast_106ff18164ed4727bbb5d804e6c56a18_small-2.jpg\" title=\"hybrids-2024-paradym-ai-smoke-comparison-max-fast_106ff18164ed4727bbb5d804e6c56a18_small-2\"><br \/>AI SMOKE MAX FAST<\/td>\n<td>&#8211; Ng\u01b0\u1eddi ch\u01a1i c\u00f3 t\u1ed1c \u0111\u1ed9 vung g\u1eady ch\u1eadm \u0111\u1ebfn trung b\u00ecnh.<br \/>&#8211; Ng\u01b0\u1eddi ch\u01a1i golf c\u1ea7n t\u0103ng t\u1ed1c \u0111\u1ed9 vung g\u1eady \u0111\u1ec3 \u0111\u00e1nh b\u00f3ng cao h\u01a1n v\u00e0 t\u0103ng t\u1ed1i \u0111a h\u00f3a kho\u1ea3ng c\u00e1ch b\u00f3ng bay c\u0169ng nh\u01b0 \u0111\u1ed9 h\u00e3m.<\/td>\n<\/tr>\n<\/tbody>\n<\/table>\n<\/div>\n<p>\t\t\t\t\t\t\t\t<img decoding=\"async\" src=\"http:\/\/xgolf.vn\/wp-content\/uploads\/2024\/09\/hybrids-2024-paradym-ai-smoke-hl___1_67e608268ab1464d93d4ff94e097a265_1024x1024-1.jpg\" alt=\"Paradym Ai | G\u1eady Hybrid Paradym Ai SMOKE HL | Paradym Ai SMOKE HL Hybr\" style=\"margin-left: auto;margin-right: auto\" width=\"100%\" title=\"hybrids-2024-paradym-ai-smoke-hl___1_67e608268ab1464d93d4ff94e097a265_1024x1024-1\"><\/p>\n<p>\t\t\t\t\t\t\t\t<img decoding=\"async\" src=\"http:\/\/xgolf.vn\/wp-content\/uploads\/2024\/09\/hybrids-2024-paradym-ai-smoke-hl___2_651a17b3edd14bdba1384ca1d0a6bd58_1024x1024.jpg\" alt=\"Paradym Ai | G\u1eady Hybrid Paradym Ai SMOKE HL | Paradym Ai SMOKE HL Hybr\" style=\"margin-left: auto;margin-right: auto\" width=\"100%\" title=\"hybrids-2024-paradym-ai-smoke-hl___2_651a17b3edd14bdba1384ca1d0a6bd58_1024x1024\"><\/p>\n<p>\t\t\t\t\t\t\t\t<img decoding=\"async\" src=\"http:\/\/xgolf.vn\/wp-content\/uploads\/2024\/09\/hybrids-2024-paradym-ai-smoke-hl___3_f7f5a1e96c21406ebd6e1754a74cc6b7_1024x1024.jpg\" alt=\"Paradym Ai | G\u1eady Hybrid Paradym Ai SMOKE HL | Paradym Ai SMOKE HL Hybr\" style=\"margin-left: auto;margin-right: auto\" width=\"100%\" title=\"hybrids-2024-paradym-ai-smoke-hl___3_f7f5a1e96c21406ebd6e1754a74cc6b7_1024x1024\"><\/p>\n<p>\t\t\t\t\t\t\t\t<img decoding=\"async\" src=\"http:\/\/xgolf.vn\/wp-content\/uploads\/2024\/09\/hybrids-2024-paradym-ai-smoke-hl___4_0aa609f872284916b931a39174a20999_1024x1024.jpg\" alt=\"Paradym Ai | G\u1eady Hybrid Paradym Ai SMOKE HL | Paradym Ai SMOKE HL Hybr\" style=\"margin-left: auto;margin-right: auto\" width=\"100%\" title=\"hybrids-2024-paradym-ai-smoke-hl___4_0aa609f872284916b931a39174a20999_1024x1024\"><\/p>\n<div><\/div>\n<div style=\"padding: 10px;text-align: left;margin-bottom: 10px;background-color: #a3e1ff;border-radius: 10px\">\n\t\t\t\t\t\t\t\t\t<strong>M\u00e0u s\u1eafc s\u1ea3n ph\u1ea9m<\/strong><br \/>H\u00ecnh \u1ea3nh s\u1ea3n ph\u1ea9m \u0111\u00e3 \u0111\u01b0\u1ee3c ch\u1ee5p t\u1eeb th\u1ef1c t\u1ebf, tuy nhi\u00ean t\u00f9y v\u00e0o m\u00f4i tr\u01b0\u1eddng \u00e1nh s\u00e1ng v\u00e0 m\u00e0n h\u00ecnh c\u1ee7a thi\u1ebft b\u1ecb, m\u00e0u s\u1eafc th\u1ef1c t\u1ebf c\u00f3 th\u1ec3 kh\u00f4ng ho\u00e0n to\u00e0n gi\u1ed1ng. Xin l\u01b0u \u00fd \u0111i\u1ec1u n\u00e0y khi mua h\u00e0ng.\n\t\t\t\t\t\t\t\t<\/div>\n<\/p><\/div>","protected":false},"excerpt":{"rendered":"<div id=\"variant-swatch-0\" class=\"swatch swatch-product-single clearfix\" data-option=\"option1\" data-option-index=\"0\">\n<div class=\"header\">\n      <span class=\"title\"><\/p>\n<p>          Tay thu\u1eadn<\/p>\n<p>      <\/span><\/div>\n<div class=\"select-swap\">\n<div data-value=\"Right Hand\" class=\"n-sd swatch-element right-hand\">\n<p>                <label for=\"swatch-0-right-hand\"><br \/>\n                  Right Hand<br \/>\n                  <img decoding=\"async\" class=\"crossed-out\" src=\"https:\/\/theme.hstatic.net\/1000007560\/1001261951\/14\/soldout1.png?v=200\"><br \/>\n                  <img decoding=\"async\" class=\"img-check\" src=\"https:\/\/theme.hstatic.net\/1000007560\/1001261951\/14\/select-pro.png?v=200\"><br \/>\n                <\/label><\/p><\/div>\n<\/p><\/div>\n<\/p><\/div>","protected":false},"featured_media":26696,"comment_status":"closed","ping_status":"closed","template":"","meta":[],"pwb-brand":[3519],"product_cat":[3253],"product_tag":[3647],"class_list":{"0":"post-26695","1":"product","2":"type-product","3":"status-publish","4":"has-post-thumbnail","6":"pwb-brand-callaway","7":"product_cat-gay","8":"product_tag-a","10":"first","11":"instock","12":"sale","13":"shipping-taxable","14":"purchasable","15":"product-type-simple"},"brands":[{"id":3519,"name":"Callaway","slug":"callaway"}],"_links":{"self":[{"href":"https:\/\/xgolf.vn\/hi\/wp-json\/wp\/v2\/product\/26695","targetHints":{"allow":["GET"]}}],"collection":[{"href":"https:\/\/xgolf.vn\/hi\/wp-json\/wp\/v2\/product"}],"about":[{"href":"https:\/\/xgolf.vn\/hi\/wp-json\/wp\/v2\/types\/product"}],"replies":[{"embeddable":true,"href":"https:\/\/xgolf.vn\/hi\/wp-json\/wp\/v2\/comments?post=26695"}],"wp:featuredmedia":[{"embeddable":true,"href":"https:\/\/xgolf.vn\/hi\/wp-json\/wp\/v2\/media\/26696"}],"wp:attachment":[{"href":"https:\/\/xgolf.vn\/hi\/wp-json\/wp\/v2\/media?parent=26695"}],"wp:term":[{"taxonomy":"pwb-brand","embeddable":true,"href":"https:\/\/xgolf.vn\/hi\/wp-json\/wp\/v2\/pwb-brand?post=26695"},{"taxonomy":"product_cat","embeddable":true,"href":"https:\/\/xgolf.vn\/hi\/wp-json\/wp\/v2\/product_cat?post=26695"},{"taxonomy":"product_tag","embeddable":true,"href":"https:\/\/xgolf.vn\/hi\/wp-json\/wp\/v2\/product_tag?post=26695"}],"curies":[{"name":"wp","href":"https:\/\/api.w.org\/{rel}","templated":true}]}}