{"id":25325,"date":"2024-09-05T16:32:30","date_gmt":"2024-09-05T09:32:30","guid":{"rendered":"http:\/\/xgolf.vn\/-product-\/uncategorized\/gay-driver-aerojet-max-2023-cobra\/"},"modified":"2024-09-05T16:32:52","modified_gmt":"2024-09-05T09:32:52","slug":"gay-driver-aerojet-max-2023-cobra","status":"publish","type":"product","link":"https:\/\/xgolf.vn\/hi\/-product-\/gay\/driver\/gay-driver-aerojet-max-2023-cobra\/","title":{"rendered":"G\u1eady Driver AEROJET MAX 2023 | Cobra"},"content":{"rendered":"<div id=\"proDes\" class=\"pro-tabcontent\">\n<h2 style=\"font-size: 24px;font-family: RobotoCondensed-Bold\">G\u1eady Driver AEROJET MAX 2023 | Cobra<\/h2>\n<p>\t\t\t\t\t\t\t\tDriver AEROJET d\u1ec5 ki\u1ec3m so\u00e1t nh\u1ea5t c\u1ee7a ch\u00fang t\u00f4i, m\u1eabu MAX d\u00e0nh cho n\u1eef mang \u0111\u1ebfn \u0111\u1ed9 l\u1ec7ch h\u01b0\u1edbng v\u00e0 \u0111\u1ed9 \u1ed5n \u0111\u1ecbnh v\u00f4 song nh\u1edd thi\u1ebft k\u1ebf \u0111\u1ed9 gi\u1ea3m xo\u00e1y cho kho\u1ea3ng c\u00e1ch t\u1ed1i \u0111a.<\/p>\n<div>\n<div class=\"youtube-embed-wrapper\" style=\"position: relative;padding-bottom: 56.25%;height: 0px\"><iframe class=\"iframe-youtube-embed\" width=\"640\" height=\"360\" src=\"https:\/\/www.youtube.com\/embed\/-_jleqW5pgE\" style=\"aspect-ratio: 16 \/ 9; width: 100%; height: 100%; position: absolute;\" frameborder><\/iframe><\/div>\n<\/div>\n<p>\t\t\t\t\t\t\t\t<img decoding=\"async\" src=\"http:\/\/xgolf.vn\/wp-content\/uploads\/2024\/09\/gay_driver_aerojet_max_2023_cobra__1__17ba85fee6974de9bd3d4e1862411567_1024x1024-1.jpg\" alt=\"G\u1eady Driver AEROJET MAX 2023 | Cobra\" style=\"margin-left: auto;margin-right: auto\" width=\"100%\" title=\"gay_driver_aerojet_max_2023_cobra__1__17ba85fee6974de9bd3d4e1862411567_1024x1024-1\"><\/p>\n<p>\t\t\t\t\t\t\t\t<img decoding=\"async\" src=\"http:\/\/xgolf.vn\/wp-content\/uploads\/2024\/09\/gay_driver_aerojet_max_2023_cobra__2__e73b0366c70946a2ae57c419fe44ea21_1024x1024.jpg\" alt=\"G\u1eady Driver AEROJET MAX 2023 | Cobra\" style=\"margin-left: auto;margin-right: auto\" width=\"100%\" title=\"gay_driver_aerojet_max_2023_cobra__2__e73b0366c70946a2ae57c419fe44ea21_1024x1024\"><\/p>\n<p>\t\t\t\t\t\t\t\t<img decoding=\"async\" src=\"http:\/\/xgolf.vn\/wp-content\/uploads\/2024\/09\/gay_driver_aerojet_max_2023_cobra__3__9afd0e4c95c54c1c82e822d3db5cf490_1024x1024.jpg\" alt=\"G\u1eady Driver AEROJET MAX 2023 | Cobra\" style=\"margin-left: auto;margin-right: auto\" width=\"100%\" title=\"gay_driver_aerojet_max_2023_cobra__3__9afd0e4c95c54c1c82e822d3db5cf490_1024x1024\"><\/p>\n<p>\t\t\t\t\t\t\t\t<img decoding=\"async\" src=\"http:\/\/xgolf.vn\/wp-content\/uploads\/2024\/09\/gay_driver_aerojet_max_2023_cobra__4__58db8c2ab42f4e31b861f4747d541f28_1024x1024.jpg\" alt=\"G\u1eady Driver AEROJET MAX 2023 | Cobra\" style=\"margin-left: auto;margin-right: auto\" width=\"100%\" title=\"gay_driver_aerojet_max_2023_cobra__4__58db8c2ab42f4e31b861f4747d541f28_1024x1024\"><\/p>\n<p>\t\t\t\t\t\t\t\t<img decoding=\"async\" src=\"http:\/\/xgolf.vn\/wp-content\/uploads\/2024\/09\/gay_driver_aerojet_max_2023_cobra__5__80935fd927034584a548e076d8c009f2_1024x1024.jpg\" alt=\"G\u1eady Driver AEROJET MAX 2023 | Cobra\" style=\"margin-left: auto;margin-right: auto\" width=\"100%\" title=\"gay_driver_aerojet_max_2023_cobra__5__80935fd927034584a548e076d8c009f2_1024x1024\"><\/p>\n<div><\/div>\n<div style=\"padding: 10px;text-align: left;margin-bottom: 10px;background-color: #a3e1ff;border-radius: 10px\">\n\t\t\t\t\t\t\t\t\t<strong>M\u00e0u s\u1eafc s\u1ea3n ph\u1ea9m<\/strong><br \/>H\u00ecnh \u1ea3nh s\u1ea3n ph\u1ea9m \u0111\u00e3 \u0111\u01b0\u1ee3c ch\u1ee5p t\u1eeb th\u1ef1c t\u1ebf, tuy nhi\u00ean t\u00f9y v\u00e0o m\u00f4i tr\u01b0\u1eddng \u00e1nh s\u00e1ng v\u00e0 m\u00e0n h\u00ecnh c\u1ee7a thi\u1ebft b\u1ecb, m\u00e0u s\u1eafc th\u1ef1c t\u1ebf c\u00f3 th\u1ec3 kh\u00f4ng ho\u00e0n to\u00e0n gi\u1ed1ng. Xin l\u01b0u \u00fd \u0111i\u1ec1u n\u00e0y khi mua h\u00e0ng.\n\t\t\t\t\t\t\t\t<\/div>\n<\/p><\/div>","protected":false},"excerpt":{"rendered":"<div id=\"variant-swatch-0\" class=\"swatch swatch-product-single clearfix\" data-option=\"option1\" data-option-index=\"0\">\n<div class=\"header\">\n      <span class=\"title\"><\/p>\n<p>          Loft<\/p>\n<p>      <\/span><\/div>\n<div class=\"select-swap\">\n<div data-value=\"10.5\u00b0\" class=\"n-sd swatch-element 10-5\">\n<p>                <label for=\"swatch-0-10-5\"><br \/>\n                  10.5\u00b0<br \/>\n                  <img decoding=\"async\" class=\"crossed-out\" src=\"https:\/\/theme.hstatic.net\/1000007560\/1001261951\/14\/soldout1.png?v=186\"><br \/>\n                  <img decoding=\"async\" class=\"img-check\" src=\"https:\/\/theme.hstatic.net\/1000007560\/1001261951\/14\/select-pro.png?v=186\"><br \/>\n                <\/label><\/p><\/div>\n<\/p><\/div>\n<\/p><\/div>","protected":false},"featured_media":25326,"comment_status":"closed","ping_status":"closed","template":"","meta":[],"pwb-brand":[7869],"product_cat":[3254],"product_tag":[3647],"class_list":{"0":"post-25325","1":"product","2":"type-product","3":"status-publish","4":"has-post-thumbnail","6":"pwb-brand-cobra","7":"product_cat-driver","8":"product_tag-a","10":"first","11":"instock","12":"sale","13":"shipping-taxable","14":"purchasable","15":"product-type-simple"},"brands":[{"id":7869,"name":"Cobra","slug":"cobra"}],"_links":{"self":[{"href":"https:\/\/xgolf.vn\/hi\/wp-json\/wp\/v2\/product\/25325","targetHints":{"allow":["GET"]}}],"collection":[{"href":"https:\/\/xgolf.vn\/hi\/wp-json\/wp\/v2\/product"}],"about":[{"href":"https:\/\/xgolf.vn\/hi\/wp-json\/wp\/v2\/types\/product"}],"replies":[{"embeddable":true,"href":"https:\/\/xgolf.vn\/hi\/wp-json\/wp\/v2\/comments?post=25325"}],"wp:featuredmedia":[{"embeddable":true,"href":"https:\/\/xgolf.vn\/hi\/wp-json\/wp\/v2\/media\/25326"}],"wp:attachment":[{"href":"https:\/\/xgolf.vn\/hi\/wp-json\/wp\/v2\/media?parent=25325"}],"wp:term":[{"taxonomy":"pwb-brand","embeddable":true,"href":"https:\/\/xgolf.vn\/hi\/wp-json\/wp\/v2\/pwb-brand?post=25325"},{"taxonomy":"product_cat","embeddable":true,"href":"https:\/\/xgolf.vn\/hi\/wp-json\/wp\/v2\/product_cat?post=25325"},{"taxonomy":"product_tag","embeddable":true,"href":"https:\/\/xgolf.vn\/hi\/wp-json\/wp\/v2\/product_tag?post=25325"}],"curies":[{"name":"wp","href":"https:\/\/api.w.org\/{rel}","templated":true}]}}