{"id":18272,"date":"2024-08-01T01:36:05","date_gmt":"2024-07-31T18:36:05","guid":{"rendered":"http:\/\/xgolf.vn\/-product-\/uncategorized\/kinh-golf-tifosi-crit-matte-black\/"},"modified":"2024-08-01T01:36:09","modified_gmt":"2024-07-31T18:36:09","slug":"kinh-golf-tifosi-crit-matte-black","status":"publish","type":"product","link":"https:\/\/xgolf.vn\/hi\/-product-\/phu-kien\/kinh\/kinh-golf-tifosi-crit-matte-black\/","title":{"rendered":"Ki\u0301nh golf TIFOSI CRIT, MATTE BLACK"},"content":{"rendered":"<div class=\"product attribute description\">\n<div class=\"value\">#html-body [data-pb-style=JMI3OUR]{border-width:1px}#html-body [data-pb-style=UM1HACK]{text-align:left}#html-body [data-pb-style=C2Y78DJ]{border-width:1px;min-height:300px}#html-body [data-pb-style=TRWH873]{justify-content:flex-start;display:flex;flex-direction:column;background-position:left top;background-size:cover;background-repeat:no-repeat;background-attachment:scroll}<\/p>\n<div class=\"tab-align-left\" data-content-type=\"tabs\" data-appearance=\"default\" data-active-tab=\"\" data-element=\"main\">\n<ul role=\"tablist\" class=\"tabs-navigation\" data-element=\"navigation\" data-pb-style=\"UM1HACK\">\n<li role=\"tab\" class=\"tab-header\" data-element=\"headers\" data-pb-style=\"JMI3OUR\"><span class=\"tab-title\">Tab 1<\/span><\/li>\n<\/ul>\n<div class=\"tabs-content\" data-element=\"content\" data-pb-style=\"C2Y78DJ\">\n<div data-content-type=\"tab-item\" data-appearance=\"default\" data-tab-name=\"Tab 1\" data-background-images=\"{}\" data-element=\"main\" id=\"B9K50T8\" data-pb-style=\"TRWH873\">\n<div data-content-type=\"text\" data-appearance=\"default\" data-element=\"main\">\n<h4>\u00a0KINH MAT TIFOSI , CRIT, MATTE BLACK<\/h4>\n<p>M\u1eabu Crit trang b\u1ecb tr\u00f2ng k\u00ednh Enliven\u2122, c\u00f4ng ngh\u1ec7 b\u1eaft m\u00e0u v\u00e0 tinh ch\u1ec9nh c\u00e1c b\u01b0\u1edbc s\u00f3ng \u00e1nh s\u00e1ng quan tr\u1ecdng nh\u01b0 m\u00e0u xanh l\u00e1 c\u00e2y, xanh lam v\u00e0 \u0111\u1ecf.<\/p>\n<p>\u00a0C\u00e0ng k\u00ednh \u0111i\u1ec1u ch\u1ec9nh \u0111\u01b0\u1ee3c<\/p>\n<p>H\u1ed7 tr\u1ee3 t\u00f9y ch\u1ec9nh, t\u0103ng s\u1ef1 tho\u1ea3i m\u00e1i khi s\u1eed d\u1ee5ng.<br \/>\u00a0<br \/><strong>Ch\u1ea5t li\u1ec7u POLYCARBONATE<\/strong><\/p>\n<p>\u0110\u01b0\u1ee3c ch\u1ebf t\u1ea1o t\u1eeb ch\u1ea5t li\u1ec7u polycarbonate ch\u1ed1ng tr\u1ea7y x\u01b0\u1edbc, ch\u1ed1ng v\u1ee1.<br \/>\u00a0<br \/><strong>Ch\u1ed1ng ch\u00f3i<\/strong><\/p>\n<p>L\u1edbp ph\u1ee7 tr\u00f2ng k\u00ednh b\u1ea3o v\u1ec7 ch\u1ed1ng ch\u00f3i \u0111\u1ed9c quy\u1ec1n c\u1ee7a Tifosi l\u00e0m gi\u1ea3m m\u1ecfi m\u1eaft.<br \/>\u00a0<br \/><strong>G\u1ecdng k\u00ednh b\u1eb1ng ch\u1ea5t li\u1ec7u GRILAMID TR-90<\/strong><\/p>\n<p>Ch\u1ea5t li\u1ec7u nylon c\u1ef1c k\u1ef3 nh\u1eb9 v\u00e0 b\u1ec1n, ch\u1ed1ng l\u1ea1i c\u00e1c t\u00e1c h\u1ea1i t\u1eeb ch\u1ea5t h\u00f3a h\u1ecdc v\u00e0 tia c\u1ef1c t\u00edm.<br \/>\u00a0<br \/><strong>Cao su \u01b0a n\u01b0\u1edbc\u00a0<\/strong><\/p>\n<p>Ph\u1ea7n cao su \u01b0a n\u01b0\u1edbc \u1edf \u0111\u1ec7m tai v\u00e0 m\u0169i gi\u00fap t\u0103ng \u0111\u1ed9 b\u00e1m ngay c\u1ea3 khi \u0111\u1ed5 m\u1ed3 h\u00f4i.<br \/>\u00a0<br \/><strong>\u0110\u1ea1t chu\u1ea9n quang h\u1ecdc\u00a0<\/strong><\/p>\n<p>Gi\u00fap hi\u1ec3n th\u1ecb m\u1ed9t c\u00e1ch ch\u00e2n th\u1eadt v\u00e0 ng\u0103n ng\u1eeba hi\u1ec7n t\u01b0\u1ee3ng ph\u00f3ng \u0111\u1ea1i kh\u00f4ng mong mu\u1ed1n.<br \/>\u00a0<br \/><strong>Ch\u1ed1ng Tia UV<\/strong><\/p>\n<p>T\u1ea5t c\u1ea3 tr\u00f2ng k\u00ednh Tifosi 100% \u0111\u1ec1u ch\u1ed1ng tia UVA v\u00e0 UVB \u0111\u1ed9c h\u1ea1i.<br \/><strong>\u00a0<\/strong><br \/><strong>H\u1ed9p k\u00ednh k\u00e8m theo<\/strong><\/p>\n<p>Gi\u00fap b\u1ea3o qu\u1ea3n k\u00ednh t\u1ed1t h\u01a1n. \u00a0<br \/>\u0110\u1ec7m m\u0169i \u0111i\u1ec1u ch\u1ec9nh \u0111\u01b0\u1ee3c\u00a0<\/p>\n<p>H\u1ed7 tr\u1ee3 t\u00f9y ch\u1ec9nh, h\u1ea1n ch\u1ebf tr\u01b0\u1ee3t v\u00e0 t\u0103ng s\u1ef1 tho\u1ea3i m\u00e1i.<br \/>\u00a0<br \/><strong>Tr\u00f2ng k\u00ednh tho\u00e1ng kh\u00ed<\/strong><\/p>\n<p>T\u0103ng lu\u1ed3ng kh\u00f4ng kh\u00ed \u0111\u1ec3 ng\u0103n ch\u1eb7n hi\u1ec7n t\u01b0\u1ee3ng m\u1edd k\u00ednh v\u00e0 tho\u00e1ng m\u00e1t h\u01a1n.<\/p>\n<\/div>\n<\/div>\n<\/div>\n<\/div>\n<\/div>\n<\/div>\n<ul class=\"attribute-specs-wrapper\">\n<li>\n                    Gi\u1edbi t\u00ednh: Nam                <\/li>\n<li>\n                    H\u00e3ng: TIFOSI                <\/li>\n<li>\n                    S\u1ea3n xu\u1ea5t : Trung Qu\u1ed1c                <\/li>\n<\/ul>","protected":false},"excerpt":{"rendered":"<div class=\"text-bottom--product-detail-info\">\n<div class=\"item\">\n        S\u1ea3n ph\u1ea9m ch\u00ednh h\u00e3ng 100%.\n    <\/div>\n<div class=\"item\">\n<div>\n          Ch\u00ednh s\u00e1ch \u0111\u1ed5i h\u00e0ng  (Xem chi ti\u1ebft).\n        <\/div>\n<\/div>\n<div class=\"item\">\n        Gi\u00e1 s\u1ea3n ph\u1ea9m \u0111\u00e3 bao g\u1ed3m VAT.\n    <\/div>\n<div class=\"item\">\n        Mi\u1ec5n ph\u00ed v\u1eadn chuy\u1ec3n th\u01b0\u1eddng\n    <\/div>\n<\/div>","protected":false},"featured_media":18273,"comment_status":"closed","ping_status":"closed","template":"","meta":[],"pwb-brand":[4361],"product_cat":[3346],"product_tag":[4847,4599],"class_list":{"0":"post-18272","1":"product","2":"type-product","3":"status-publish","4":"has-post-thumbnail","6":"pwb-brand-tifosi","7":"product_cat-kinh","8":"product_tag-kinh-golf-tifosi-crit","9":"product_tag-matte-black","11":"first","12":"instock","13":"shipping-taxable","14":"purchasable","15":"product-type-simple"},"brands":[{"id":4361,"name":"TIFOSI","slug":"tifosi"}],"_links":{"self":[{"href":"https:\/\/xgolf.vn\/hi\/wp-json\/wp\/v2\/product\/18272","targetHints":{"allow":["GET"]}}],"collection":[{"href":"https:\/\/xgolf.vn\/hi\/wp-json\/wp\/v2\/product"}],"about":[{"href":"https:\/\/xgolf.vn\/hi\/wp-json\/wp\/v2\/types\/product"}],"replies":[{"embeddable":true,"href":"https:\/\/xgolf.vn\/hi\/wp-json\/wp\/v2\/comments?post=18272"}],"wp:featuredmedia":[{"embeddable":true,"href":"https:\/\/xgolf.vn\/hi\/wp-json\/wp\/v2\/media\/18273"}],"wp:attachment":[{"href":"https:\/\/xgolf.vn\/hi\/wp-json\/wp\/v2\/media?parent=18272"}],"wp:term":[{"taxonomy":"pwb-brand","embeddable":true,"href":"https:\/\/xgolf.vn\/hi\/wp-json\/wp\/v2\/pwb-brand?post=18272"},{"taxonomy":"product_cat","embeddable":true,"href":"https:\/\/xgolf.vn\/hi\/wp-json\/wp\/v2\/product_cat?post=18272"},{"taxonomy":"product_tag","embeddable":true,"href":"https:\/\/xgolf.vn\/hi\/wp-json\/wp\/v2\/product_tag?post=18272"}],"curies":[{"name":"wp","href":"https:\/\/api.w.org\/{rel}","templated":true}]}}