{"id":18123,"date":"2024-08-01T01:15:19","date_gmt":"2024-07-31T18:15:19","guid":{"rendered":"http:\/\/xgolf.vn\/-product-\/uncategorized\/kinh-golf-tifosi-track-white-black\/"},"modified":"2024-08-01T01:15:23","modified_gmt":"2024-07-31T18:15:23","slug":"kinh-golf-tifosi-track-white-black","status":"publish","type":"product","link":"https:\/\/xgolf.vn\/hi\/-product-\/phu-kien\/kinh\/kinh-golf-tifosi-track-white-black\/","title":{"rendered":"Ki\u0301nh golf TIFOSI TRACK, WHITE\/BLACK"},"content":{"rendered":"<div class=\"product attribute description\">\n<div class=\"value\">#html-body [data-pb-style=XDYAL2H]{background-position:left top;background-size:cover;background-repeat:no-repeat;background-attachment:scroll;align-self:stretch}#html-body [data-pb-style=IADMOF9]{display:flex;width:100%}#html-body [data-pb-style=R32PUU2]{justify-content:flex-start;display:flex;flex-direction:column;background-position:left top;background-size:cover;background-repeat:no-repeat;background-attachment:scroll;width:100%;align-self:stretch}<\/p>\n<div class=\"pagebuilder-column-group\" data-background-images=\"{}\" data-content-type=\"column-group\" data-appearance=\"default\" data-grid-size=\"12\" data-element=\"main\" data-pb-style=\"XDYAL2H\">\n<div class=\"pagebuilder-column-line\" data-content-type=\"column-line\" data-element=\"main\" data-pb-style=\"IADMOF9\">\n<div class=\"pagebuilder-column\" data-content-type=\"column\" data-appearance=\"full-height\" data-background-images=\"{}\" data-element=\"main\" data-pb-style=\"R32PUU2\">\n<div data-content-type=\"text\" data-appearance=\"default\" data-element=\"main\">\n<h3>Ki\u0301nh golf TIFOSI\u00a0 TRACK, WHITE\/BLACK<\/h3>\n<p>S\u1eed d\u1ee5ng ch\u1ea5t li\u1ec7u Grilamid TR-90, m\u1ed9t h\u1ee3p ch\u1ea5t nylon homopolyamide \u0111\u1eb7c tr\u01b0ng b\u1edfi \u0111\u1ed9 b\u1ec1n khi u\u1ed1n cong c\u1ef1c k\u1ef3 cao, t\u1ef7 tr\u1ecdng th\u1ea5p v\u00e0 kh\u1ea3 n\u0103ng ch\u1ed1ng l\u1ea1i t\u00e1c h\u1ea1i c\u1ee7a h\u00f3a ch\u1ea5t v\u00e0 tia c\u1ef1c t\u00edm cao. Ph\u1ea7n \u0111\u1ec7m tai v\u00e0 m\u0169i b\u1eb1ng cao su \u01b0a n\u01b0\u1edbc th\u1ea5m h\u00fat cao ch\u1ed1ng tr\u01b0\u1ee3t hi\u1ec7u qu\u1ea3.<\/p>\n<p><strong>Ch\u1ea5t li\u1ec7u POLYCARBONATE<\/strong><\/p>\n<p>\u0110\u01b0\u1ee3c ch\u1ebf t\u1ea1o t\u1eeb ch\u1ea5t li\u1ec7u polycarbonate ch\u1ed1ng tr\u1ea7y x\u01b0\u1edbc, ch\u1ed1ng v\u1ee1.<br \/>\u00a0<br \/><strong>Ch\u1ed1ng ch\u00f3i<\/strong><\/p>\n<p>L\u1edbp ph\u1ee7 tr\u00f2ng k\u00ednh b\u1ea3o v\u1ec7 ch\u1ed1ng ch\u00f3i \u0111\u1ed9c quy\u1ec1n c\u1ee7a Tifosi l\u00e0m gi\u1ea3m m\u1ecfi m\u1eaft.<br \/>\u00a0<br \/><strong>G\u1ecdng k\u00ednh b\u1eb1ng ch\u1ea5t li\u1ec7u GRILAMID TR-90<\/strong><\/p>\n<p>Ch\u1ea5t li\u1ec7u nylon c\u1ef1c k\u1ef3 nh\u1eb9 v\u00e0 b\u1ec1n, ch\u1ed1ng l\u1ea1i c\u00e1c t\u00e1c h\u1ea1i t\u1eeb ch\u1ea5t h\u00f3a h\u1ecdc v\u00e0 tia c\u1ef1c t\u00edm.<br \/>\u00a0<br \/><strong>Cao su \u01b0a n\u01b0\u1edbc\u00a0<\/strong><\/p>\n<p>Ph\u1ea7n cao su \u01b0a n\u01b0\u1edbc \u1edf \u0111\u1ec7m tai v\u00e0 m\u0169i gi\u00fap t\u0103ng \u0111\u1ed9 b\u00e1m ngay c\u1ea3 khi \u0111\u1ed5 m\u1ed3 h\u00f4i.<br \/>\u00a0<br \/><strong>Ch\u1ed1ng Tia UV<\/strong><\/p>\n<p>T\u1ea5t c\u1ea3 tr\u00f2ng k\u00ednh Tifosi 100% \u0111\u1ec1u ch\u1ed1ng tia UVA v\u00e0 UVB \u0111\u1ed9c h\u1ea1i.<\/p>\n<\/div>\n<\/div>\n<\/div>\n<\/div>\n<\/div>\n<\/div>\n<ul class=\"attribute-specs-wrapper\">\n<li>\n                    Gi\u1edbi t\u00ednh: Nam                <\/li>\n<li>\n                    H\u00e3ng: TIFOSI                <\/li>\n<li>\n                    S\u1ea3n xu\u1ea5t : Trung Qu\u1ed1c                <\/li>\n<\/ul>","protected":false},"excerpt":{"rendered":"<div class=\"text-bottom--product-detail-info\">\n<div class=\"item\">\n        S\u1ea3n ph\u1ea9m ch\u00ednh h\u00e3ng 100%.\n    <\/div>\n<div class=\"item\">\n<div>\n          Ch\u00ednh s\u00e1ch \u0111\u1ed5i h\u00e0ng  (Xem chi ti\u1ebft).\n        <\/div>\n<\/div>\n<div class=\"item\">\n        Gi\u00e1 s\u1ea3n ph\u1ea9m \u0111\u00e3 bao g\u1ed3m VAT.\n    <\/div>\n<div class=\"item\">\n        Mi\u1ec5n ph\u00ed v\u1eadn chuy\u1ec3n th\u01b0\u1eddng\n    <\/div>\n<\/div>","protected":false},"featured_media":18124,"comment_status":"closed","ping_status":"closed","template":"","meta":[],"pwb-brand":[4361],"product_cat":[3346],"product_tag":[4708,4727],"class_list":{"0":"post-18123","1":"product","2":"type-product","3":"status-publish","4":"has-post-thumbnail","6":"pwb-brand-tifosi","7":"product_cat-kinh","8":"product_tag-kinh-golf-tifosi-track","9":"product_tag-white-black","11":"first","12":"instock","13":"shipping-taxable","14":"purchasable","15":"product-type-simple"},"brands":[{"id":4361,"name":"TIFOSI","slug":"tifosi"}],"_links":{"self":[{"href":"https:\/\/xgolf.vn\/hi\/wp-json\/wp\/v2\/product\/18123","targetHints":{"allow":["GET"]}}],"collection":[{"href":"https:\/\/xgolf.vn\/hi\/wp-json\/wp\/v2\/product"}],"about":[{"href":"https:\/\/xgolf.vn\/hi\/wp-json\/wp\/v2\/types\/product"}],"replies":[{"embeddable":true,"href":"https:\/\/xgolf.vn\/hi\/wp-json\/wp\/v2\/comments?post=18123"}],"wp:featuredmedia":[{"embeddable":true,"href":"https:\/\/xgolf.vn\/hi\/wp-json\/wp\/v2\/media\/18124"}],"wp:attachment":[{"href":"https:\/\/xgolf.vn\/hi\/wp-json\/wp\/v2\/media?parent=18123"}],"wp:term":[{"taxonomy":"pwb-brand","embeddable":true,"href":"https:\/\/xgolf.vn\/hi\/wp-json\/wp\/v2\/pwb-brand?post=18123"},{"taxonomy":"product_cat","embeddable":true,"href":"https:\/\/xgolf.vn\/hi\/wp-json\/wp\/v2\/product_cat?post=18123"},{"taxonomy":"product_tag","embeddable":true,"href":"https:\/\/xgolf.vn\/hi\/wp-json\/wp\/v2\/product_tag?post=18123"}],"curies":[{"name":"wp","href":"https:\/\/api.w.org\/{rel}","templated":true}]}}