{"id":17647,"date":"2024-07-31T23:59:12","date_gmt":"2024-07-31T16:59:12","guid":{"rendered":"http:\/\/xgolf.vn\/-product-\/uncategorized\/kinh-golf-tifosi-rail-xc-blackout-interchangeable\/"},"modified":"2024-07-31T23:59:15","modified_gmt":"2024-07-31T16:59:15","slug":"kinh-golf-tifosi-rail-xc-blackout-interchangeable","status":"publish","type":"product","link":"https:\/\/xgolf.vn\/hi\/-product-\/phu-kien\/kinh\/kinh-golf-tifosi-rail-xc-blackout-interchangeable\/","title":{"rendered":"Ki\u0301nh golf TIFOSI RAIL XC, BLACKOUT, INTERCHANGEABLE"},"content":{"rendered":"<div class=\"product attribute description\">\n<div class=\"value\">#html-body [data-pb-style=NGEF41L]{background-position:left top;background-size:cover;background-repeat:no-repeat;background-attachment:scroll;align-self:stretch}#html-body [data-pb-style=E5HK8ON]{display:flex;width:100%}#html-body [data-pb-style=PJY0QBI]{justify-content:flex-start;display:flex;flex-direction:column;background-position:left top;background-size:cover;background-repeat:no-repeat;background-attachment:scroll;width:100%;align-self:stretch}<\/p>\n<div class=\"pagebuilder-column-group\" data-background-images=\"{}\" data-content-type=\"column-group\" data-appearance=\"default\" data-grid-size=\"12\" data-element=\"main\" data-pb-style=\"NGEF41L\">\n<div class=\"pagebuilder-column-line\" data-content-type=\"column-line\" data-element=\"main\" data-pb-style=\"E5HK8ON\">\n<div class=\"pagebuilder-column\" data-content-type=\"column\" data-appearance=\"full-height\" data-background-images=\"{}\" data-element=\"main\" data-pb-style=\"PJY0QBI\">\n<div data-content-type=\"text\" data-appearance=\"default\" data-element=\"main\">\n<h3>TIFOSI KINH MAT GOLF, RAIL XC, BLACKOUT, INTERCHANGEABLE<\/h3>\n<ul>\n<li><strong>G\u1ecdng<\/strong>: Ch\u1ea5t li\u1ec7u Grilamid TR-90 si\u00eau nh\u1eb9 v\u00e0 b\u1ec1n ch\u1eafc<\/li>\n<li><strong>B\u1ed9 3 Tr\u00f2ng<\/strong>: Smoke \/ AC Red \/ Clear \u2013 tr\u00f2ng k\u00ednh polycarbonate ch\u1ed1ng v\u1ee1 c\u00f3 th\u1ec3 d\u1ec5 d\u00e0ng thay th\u1ebf \u0111\u1ec3 ph\u00f9 h\u1ee3p v\u1edbi \u0111i\u1ec1u ki\u1ec7n \u00e1nh s\u00e1ng m\u1ea1nh ho\u1eb7c y\u1ebfu.<\/li>\n<li><strong>T\u00ednh n\u0103ng<\/strong>: Thi\u1ebft k\u1ebf kh\u00f4ng g\u1ecdng si\u00eau nh\u1eb9, mi\u1ebfng \u0111\u1ec7m tai v\u00e0 m\u0169i c\u00f3 th\u1ec3 \u0111i\u1ec1u ch\u1ec9nh t\u00f9y \u00fd, ph\u1ea7n \u0111\u1ec7m tai v\u00e0 m\u0169i b\u1eb1ng cao su h\u00fat n\u01b0\u1edbc gi\u00fap t\u0103ng \u0111\u1ed9 b\u00e1m ngay c\u1ea3 khi \u0111\u1ed5 nhi\u1ec1u m\u1ed3 h\u00f4i.<\/li>\n<li><strong>Ph\u00f9 h\u1ee3p g\u01b0\u01a1ng m\u1eb7t:<\/strong> Nh\u1ecf v\u00e0 Trung B\u00ecnh \u00a0| Tr\u1ecdng l\u01b0\u1ee3ng: 31G<\/li>\n<li><strong>T\u1eb7ng k\u00e8m: <\/strong>H\u1ed9p c\u1ee9ng c\u00f3 kh\u00f3a k\u00e9o &amp; kh\u0103n m\u1ec1m lau k\u00ednh Microfiber.<\/li>\n<\/ul>\n<\/div>\n<\/div>\n<\/div>\n<\/div>\n<\/div>\n<\/div>\n<ul class=\"attribute-specs-wrapper\">\n<li>\n                    Gi\u1edbi t\u00ednh: Nam                <\/li>\n<li>\n                    H\u00e3ng: TIFOSI                <\/li>\n<li>\n                    S\u1ea3n xu\u1ea5t : Trung Qu\u1ed1c                <\/li>\n<\/ul>","protected":false},"excerpt":{"rendered":"<div class=\"text-bottom--product-detail-info\">\n<div class=\"item\">\n        S\u1ea3n ph\u1ea9m ch\u00ednh h\u00e3ng 100%.\n    <\/div>\n<div class=\"item\">\n<div>\n          Ch\u00ednh s\u00e1ch \u0111\u1ed5i h\u00e0ng  (Xem chi ti\u1ebft).\n        <\/div>\n<\/div>\n<div class=\"item\">\n        Gi\u00e1 s\u1ea3n ph\u1ea9m \u0111\u00e3 bao g\u1ed3m VAT.\n    <\/div>\n<div class=\"item\">\n        Mi\u1ec5n ph\u00ed v\u1eadn chuy\u1ec3n th\u01b0\u1eddng\n    <\/div>\n<\/div>","protected":false},"featured_media":17648,"comment_status":"closed","ping_status":"closed","template":"","meta":[],"pwb-brand":[4361],"product_cat":[3346],"product_tag":[3647,4376,4579,4558,4358],"class_list":{"0":"post-17647","1":"product","2":"type-product","3":"status-publish","4":"has-post-thumbnail","6":"pwb-brand-tifosi","7":"product_cat-kinh","8":"product_tag-a","9":"product_tag-blackout","10":"product_tag-interchangeable","11":"product_tag-kinh-golf-tifosi-rail-xc","12":"product_tag-tifosi-kinh-mat","14":"first","15":"instock","16":"shipping-taxable","17":"purchasable","18":"product-type-simple"},"brands":[{"id":4361,"name":"TIFOSI","slug":"tifosi"}],"_links":{"self":[{"href":"https:\/\/xgolf.vn\/hi\/wp-json\/wp\/v2\/product\/17647","targetHints":{"allow":["GET"]}}],"collection":[{"href":"https:\/\/xgolf.vn\/hi\/wp-json\/wp\/v2\/product"}],"about":[{"href":"https:\/\/xgolf.vn\/hi\/wp-json\/wp\/v2\/types\/product"}],"replies":[{"embeddable":true,"href":"https:\/\/xgolf.vn\/hi\/wp-json\/wp\/v2\/comments?post=17647"}],"wp:featuredmedia":[{"embeddable":true,"href":"https:\/\/xgolf.vn\/hi\/wp-json\/wp\/v2\/media\/17648"}],"wp:attachment":[{"href":"https:\/\/xgolf.vn\/hi\/wp-json\/wp\/v2\/media?parent=17647"}],"wp:term":[{"taxonomy":"pwb-brand","embeddable":true,"href":"https:\/\/xgolf.vn\/hi\/wp-json\/wp\/v2\/pwb-brand?post=17647"},{"taxonomy":"product_cat","embeddable":true,"href":"https:\/\/xgolf.vn\/hi\/wp-json\/wp\/v2\/product_cat?post=17647"},{"taxonomy":"product_tag","embeddable":true,"href":"https:\/\/xgolf.vn\/hi\/wp-json\/wp\/v2\/product_tag?post=17647"}],"curies":[{"name":"wp","href":"https:\/\/api.w.org\/{rel}","templated":true}]}}