{"id":17609,"date":"2024-07-31T23:53:08","date_gmt":"2024-07-31T16:53:08","guid":{"rendered":"http:\/\/xgolf.vn\/-product-\/uncategorized\/kinh-golf-tifosi-rail-xc-satin-vapor-fototec\/"},"modified":"2024-07-31T23:53:11","modified_gmt":"2024-07-31T16:53:11","slug":"kinh-golf-tifosi-rail-xc-satin-vapor-fototec","status":"publish","type":"product","link":"https:\/\/xgolf.vn\/hi\/-product-\/phu-kien\/kinh\/kinh-golf-tifosi-rail-xc-satin-vapor-fototec\/","title":{"rendered":"Ki\u0301nh golf TIFOSI RAIL XC, SATIN VAPOR, FOTOTEC"},"content":{"rendered":"<div class=\"product attribute description\">\n<div class=\"value\">#html-body [data-pb-style=GY58V3I]{background-position:left top;background-size:cover;background-repeat:no-repeat;background-attachment:scroll;align-self:stretch}#html-body [data-pb-style=J30MIEN]{display:flex;width:100%}#html-body [data-pb-style=GQ5IKRS]{justify-content:flex-start;display:flex;flex-direction:column;background-position:left top;background-size:cover;background-repeat:no-repeat;background-attachment:scroll;width:100%;align-self:stretch}<\/p>\n<div class=\"pagebuilder-column-group\" data-background-images=\"{}\" data-content-type=\"column-group\" data-appearance=\"default\" data-grid-size=\"12\" data-element=\"main\" data-pb-style=\"GY58V3I\">\n<div class=\"pagebuilder-column-line\" data-content-type=\"column-line\" data-element=\"main\" data-pb-style=\"J30MIEN\">\n<div class=\"pagebuilder-column\" data-content-type=\"column\" data-appearance=\"full-height\" data-background-images=\"{}\" data-element=\"main\" data-pb-style=\"GQ5IKRS\">\n<div data-content-type=\"text\" data-appearance=\"default\" data-element=\"main\">\n<p><strong>TIFOSI KINH MAT, RAIL XC, SATIN VAPOR, FOTOTEC<\/strong><\/p>\n<ul>\n<li><strong>C\u00d4NG NGH\u1ec6 TR\u00d2NG K\u00cdNH :<\/strong> Kh\u00f4ng g\u1ecdng, c\u00f3 l\u1ed7 th\u00f4ng h\u01a1i gi\u00fap b\u1ea3o v\u1ec7 100% tia UVA\/UVB. Tr\u00f2ng Polycarbonte si\u00eau nh\u1eb9 v\u00e0 b\u1ec1n<\/li>\n<li><strong>C\u00c0NG NH\u1ef0A CH\u1ed0NG TR\u01af\u1ee2T ;<\/strong>Ch\u1ec9 32 gram \u0111\u01b0\u1ee3c l\u00e0m b\u1eb1ng Grilamid TR90, b\u1ec1n v\u00e0 nh\u1eb9 cho b\u1ea1n tho\u1ea3i m\u00e1i c\u1ea3 ng\u00e0y.<\/li>\n<li><strong>C\u00d4NG NGH\u1ec6 KHUNG<\/strong> : Mi\u1ebfng \u0111\u1ec7m m\u0169i &amp; tai ho\u00e0n to\u00e0n c\u00f3 th\u1ec3 \u0111i\u1ec1u ch\u1ec9nh, tai v\u00e0 mi\u1ebfng \u0111\u1ec7m m\u0169i b\u1eb1ng cao su \u01b0a n\u01b0\u1edbc gi\u00fap t\u0103ng \u0111\u1ed9 b\u00e1m khi b\u1ea1n \u0111\u1ed5 m\u1ed3 h\u00f4i nhi\u1ec1u.<\/li>\n<li><strong>PH\u00d9 H\u1ee2P D\u00c1NG M\u1eb6T<\/strong> : L\u1edbn &#8211; C\u1ef1c L\u1edbn<\/li>\n<li><strong>TRONG H\u1ed8P G\u1ed2M<\/strong> : V\u1ecf c\u1ee9ng c\u00f3 kh\u00f3a k\u00e9o &amp; T\u00fai \u0111\u1ef1ng b\u1eb1ng s\u1ee3i Microfibre &#8211; C\u00f3 th\u1ec3 s\u1eed d\u1ee5ng \u0111\u1ec3 lau k\u00ednh<\/li>\n<\/ul>\n<\/div>\n<\/div>\n<\/div>\n<\/div>\n<\/div>\n<\/div>\n<ul class=\"attribute-specs-wrapper\">\n<li>\n                    Gi\u1edbi t\u00ednh: Nam                <\/li>\n<li>\n                    H\u00e3ng: TIFOSI                <\/li>\n<li>\n                    S\u1ea3n xu\u1ea5t : Trung Qu\u1ed1c                <\/li>\n<\/ul>","protected":false},"excerpt":{"rendered":"<div class=\"text-bottom--product-detail-info\">\n<div class=\"item\">\n        S\u1ea3n ph\u1ea9m ch\u00ednh h\u00e3ng 100%.\n    <\/div>\n<div class=\"item\">\n<div>\n          Ch\u00ednh s\u00e1ch \u0111\u1ed5i h\u00e0ng  (Xem chi ti\u1ebft).\n        <\/div>\n<\/div>\n<div class=\"item\">\n        Gi\u00e1 s\u1ea3n ph\u1ea9m \u0111\u00e3 bao g\u1ed3m VAT.\n    <\/div>\n<div class=\"item\">\n        Mi\u1ec5n ph\u00ed v\u1eadn chuy\u1ec3n th\u01b0\u1eddng\n    <\/div>\n<\/div>","protected":false},"featured_media":17610,"comment_status":"closed","ping_status":"closed","template":"","meta":[],"pwb-brand":[4361],"product_cat":[3346],"product_tag":[4560,4558,4559],"class_list":{"0":"post-17609","1":"product","2":"type-product","3":"status-publish","4":"has-post-thumbnail","6":"pwb-brand-tifosi","7":"product_cat-kinh","8":"product_tag-fototec","9":"product_tag-kinh-golf-tifosi-rail-xc","10":"product_tag-satin-vapor","12":"first","13":"instock","14":"shipping-taxable","15":"purchasable","16":"product-type-simple"},"brands":[{"id":4361,"name":"TIFOSI","slug":"tifosi"}],"_links":{"self":[{"href":"https:\/\/xgolf.vn\/hi\/wp-json\/wp\/v2\/product\/17609","targetHints":{"allow":["GET"]}}],"collection":[{"href":"https:\/\/xgolf.vn\/hi\/wp-json\/wp\/v2\/product"}],"about":[{"href":"https:\/\/xgolf.vn\/hi\/wp-json\/wp\/v2\/types\/product"}],"replies":[{"embeddable":true,"href":"https:\/\/xgolf.vn\/hi\/wp-json\/wp\/v2\/comments?post=17609"}],"wp:featuredmedia":[{"embeddable":true,"href":"https:\/\/xgolf.vn\/hi\/wp-json\/wp\/v2\/media\/17610"}],"wp:attachment":[{"href":"https:\/\/xgolf.vn\/hi\/wp-json\/wp\/v2\/media?parent=17609"}],"wp:term":[{"taxonomy":"pwb-brand","embeddable":true,"href":"https:\/\/xgolf.vn\/hi\/wp-json\/wp\/v2\/pwb-brand?post=17609"},{"taxonomy":"product_cat","embeddable":true,"href":"https:\/\/xgolf.vn\/hi\/wp-json\/wp\/v2\/product_cat?post=17609"},{"taxonomy":"product_tag","embeddable":true,"href":"https:\/\/xgolf.vn\/hi\/wp-json\/wp\/v2\/product_tag?post=17609"}],"curies":[{"name":"wp","href":"https:\/\/api.w.org\/{rel}","templated":true}]}}