{"id":17369,"date":"2024-07-31T23:14:15","date_gmt":"2024-07-31T16:14:15","guid":{"rendered":"http:\/\/xgolf.vn\/-product-\/uncategorized\/kinh-golf-tifosi-smirk-steel-blue\/"},"modified":"2024-07-31T23:14:18","modified_gmt":"2024-07-31T16:14:18","slug":"kinh-golf-tifosi-smirk-steel-blue","status":"publish","type":"product","link":"https:\/\/xgolf.vn\/hi\/-product-\/phu-kien\/kinh\/kinh-golf-tifosi-smirk-steel-blue\/","title":{"rendered":"K\u00ednh golf TIFOSI SMIRK, STEEL BLUE"},"content":{"rendered":"<div class=\"product attribute description\">\n<div class=\"value\">#html-body [data-pb-style=H4FIDL5]{justify-content:flex-start;display:flex;flex-direction:column;background-position:left top;background-size:cover;background-repeat:no-repeat;background-attachment:scroll}<\/p>\n<div data-content-type=\"row\" data-appearance=\"contained\" data-element=\"main\">\n<div data-enable-parallax=\"0\" data-parallax-speed=\"0.5\" data-background-images=\"{}\" data-background-type=\"image\" data-video-loop=\"true\" data-video-play-only-visible=\"true\" data-video-lazy-load=\"true\" data-video-fallback-src=\"\" data-element=\"inner\" data-pb-style=\"H4FIDL5\">\n<div data-content-type=\"text\" data-appearance=\"default\" data-element=\"main\">\n<h1><span style=\"font-size: 28px\">K\u00ednh golf TIFOSI \u00a0SMIRK, STEEL BLUE<\/span><\/h1>\n<p><span style=\"font-size: 20px\"><strong>G\u1ecdng:<\/strong>\u00a0\u00a0Grilamid TR-90 Nh\u1eb9 &amp; B\u1ec1n Tr\u00f2ng<br \/><strong>k\u00ednh:<\/strong>\u00a0\u00a0G\u01b0\u01a1ng m\u00e0u xanh kh\u00f3i \u2013 Tr\u00f2ng k\u00ednh polycarbonate ch\u1ed1ng v\u1ee1 v\u1edbi kh\u1ea3 n\u0103ng b\u1ea3o v\u1ec7 100% UVA \/ UVB kh\u1ecfi tia UV<br \/><strong>\u0110\u1eb7c \u0111i\u1ec3m:<\/strong>\u00a0\u00a0B\u1ea3n l\u1ec1 t\u00edch h\u1ee3p kh\u00f4ng bao gi\u1edd k\u00e9o t\u00f3c, mi\u1ebfng \u0111\u1ec7m m\u0169i th\u1ea5m n\u01b0\u1edbc \u0111\u1ec3 t\u0103ng \u0111\u1ed9 b\u00e1m v\u00e0 c\u00f4ng ngh\u1ec7 Tifosi Glide cho ph\u00e9p g\u1ecdng k\u00ednh \u0111\u1ec3 tr\u01b0\u1ee3t tho\u1ea3i m\u00e1i v\u00e0 mang l\u1ea1i c\u1ea3m gi\u00e1c v\u1eeba v\u1eb7n kh\u00f4ng tr\u01a1n tr\u01b0\u1ee3t<br \/><strong>Ph\u00f9 h\u1ee3p:<\/strong>\u00a0\u00a0Nh\u1ecf-L\u1edbn |\u00a0\u00a0\u00a0<strong>Tr\u1ecdng l\u01b0\u1ee3ng:<\/strong>\u00a0\u00a024G<\/p>\n<p><\/span><\/p>\n<\/div>\n<\/div>\n<\/div>\n<\/div>\n<\/div>\n<ul class=\"attribute-specs-wrapper\">\n<li>\n                    H\u00e3ng: TIFOSI                <\/li>\n<li>\n                    S\u1ea3n xu\u1ea5t : Trung Qu\u1ed1c                <\/li>\n<\/ul>","protected":false},"excerpt":{"rendered":"<div class=\"text-bottom--product-detail-info\">\n<div class=\"item\">\n        S\u1ea3n ph\u1ea9m ch\u00ednh h\u00e3ng 100%.\n    <\/div>\n<div class=\"item\">\n<div>\n          Ch\u00ednh s\u00e1ch \u0111\u1ed5i h\u00e0ng  (Xem chi ti\u1ebft).\n        <\/div>\n<\/div>\n<div class=\"item\">\n        Gi\u00e1 s\u1ea3n ph\u1ea9m \u0111\u00e3 bao g\u1ed3m VAT.\n    <\/div>\n<div class=\"item\">\n        Mi\u1ec5n ph\u00ed v\u1eadn chuy\u1ec3n th\u01b0\u1eddng\n    <\/div>\n<\/div>","protected":false},"featured_media":17370,"comment_status":"closed","ping_status":"closed","template":"","meta":[],"pwb-brand":[4361],"product_cat":[3346],"product_tag":[4446,4447],"class_list":{"0":"post-17369","1":"product","2":"type-product","3":"status-publish","4":"has-post-thumbnail","6":"pwb-brand-tifosi","7":"product_cat-kinh","8":"product_tag-kinh-golf-tifosi-smirk","9":"product_tag-steel-blue","11":"first","12":"instock","13":"shipping-taxable","14":"purchasable","15":"product-type-simple"},"brands":[{"id":4361,"name":"TIFOSI","slug":"tifosi"}],"_links":{"self":[{"href":"https:\/\/xgolf.vn\/hi\/wp-json\/wp\/v2\/product\/17369","targetHints":{"allow":["GET"]}}],"collection":[{"href":"https:\/\/xgolf.vn\/hi\/wp-json\/wp\/v2\/product"}],"about":[{"href":"https:\/\/xgolf.vn\/hi\/wp-json\/wp\/v2\/types\/product"}],"replies":[{"embeddable":true,"href":"https:\/\/xgolf.vn\/hi\/wp-json\/wp\/v2\/comments?post=17369"}],"wp:featuredmedia":[{"embeddable":true,"href":"https:\/\/xgolf.vn\/hi\/wp-json\/wp\/v2\/media\/17370"}],"wp:attachment":[{"href":"https:\/\/xgolf.vn\/hi\/wp-json\/wp\/v2\/media?parent=17369"}],"wp:term":[{"taxonomy":"pwb-brand","embeddable":true,"href":"https:\/\/xgolf.vn\/hi\/wp-json\/wp\/v2\/pwb-brand?post=17369"},{"taxonomy":"product_cat","embeddable":true,"href":"https:\/\/xgolf.vn\/hi\/wp-json\/wp\/v2\/product_cat?post=17369"},{"taxonomy":"product_tag","embeddable":true,"href":"https:\/\/xgolf.vn\/hi\/wp-json\/wp\/v2\/product_tag?post=17369"}],"curies":[{"name":"wp","href":"https:\/\/api.w.org\/{rel}","templated":true}]}}