{"id":16017,"date":"2024-07-31T20:03:08","date_gmt":"2024-07-31T13:03:08","guid":{"rendered":"http:\/\/xgolf.vn\/-product-\/uncategorized\/gay-golf-odyssey-putter-ai-one-mld-two-t-ch-jv-34\/"},"modified":"2024-07-31T20:03:11","modified_gmt":"2024-07-31T13:03:11","slug":"gay-golf-odyssey-putter-ai-one-mld-two-t-ch-jv-34","status":"publish","type":"product","link":"https:\/\/xgolf.vn\/hi\/-product-\/gay\/putter\/gay-golf-odyssey-putter-ai-one-mld-two-t-ch-jv-34\/","title":{"rendered":"G\u1eady golf Odyssey Putter AI-ONE MLD TWO T CH JV 34&#8242;"},"content":{"rendered":"<div class=\"product attribute description\">\n<div class=\"value\">#html-body [data-pb-style=JWLG9UP]{justify-content:flex-start;display:flex;flex-direction:column;background-position:left top;background-size:cover;background-repeat:no-repeat;background-attachment:scroll}<\/p>\n<div data-content-type=\"row\" data-appearance=\"contained\" data-element=\"main\">\n<div data-enable-parallax=\"0\" data-parallax-speed=\"0.5\" data-background-images=\"{}\" data-background-type=\"image\" data-video-loop=\"true\" data-video-play-only-visible=\"true\" data-video-lazy-load=\"true\" data-video-fallback-src=\"\" data-element=\"inner\" data-pb-style=\"JWLG9UP\">\n<div data-content-type=\"html\" data-appearance=\"default\" data-element=\"main\" data-decoded=\"true\"><iframe width=\"560\" height=\"315\" src=\"https:\/\/www.youtube.com\/embed\/m35UclHCtVc?si=GglcNdpejivCjbMe\" title=\"YouTube video player\" frameborder allow=\"accelerometer; autoplay; clipboard-write; encrypted-media; gyroscope; picture-in-picture; web-share\" referrerpolicy=\"strict-origin-when-cross-origin\" allowfullscreen><\/iframe><\/div>\n<div data-content-type=\"text\" data-appearance=\"default\" data-element=\"main\">\n<h1><strong><span style=\"font-size: 28px\">G\u1eady golf Odyssey Putter AI-ONE MLD TWO T CH JV 34&#8242;<\/span><\/strong><\/h1>\n<p><span style=\"font-size: 20px\">G\u1eady g\u1ea1t Ai-One Milled c\u1ee7a Odyssey c\u00f3 l\u1edbp ch\u00e8n titan \u0111\u01b0\u1ee3c xay ch\u00ednh x\u00e1c, \u0111\u01b0\u1ee3c ch\u1ebf t\u1ea1o t\u1ec9 m\u1ec9 b\u1eb1ng tr\u00ed tu\u1ec7 nh\u00e2n t\u1ea1o \u0111\u1ec3 mang l\u1ea1i t\u1ed1c \u0111\u1ed9 b\u00f3ng thu\u1ea7n khi\u1ebft, nh\u1ea5t qu\u00e1n tr\u00ean m\u1eb7t g\u1eady. Ngay c\u1ea3 nh\u1eefng c\u00fa \u0111\u00e1nh l\u1ec7ch t\u00e2m c\u0169ng l\u01b0\u1edbt \u0111i m\u1ed9t c\u00e1ch uy quy\u1ec1n, khi\u1ebfn c\u00fa \u0111\u1ea9y b\u00f3ng c\u1ee7a b\u1ea1n \u0111\u1ebfn g\u1ea7n l\u1ed7 h\u01a1n.<\/span><\/p>\n<p><span style=\"font-size: 20px\"><strong>Ai-ONE Milled Insert<\/strong><\/span><\/p>\n<p><span style=\"font-size: 20px\">AI \u0111\u00e3 \u0111\u01b0\u1ee3c s\u1eed d\u1ee5ng \u0111\u1ec3 thi\u1ebft k\u1ebf mi\u1ebfng ch\u00e8n b\u1eb1ng titan \u0111\u01b0\u1ee3c m\u00e0i, c\u00f3 c\u00e1c \u0111\u01b0\u1eddng vi\u1ec1n \u0111\u1ed9c \u0111\u00e1o \u1edf m\u1eb7t sau nh\u1eb1m th\u00fac \u0111\u1ea9y t\u1ed1c \u0111\u1ed9 b\u00f3ng \u1ed5n \u0111\u1ecbnh tr\u00ean m\u1eb7t g\u1eady, \u0111\u1ed3ng th\u1eddi mang l\u1ea1i c\u1ea3m gi\u00e1c \u0111\u01b0\u1ee3c m\u00e0i thu\u1ea7n t\u00fay m\u00e0 nhi\u1ec1u ng\u01b0\u1eddi ch\u01a1i g\u00f4n \u01b0a th\u00edch.<\/span><\/p>\n<p><span style=\"font-size: 20px\"><strong>Milled Stainless Steel Heads<\/strong><\/span><\/p>\n<p><span style=\"font-size: 20px\">M\u1ed7i \u0111\u1ea7u g\u1eady putter trong d\u00f2ng n\u00e0y \u0111\u1ec1u \u0111\u01b0\u1ee3c m\u00e0i 100%, \u0111\u1ea3m b\u1ea3o \u0111\u1ed9 ch\u00ednh x\u00e1c v\u00e0 v\u1ebb \u0111\u1eb9p m\u00e0 nh\u1eefng ng\u01b0\u1eddi ch\u01a1i golf s\u00e0nh \u0111i\u1ec7u y\u00eau c\u1ea7u.<\/span><\/p>\n<p><span style=\"font-size: 20px\">L\u1edbp ho\u00e0n thi\u1ec7n PVD m\u00e0u xanh h\u1ea3i qu\u00e2n \u0111\u1ed9c \u0111\u00e1o<\/span><\/p>\n<p><span style=\"font-size: 20px\">T\u1ea5t c\u1ea3 c\u00e1c g\u1eady g\u1ea1t b\u00f3ng n\u00e0y \u0111\u1ec1u c\u00f3 l\u1edbp ho\u00e0n thi\u1ec7n PVD m\u00e0u xanh h\u1ea3i qu\u00e2n tuy\u1ec7t \u0111\u1eb9p khi\u1ebfn ch\u00fang tr\u1edf n\u00ean n\u1ed5i b\u1eadt gi\u1eefa \u0111\u00e1m \u0111\u00f4ng, b\u1ed5 sung cho qu\u00e1 tr\u00ecnh phay ph\u1ee9c t\u1ea1p \u0111\u1ec3 c\u00f3 v\u1ebb ngo\u00e0i th\u1ef1c s\u1ef1 \u0111\u1ed9c \u0111\u00e1o v\u00e0 \u0111\u1eb9p m\u1eaft.<\/span><\/p>\n<p><span style=\"font-size: 20px\"><strong>Tr\u1ee5c SL 90<\/strong><\/span><\/p>\n<p><span style=\"font-size: 20px\">Th\u00e2n g\u1eady b\u1eb1ng th\u00e9p nh\u1eb9 v\u1edbi tr\u1ecdng l\u01b0\u1ee3ng \u0111\u1ed1i tr\u1ecdng c\u00f3 th\u1ec3 \u0111i\u1ec1u ch\u1ec9nh \u0111\u01b0\u1ee3c t\u1eeb 20-30 gram \u1edf \u0111\u1ea7u c\u00e1n, c\u1ea3i ti\u1ebfn tr\u1ecdng l\u01b0\u1ee3ng Stroke Lab c\u1ee7a ch\u00fang t\u00f4i \u0111\u1ec3 thu h\u00fat nhi\u1ec1u ng\u01b0\u1eddi ch\u01a1i golf h\u01a1n n\u1eefa.<\/span><\/p>\n<p><span style=\"font-size: 20px\"><strong>Tr\u1ecdng l\u01b0\u1ee3ng ph\u00eda tr\u01b0\u1edbc c\u00f3 th\u1ec3 ho\u00e1n \u0111\u1ed5i cho nhau<\/strong><\/span><\/p>\n<p><span style=\"font-size: 20px\">\u0110i\u1ec1u ch\u1ec9nh tr\u1ecdng l\u01b0\u1ee3ng \u0111\u1ea7u c\u1ee7a b\u1ea1n theo s\u1edf th\u00edch ch\u00ednh x\u00e1c c\u1ee7a b\u1ea1n b\u1eb1ng c\u00e1c tr\u1ecdng l\u01b0\u1ee3ng c\u00f3 th\u1ec3 th\u00e1o r\u1eddi c\u00f3 s\u1eb5n \u1edf m\u1ee9c 5, 10, 15 v\u00e0 20 gam.<\/span><\/p>\n<p><span style=\"font-size: 20px\">Bao g\u1ed3m m\u0169 tr\u00f9m \u0111\u1ea7u.<\/span><\/p>\n<p>\u00a0<\/p>\n<p><strong><span style=\"font-size: 20px\">Th\u00f4ng s\u1ed1\u00a0<\/span><\/strong><\/p>\n<p><span style=\"font-size: 20px\">Head type :BLADE<\/span><br \/><span style=\"font-size: 20px\">Loft :3\u00b0<\/span><br \/><span style=\"font-size: 20px\">Standard length :34&#8243;<\/span><br \/><span style=\"font-size: 20px\">Lie :70.0\u00b0<\/span><br \/><span style=\"font-size: 20px\">Toe hang :45\u00b0<\/span><br \/><span style=\"font-size: 20px\">Head weight :355g<\/span><\/p>\n<p>\u00a0<\/p>\n<p>\u00a0<\/p>\n<\/div>\n<\/div>\n<\/div>\n<\/div>\n<\/div>\n<ul class=\"attribute-specs-wrapper\">\n<li>\n                    Gi\u1edbi t\u00ednh: Nam                <\/li>\n<li>\n                    Th\u1ec3 lo\u1ea1i: Putter                <\/li>\n<li>\n                    H\u00e3ng: Odyssey                <\/li>\n<li>\n                    S\u1ea3n xu\u1ea5t : Trung Qu\u1ed1c                <\/li>\n<li>\n                    B\u1ea3o h\u00e0nh: 1 N\u0103m (L\u1ed7i nh\u00e0 s\u1ea3n xu\u1ea5t)                <\/li>\n<\/ul>","protected":false},"excerpt":{"rendered":"<div class=\"text-bottom--product-detail-info\">\n<div class=\"item\">\n        S\u1ea3n ph\u1ea9m ch\u00ednh h\u00e3ng 100%.\n    <\/div>\n<div class=\"item\">\n<div>\n          Ch\u00ednh s\u00e1ch \u0111\u1ed5i h\u00e0ng  (Xem chi ti\u1ebft).\n        <\/div>\n<\/div>\n<div class=\"item\">\n        Gi\u00e1 s\u1ea3n ph\u1ea9m \u0111\u00e3 bao g\u1ed3m VAT.\n    <\/div>\n<div class=\"item\">\n        Mi\u1ec5n ph\u00ed v\u1eadn chuy\u1ec3n th\u01b0\u1eddng\n    <\/div>\n<\/div>","protected":false},"featured_media":16018,"comment_status":"closed","ping_status":"closed","template":"","meta":[],"pwb-brand":[3678],"product_cat":[3257],"product_tag":[3647,3872],"class_list":{"0":"post-16017","1":"product","2":"type-product","3":"status-publish","4":"has-post-thumbnail","6":"pwb-brand-odyssey","7":"product_cat-putter","8":"product_tag-a","9":"product_tag-gay-golf-odyssey-putter-ai-one-mld-two-t-ch-jv-34","11":"first","12":"instock","13":"shipping-taxable","14":"purchasable","15":"product-type-simple"},"brands":[{"id":3678,"name":"Odyssey","slug":"odyssey"}],"_links":{"self":[{"href":"https:\/\/xgolf.vn\/hi\/wp-json\/wp\/v2\/product\/16017","targetHints":{"allow":["GET"]}}],"collection":[{"href":"https:\/\/xgolf.vn\/hi\/wp-json\/wp\/v2\/product"}],"about":[{"href":"https:\/\/xgolf.vn\/hi\/wp-json\/wp\/v2\/types\/product"}],"replies":[{"embeddable":true,"href":"https:\/\/xgolf.vn\/hi\/wp-json\/wp\/v2\/comments?post=16017"}],"wp:featuredmedia":[{"embeddable":true,"href":"https:\/\/xgolf.vn\/hi\/wp-json\/wp\/v2\/media\/16018"}],"wp:attachment":[{"href":"https:\/\/xgolf.vn\/hi\/wp-json\/wp\/v2\/media?parent=16017"}],"wp:term":[{"taxonomy":"pwb-brand","embeddable":true,"href":"https:\/\/xgolf.vn\/hi\/wp-json\/wp\/v2\/pwb-brand?post=16017"},{"taxonomy":"product_cat","embeddable":true,"href":"https:\/\/xgolf.vn\/hi\/wp-json\/wp\/v2\/product_cat?post=16017"},{"taxonomy":"product_tag","embeddable":true,"href":"https:\/\/xgolf.vn\/hi\/wp-json\/wp\/v2\/product_tag?post=16017"}],"curies":[{"name":"wp","href":"https:\/\/api.w.org\/{rel}","templated":true}]}}