{"id":34268,"date":"2024-09-19T22:30:13","date_gmt":"2024-09-19T15:30:13","guid":{"rendered":"http:\/\/xgolf.vn\/-product-\/uncategorized\/kinh-ram-dive-434119-sundog\/"},"modified":"2024-09-19T22:30:47","modified_gmt":"2024-09-19T15:30:47","slug":"kinh-ram-dive-434119-sundog","status":"publish","type":"product","link":"https:\/\/xgolf.vn\/fr\/-product-\/phu-kien\/kinh\/kinh-ram-dive-434119-sundog\/","title":{"rendered":"K\u00ednh r\u00e2m Dive 434119 | SUNDOG"},"content":{"rendered":"<div id=\"proDes\" class=\"pro-tabcontent\">\n<h2 style=\"font-size: 24px;font-family: RobotoCondensed-Bold\">K\u00ednh r\u00e2m Dive 434119 | SUNDOG<\/h2>\n<p>\t\t\t\t\t\t\t\tDive &#8211; Matte Black\/Smoke Blk Mir<\/p>\n<p>\t\t\t\t\t\t\t\t<img decoding=\"async\" src=\"http:\/\/xgolf.vn\/wp-content\/uploads\/2024\/09\/kinh_ram_dive_434119_sundog__3__2a4692dd605242fe838cbd5ff796be21_1024x1024-1.jpg\" alt=\"K\u00ednh r\u00e2m Dive 434119 | Sundog\" style=\"margin-left: auto;margin-right: auto\" width=\"100%\" title=\"kinh_ram_dive_434119_sundog__3__2a4692dd605242fe838cbd5ff796be21_1024x1024-1\"><\/p>\n<p>\t\t\t\t\t\t\t\t<img decoding=\"async\" src=\"http:\/\/xgolf.vn\/wp-content\/uploads\/2024\/09\/kinh_ram_dive_434119_sundog__2__b981f65dcdae4ccbab402415383ef219_1024x1024.jpg\" alt=\"K\u00ednh r\u00e2m Dive 434119 | Sundog\" style=\"margin-left: auto;margin-right: auto\" width=\"100%\" title=\"kinh_ram_dive_434119_sundog__2__b981f65dcdae4ccbab402415383ef219_1024x1024\"><\/p>\n<div><\/div>\n<div style=\"padding: 10px;text-align: left;margin-bottom: 10px;background-color: #a3e1ff;border-radius: 10px\">\n\t\t\t\t\t\t\t\t\t<strong>M\u00e0u s\u1eafc s\u1ea3n ph\u1ea9m<\/strong><br \/>H\u00ecnh \u1ea3nh s\u1ea3n ph\u1ea9m \u0111\u00e3 \u0111\u01b0\u1ee3c ch\u1ee5p t\u1eeb th\u1ef1c t\u1ebf, tuy nhi\u00ean t\u00f9y v\u00e0o m\u00f4i tr\u01b0\u1eddng \u00e1nh s\u00e1ng v\u00e0 m\u00e0n h\u00ecnh c\u1ee7a thi\u1ebft b\u1ecb, m\u00e0u s\u1eafc th\u1ef1c t\u1ebf c\u00f3 th\u1ec3 kh\u00f4ng ho\u00e0n to\u00e0n gi\u1ed1ng. Xin l\u01b0u \u00fd \u0111i\u1ec1u n\u00e0y khi mua h\u00e0ng.\n\t\t\t\t\t\t\t\t<\/div>\n<\/p><\/div>","protected":false},"excerpt":{"rendered":"<p>K\u00ednh r\u00e2m Dive 434119 | SUNDOG Dive &#8211; Matte Black\/Smoke Blk Mir M\u00e0u s\u1eafc s\u1ea3n ph\u1ea9mH\u00ecnh \u1ea3nh s\u1ea3n ph\u1ea9m \u0111\u00e3 \u0111\u01b0\u1ee3c ch\u1ee5p t\u1eeb th\u1ef1c t\u1ebf, tuy nhi\u00ean t\u00f9y v\u00e0o m\u00f4i tr\u01b0\u1eddng \u00e1nh s\u00e1ng v\u00e0 m\u00e0n h\u00ecnh c\u1ee7a thi\u1ebft b\u1ecb, m\u00e0u s\u1eafc th\u1ef1c t\u1ebf c\u00f3 th\u1ec3 kh\u00f4ng ho\u00e0n to\u00e0n gi\u1ed1ng. Xin l\u01b0u \u00fd \u0111i\u1ec1u n\u00e0y khi [&#8230;]","protected":false},"featured_media":34269,"comment_status":"closed","ping_status":"closed","template":"","meta":[],"pwb-brand":[7922],"product_cat":[3346],"product_tag":[3647,4599],"class_list":{"0":"post-34268","1":"product","2":"type-product","3":"status-publish","4":"has-post-thumbnail","6":"pwb-brand-sundog","7":"product_cat-kinh","8":"product_tag-a","9":"product_tag-matte-black","11":"first","12":"instock","13":"sale","14":"shipping-taxable","15":"purchasable","16":"product-type-simple"},"brands":[{"id":7922,"name":"SUNDOG","slug":"sundog"}],"_links":{"self":[{"href":"https:\/\/xgolf.vn\/fr\/wp-json\/wp\/v2\/product\/34268","targetHints":{"allow":["GET"]}}],"collection":[{"href":"https:\/\/xgolf.vn\/fr\/wp-json\/wp\/v2\/product"}],"about":[{"href":"https:\/\/xgolf.vn\/fr\/wp-json\/wp\/v2\/types\/product"}],"replies":[{"embeddable":true,"href":"https:\/\/xgolf.vn\/fr\/wp-json\/wp\/v2\/comments?post=34268"}],"wp:featuredmedia":[{"embeddable":true,"href":"https:\/\/xgolf.vn\/fr\/wp-json\/wp\/v2\/media\/34269"}],"wp:attachment":[{"href":"https:\/\/xgolf.vn\/fr\/wp-json\/wp\/v2\/media?parent=34268"}],"wp:term":[{"taxonomy":"pwb-brand","embeddable":true,"href":"https:\/\/xgolf.vn\/fr\/wp-json\/wp\/v2\/pwb-brand?post=34268"},{"taxonomy":"product_cat","embeddable":true,"href":"https:\/\/xgolf.vn\/fr\/wp-json\/wp\/v2\/product_cat?post=34268"},{"taxonomy":"product_tag","embeddable":true,"href":"https:\/\/xgolf.vn\/fr\/wp-json\/wp\/v2\/product_tag?post=34268"}],"curies":[{"name":"wp","href":"https:\/\/api.w.org\/{rel}","templated":true}]}}