{"id":25619,"date":"2024-09-05T17:11:12","date_gmt":"2024-09-05T10:11:12","guid":{"rendered":"http:\/\/xgolf.vn\/-product-\/uncategorized\/gay-wedge-milled-grind-mg4-black-as-moi-2023-taylormade\/"},"modified":"2024-09-05T17:11:37","modified_gmt":"2024-09-05T10:11:37","slug":"gay-wedge-milled-grind-mg4-black-as-moi-2023-taylormade","status":"publish","type":"product","link":"https:\/\/xgolf.vn\/fr\/-product-\/gay\/wedge\/gay-wedge-milled-grind-mg4-black-as-moi-2023-taylormade\/","title":{"rendered":"G\u1eady WEDGE MILLED GRIND MG4 Black AS m\u1edbi 2023 | TaylorMade"},"content":{"rendered":"<div id=\"proDes\" class=\"pro-tabcontent\">\n<h2 style=\"font-size: 24px;font-family: RobotoCondensed-Bold\">G\u1eady WEDGE MILLED GRIND MG4 Black AS m\u1edbi 2023 | TaylorMade<\/h2>\n<table cellspacing=\"0\">\n<tbody>\n<tr>\n<td><strong>Club<\/strong><\/td>\n<td><strong>LOFT<\/strong><\/td>\n<td><strong>BOUNCE<\/strong><\/td>\n<td><strong>LENGTH<\/strong><\/td>\n<td><strong>LIE<\/strong><\/td>\n<td><strong>SWINGWEIGHT<\/strong><\/td>\n<\/tr>\n<tr>\n<td>LOW BOUNCE<\/td>\n<td>56\u00b0<\/td>\n<td>8\u00b0<\/td>\n<td>35.25&#8243;<\/td>\n<td>64\u00b0<\/td>\n<td>D5<\/td>\n<\/tr>\n<tr>\n<td>LOW BOUNCE<\/td>\n<td>58\u00b0<\/td>\n<td>8\u00b0<\/td>\n<td>35&#8243;<\/td>\n<td>64\u00b0<\/td>\n<td>D5<\/td>\n<\/tr>\n<tr>\n<td>LOW BOUNCE<\/td>\n<td>60\u00b0<\/td>\n<td>8\u00b0<\/td>\n<td>35&#8243;<\/td>\n<td>64\u00b0<\/td>\n<td>D5<\/td>\n<\/tr>\n<tr>\n<td>STANDARD BOUNCE<\/td>\n<td>46\u00b0<\/td>\n<td>9\u00b0<\/td>\n<td>35.75&#8243;<\/td>\n<td>64\u00b0<\/td>\n<td>D3<\/td>\n<\/tr>\n<tr>\n<td>STANDARD BOUNCE<\/td>\n<td>48\u00b0<\/td>\n<td>9\u00b0<\/td>\n<td>35.75&#8243;<\/td>\n<td>64\u00b0<\/td>\n<td>D3<\/td>\n<\/tr>\n<tr>\n<td>STANDARD BOUNCE<\/td>\n<td>50\u00b0<\/td>\n<td>9\u00b0<\/td>\n<td>35.5&#8243;<\/td>\n<td>64\u00b0<\/td>\n<td>D3<\/td>\n<\/tr>\n<tr>\n<td>STANDARD BOUNCE<\/td>\n<td>52\u00b0<\/td>\n<td>9\u00b0<\/td>\n<td>35.5&#8243;<\/td>\n<td>64\u00b0<\/td>\n<td>D3<\/td>\n<\/tr>\n<tr>\n<td>STANDARD BOUNCE<\/td>\n<td>54\u00b0<\/td>\n<td>11\u00b0<\/td>\n<td>35.25&#8243;<\/td>\n<td>64\u00b0<\/td>\n<td>D5<\/td>\n<\/tr>\n<tr>\n<td>STANDARD BOUNCE<\/td>\n<td>56\u00b0<\/td>\n<td>12\u00b0<\/td>\n<td>35.25&#8243;<\/td>\n<td>64\u00b0<\/td>\n<td>D5<\/td>\n<\/tr>\n<tr>\n<td>STANDARD BOUNCE<\/td>\n<td>58\u00b0<\/td>\n<td>11\u00b0<\/td>\n<td>35&#8243;<\/td>\n<td>64\u00b0<\/td>\n<td>D5<\/td>\n<\/tr>\n<tr>\n<td>STANDARD BOUNCE<\/td>\n<td>60\u00b0<\/td>\n<td>10\u00b0<\/td>\n<td>35&#8243;<\/td>\n<td>64\u00b0<\/td>\n<td>D5<\/td>\n<\/tr>\n<tr>\n<td>HIGH BOUNCE<\/td>\n<td>54\u00b0<\/td>\n<td>13\u00b0<\/td>\n<td>35.25&#8243;<\/td>\n<td>64\u00b0<\/td>\n<td>D5<\/td>\n<\/tr>\n<tr>\n<td>HIGH BOUNCE<\/td>\n<td>56\u00b0<\/td>\n<td>14\u00b0<\/td>\n<td>35.25&#8243;<\/td>\n<td>64\u00b0<\/td>\n<td>D5<\/td>\n<\/tr>\n<tr>\n<td>HIGH BOUNCE<\/td>\n<td>58\u00b0<\/td>\n<td>12\u00b0<\/td>\n<td>35&#8243;<\/td>\n<td>64\u00b0<\/td>\n<td>D5<\/td>\n<\/tr>\n<tr>\n<td>HIGH BOUNCE<\/td>\n<td>60\u00b0<\/td>\n<td>12\u00b0<\/td>\n<td>35&#8243;<\/td>\n<td>64\u00b0<\/td>\n<td>D5<\/td>\n<\/tr>\n<\/tbody>\n<\/table>\n<p>\t\t\t\t\t\t\t\t<img decoding=\"async\" src=\"http:\/\/xgolf.vn\/wp-content\/uploads\/2024\/09\/gay_wedge_milled_grind_mg4_black_as_moi_2023_taylormade__1__f79ad48c4fb3470f9378e4c2ab494cea_1024x1024-1.jpg\" alt=\"G\u1eady WEDGE MILLED GRIND 4 Chrome m\u1edbi 2023 | Taylor Made\" style=\"margin-left: auto;margin-right: auto\" width=\"100%\" title=\"gay_wedge_milled_grind_mg4_black_as_moi_2023_taylormade__1__f79ad48c4fb3470f9378e4c2ab494cea_1024x1024-1\"><\/p>\n<p>\t\t\t\t\t\t\t\t<img decoding=\"async\" src=\"http:\/\/xgolf.vn\/wp-content\/uploads\/2024\/09\/gay_wedge_milled_grind_mg4_black_as_moi_2023_taylormade__3__d21bc5c359084aa680accbac2fdcf4ce_1024x1024.jpg\" alt=\"G\u1eady WEDGE MILLED GRIND 4 Chrome m\u1edbi 2023 | Taylor Made\" style=\"margin-left: auto;margin-right: auto\" width=\"100%\" title=\"gay_wedge_milled_grind_mg4_black_as_moi_2023_taylormade__3__d21bc5c359084aa680accbac2fdcf4ce_1024x1024\"><\/p>\n<p>\t\t\t\t\t\t\t\t<img decoding=\"async\" src=\"http:\/\/xgolf.vn\/wp-content\/uploads\/2024\/09\/gay_wedge_milled_grind_mg4_black_as_moi_2023_taylormade__4__808f0d0d62cd4f5eb0824578529fe7fb_1024x1024.jpg\" alt=\"G\u1eady WEDGE MILLED GRIND 4 Chrome m\u1edbi 2023 | Taylor Made\" style=\"margin-left: auto;margin-right: auto\" width=\"100%\" title=\"gay_wedge_milled_grind_mg4_black_as_moi_2023_taylormade__4__808f0d0d62cd4f5eb0824578529fe7fb_1024x1024\"><\/p>\n<p>\t\t\t\t\t\t\t\t<img decoding=\"async\" src=\"http:\/\/xgolf.vn\/wp-content\/uploads\/2024\/09\/gay_wedge_milled_grind_mg4_black_as_moi_2023_taylormade__5__0ce88168512842ebb411fe3d9f5432eb_1024x1024.jpg\" alt=\"G\u1eady WEDGE MILLED GRIND 4 Chrome m\u1edbi 2023 | Taylor Made\" style=\"margin-left: auto;margin-right: auto\" width=\"100%\" title=\"gay_wedge_milled_grind_mg4_black_as_moi_2023_taylormade__5__0ce88168512842ebb411fe3d9f5432eb_1024x1024\"><\/p>\n<div><\/div>\n<div style=\"padding: 10px;text-align: left;margin-bottom: 10px;background-color: #a3e1ff;border-radius: 10px\">\n\t\t\t\t\t\t\t\t\t<strong>M\u00e0u s\u1eafc s\u1ea3n ph\u1ea9m<\/strong><br \/>H\u00ecnh \u1ea3nh s\u1ea3n ph\u1ea9m \u0111\u00e3 \u0111\u01b0\u1ee3c ch\u1ee5p t\u1eeb th\u1ef1c t\u1ebf, tuy nhi\u00ean t\u00f9y v\u00e0o m\u00f4i tr\u01b0\u1eddng \u00e1nh s\u00e1ng v\u00e0 m\u00e0n h\u00ecnh c\u1ee7a thi\u1ebft b\u1ecb, m\u00e0u s\u1eafc th\u1ef1c t\u1ebf c\u00f3 th\u1ec3 kh\u00f4ng ho\u00e0n to\u00e0n gi\u1ed1ng. Xin l\u01b0u \u00fd \u0111i\u1ec1u n\u00e0y khi mua h\u00e0ng.\n\t\t\t\t\t\t\t\t<\/div>\n<\/p><\/div>","protected":false},"excerpt":{"rendered":"<div id=\"variant-swatch-0\" class=\"swatch swatch-product-single clearfix\" data-option=\"option1\" data-option-index=\"0\">\n<div class=\"header\">\n      <span class=\"title\"><\/p>\n<p>          Tay thu\u1eadn<\/p>\n<p>      <\/span><\/div>\n<div class=\"select-swap\">\n<div data-value=\"Tay ph\u1ea3i\" class=\"n-sd swatch-element tay-phai\">\n<p>                <label for=\"swatch-0-tay-phai\"><br \/>\n                  Tay ph\u1ea3i<br \/>\n                  <img decoding=\"async\" class=\"crossed-out\" src=\"https:\/\/theme.hstatic.net\/1000007560\/1001261951\/14\/soldout1.png?v=186\"><br \/>\n                  <img decoding=\"async\" class=\"img-check\" src=\"https:\/\/theme.hstatic.net\/1000007560\/1001261951\/14\/select-pro.png?v=186\"><br \/>\n                <\/label><\/p><\/div>\n<div data-value=\"Tay tr\u00e1i\" class=\"n-sd swatch-element tay-trai\">\n<p>                <label for=\"swatch-0-tay-trai\"><br \/>\n                  Tay tr\u00e1i<br \/>\n                  <img decoding=\"async\" class=\"crossed-out\" src=\"https:\/\/theme.hstatic.net\/1000007560\/1001261951\/14\/soldout1.png?v=186\"><br \/>\n                  <img decoding=\"async\" class=\"img-check\" src=\"https:\/\/theme.hstatic.net\/1000007560\/1001261951\/14\/select-pro.png?v=186\"><br \/>\n                <\/label><\/p><\/div>\n<\/p><\/div>\n<\/p><\/div>","protected":false},"featured_media":25620,"comment_status":"closed","ping_status":"closed","template":"","meta":[],"pwb-brand":[3248],"product_cat":[3259],"product_tag":[3647,3545],"class_list":{"0":"post-25619","1":"product","2":"type-product","3":"status-publish","4":"has-post-thumbnail","6":"pwb-brand-taylormade","7":"product_cat-wedge","8":"product_tag-a","9":"product_tag-gw","11":"first","12":"instock","13":"sale","14":"shipping-taxable","15":"purchasable","16":"product-type-simple"},"brands":[{"id":3248,"name":"TaylorMade","slug":"taylormade"}],"_links":{"self":[{"href":"https:\/\/xgolf.vn\/fr\/wp-json\/wp\/v2\/product\/25619","targetHints":{"allow":["GET"]}}],"collection":[{"href":"https:\/\/xgolf.vn\/fr\/wp-json\/wp\/v2\/product"}],"about":[{"href":"https:\/\/xgolf.vn\/fr\/wp-json\/wp\/v2\/types\/product"}],"replies":[{"embeddable":true,"href":"https:\/\/xgolf.vn\/fr\/wp-json\/wp\/v2\/comments?post=25619"}],"wp:featuredmedia":[{"embeddable":true,"href":"https:\/\/xgolf.vn\/fr\/wp-json\/wp\/v2\/media\/25620"}],"wp:attachment":[{"href":"https:\/\/xgolf.vn\/fr\/wp-json\/wp\/v2\/media?parent=25619"}],"wp:term":[{"taxonomy":"pwb-brand","embeddable":true,"href":"https:\/\/xgolf.vn\/fr\/wp-json\/wp\/v2\/pwb-brand?post=25619"},{"taxonomy":"product_cat","embeddable":true,"href":"https:\/\/xgolf.vn\/fr\/wp-json\/wp\/v2\/product_cat?post=25619"},{"taxonomy":"product_tag","embeddable":true,"href":"https:\/\/xgolf.vn\/fr\/wp-json\/wp\/v2\/product_tag?post=25619"}],"curies":[{"name":"wp","href":"https:\/\/api.w.org\/{rel}","templated":true}]}}