{"id":18663,"date":"2024-08-01T02:35:13","date_gmt":"2024-07-31T19:35:13","guid":{"rendered":"http:\/\/xgolf.vn\/-product-\/uncategorized\/gay-golf-fairway-honma-tw757-bk-vizard\/"},"modified":"2024-08-01T02:35:23","modified_gmt":"2024-07-31T19:35:23","slug":"gay-golf-fairway-honma-tw757-bk-vizard","status":"publish","type":"product","link":"https:\/\/xgolf.vn\/fr\/-product-\/gay\/fairway\/gay-golf-fairway-honma-tw757-bk-vizard\/","title":{"rendered":"G\u1eady golf fairway HONMA TW757 BK Vizard"},"content":{"rendered":"<div class=\"product attribute description\">\n<div class=\"value\">\n<h1>G\u1eady g\u00f4n\u00a0fairway Honma TW757 BK Vizard<\/h1>\n<p><strong>G\u1eacY G\u1ed6 FAIRWAY WOOD M\u1ea0NH M\u1ebc V\u00c0 CH\u00cdNH X\u00c1C<\/strong><\/p>\n<p><strong>G\u1eady g\u1ed7 Honma TW757<\/strong>\u00a0\u0111\u00e3 \u0111\u01b0\u1ee3c ph\u00e1t tri\u1ec3n v\u00e0 c\u1ea3i ti\u1ebfn so v\u1edbi c\u00e1c d\u00f2ng g\u1eady Honma Tour World tr\u01b0\u1edbc \u0111\u00f3, g\u1eady g\u1ed7 TW757 c\u00f3 t\u1ed1c \u0111\u1ed9 b\u00f3ng nhanh h\u01a1n v\u00e0 ki\u1ec3m so\u00e1t qu\u1ef9 \u0111\u1ea1o ch\u00ednh x\u00e1c h\u01a1n.<\/p>\n<p class=\"\"><img decoding=\"async\" class=\"b-lazy b-loaded\" src=\"https:\/\/highgolf.vn\/image\/62459220c1c3ca4add0749ea\/big\" alt=\"Truy\u1ec1n th\u1ed1ng k\u1ebft h\u1ee3p c\u00f4ng ngh\u1ec7 cao c\u1ee7a d\u00f2ng g\u1eady Honma Tour World 757\" data-pagespeed-url-hash=\"3431379581\"><\/p>\n<p>V\u1edbi thi\u1ebft k\u1ebf tr\u1ecdng t\u00e2m th\u1ea5p CG c\u1ee5 th\u1ec3 ph\u00f9 h\u1ee3p v\u1edbi t\u1eebng g\u1eady g\u1ed7 tr\u00ean fairway\u00a0FW TW757\u00a0, c\u00e1c tr\u1ecdng l\u01b0\u1ee3ng b\u00ean trong kh\u00e1c nhau : g\u1eady fairway wood #3 c\u00f3 43,7g, fairway wood #5 c\u00f3 51,4g v\u00e0 fairway wood #7 c\u00f3 \u00a059,7g \u2013 Tr\u1ecdng t\u00e2m \u0111\u01b0\u1ee3c \u0111\u1eb7t \u1edf v\u1ecb tr\u00ed th\u1ea5p v\u00e0 n\u00f4ng d\u1eabn \u0111\u1ebfn qu\u1ef9 \u0111\u1ea1o ph\u00f3ng cao v\u00e0 t\u1ed1i \u01b0u c\u00fa ph\u00e1t b\u00f3ng.\u00a0Ph\u1ea7n v\u01b0\u01a1ng mi\u1ec7n carbon, c\u1ea5u tr\u00fac m\u1eb7t c\u00fap v\u00e0 m\u1eb7t th\u1eb3ng \u0111\u1ee9ng x\u1ebb r\u00e3nh \u1edf g\u1eady fairway wood #3, c\u1ed9ng v\u1edbi thi\u1ebft k\u1ebf CG th\u1ea5p t\u1ed1i \u0111a h\u00f3a l\u1ef1c \u0111\u1ea9y khi va ch\u1ea1m v\u00e0 t\u1ea1o ra m\u1ed9t \u0111\u01b0\u1eddng bay b\u00f3ng m\u1ea1nh, l\u00fd t\u01b0\u1edfng trong \u0111i\u1ec1u ki\u1ec7n gi\u00f3.\u00a0Trong c\u00e1c lo\u1ea1i g\u1ed7 s\u1ed1 5 v\u00e0 s\u1ed1 7, s\u1ee9c m\u1ea1nh t\u1eadp trung \u00a0\u1edf ph\u1ea7n r\u00e3nh duy nh\u1ea5t v\u00e0 tr\u1ecdng l\u01b0\u1ee3ng \u0111\u1ea7u g\u1eady c\u00f3 th\u1ec3 \u0111i\u1ec1u ch\u1ec9nh \u0111\u01b0\u1ee3c mang \u0111\u1ebfn s\u1ef1 k\u1ebft h\u1ee3p l\u00fd t\u01b0\u1edfng gi\u1eefa m\u1ed9t c\u00fa ph\u00f3ng cao v\u00e0 \u0111\u1ed9 xo\u00e1y th\u1ea5p \u0111\u1ec3 nh\u1eafm t\u1edbi m\u1ee5c ti\u00eau g\u1ea7n pin<\/p>\n<p><img decoding=\"async\" src=\"http:\/\/xgolf.vn\/wp-content\/uploads\/2024\/08\/honma_tworld_tw757_fairway_wood.jpg\" alt=\"Honma Tour World TW757 Fairway Wood\" title=\"honma_tworld_tw757_fairway_wood\"><\/p>\n<p><strong>SHAFT<\/strong><\/p>\n<p><img decoding=\"async\" class=\"b-lazy b-error\" src=\"http:\/\/xgolf.vn\/wp-content\/uploads\/2024\/08\/fortw757-1.png\" alt=\"VIZARD SHAFT cho TW757\" data-pagespeed-url-hash=\"2194891773\" title=\"fortw757-1\"><\/p>\n<p><strong>VIZARD SHAFT cho TW757<\/strong><\/p>\n<h4>Shaft\u00a0\u00a0VIZARD cho TW757 t\u1ed1i \u0111a h\u00f3a hi\u1ec7u su\u1ea5t \u0111\u1ea7u g\u1eady<\/h4>\n<p>B\u1eb1ng c\u00e1ch t\u0103ng \u0111\u1ed9 c\u1ee9ng c\u1ee7a \u0111\u1ea7u t\u1eeb ph\u1ea7n gi\u1eefa, khi g\u1eady swing th\u00ec ph\u1ea7n\u00a0\u0111\u1ea7u g\u1eady \u0111\u01b0\u1ee3c \u1ed5n \u0111\u1ecbnh, t\u1eeb \u0111\u00f3 l\u1ef1c\u00a0t\u00e1c \u0111\u1ed9ng \u0111\u01b0\u1ee3c t\u1ed1i \u0111a h\u00f3a v\u00e0 \u0111\u1ea1t \u0111\u01b0\u1ee3c \u0111\u1ed9 ph\u00f3ng cao, \u0111\u1ed9 xo\u00e1y v\u1eeba ph\u1ea3i v\u00e0 \u0111\u1ed9 b\u00e1m t\u1ed1t.\u00a0Shaft\u00a0\u00a0\u0111a n\u0103ng hi\u1ec7u su\u1ea5t cao d\u1ec5 canh th\u1eddi gian v\u00e0 kh\u00f4ng ch\u1ecdn ki\u1ec3u xoay.<\/p>\n<table>\n<tbody>\n<tr>\n<th>Flex<\/th>\n<td>R<\/td>\n<td>S<\/td>\n<\/tr>\n<tr>\n<th>Chi\u1ec1u d\u00e0i (mm)<\/th>\n<td colspan=\"2\">1.150<\/td>\n<\/tr>\n<tr>\n<th>Tr\u1ecdng l\u01b0\u1ee3ng (g)<\/th>\n<td>51,5<\/td>\n<td>54,5<\/td>\n<\/tr>\n<tr>\n<th>M\u00f4-men xo\u1eafn (\u00b0)<\/th>\n<td>4,95<\/td>\n<td>4,85<\/td>\n<\/tr>\n<tr>\n<th>\u0110\u01b0\u1eddng k\u00ednh \u0111\u1ea7u m\u00fat (mm)<\/th>\n<td colspan=\"2\">8.6<\/td>\n<\/tr>\n<tr>\n<th>\u0110\u01b0\u1eddng k\u00ednh\u00a0 (mm)<\/th>\n<td>15,2<\/td>\n<td>15.3<\/td>\n<\/tr>\n<tr>\n<th>T\u00ecnh tr\u1ea1ng<\/th>\n<td colspan=\"2\">\n<p>Giai \u0111i\u1ec7u trung b\u00ecnh<\/p>\n<p>\u00a0<\/p>\n<\/td>\n<\/tr>\n<\/tbody>\n<\/table>\n<p><strong>Grip<\/strong><\/p>\n<p><img decoding=\"async\" class=\"b-lazy b-error\" src=\"http:\/\/xgolf.vn\/wp-content\/uploads\/2024\/08\/girp-1.png\" alt=\"Cao su TRCN\" data-pagespeed-url-hash=\"1105296316\" title=\"girp-1\"><\/p>\n<table>\n<tbody>\n<tr>\n<th>T\u00ean<\/th>\n<td>Cao su TRCN<\/td>\n<\/tr>\n<tr>\n<th>Ch\u1ea5t li\u1ec7u<\/th>\n<td>cao su<\/td>\n<\/tr>\n<tr>\n<th>T\u1ed5ng tr\u1ecdng l\u01b0\u1ee3ng (g)<\/th>\n<td>50g<\/td>\n<\/tr>\n<tr>\n<th>k\u00edch c\u1ee1<\/th>\n<td>M60<\/td>\n<\/tr>\n<\/tbody>\n<\/table>\n<\/div>\n<\/div>\n<ul class=\"attribute-specs-wrapper\">\n<li>\n                    Gi\u1edbi t\u00ednh: Nam                <\/li>\n<li>\n                    Th\u1ec3 lo\u1ea1i: Fairway                <\/li>\n<li>\n                    H\u00e3ng: HONMA                <\/li>\n<li>\n                    S\u1ea3n xu\u1ea5t : Nh\u1eadt B\u1ea3n                <\/li>\n<li>\n                    B\u1ea3o h\u00e0nh: 1 N\u0103m (L\u1ed7i nh\u00e0 s\u1ea3n xu\u1ea5t)                <\/li>\n<\/ul>","protected":false},"excerpt":{"rendered":"<div class=\"text-bottom--product-detail-info\">\n<div class=\"item\">\n        S\u1ea3n ph\u1ea9m ch\u00ednh h\u00e3ng 100%.\n    <\/div>\n<div class=\"item\">\n<div>\n          Ch\u00ednh s\u00e1ch \u0111\u1ed5i h\u00e0ng  (Xem chi ti\u1ebft).\n        <\/div>\n<\/div>\n<div class=\"item\">\n        Gi\u00e1 s\u1ea3n ph\u1ea9m \u0111\u00e3 bao g\u1ed3m VAT.\n    <\/div>\n<div class=\"item\">\n        Mi\u1ec5n ph\u00ed v\u1eadn chuy\u1ec3n th\u01b0\u1eddng\n    <\/div>\n<\/div>","protected":false},"featured_media":18664,"comment_status":"closed","ping_status":"closed","template":"","meta":[],"pwb-brand":[3247],"product_cat":[3255],"product_tag":[5047],"class_list":{"0":"post-18663","1":"product","2":"type-product","3":"status-publish","4":"has-post-thumbnail","6":"pwb-brand-honma","7":"product_cat-fairway","8":"product_tag-gay-golf-fairway-honma-tw757-bk-vizard","10":"first","11":"instock","12":"shipping-taxable","13":"purchasable","14":"product-type-simple"},"brands":[{"id":3247,"name":"HONMA","slug":"honma"}],"_links":{"self":[{"href":"https:\/\/xgolf.vn\/fr\/wp-json\/wp\/v2\/product\/18663","targetHints":{"allow":["GET"]}}],"collection":[{"href":"https:\/\/xgolf.vn\/fr\/wp-json\/wp\/v2\/product"}],"about":[{"href":"https:\/\/xgolf.vn\/fr\/wp-json\/wp\/v2\/types\/product"}],"replies":[{"embeddable":true,"href":"https:\/\/xgolf.vn\/fr\/wp-json\/wp\/v2\/comments?post=18663"}],"wp:featuredmedia":[{"embeddable":true,"href":"https:\/\/xgolf.vn\/fr\/wp-json\/wp\/v2\/media\/18664"}],"wp:attachment":[{"href":"https:\/\/xgolf.vn\/fr\/wp-json\/wp\/v2\/media?parent=18663"}],"wp:term":[{"taxonomy":"pwb-brand","embeddable":true,"href":"https:\/\/xgolf.vn\/fr\/wp-json\/wp\/v2\/pwb-brand?post=18663"},{"taxonomy":"product_cat","embeddable":true,"href":"https:\/\/xgolf.vn\/fr\/wp-json\/wp\/v2\/product_cat?post=18663"},{"taxonomy":"product_tag","embeddable":true,"href":"https:\/\/xgolf.vn\/fr\/wp-json\/wp\/v2\/product_tag?post=18663"}],"curies":[{"name":"wp","href":"https:\/\/api.w.org\/{rel}","templated":true}]}}