{"id":18236,"date":"2024-08-01T01:32:05","date_gmt":"2024-07-31T18:32:05","guid":{"rendered":"http:\/\/xgolf.vn\/-product-\/uncategorized\/gay-golf-wedge-taylormade-mg4-chrome\/"},"modified":"2024-08-01T01:32:12","modified_gmt":"2024-07-31T18:32:12","slug":"gay-golf-wedge-taylormade-mg4-chrome","status":"publish","type":"product","link":"https:\/\/xgolf.vn\/fr\/-product-\/gay\/wedge\/gay-golf-wedge-taylormade-mg4-chrome\/","title":{"rendered":"G\u1eady golf wedge TaylorMade MG4 Chrome"},"content":{"rendered":"<div class=\"product attribute description\">\n<div class=\"value\">#html-body [data-pb-style=JX496J5]{justify-content:flex-start;display:flex;flex-direction:column;background-position:left top;background-size:cover;background-repeat:no-repeat;background-attachment:scroll}<\/p>\n<div data-content-type=\"row\" data-appearance=\"contained\" data-element=\"main\">\n<div data-enable-parallax=\"0\" data-parallax-speed=\"0.5\" data-background-images=\"{}\" data-background-type=\"image\" data-video-loop=\"true\" data-video-play-only-visible=\"true\" data-video-lazy-load=\"true\" data-video-fallback-src=\"\" data-element=\"inner\" data-pb-style=\"JX496J5\">\n<div data-content-type=\"text\" data-appearance=\"default\" data-element=\"main\">\n<h1><span style=\"font-size: 28px\">TaylorMade WG MG4 Chrome SB\u00a0<\/span><\/h1>\n<p><span style=\"font-size: 18px\">Milled Grind 4 s\u1eed d\u1ee5ng Spin Tread \u0111\u01b0\u1ee3c kh\u1eafc b\u1eb1ng laser v\u00e0 m\u1ed9t m\u1eb7t th\u00f4 \u0111\u1ec3 mang l\u1ea1i \u0111\u1ed9 b\u00e1m t\u1ed1t h\u01a1n xung quanh green v\u00e0 \u0111\u1ed9 xo\u00e1y v\u01b0\u1ee3t tr\u1ed9i trong \u0111i\u1ec1u ki\u1ec7n \u1ea9m \u01b0\u1edbt. <\/span><\/p>\n<p><span style=\"font-size: 18px\">H\u00ecnh d\u00e1ng tinh t\u1ebf t\u1ea1o ra v\u1ebb th\u1ea9m m\u1ef9 m\u01b0\u1ee3t m\u00e0, truy\u1ec1n c\u1ea3m h\u1ee9ng s\u00e1ng t\u1ea1o xung quanh c\u00e1c green, \u0111\u1ed3ng th\u1eddi c\u1ea3i thi\u1ec7n s\u1ef1 ph\u00e2n b\u1ed1 kh\u1ed1i l\u01b0\u1ee3ng mang l\u1ea1i c\u1ea3m gi\u00e1c ch\u1eafc ch\u1eafn.<\/span><\/p>\n<p>\u00a0<\/p>\n<p><span style=\"font-size: 18px\">C\u1ea2I THI\u1ec6N \u0110\u1ed8 XO\u00c1Y TRONG \u0110I\u1ec0U KI\u1ec6N \u01af\u1edaT<br \/>C\u00f4ng ngh\u1ec7 Spin Tread s\u1eed d\u1ee5ng ph\u01b0\u01a1ng ph\u00e1p kh\u1eafc laser \u0111\u1ec3 lo\u1ea1i b\u1ecf \u0111\u1ed9 \u1ea9m v\u00e0 gi\u00fap duy tr\u00ec \u0111\u1ed9 xo\u00e1y trong \u0111i\u1ec1u ki\u1ec7n \u1ea9m \u01b0\u1edbt. <\/span><\/p>\n<p><span style=\"font-size: 18px\">T\u01b0\u01a1ng t\u1ef1 nh\u01b0 c\u00e1ch gai l\u1ed1p gi\u00fap \u00f4 t\u00f4 c\u1ee7a b\u1ea1n ti\u1ebfp x\u00fac v\u1edbi m\u1eb7t \u0111\u01b0\u1eddng, Spin Tread chuy\u1ec3n h\u01b0\u1edbng n\u01b0\u1edbc khi va ch\u1ea1m v\u00e0 t\u1ea1o ra nhi\u1ec1u ma s\u00e1t h\u01a1n gi\u1eefa m\u1eb7t g\u1eady v\u00e0 b\u00f3ng g\u00f4n \u0111\u1ec3 truy\u1ec1n nhi\u1ec1u xo\u00e1y h\u01a1n so v\u1edbi c\u00e1c th\u1ebf h\u1ec7 tr\u01b0\u1edbc.<\/span><\/p>\n<p><span style=\"font-size: 18px\">\u00a0 \u00a0<br \/>\u00a0<img decoding=\"async\" src=\"http:\/\/xgolf.vn\/wp-content\/uploads\/2024\/08\/mg4-fnb-1_w1250_h900_mcrop_p50-50-1.jpg\" width=\"738\" height=\"531\" title=\"mg4-fnb-1_w1250_h900_mcrop_p50-50-1\"><br \/><\/span><\/p>\n<p><span style=\"font-size: 18px\"><strong>M\u1eb6T TH\u00d4 &amp; HO\u00c0N THI\u1ec6N M\u1edaI<\/strong><br \/>C\u00f3 l\u00fd do t\u1ea1i sao nh\u1eefng chi\u1ebfc g\u1eady wedge th\u00f4 l\u1ea1i \u0111\u01b0\u1ee3c nh\u1eefng ng\u01b0\u1eddi ch\u01a1i gi\u1ecfi nh\u1ea5t trong tr\u00f2 ch\u01a1i \u01b0a th\u00edch h\u01a1n. V\u1eadt li\u1ec7u kh\u00f4ng \u0111\u01b0\u1ee3c m\u1ea1 s\u1ebd r\u1ec9 s\u00e9t theo th\u1eddi gian \u0111\u1ec3 duy tr\u00ec \u0111\u1ed9 xo\u00e1y \u1ed5n \u0111\u1ecbnh \u0111\u1ed3ng th\u1eddi mang l\u1ea1i hi\u1ec7u su\u1ea5t t\u1ed1t h\u01a1n trong \u0111i\u1ec1u ki\u1ec7n \u1ea9m \u01b0\u1edbt. L\u1edbp ho\u00e0n thi\u1ec7n tinh t\u1ebf m\u1edbi v\u1edbi t\u00f4ng m\u00e0u t\u1ed1i h\u01a1n m\u1ed9t ch\u00fat gi\u00fap gi\u1ea3m thi\u1ec3u \u0111\u1ed9 ch\u00f3i v\u00e0 h\u00f2a quy\u1ec7n ho\u00e0n h\u1ea3o v\u1edbi khu\u00f4n m\u1eb7t th\u00f4 \u0111\u1ec3 c\u00f3 v\u1ebb ngo\u00e0i th\u1ed1ng nh\u1ea5t.<\/span><\/p>\n<p><span style=\"font-size: 18px\"><img decoding=\"async\" src=\"http:\/\/xgolf.vn\/wp-content\/uploads\/2024\/08\/mg4-fnb-2_w1250_h900_mcrop_p50-50-1.jpg\" width=\"694\" height=\"500\" title=\"mg4-fnb-2_w1250_h900_mcrop_p50-50-1\"><\/span><\/p>\n<p><span style=\"font-size: 18px\"><strong>T\u1ea0O H\u00ccNH TINH T\u1ebe<\/strong><br \/>MG4 c\u00f3 nh\u1eefng c\u1ea3i ti\u1ebfn v\u1ec1 h\u00ecnh d\u00e1ng v\u00e0 s\u1ef1 h\u1ea5p d\u1eabn v\u1ec1 m\u1eb7t h\u00ecnh \u1ea3nh, t\u1eadp trung v\u00e0o nh\u1eefng g\u00ec ng\u01b0\u1eddi ch\u01a1i c\u1ea3m nh\u1eadn \u0111\u01b0\u1ee3c khi v\u00e0o b\u00f3ng.<\/span><\/p>\n<p><span style=\"font-size: 18px\"> C\u00e1c chi ti\u1ebft t\u1eeb s\u1ef1 pha tr\u1ed9n, b\u00f9 \u0111\u1eafp v\u00e0 \u0111\u1ed9 th\u1eb3ng h\u00e0ng \u0111\u1ea7u c\u1ee7a \u1ed1ng m\u1ec1m \u0111\u1ec1u \u0111\u01b0\u1ee3c l\u1ea5y c\u1ea3m h\u1ee9ng t\u1eeb nh\u1eefng hi\u1ec3u bi\u1ebft s\u00e2u s\u1eafc v\u00e0 s\u1edf th\u00edch c\u1ee7a nh\u1eefng ng\u01b0\u1eddi ch\u01a1i gi\u1ecfi nh\u1ea5t c\u0169ng nh\u01b0 c\u00e1c nh\u00e0 thi\u1ebft k\u1ebf gi\u00e0u kinh nghi\u1ec7m nh\u1ea5t. <\/span><\/p>\n<p><span style=\"font-size: 18px\">So v\u1edbi MG3 tr\u01b0\u1edbc \u0111\u00e2y, MG4 c\u00f3 di\u1ec7n t\u00edch l\u1edbn h\u01a1n m\u1ed9t ch\u00fat mang l\u1ea1i cho ng\u01b0\u1eddi ch\u01a1i c\u1ea3m gi\u00e1c tr\u00f2n tr\u1ecba, m\u01b0\u1ee3t m\u00e0 v\u00e0 c\u1ea3i thi\u1ec7n t\u00ednh d\u1ec5 s\u1eed d\u1ee5ng.<\/span><\/p>\n<p><span style=\"font-size: 18px\"><img decoding=\"async\" src=\"http:\/\/xgolf.vn\/wp-content\/uploads\/2024\/08\/mg4-fnb-3_w1250_h900_mcrop_p50-50-1.jpg\" width=\"715\" height=\"515\" title=\"mg4-fnb-3_w1250_h900_mcrop_p50-50-1\"><\/span><\/p>\n<p>\u00a0<\/p>\n<p><span style=\"font-size: 18px\">Th\u00f4ng s\u1ed1 k\u1ef9 thu\u1eadt\u00a0<\/span><\/p>\n<table style=\"width: 45.818%\" cellspacing=\"0\">\n<tbody>\n<tr>\n<td style=\"width: 32.4523%\"><span style=\"font-size: 18px\"><strong>Club<\/strong><\/span><\/td>\n<td style=\"width: 9.10426%\"><span style=\"font-size: 18px\"><strong>LOFT<\/strong><\/span><\/td>\n<td style=\"width: 14.6843%\"><span style=\"font-size: 18px\"><strong>BOUNCE<\/strong><\/span><\/td>\n<td style=\"width: 13.8032%\"><span style=\"font-size: 18px\"><strong>LENGTH<\/strong><\/span><\/td>\n<td style=\"width: 5.72687%\"><span style=\"font-size: 18px\"><strong>LIE<\/strong><\/span><\/td>\n<td style=\"width: 24.2291%\"><span style=\"font-size: 18px\"><strong>SWINGWEIGHT<\/strong><\/span><\/td>\n<\/tr>\n<tr>\n<td style=\"width: 32.4523%\"><span style=\"font-size: 18px\">LOW BOUNCE<\/span><\/td>\n<td style=\"width: 9.10426%\"><span style=\"font-size: 18px\">56\u00b0<\/span><\/td>\n<td style=\"width: 14.6843%\"><span style=\"font-size: 18px\">8\u00b0<\/span><\/td>\n<td style=\"width: 13.8032%\"><span style=\"font-size: 18px\">35.25&#8243;<\/span><\/td>\n<td style=\"width: 5.72687%\"><span style=\"font-size: 18px\">64\u00b0<\/span><\/td>\n<td style=\"width: 24.2291%\"><span style=\"font-size: 18px\">D5<\/span><\/td>\n<\/tr>\n<tr>\n<td style=\"width: 32.4523%\"><span style=\"font-size: 18px\">LOW BOUNCE<\/span><\/td>\n<td style=\"width: 9.10426%\"><span style=\"font-size: 18px\">58\u00b0<\/span><\/td>\n<td style=\"width: 14.6843%\"><span style=\"font-size: 18px\">8\u00b0<\/span><\/td>\n<td style=\"width: 13.8032%\"><span style=\"font-size: 18px\">35&#8243;<\/span><\/td>\n<td style=\"width: 5.72687%\"><span style=\"font-size: 18px\">64\u00b0<\/span><\/td>\n<td style=\"width: 24.2291%\"><span style=\"font-size: 18px\">D5<\/span><\/td>\n<\/tr>\n<tr>\n<td style=\"width: 32.4523%\"><span style=\"font-size: 18px\">LOW BOUNCE<\/span><\/td>\n<td style=\"width: 9.10426%\"><span style=\"font-size: 18px\">60\u00b0<\/span><\/td>\n<td style=\"width: 14.6843%\"><span style=\"font-size: 18px\">8\u00b0<\/span><\/td>\n<td style=\"width: 13.8032%\"><span style=\"font-size: 18px\">35&#8243;<\/span><\/td>\n<td style=\"width: 5.72687%\"><span style=\"font-size: 18px\">64\u00b0<\/span><\/td>\n<td style=\"width: 24.2291%\"><span style=\"font-size: 18px\">D5<\/span><\/td>\n<\/tr>\n<tr>\n<td style=\"width: 32.4523%\"><span style=\"font-size: 18px\"><strong>STANDARD BOUNCE<\/strong><\/span><\/td>\n<td style=\"width: 9.10426%\"><span style=\"font-size: 18px\"><strong>46\u00b0<\/strong><\/span><\/td>\n<td style=\"width: 14.6843%\"><span style=\"font-size: 18px\"><strong>9\u00b0<\/strong><\/span><\/td>\n<td style=\"width: 13.8032%\"><span style=\"font-size: 18px\"><strong>35.75&#8243;<\/strong><\/span><\/td>\n<td style=\"width: 5.72687%\"><span style=\"font-size: 18px\"><strong>64\u00b0<\/strong><\/span><\/td>\n<td style=\"width: 24.2291%\"><span style=\"font-size: 18px\"><strong>D3<\/strong><\/span><\/td>\n<\/tr>\n<tr>\n<td style=\"width: 32.4523%\"><span style=\"font-size: 18px\"><strong>STANDARD BOUNCE<\/strong><\/span><\/td>\n<td style=\"width: 9.10426%\"><span style=\"font-size: 18px\"><strong>48\u00b0<\/strong><\/span><\/td>\n<td style=\"width: 14.6843%\"><span style=\"font-size: 18px\"><strong>9\u00b0<\/strong><\/span><\/td>\n<td style=\"width: 13.8032%\"><span style=\"font-size: 18px\"><strong>35.75&#8243;<\/strong><\/span><\/td>\n<td style=\"width: 5.72687%\"><span style=\"font-size: 18px\"><strong>64\u00b0<\/strong><\/span><\/td>\n<td style=\"width: 24.2291%\"><span style=\"font-size: 18px\"><strong>D3<\/strong><\/span><\/td>\n<\/tr>\n<tr>\n<td style=\"width: 32.4523%\"><span style=\"font-size: 18px\"><strong>STANDARD BOUNCE<\/strong><\/span><\/td>\n<td style=\"width: 9.10426%\"><span style=\"font-size: 18px\"><strong>50\u00b0<\/strong><\/span><\/td>\n<td style=\"width: 14.6843%\"><span style=\"font-size: 18px\"><strong>9\u00b0<\/strong><\/span><\/td>\n<td style=\"width: 13.8032%\"><span style=\"font-size: 18px\"><strong>35.5&#8243;<\/strong><\/span><\/td>\n<td style=\"width: 5.72687%\"><span style=\"font-size: 18px\"><strong>64\u00b0<\/strong><\/span><\/td>\n<td style=\"width: 24.2291%\"><span style=\"font-size: 18px\"><strong>D3<\/strong><\/span><\/td>\n<\/tr>\n<tr>\n<td style=\"width: 32.4523%\"><span style=\"font-size: 18px\"><strong>STANDARD BOUNCE<\/strong><\/span><\/td>\n<td style=\"width: 9.10426%\"><span style=\"font-size: 18px\"><strong>52\u00b0<\/strong><\/span><\/td>\n<td style=\"width: 14.6843%\"><span style=\"font-size: 18px\"><strong>9\u00b0<\/strong><\/span><\/td>\n<td style=\"width: 13.8032%\"><span style=\"font-size: 18px\"><strong>35.5&#8243;<\/strong><\/span><\/td>\n<td style=\"width: 5.72687%\"><span style=\"font-size: 18px\"><strong>64\u00b0<\/strong><\/span><\/td>\n<td style=\"width: 24.2291%\"><span style=\"font-size: 18px\"><strong>D3<\/strong><\/span><\/td>\n<\/tr>\n<tr>\n<td style=\"width: 32.4523%\"><span style=\"font-size: 18px\"><strong>STANDARD BOUNCE<\/strong><\/span><\/td>\n<td style=\"width: 9.10426%\"><span style=\"font-size: 18px\"><strong>54\u00b0<\/strong><\/span><\/td>\n<td style=\"width: 14.6843%\"><span style=\"font-size: 18px\"><strong>11\u00b0<\/strong><\/span><\/td>\n<td style=\"width: 13.8032%\"><span style=\"font-size: 18px\"><strong>35.25&#8243;<\/strong><\/span><\/td>\n<td style=\"width: 5.72687%\"><span style=\"font-size: 18px\"><strong>64\u00b0<\/strong><\/span><\/td>\n<td style=\"width: 24.2291%\"><span style=\"font-size: 18px\"><strong>D5<\/strong><\/span><\/td>\n<\/tr>\n<tr>\n<td style=\"width: 32.4523%\"><span style=\"font-size: 18px\"><strong>STANDARD BOUNCE<\/strong><\/span><\/td>\n<td style=\"width: 9.10426%\"><span style=\"font-size: 18px\"><strong>56\u00b0<\/strong><\/span><\/td>\n<td style=\"width: 14.6843%\"><span style=\"font-size: 18px\"><strong>12\u00b0<\/strong><\/span><\/td>\n<td style=\"width: 13.8032%\"><span style=\"font-size: 18px\"><strong>35.25&#8243;<\/strong><\/span><\/td>\n<td style=\"width: 5.72687%\"><span style=\"font-size: 18px\"><strong>64\u00b0<\/strong><\/span><\/td>\n<td style=\"width: 24.2291%\"><span style=\"font-size: 18px\"><strong>D5<\/strong><\/span><\/td>\n<\/tr>\n<tr>\n<td style=\"width: 32.4523%\"><span style=\"font-size: 18px\"><strong>STANDARD BOUNCE<\/strong><\/span><\/td>\n<td style=\"width: 9.10426%\"><span style=\"font-size: 18px\"><strong>58\u00b0<\/strong><\/span><\/td>\n<td style=\"width: 14.6843%\"><span style=\"font-size: 18px\"><strong>11\u00b0<\/strong><\/span><\/td>\n<td style=\"width: 13.8032%\"><span style=\"font-size: 18px\"><strong>35&#8243;<\/strong><\/span><\/td>\n<td style=\"width: 5.72687%\"><span style=\"font-size: 18px\"><strong>64\u00b0<\/strong><\/span><\/td>\n<td style=\"width: 24.2291%\"><span style=\"font-size: 18px\"><strong>D5<\/strong><\/span><\/td>\n<\/tr>\n<tr>\n<td style=\"width: 32.4523%\"><span style=\"font-size: 18px\"><strong>STANDARD BOUNCE<\/strong><\/span><\/td>\n<td style=\"width: 9.10426%\"><span style=\"font-size: 18px\"><strong>60\u00b0<\/strong><\/span><\/td>\n<td style=\"width: 14.6843%\"><span style=\"font-size: 18px\"><strong>10\u00b0<\/strong><\/span><\/td>\n<td style=\"width: 13.8032%\"><span style=\"font-size: 18px\"><strong>35&#8243;<\/strong><\/span><\/td>\n<td style=\"width: 5.72687%\"><span style=\"font-size: 18px\"><strong>64\u00b0<\/strong><\/span><\/td>\n<td style=\"width: 24.2291%\"><span style=\"font-size: 18px\"><strong>D5<\/strong><\/span><\/td>\n<\/tr>\n<tr>\n<td style=\"width: 32.4523%\"><span style=\"font-size: 18px\">HIGH BOUNCE<\/span><\/td>\n<td style=\"width: 9.10426%\"><span style=\"font-size: 18px\">54\u00b0<\/span><\/td>\n<td style=\"width: 14.6843%\"><span style=\"font-size: 18px\">13\u00b0<\/span><\/td>\n<td style=\"width: 13.8032%\"><span style=\"font-size: 18px\">35.25&#8243;<\/span><\/td>\n<td style=\"width: 5.72687%\"><span style=\"font-size: 18px\">64\u00b0<\/span><\/td>\n<td style=\"width: 24.2291%\"><span style=\"font-size: 18px\">D5<\/span><\/td>\n<\/tr>\n<tr>\n<td style=\"width: 32.4523%\"><span style=\"font-size: 18px\">HIGH BOUNCE<\/span><\/td>\n<td style=\"width: 9.10426%\"><span style=\"font-size: 18px\">56\u00b0<\/span><\/td>\n<td style=\"width: 14.6843%\"><span style=\"font-size: 18px\">14\u00b0<\/span><\/td>\n<td style=\"width: 13.8032%\"><span style=\"font-size: 18px\">35.25&#8243;<\/span><\/td>\n<td style=\"width: 5.72687%\"><span style=\"font-size: 18px\">64\u00b0<\/span><\/td>\n<td style=\"width: 24.2291%\"><span style=\"font-size: 18px\">D5<\/span><\/td>\n<\/tr>\n<tr>\n<td style=\"width: 32.4523%\"><span style=\"font-size: 18px\">HIGH BOUNCE<\/span><\/td>\n<td style=\"width: 9.10426%\"><span style=\"font-size: 18px\">58\u00b0<\/span><\/td>\n<td style=\"width: 14.6843%\"><span style=\"font-size: 18px\">12\u00b0<\/span><\/td>\n<td style=\"width: 13.8032%\"><span style=\"font-size: 18px\">35&#8243;<\/span><\/td>\n<td style=\"width: 5.72687%\"><span style=\"font-size: 18px\">64\u00b0<\/span><\/td>\n<td style=\"width: 24.2291%\"><span style=\"font-size: 18px\">D5<\/span><\/td>\n<\/tr>\n<tr>\n<td style=\"width: 32.4523%\"><span style=\"font-size: 18px\">HIGH BOUNCE<\/span><\/td>\n<td style=\"width: 9.10426%\"><span style=\"font-size: 18px\">60\u00b0<\/span><\/td>\n<td style=\"width: 14.6843%\"><span style=\"font-size: 18px\">12\u00b0<\/span><\/td>\n<td style=\"width: 13.8032%\"><span style=\"font-size: 18px\">35&#8243;<\/span><\/td>\n<td style=\"width: 5.72687%\"><span style=\"font-size: 18px\">64\u00b0<\/span><\/td>\n<td style=\"width: 24.2291%\"><span style=\"font-size: 18px\">D5<\/span><\/td>\n<\/tr>\n<\/tbody>\n<\/table>\n<p>\u00a0<\/p>\n<p>Shaft :<strong>Dynamic Gold EX TOUR ISSUE<\/strong><\/p>\n<p><strong>Weight: 131g<\/strong><\/p>\n<\/div>\n<\/div>\n<\/div>\n<\/div>\n<\/div>\n<ul class=\"attribute-specs-wrapper\">\n<li>\n                    Gi\u1edbi t\u00ednh: Nam                <\/li>\n<li>\n                    Th\u1ec3 lo\u1ea1i: Wedge                <\/li>\n<li>\n                    H\u00e3ng: TaylorMade                <\/li>\n<li>\n                    B\u1ea3o h\u00e0nh: 1 N\u0103m (L\u1ed7i nh\u00e0 s\u1ea3n xu\u1ea5t)                <\/li>\n<\/ul>","protected":false},"excerpt":{"rendered":"<div class=\"text-bottom--product-detail-info\">\n<div class=\"item\">\n        S\u1ea3n ph\u1ea9m ch\u00ednh h\u00e3ng 100%.\n    <\/div>\n<div class=\"item\">\n<div>\n          Ch\u00ednh s\u00e1ch \u0111\u1ed5i h\u00e0ng  (Xem chi ti\u1ebft).\n        <\/div>\n<\/div>\n<div class=\"item\">\n        Gi\u00e1 s\u1ea3n ph\u1ea9m \u0111\u00e3 bao g\u1ed3m VAT.\n    <\/div>\n<div class=\"item\">\n        Mi\u1ec5n ph\u00ed v\u1eadn chuy\u1ec3n th\u01b0\u1eddng\n    <\/div>\n<\/div>","protected":false},"featured_media":18237,"comment_status":"closed","ping_status":"closed","template":"","meta":[],"pwb-brand":[3248],"product_cat":[3259],"product_tag":[4856],"class_list":{"0":"post-18236","1":"product","2":"type-product","3":"status-publish","4":"has-post-thumbnail","6":"pwb-brand-taylormade","7":"product_cat-wedge","8":"product_tag-taylormade-wg-mg4-chrome-sb","10":"first","11":"instock","12":"shipping-taxable","13":"purchasable","14":"product-type-simple"},"brands":[{"id":3248,"name":"TaylorMade","slug":"taylormade"}],"_links":{"self":[{"href":"https:\/\/xgolf.vn\/fr\/wp-json\/wp\/v2\/product\/18236","targetHints":{"allow":["GET"]}}],"collection":[{"href":"https:\/\/xgolf.vn\/fr\/wp-json\/wp\/v2\/product"}],"about":[{"href":"https:\/\/xgolf.vn\/fr\/wp-json\/wp\/v2\/types\/product"}],"replies":[{"embeddable":true,"href":"https:\/\/xgolf.vn\/fr\/wp-json\/wp\/v2\/comments?post=18236"}],"wp:featuredmedia":[{"embeddable":true,"href":"https:\/\/xgolf.vn\/fr\/wp-json\/wp\/v2\/media\/18237"}],"wp:attachment":[{"href":"https:\/\/xgolf.vn\/fr\/wp-json\/wp\/v2\/media?parent=18236"}],"wp:term":[{"taxonomy":"pwb-brand","embeddable":true,"href":"https:\/\/xgolf.vn\/fr\/wp-json\/wp\/v2\/pwb-brand?post=18236"},{"taxonomy":"product_cat","embeddable":true,"href":"https:\/\/xgolf.vn\/fr\/wp-json\/wp\/v2\/product_cat?post=18236"},{"taxonomy":"product_tag","embeddable":true,"href":"https:\/\/xgolf.vn\/fr\/wp-json\/wp\/v2\/product_tag?post=18236"}],"curies":[{"name":"wp","href":"https:\/\/api.w.org\/{rel}","templated":true}]}}