{"id":16251,"date":"2024-07-31T20:34:10","date_gmt":"2024-07-31T13:34:10","guid":{"rendered":"http:\/\/xgolf.vn\/-product-\/uncategorized\/bo-gay-golf-fullset-cobra-xl-package-steel-12gaytui\/"},"modified":"2024-07-31T20:34:13","modified_gmt":"2024-07-31T13:34:13","slug":"bo-gay-golf-fullset-cobra-xl-package-steel-12gaytui","status":"publish","type":"product","link":"https:\/\/xgolf.vn\/fr\/-product-\/gay\/fullset\/bo-gay-golf-fullset-cobra-xl-package-steel-12gaytui\/","title":{"rendered":"B\u1ed9 g\u1eady golf Fullset Cobra XL package Steel (12g\u1eady+t\u00fai)"},"content":{"rendered":"<div class=\"product attribute description\">\n<div class=\"value\">\n<h1>B\u1ed9 g\u1eady golf Fullset Cobra XL package Steel (12g\u1eady+t\u00fai)<\/h1>\n<p>G\u1ed3m<\/p>\n<ul class=\"club-description-list\">\n<li>&#8211; Driver<\/li>\n<li>&#8211; Fairways: 3F, 5F<\/li>\n<li>&#8211; Hybrids: 4H, 5H<\/li>\n<li>&#8211; Irons: 6, 7, 8, 9, PW and SW ( Steel<\/li>\n<li>&#8211; Blade Putter<\/li>\n<li>\n<div class=\"row mt-5\">\n<div id=\"specifications\" class=\"col\">\n<h3>DRIVER<\/h3>\n<table class=\"table table-responsive-md table-striped\">\n<tbody>\n<tr>\n<th style=\"width: 51px\">Model<\/th>\n<th style=\"width: 44px\">Loft<\/th>\n<th style=\"width: 44px\">Lie<\/th>\n<th style=\"width: 59px\">Length<\/th>\n<th style=\"width: 114px\">Swing Weight<\/th>\n<th style=\"width: 86px\">Stock Flex<\/th>\n<th style=\"width: 26px\">RH<\/th>\n<\/tr>\n<tr>\n<td style=\"width: 51px\">Driver<\/td>\n<td style=\"width: 44px\">10.5\u00b0<\/td>\n<td style=\"width: 44px\">58.5\u00b0<\/td>\n<td style=\"width: 59px\">45.50&#8243;<\/td>\n<td style=\"width: 114px\">D2<\/td>\n<td style=\"width: 86px\">Regular<\/td>\n<td style=\"width: 26px\">RH<\/td>\n<\/tr>\n<tr>\n<td style=\"width: 51px\">Driver<\/td>\n<td style=\"width: 44px\">11.5\u00b0<\/td>\n<td style=\"width: 44px\">58.5\u00b0<\/td>\n<td style=\"width: 59px\">45.50&#8243;<\/td>\n<td style=\"width: 114px\">D2<\/td>\n<td style=\"width: 86px\">Lite<\/td>\n<td style=\"width: 26px\">RH<\/td>\n<\/tr>\n<\/tbody>\n<\/table>\n<h3>FAIRWAYS<\/h3>\n<table class=\"table table-responsive-md table-striped\">\n<tbody>\n<tr>\n<th>Model<\/th>\n<th>Loft<\/th>\n<th>Lie<\/th>\n<th>Length<\/th>\n<th>Swing Weight<\/th>\n<th>Stock Flex<\/th>\n<th>RH<\/th>\n<\/tr>\n<tr>\n<td>3 F<\/td>\n<td>15\u00b0<\/td>\n<td>58\u00b0<\/td>\n<td>43.50&#8243;<\/td>\n<td>D1<\/td>\n<td>Regular, Lite<\/td>\n<td>RH<\/td>\n<\/tr>\n<tr>\n<td>5 F<\/td>\n<td>19\u00b0<\/td>\n<td>59\u00b0<\/td>\n<td>43.00&#8243;<\/td>\n<td>D1<\/td>\n<td>Regular, Lite<\/td>\n<td>RH<\/td>\n<\/tr>\n<\/tbody>\n<\/table>\n<h3>HYBRIDS<\/h3>\n<table class=\"table table-responsive-md table-striped\">\n<tbody>\n<tr>\n<th>Model<\/th>\n<th>Loft<\/th>\n<th>Lie<\/th>\n<th>Length<\/th>\n<th>Swing Weight<\/th>\n<th>Stock Flex<\/th>\n<th>RH<\/th>\n<\/tr>\n<tr>\n<td>4H<\/td>\n<td>21\u00b0<\/td>\n<td>59\u00b0<\/td>\n<td>39.5&#8243;<\/td>\n<td>D1<\/td>\n<td>Regular, Lite<\/td>\n<td>RH<\/td>\n<\/tr>\n<tr>\n<td>5H<\/td>\n<td>24\u00b0<\/td>\n<td>59.5\u00b0<\/td>\n<td>38.75&#8243;<\/td>\n<td>D1<\/td>\n<td>Regular, Lite<\/td>\n<td>RH<\/td>\n<\/tr>\n<\/tbody>\n<\/table>\n<h3>IRONS<\/h3>\n<table class=\"table table-responsive-md table-striped\" style=\"width: 299px\">\n<tbody>\n<tr>\n<th style=\"width: 47px\">Model<\/th>\n<th style=\"width: 31px\">Loft<\/th>\n<th style=\"width: 40px\">Lie<\/th>\n<th style=\"width: 55px\">Length<\/th>\n<th style=\"width: 57px\">Steel<br \/>Swing Weight<\/th>\n<th style=\"width: 54px\">Steel<br \/>Stock Flex<\/th>\n<\/tr>\n<tr>\n<td style=\"width: 47px\">6 Iron<\/td>\n<td style=\"width: 31px\">26\u00b0<\/td>\n<td style=\"width: 40px\">62\u00b0<\/td>\n<td style=\"width: 55px\">37.75&#8243;<\/td>\n<td style=\"width: 57px\">D2<\/td>\n<td style=\"width: 54px\">Regular<\/td>\n<\/tr>\n<tr>\n<td style=\"width: 47px\">7 Iron<\/td>\n<td style=\"width: 31px\">30\u00b0<\/td>\n<td style=\"width: 40px\">62.5\u00b0<\/td>\n<td style=\"width: 55px\">37.25&#8243;<\/td>\n<td style=\"width: 57px\">D2<\/td>\n<td style=\"width: 54px\">Regular<\/td>\n<\/tr>\n<tr>\n<td style=\"width: 47px\">8 Iron<\/td>\n<td style=\"width: 31px\">35\u00b0<\/td>\n<td style=\"width: 40px\">63\u00b0<\/td>\n<td style=\"width: 55px\">36.75&#8243;<\/td>\n<td style=\"width: 57px\">D2<\/td>\n<td style=\"width: 54px\">Regular<\/td>\n<\/tr>\n<tr>\n<td style=\"width: 47px\">9 Iron<\/td>\n<td style=\"width: 31px\">40\u00b0<\/td>\n<td style=\"width: 40px\">63.5\u00b0<\/td>\n<td style=\"width: 55px\">36.25&#8243;<\/td>\n<td style=\"width: 57px\">D2<\/td>\n<td style=\"width: 54px\">Regular<\/td>\n<\/tr>\n<tr>\n<td style=\"width: 47px\">PW<\/td>\n<td style=\"width: 31px\">45\u00b0<\/td>\n<td style=\"width: 40px\">64\u00b0<\/td>\n<td style=\"width: 55px\">36.00&#8243;<\/td>\n<td style=\"width: 57px\">D3<\/td>\n<td style=\"width: 54px\">Regular<\/td>\n<\/tr>\n<tr>\n<td style=\"width: 47px\">SW<\/td>\n<td style=\"width: 31px\">55\u00b0<\/td>\n<td style=\"width: 40px\">64\u00b0<\/td>\n<td style=\"width: 55px\">35.5&#8243;<\/td>\n<td style=\"width: 57px\">D2<\/td>\n<td style=\"width: 54px\">Regular<\/td>\n<\/tr>\n<\/tbody>\n<\/table>\n<h3>PUTTER<\/h3>\n<table class=\"table table-responsive-md table-striped\">\n<tbody>\n<tr>\n<th>Model<\/th>\n<th>Length<\/th>\n<th>RH\/LH<\/th>\n<\/tr>\n<tr>\n<td>Blade Putter<\/td>\n<td>34.25&#8243;<\/td>\n<td>RH\/LH<\/td>\n<\/tr>\n<\/tbody>\n<\/table>\n<\/div>\n<\/div>\n<div class=\"row\">\n<div id=\"shaft\" class=\"col\">\n<h3 class=\"extra_small_headline black_text text-uppercase\">SHAFTS<\/h3>\n<p><\/p>\n<p><img decoding=\"async\" src=\"http:\/\/xgolf.vn\/wp-content\/uploads\/2024\/07\/steelcopy.jpg\" width=\"825\" height=\"69\" title=\"steelcopy\"><\/p>\n<h3>Cobra XL Speed Steel Shaft<\/h3>\n<\/div>\n<\/div>\n<div class=\"row\">\n<div id=\"grip\" class=\"col table-responsive\">\n<h3 class=\"extra_small_headline black_text text-uppercase\">GRIPS<\/h3>\n<p><img decoding=\"async\" src=\"https:\/\/www.cobragolf.com\/media\/wysiwyg\/Grips\/mens-cobra-xl-grip.jpg\" alt=\"Cobra Lamkin REL Black\"><\/p>\n<\/div>\n<\/div>\n<\/li>\n<\/ul>\n<\/div>\n<\/div>\n<ul class=\"attribute-specs-wrapper\">\n<li>\n                    Gi\u1edbi t\u00ednh: Nam                <\/li>\n<li>\n                    Th\u1ec3 lo\u1ea1i: fullset                <\/li>\n<li>\n                    H\u00e3ng: Cobra Golf                <\/li>\n<li>\n                    S\u1ea3n xu\u1ea5t : Trung Qu\u1ed1c                <\/li>\n<li>\n                    B\u1ea3o h\u00e0nh: 1 N\u0103m (L\u1ed7i nh\u00e0 s\u1ea3n xu\u1ea5t)                <\/li>\n<\/ul>","protected":false},"excerpt":{"rendered":"<div class=\"text-bottom--product-detail-info\">\n<div class=\"item\">\n        S\u1ea3n ph\u1ea9m ch\u00ednh h\u00e3ng 100%.\n    <\/div>\n<div class=\"item\">\n<div>\n          Ch\u00ednh s\u00e1ch \u0111\u1ed5i h\u00e0ng  (Xem chi ti\u1ebft).\n        <\/div>\n<\/div>\n<div class=\"item\">\n        Gi\u00e1 s\u1ea3n ph\u1ea9m \u0111\u00e3 bao g\u1ed3m VAT.\n    <\/div>\n<div class=\"item\">\n        Mi\u1ec5n ph\u00ed v\u1eadn chuy\u1ec3n th\u01b0\u1eddng\n    <\/div>\n<\/div>","protected":false},"featured_media":16252,"comment_status":"closed","ping_status":"closed","template":"","meta":[],"pwb-brand":[3382],"product_cat":[3260],"product_tag":[3963],"class_list":{"0":"post-16251","1":"product","2":"type-product","3":"status-publish","4":"has-post-thumbnail","6":"pwb-brand-cobra-golf","7":"product_cat-fullset","8":"product_tag-bo-gay-golf-fullset-cobra-xl-package-steel-12gaytui","10":"first","11":"instock","12":"shipping-taxable","13":"purchasable","14":"product-type-simple"},"brands":[{"id":3382,"name":"Cobra Golf","slug":"cobra-golf"}],"_links":{"self":[{"href":"https:\/\/xgolf.vn\/fr\/wp-json\/wp\/v2\/product\/16251","targetHints":{"allow":["GET"]}}],"collection":[{"href":"https:\/\/xgolf.vn\/fr\/wp-json\/wp\/v2\/product"}],"about":[{"href":"https:\/\/xgolf.vn\/fr\/wp-json\/wp\/v2\/types\/product"}],"replies":[{"embeddable":true,"href":"https:\/\/xgolf.vn\/fr\/wp-json\/wp\/v2\/comments?post=16251"}],"wp:featuredmedia":[{"embeddable":true,"href":"https:\/\/xgolf.vn\/fr\/wp-json\/wp\/v2\/media\/16252"}],"wp:attachment":[{"href":"https:\/\/xgolf.vn\/fr\/wp-json\/wp\/v2\/media?parent=16251"}],"wp:term":[{"taxonomy":"pwb-brand","embeddable":true,"href":"https:\/\/xgolf.vn\/fr\/wp-json\/wp\/v2\/pwb-brand?post=16251"},{"taxonomy":"product_cat","embeddable":true,"href":"https:\/\/xgolf.vn\/fr\/wp-json\/wp\/v2\/product_cat?post=16251"},{"taxonomy":"product_tag","embeddable":true,"href":"https:\/\/xgolf.vn\/fr\/wp-json\/wp\/v2\/product_tag?post=16251"}],"curies":[{"name":"wp","href":"https:\/\/api.w.org\/{rel}","templated":true}]}}