{"id":18573,"date":"2024-08-01T02:21:06","date_gmt":"2024-07-31T19:21:06","guid":{"rendered":"http:\/\/xgolf.vn\/-product-\/uncategorized\/kinh-golf-bliz-matrix-small-52907-03\/"},"modified":"2024-08-01T02:21:11","modified_gmt":"2024-07-31T19:21:11","slug":"kinh-golf-bliz-matrix-small-52907-03","status":"publish","type":"product","link":"https:\/\/xgolf.vn\/es\/-product-\/phu-kien\/kinh\/kinh-golf-bliz-matrix-small-52907-03\/","title":{"rendered":"K\u00ednh golf Bliz Matrix Small 52907-03"},"content":{"rendered":"<div class=\"product attribute description\">\n<div class=\"value\">\n<h1><strong>K\u00ednh golf Bliz Matrix Small 52907-03<\/strong><\/h1>\n<p><strong>C\u00f4ng ngh\u00ea\u0323 th\u1ea5u k\u00ednh<\/strong><\/p>\n<p>Ki\u0301nh Bilz co\u0301 C\u00f4ng ngh\u1ec7 th\u1ea5u k\u00ednh th\u1ee7y l\u1ef1c nh\u00ecn r\u00f5 r\u00e0ng v\u00e0 s\u1eafc n\u00e9t trong c\u00e1c \u0111i\u1ec1u ki\u1ec7n th\u1eddi ti\u1ebft kh\u00e1c nhau. \u1ed0ng k\u00ednh c\u00f3 kh\u1ea3 n\u0103ng ch\u1ed1ng tia c\u1ef1c t\u00edm ho\u00e0n to\u00e0n, \u0111\u1ed9 kh\u00fac x\u1ea1 t\u1ed1i thi\u1ec3u, ch\u1ed1ng tr\u1ea7y x\u01b0\u1edbc v\u00e0 k\u1ef5 n\u01b0\u1edbc.<\/p>\n<p><strong>V\u1eadt li\u1ec7u ki\u0301nh<br \/><\/strong>Matrix Small \u0111\u01b0\u1ee3c l\u00e0m t\u1eeb Grilamid TR90, m\u1ed9t v\u1eadt li\u1ec7u cung c\u1ea5p \u0111\u1ed9 linh ho\u1ea1t v\u00e0 tr\u1ecdng l\u01b0\u1ee3ng th\u1ea5p v\u00f4 song. Matrix Small ch\u1ec9 n\u1eb7ng 34 gram.\u00a0<\/p>\n<p><strong>Kh\u1ea3 n\u0103ng \u0111i\u1ec1u ch\u1ec9nh<br \/><\/strong>Hai b\u00ean go\u0323ng ki\u0301nh \u01a1\u0309 C\u00e1c th\u00e1i d\u01b0\u01a1ng c\u00f3 th\u1ec3 \u0111\u01b0\u1ee3c \u0111i\u1ec1u ch\u1ec9nh \u0111\u1ec3 t\u00ecm th\u1ea5y s\u1ef1 ph\u00f9 h\u1ee3p nh\u1ea5t. \u0110\u1ec7m m\u0169i c\u00f3 th\u1ec3 \u0111i\u1ec1u ch\u1ec9nh gi\u00fap gi\u1eef k\u00ednh c\u1ee7a b\u1ea1n \u1edf \u0111\u00fang v\u1ecb tr\u00ed. C\u00f3 th\u1ec3 d\u1ec5 d\u00e0ng chuy\u1ec3n \u1ed1ng k\u00ednh sang m\u1ed9t \u1ed1ng k\u00ednh kh\u00e1c v\u1edbi m\u00e0u s\u1eafc kha\u0301c nhau.<\/p>\n<p><img decoding=\"async\" src=\"http:\/\/xgolf.vn\/wp-content\/uploads\/2024\/08\/bliz_matrix_small_polarized_52907-03_th_ng_s_.jpg\" title=\"bliz_matrix_small_polarized_52907-03_th_ng_s_\"><\/p>\n<\/div>\n<\/div>\n<ul class=\"attribute-specs-wrapper\">\n<li>\n                    Gi\u1edbi t\u00ednh: Nam                <\/li>\n<li>\n                    Th\u1ec3 lo\u1ea1i: Ph\u1ee5 ki\u1ec7n                <\/li>\n<li>\n                    H\u00e3ng: Bliz                <\/li>\n<li>\n                    S\u1ea3n xu\u1ea5t : \u0110\u00e0i Loan                <\/li>\n<\/ul>","protected":false},"excerpt":{"rendered":"<div class=\"text-bottom--product-detail-info\">\n<div class=\"item\">\n        S\u1ea3n ph\u1ea9m ch\u00ednh h\u00e3ng 100%.\n    <\/div>\n<div class=\"item\">\n<div>\n          Ch\u00ednh s\u00e1ch \u0111\u1ed5i h\u00e0ng  (Xem chi ti\u1ebft).\n        <\/div>\n<\/div>\n<div class=\"item\">\n        Gi\u00e1 s\u1ea3n ph\u1ea9m \u0111\u00e3 bao g\u1ed3m VAT.\n    <\/div>\n<div class=\"item\">\n        Mi\u1ec5n ph\u00ed v\u1eadn chuy\u1ec3n th\u01b0\u1eddng\n    <\/div>\n<\/div>","protected":false},"featured_media":18574,"comment_status":"closed","ping_status":"closed","template":"","meta":[],"pwb-brand":[5003],"product_cat":[3346],"product_tag":[5002],"class_list":{"0":"post-18573","1":"product","2":"type-product","3":"status-publish","4":"has-post-thumbnail","6":"pwb-brand-bliz","7":"product_cat-kinh","8":"product_tag-kinh-golf-bliz-matrix-small-52907-03","10":"first","11":"instock","12":"shipping-taxable","13":"purchasable","14":"product-type-simple"},"brands":[{"id":5003,"name":"Bliz","slug":"bliz"}],"_links":{"self":[{"href":"https:\/\/xgolf.vn\/es\/wp-json\/wp\/v2\/product\/18573","targetHints":{"allow":["GET"]}}],"collection":[{"href":"https:\/\/xgolf.vn\/es\/wp-json\/wp\/v2\/product"}],"about":[{"href":"https:\/\/xgolf.vn\/es\/wp-json\/wp\/v2\/types\/product"}],"replies":[{"embeddable":true,"href":"https:\/\/xgolf.vn\/es\/wp-json\/wp\/v2\/comments?post=18573"}],"wp:featuredmedia":[{"embeddable":true,"href":"https:\/\/xgolf.vn\/es\/wp-json\/wp\/v2\/media\/18574"}],"wp:attachment":[{"href":"https:\/\/xgolf.vn\/es\/wp-json\/wp\/v2\/media?parent=18573"}],"wp:term":[{"taxonomy":"pwb-brand","embeddable":true,"href":"https:\/\/xgolf.vn\/es\/wp-json\/wp\/v2\/pwb-brand?post=18573"},{"taxonomy":"product_cat","embeddable":true,"href":"https:\/\/xgolf.vn\/es\/wp-json\/wp\/v2\/product_cat?post=18573"},{"taxonomy":"product_tag","embeddable":true,"href":"https:\/\/xgolf.vn\/es\/wp-json\/wp\/v2\/product_tag?post=18573"}],"curies":[{"name":"wp","href":"https:\/\/api.w.org\/{rel}","templated":true}]}}