{"id":18370,"date":"2024-08-01T01:50:15","date_gmt":"2024-07-31T18:50:15","guid":{"rendered":"http:\/\/xgolf.vn\/-product-\/uncategorized\/gay-golf-taylormade-fairway-stealth-2-hd\/"},"modified":"2024-08-01T01:50:21","modified_gmt":"2024-07-31T18:50:21","slug":"gay-golf-taylormade-fairway-stealth-2-hd","status":"publish","type":"product","link":"https:\/\/xgolf.vn\/es\/-product-\/gay\/fairway\/gay-golf-taylormade-fairway-stealth-2-hd\/","title":{"rendered":"G\u1eady golf TaylorMade fairway Stealth 2 HD"},"content":{"rendered":"<div class=\"product attribute description\">\n<div class=\"value\">\n<h1>G\u1eady golf TaylorMade fairway Stealth 2 HD<\/h1>\n<h2>Th\u00f4ng Tin<\/h2>\n<h2>Fairway c\u00f3 MOI cao nh\u1ea5t<\/h2>\n<p>T\u1eeb xu\u1ea5t ph\u00e1t \u0111i\u1ec3m c\u0103n b\u1eb3n \u1edf c\u00e1c c\u00e2y g\u1eady fairway woods c\u1ee7a Taylormade, Fairway Stealth 2HD c\u0169ng c\u00f3 thi\u1ebft k\u1ebf MOI c\u00e1o c\u1ef1c k\u1ef3 n\u1ed5i b\u1eadt v\u00e0 b\u1eaft m\u1eaft. N\u00f3 k\u1ebft h\u1ee3p h\u00ecnh chi\u1ebfu CG thaaos v\u1edbi 1 MOI c\u1ef1c cao \u0111\u1ec3 mang l\u1ea1i hi\u1ec7u su\u1ea5t \u0111\u00e1nh \u1ea5n t\u01b0\u1ee3ng , \u0110\u1ea7u g\u1eady 200cc c\u1ee1 c\u1ef1c l\u1edbn v\u1edbi ph\u1ea7n profile th\u1ea5p gi\u00fap gia t\u0103ng s\u1ef1 t\u1ef1 tin v\u00e0 kh\u1ea3 n\u0103ng ch\u01a1i cho c\u00e1c golfer \u1edf m\u1ecdi c\u1ea5p \u0111\u1ed9 .<\/p>\n<h3>C\u00f4ng ngh\u1ec7 h\u00ecnh n\u00f3n ngh\u1ecbch \u0111\u1ea3o n\u00e2ng c\u1ea5p<\/h3>\n<p>\u0110\u1ed9 d\u00e0y m\u1eb7t g\u1eady \u0111\u01b0\u1ee3c thay \u0111\u1ed5i \u0111\u1ec3 t\u00f4i \u0111a ho\u00e1 v\u1eadn t\u1ed1c b\u00f3ng qua m\u1eb7t g\u1eady \u0111\u1ed3ng th\u1eddi v\u1eabn duy tr\u00ec kh\u1ea3 n\u0103ng ch\u01a1i t\u1ef1 tin c\u00f9ng t\u01b0 th\u1ebf \u0111\u00e1nh l\u00f4i cu\u1ed1n.<\/p>\n<h3>C\u00fa Launch d\u1ec5 d\u00e0ng v\u1edbi DRAW BIAS<\/h3>\n<p>Ph\u1ea7n sole c\u00f3 profile th\u1ea5p v\u00e0 ti\u1ebft di\u1ec7n m\u1eb7t g\u1eady l\u1edbn h\u01a1n gi\u00fap c\u00e2u g\u1eady ti\u1ebfp x\u00fac b\u00e1m v\u1edbi m\u1eb7t s\u00e2n v\u00e0 gi\u00fap golfer d\u1ec5 d\u00e0ng \u0111\u00e1nh \u0111\u01b0\u1ee3c c\u00fa launch cao h\u01a1n.Vi\u1ec7c \u0111\u1eb7t kh\u1ed1i \u1edf b\u00ean trong c\u0169ng g\u00f3p ph\u1ea7n th\u00fac \u0111\u1ea9y \u0111\u01b0\u1eddng b\u00f3ng draw-bias.<\/p>\n<h3>Thi\u1ebft k\u1ebf Sole V Steel<\/h3>\n<p>C\u00f4ng ngh\u1ec7 bi\u1ec3u t\u01b0\u1ee3ng c\u1ee7a Taylormade th\u1eadt s\u1ef1 l\u00e0 s\u1ea3n v\u1eadt b\u1edfi v\u00ec n\u00f3 gi\u00fap c\u1ea3i thi\u1ec7t t\u01b0\u01a1ng t\u00e1c v\u00e0 \u0111\u1ed9 linh do\u1ea1t tr\u00ean s\u00e2n c\u1ecf .<\/p>\n<h3>Ki\u00ean k\u1ebft Laser n\u00e2ng c\u1ea5p<\/h3>\n<p>Do t\u01b0\u01a1ng ph\u1ea3n quan tr\u1ecdng gi\u1eefa m\u1eb7t g\u1eady v\u00e0 crown , ph\u1ea7n li\u00ean k\u1ebft kh\u1eafc laser \u0111\u01b0\u1ee3c thi\u1ebft k\u1ebf \u0111\u1ec3 l\u00e0m n\u1ed5i b\u1eadt l\u00ean li\u00ean k\u1ebft \u0111\u1ecbnh h\u01b0\u1edbng gi\u00fap golfer t\u0103ng s\u1ef1 t\u1ef1 tin v\u00e0 \u0111\u1ea1t \u0111\u01b0\u1ee3c m\u1ee5c ti\u00eau ch\u00ednh x\u00e1c .<\/p>\n<h3>Khe Speed Pocket<\/h3>\n<p>Thi\u1ebft k\u1ebf Speed Pocket linh ho\u1ea1t c\u1ee7a Taylormade \u0111\u01b0\u1ee3c t\u1ea1o ra \u0111\u1ec3 t\u1ed1i \u0111a ho\u00e1 v\u1eadn t\u1ed1c b\u00f3ng v\u00e0 t\u0103ng \u1ed5n \u0111\u1ecbnh cho nh\u1eefng c\u00fa \u0111\u00e1nh tr\u00ean b\u1ec1 m\u1eb7t th\u1ea5p<\/p>\n<p>\u00a0<\/p>\n<table class=\"tw-w-inline-block tw-w-full tw-mx-auto tw-max-w-7xl tw-bg-gray-100\" style=\"height: 807px\" width=\"1703\">\n<tbody>\n<tr class=\"tw-w-full tw-flex tw-border-0 tw-border-b  tw-border-solid tw-border-gray-200 tw-bg-white\">\n<td class=\"tw-mr-4 tw-w-48 xl:tw-w-96 tw-p-2 tw-flex tw-items-center tw-font-bold h4 tw-uppercase\" style=\"width: 110.344px\">E<\/td>\n<th class=\"tw-text-center tw-mr-4  tw-w-32 tw-p-2 tw-pb-4\" style=\"width: 400px\"><img decoding=\"async\" class=\"tw-block tw-w-full\" src=\"http:\/\/xgolf.vn\/wp-content\/uploads\/2024\/08\/ta103_zoom_d-2.jpg\" alt=\"Stealth 2 Plus Fairway\" title=\"ta103_zoom_d-2\"><\/p>\n<div class=\"tw-font-bold tw-uppercase tw-text-xs tw-text-center tw-leading-none\">STEALTH 2 PLUS FAIRWAY<\/div>\n<\/th>\n<th class=\"tw-text-center tw-mr-4  tw-w-32 tw-p-2 tw-pb-4\" style=\"width: 400px\"><img decoding=\"async\" class=\"tw-block tw-w-full\" src=\"http:\/\/xgolf.vn\/wp-content\/uploads\/2024\/08\/ta115_zoom_d-2.jpg\" alt=\"Stealth 2 Fairway\" title=\"ta115_zoom_d-2\"><\/p>\n<div class=\"tw-font-bold tw-uppercase tw-text-xs tw-text-center tw-leading-none\">STEALTH 2 FAIRWAY<\/div>\n<\/th>\n<th class=\"tw-text-center tw-mr-4  tw-w-32 tw-p-2 tw-pb-4\" style=\"width: 400px\"><img decoding=\"async\" class=\"tw-block tw-w-full\" src=\"http:\/\/xgolf.vn\/wp-content\/uploads\/2024\/08\/ta117_zoom_d-2.jpg\" alt=\"Stealth 2 HD Fairway\" title=\"ta117_zoom_d-2\"><\/p>\n<div class=\"tw-font-bold tw-uppercase tw-text-xs tw-text-center tw-leading-none\">STEALTH 2 HD FAIRWAY<\/div>\n<\/th>\n<th class=\"tw-text-center tw-mr-4  tw-w-32 tw-p-2 tw-pb-4\" style=\"width: 400px\"><img decoding=\"async\" class=\"tw-block tw-w-full\" src=\"http:\/\/xgolf.vn\/wp-content\/uploads\/2024\/08\/ta118_zoom_d-2.jpg\" alt=\"Stealth 2 HD Womens Fairway\" title=\"ta118_zoom_d-2\"><\/p>\n<div class=\"tw-font-bold tw-uppercase tw-text-xs tw-text-center tw-leading-none\">STEALTH 2 HD WOMENS FAIRWAY<\/div>\n<\/th>\n<\/tr>\n<tr class=\"tw-flex tw-border-0 tw-border-b  tw-border-solid tw-border-gray-200\">\n<td class=\"tw-font-bold tw-text-xs lg:tw-text-sm tw-uppercase tw-mr-4 tw-w-48 xl:tw-w-96 tw-p-3 tw-flex tw-items-center\" style=\"width: 110.344px\">V STEEL\u2122 SOLE<\/td>\n<td class=\"tw-text-sm tw-text-center tw-w-32  tw-py-3 tw-mr-4 tw-flex tw-items-center tw-justify-center\" style=\"text-align: center;width: 400px\">V<\/td>\n<td class=\"tw-text-sm tw-text-center tw-w-32  tw-py-3 tw-mr-4 tw-flex tw-items-center tw-justify-center\" style=\"text-align: center;width: 400px\">V<\/td>\n<td class=\"tw-text-sm tw-text-center tw-w-32  tw-py-3 tw-mr-4 tw-flex tw-items-center tw-justify-center\" style=\"text-align: center;width: 400px\">V<\/td>\n<td class=\"tw-text-sm tw-text-center tw-w-32  tw-py-3 tw-mr-4 tw-flex tw-items-center tw-justify-center\" style=\"text-align: center;width: 400px\">V<\/td>\n<\/tr>\n<tr class=\"tw-flex tw-border-0 tw-border-b  tw-border-solid tw-border-gray-200\">\n<td class=\"tw-font-bold tw-text-xs lg:tw-text-sm tw-uppercase tw-mr-4 tw-w-48 xl:tw-w-96 tw-p-3 tw-flex tw-items-center\" style=\"width: 110.344px\">TWIST FACE\u2122<\/td>\n<td class=\"tw-text-sm tw-text-center tw-w-32  tw-py-3 tw-mr-4 tw-flex tw-items-center tw-justify-center\" style=\"text-align: center;width: 400px\">V<\/td>\n<td class=\"tw-text-sm tw-text-center tw-w-32  tw-py-3 tw-mr-4 tw-flex tw-items-center tw-justify-center\" style=\"text-align: center;width: 400px\">V<\/td>\n<td class=\"tw-text-sm tw-text-center tw-w-32  tw-py-3 tw-mr-4 tw-flex tw-items-center tw-justify-center\" style=\"text-align: center;width: 400px\">V<\/td>\n<td class=\"tw-text-sm tw-text-center tw-w-32  tw-py-3 tw-mr-4 tw-flex tw-items-center tw-justify-center\" style=\"text-align: center;width: 400px\">V<\/td>\n<\/tr>\n<tr class=\"tw-flex tw-border-0 tw-border-b  tw-border-solid tw-border-gray-200\">\n<td class=\"tw-font-bold tw-text-xs lg:tw-text-sm tw-uppercase tw-mr-4 tw-w-48 xl:tw-w-96 tw-p-3 tw-flex tw-items-center\" style=\"width: 110.344px\">SPEED POCKET\u2122<\/td>\n<td class=\"tw-text-sm tw-text-center tw-w-32  tw-py-3 tw-mr-4 tw-flex tw-items-center tw-justify-center\" style=\"text-align: center;width: 400px\">V<\/td>\n<td class=\"tw-text-sm tw-text-center tw-w-32  tw-py-3 tw-mr-4 tw-flex tw-items-center tw-justify-center\" style=\"text-align: center;width: 400px\">V<\/td>\n<td class=\"tw-text-sm tw-text-center tw-w-32  tw-py-3 tw-mr-4 tw-flex tw-items-center tw-justify-center\" style=\"text-align: center;width: 400px\">V<\/td>\n<td class=\"tw-text-sm tw-text-center tw-w-32  tw-py-3 tw-mr-4 tw-flex tw-items-center tw-justify-center\" style=\"text-align: center;width: 400px\">V<\/td>\n<\/tr>\n<tr class=\"tw-flex tw-border-0 tw-border-b  tw-border-solid tw-border-gray-200\">\n<td class=\"tw-font-bold tw-text-xs lg:tw-text-sm tw-uppercase tw-mr-4 tw-w-48 xl:tw-w-96 tw-p-3 tw-flex tw-items-center\" style=\"width: 110.344px\">FACE MATERIAL<\/td>\n<td class=\"tw-text-sm tw-text-center tw-w-32  tw-py-3 tw-mr-4 tw-flex tw-items-center tw-justify-center\" style=\"text-align: center;width: 400px\">\n<div class=\"tw-px-2\">TITANIUM<\/div>\n<\/td>\n<td class=\"tw-text-sm tw-text-center tw-w-32  tw-py-3 tw-mr-4 tw-flex tw-items-center tw-justify-center\" style=\"text-align: center;width: 400px\">\n<div class=\"tw-px-2\">C300 STEEL<\/div>\n<\/td>\n<td class=\"tw-text-sm tw-text-center tw-w-32  tw-py-3 tw-mr-4 tw-flex tw-items-center tw-justify-center\" style=\"text-align: center;width: 400px\">\n<div class=\"tw-px-2\">C300 STEEL<\/div>\n<\/td>\n<td class=\"tw-text-sm tw-text-center tw-w-32  tw-py-3 tw-mr-4 tw-flex tw-items-center tw-justify-center\" style=\"text-align: center;width: 400px\">\n<div class=\"tw-px-2\">C300 STEEL<\/div>\n<\/td>\n<\/tr>\n<tr class=\"tw-flex tw-border-0 tw-border-b  tw-border-solid tw-border-gray-200\">\n<td class=\"tw-font-bold tw-text-xs lg:tw-text-sm tw-uppercase tw-mr-4 tw-w-48 xl:tw-w-96 tw-p-3 tw-flex tw-items-center\" style=\"width: 110.344px\">HEAD SIZE (3W)<\/td>\n<td class=\"tw-text-sm tw-text-center tw-w-32  tw-py-3 tw-mr-4 tw-flex tw-items-center tw-justify-center\" style=\"text-align: center;width: 400px\">\n<div class=\"tw-px-2\">170cc<\/div>\n<\/td>\n<td class=\"tw-text-sm tw-text-center tw-w-32  tw-py-3 tw-mr-4 tw-flex tw-items-center tw-justify-center\" style=\"text-align: center;width: 400px\">\n<div class=\"tw-px-2\">185cc<\/div>\n<\/td>\n<td class=\"tw-text-sm tw-text-center tw-w-32  tw-py-3 tw-mr-4 tw-flex tw-items-center tw-justify-center\" style=\"text-align: center;width: 400px\">\n<div class=\"tw-px-2\">200cc<\/div>\n<\/td>\n<td class=\"tw-text-sm tw-text-center tw-w-32  tw-py-3 tw-mr-4 tw-flex tw-items-center tw-justify-center\" style=\"text-align: center;width: 400px\">\n<div class=\"tw-px-2\">200cc<\/div>\n<\/td>\n<\/tr>\n<tr class=\"tw-flex tw-border-0 tw-border-b  tw-border-solid tw-border-gray-200\">\n<td class=\"tw-font-bold tw-text-xs lg:tw-text-sm tw-uppercase tw-mr-4 tw-w-48 xl:tw-w-96 tw-p-3 tw-flex tw-items-center\" style=\"width: 110.344px\">ADJUSTABILITY<\/td>\n<td class=\"tw-text-sm tw-text-center tw-w-32  tw-py-3 tw-mr-4 tw-flex tw-items-center tw-justify-center\" style=\"text-align: center;width: 400px\">\n<div class=\"tw-px-2\">MOVABLE WEIGHT &amp; LOFT SLEEVE<\/div>\n<\/td>\n<td class=\"tw-text-sm tw-text-center tw-w-32  tw-py-3 tw-mr-4 tw-flex tw-items-center tw-justify-center\" style=\"text-align: center;width: 400px\">\u00a0<\/td>\n<td class=\"tw-text-sm tw-text-center tw-w-32  tw-py-3 tw-mr-4 tw-flex tw-items-center tw-justify-center\" style=\"text-align: center;width: 400px\">\u00a0<\/td>\n<td class=\"tw-text-sm tw-text-center tw-w-32  tw-py-3 tw-mr-4 tw-flex tw-items-center tw-justify-center\" style=\"text-align: center;width: 400px\">\u00a0<\/td>\n<\/tr>\n<tr class=\"tw-flex tw-border-0 tw-border-b  tw-border-solid tw-border-gray-200\">\n<td class=\"tw-font-bold tw-text-xs lg:tw-text-sm tw-uppercase tw-mr-4 tw-w-48 xl:tw-w-96 tw-p-3 tw-flex tw-items-center\" style=\"width: 110.344px\">CARBON CROWN<\/td>\n<td class=\"tw-text-sm tw-text-center tw-w-32  tw-py-3 tw-mr-4 tw-flex tw-items-center tw-justify-center\" style=\"text-align: center;width: 400px\">V<\/td>\n<td class=\"tw-text-sm tw-text-center tw-w-32  tw-py-3 tw-mr-4 tw-flex tw-items-center tw-justify-center\" style=\"text-align: center;width: 400px\">V<\/td>\n<td class=\"tw-text-sm tw-text-center tw-w-32  tw-py-3 tw-mr-4 tw-flex tw-items-center tw-justify-center\" style=\"text-align: center;width: 400px\">V<\/td>\n<td class=\"tw-text-sm tw-text-center tw-w-32  tw-py-3 tw-mr-4 tw-flex tw-items-center tw-justify-center\" style=\"text-align: center;width: 400px\">V<\/td>\n<\/tr>\n<tr class=\"tw-flex tw-border-0 tw-border-b  tw-border-solid tw-border-gray-200\">\n<td class=\"tw-font-bold tw-text-xs lg:tw-text-sm tw-uppercase tw-mr-4 tw-w-48 xl:tw-w-96 tw-p-3 tw-flex tw-items-center\" style=\"width: 110.344px\">CUSTOM SHAFTS &amp; GRIPS<\/td>\n<td class=\"tw-text-sm tw-text-center tw-w-32  tw-py-3 tw-mr-4 tw-flex tw-items-center tw-justify-center\" style=\"text-align: center;width: 400px\">V<\/td>\n<td class=\"tw-text-sm tw-text-center tw-w-32  tw-py-3 tw-mr-4 tw-flex tw-items-center tw-justify-center\" style=\"text-align: center;width: 400px\">V<\/td>\n<td class=\"tw-text-sm tw-text-center tw-w-32  tw-py-3 tw-mr-4 tw-flex tw-items-center tw-justify-center\" style=\"text-align: center;width: 400px\">V<\/td>\n<td class=\"tw-text-sm tw-text-center tw-w-32  tw-py-3 tw-mr-4 tw-flex tw-items-center tw-justify-center\" style=\"text-align: center;width: 400px\">V<\/td>\n<\/tr>\n<tr class=\"tw-flex tw-border-0 tw-border-b  tw-border-solid tw-border-gray-200\">\n<td class=\"tw-font-bold tw-text-xs lg:tw-text-sm tw-uppercase tw-mr-4 tw-w-48 xl:tw-w-96 tw-p-3 tw-flex tw-items-center\" style=\"width: 110.344px\">FLIGHT BIAS<\/td>\n<td class=\"tw-text-sm tw-text-center tw-w-32  tw-py-3 tw-mr-4 tw-flex tw-items-center tw-justify-center\" style=\"text-align: center;width: 400px\">\n<div class=\"tw-px-2\">NEUTRAL<\/div>\n<\/td>\n<td class=\"tw-text-sm tw-text-center tw-w-32  tw-py-3 tw-mr-4 tw-flex tw-items-center tw-justify-center\" style=\"text-align: center;width: 400px\">\n<div class=\"tw-px-2\">NEUTRAL<\/div>\n<\/td>\n<td class=\"tw-text-sm tw-text-center tw-w-32  tw-py-3 tw-mr-4 tw-flex tw-items-center tw-justify-center\" style=\"text-align: center;width: 400px\">\n<div class=\"tw-px-2\">DRAW<\/div>\n<\/td>\n<td class=\"tw-text-sm tw-text-center tw-w-32  tw-py-3 tw-mr-4 tw-flex tw-items-center tw-justify-center\" style=\"text-align: center;width: 400px\">\n<div class=\"tw-px-2\">DRAW<\/div>\n<\/td>\n<\/tr>\n<tr class=\"tw-flex tw-border-0 tw-border-b  tw-border-solid tw-border-gray-200\">\n<td class=\"tw-font-bold tw-text-xs lg:tw-text-sm tw-uppercase tw-mr-4 tw-w-48 xl:tw-w-96 tw-p-3 tw-flex tw-items-center\" style=\"width: 110.344px\">FORGIVENESS<\/td>\n<td class=\"tw-text-sm tw-text-center tw-w-32  tw-py-3 tw-mr-4 tw-flex tw-items-center tw-justify-center\" style=\"text-align: center;width: 400px\">\n<div class=\"tw-px-2\">HIGH<\/div>\n<\/td>\n<td class=\"tw-text-sm tw-text-center tw-w-32  tw-py-3 tw-mr-4 tw-flex tw-items-center tw-justify-center\" style=\"text-align: center;width: 400px\">\n<div class=\"tw-px-2\">HIGHER<\/div>\n<\/td>\n<td class=\"tw-text-sm tw-text-center tw-w-32  tw-py-3 tw-mr-4 tw-flex tw-items-center tw-justify-center\" style=\"text-align: center;width: 400px\">\n<div class=\"tw-px-2\">HIGHEST<\/div>\n<\/td>\n<td class=\"tw-text-sm tw-text-center tw-w-32  tw-py-3 tw-mr-4 tw-flex tw-items-center tw-justify-center\" style=\"text-align: center;width: 400px\">\n<div class=\"tw-px-2\">HIGHEST<\/div>\n<\/td>\n<\/tr>\n<tr class=\"tw-flex tw-border-0 tw-border-b  tw-border-solid tw-border-gray-200\">\n<td class=\"tw-font-bold tw-text-xs lg:tw-text-sm tw-uppercase tw-mr-4 tw-w-48 xl:tw-w-96 tw-p-3 tw-flex tw-items-center\" style=\"width: 110.344px\">LAUNCH<\/td>\n<td class=\"tw-text-sm tw-text-center tw-w-32  tw-py-3 tw-mr-4 tw-flex tw-items-center tw-justify-center\" style=\"text-align: center;width: 400px\">\n<div class=\"tw-px-2\">MID<\/div>\n<\/td>\n<td class=\"tw-text-sm tw-text-center tw-w-32  tw-py-3 tw-mr-4 tw-flex tw-items-center tw-justify-center\" style=\"text-align: center;width: 400px\">\n<div class=\"tw-px-2\">MID-HIGH<\/div>\n<\/td>\n<td class=\"tw-text-sm tw-text-center tw-w-32  tw-py-3 tw-mr-4 tw-flex tw-items-center tw-justify-center\" style=\"text-align: center;width: 400px\">\n<div class=\"tw-px-2\">HIGH<\/div>\n<\/td>\n<td class=\"tw-text-sm tw-text-center tw-w-32  tw-py-3 tw-mr-4 tw-flex tw-items-center tw-justify-center\" style=\"text-align: center;width: 400px\">\n<div class=\"tw-px-2\">HIGH<\/div>\n<\/td>\n<\/tr>\n<tr class=\"tw-flex tw-border-0 tw-border-b  tw-border-solid tw-border-gray-200\">\n<td class=\"tw-font-bold tw-text-xs lg:tw-text-sm tw-uppercase tw-mr-4 tw-w-48 xl:tw-w-96 tw-p-3 tw-flex tw-items-center\" style=\"width: 110.344px\">SPIN<\/td>\n<td class=\"tw-text-sm tw-text-center tw-w-32  tw-py-3 tw-mr-4 tw-flex tw-items-center tw-justify-center\" style=\"text-align: center;width: 400px\">\n<div class=\"tw-px-2\">LOW<\/div>\n<\/td>\n<td class=\"tw-text-sm tw-text-center tw-w-32  tw-py-3 tw-mr-4 tw-flex tw-items-center tw-justify-center\" style=\"text-align: center;width: 400px\">\n<div class=\"tw-px-2\">MID-LOW<\/div>\n<\/td>\n<td class=\"tw-text-sm tw-text-center tw-w-32  tw-py-3 tw-mr-4 tw-flex tw-items-center tw-justify-center\" style=\"text-align: center;width: 400px\">\n<div class=\"tw-px-2\">MID<\/div>\n<\/td>\n<td class=\"tw-text-sm tw-text-center tw-w-32  tw-py-3 tw-mr-4 tw-flex tw-items-center tw-justify-center\" style=\"text-align: center;width: 400px\">\n<div class=\"tw-px-2\">MID<\/div>\n<\/td>\n<\/tr>\n<\/tbody>\n<\/table>\n<h2>Th\u00f4ng s\u1ed1\u00a0<\/h2>\n<table style=\"width: 399px\">\n<thead>\n<tr class=\"no-color\">\n<th style=\"width: 43.1406px\">CLUB<\/th>\n<th style=\"width: 41.3281px\">LOFT<\/th>\n<th style=\"width: 41.2813px\">LIE<\/th>\n<th style=\"width: 67.9688px\">VOLUME<\/th>\n<th style=\"width: 65.0938px\">LENGTH<\/th>\n<th style=\"width: 100.188px\">SWING WEIGHT<\/th>\n<\/tr>\n<\/thead>\n<tbody>\n<tr>\n<td style=\"width: 43.1406px\">\u00a03<\/td>\n<td style=\"width: 41.3281px\">16\u00b0<\/td>\n<td style=\"width: 41.2813px\">58\u00b0<\/td>\n<td style=\"width: 67.9688px\">200cc<\/td>\n<td style=\"width: 65.0938px\">43.25&#8243;<\/td>\n<td style=\"width: 100.188px\">D3<\/td>\n<\/tr>\n<tr>\n<td style=\"width: 43.1406px\">5<\/td>\n<td style=\"width: 41.3281px\">19\u00b0<\/td>\n<td style=\"width: 41.2813px\">58.5\u00b0<\/td>\n<td style=\"width: 67.9688px\">185cc<\/td>\n<td style=\"width: 65.0938px\">42.25&#8243;<\/td>\n<td style=\"width: 100.188px\">D3<\/td>\n<\/tr>\n<\/tbody>\n<\/table>\n<p>SHAFT\u00a0<\/p>\n<h5 class=\"spec-name text-center\">TENSEI RED TM50(&#8217;22)<\/h5>\n<div class=\"plugin-overlay-scroll-bars os-host os-theme-dark os-host-resize-disabled os-host-scrollbar-horizontal-hidden os-host-scrollbar-vertical-hidden os-host-transition\">\n<div class=\"os-padding\">\n<div class=\"os-viewport os-viewport-native-scrollbars-invisible\">\n<div class=\"os-content\">\n<div class=\"mb-2\">\n<table class=\"spec-table\" style=\"width: 143px\">\n<thead>\n<tr>\n<th style=\"width: 32.5625px\">Flex<\/th>\n<th style=\"width: 56.0313px\">Weight<\/th>\n<th style=\"width: 55.1875px\">Torque<\/th>\n<\/tr>\n<\/thead>\n<tbody>\n<tr>\n<td style=\"width: 32.5625px\">S<\/td>\n<td style=\"width: 56.0313px\">57g<\/td>\n<td style=\"width: 55.1875px\">4.3<\/td>\n<\/tr>\n<tr>\n<td style=\"width: 32.5625px\">SR<\/td>\n<td style=\"width: 56.0313px\">55g<\/td>\n<td style=\"width: 55.1875px\">4.7<\/td>\n<\/tr>\n<tr>\n<td style=\"width: 32.5625px\">R<\/td>\n<td style=\"width: 56.0313px\">52g<\/td>\n<td style=\"width: 55.1875px\">5<\/td>\n<\/tr>\n<\/tbody>\n<\/table>\n<p>Grip : Lamkin Crossline 360 Black\/Red (R60\/42g)<\/p>\n<p>\u00a0<\/p>\n<\/div>\n<\/div>\n<\/div>\n<\/div>\n<\/div>\n<\/div>\n<\/div>\n<ul class=\"attribute-specs-wrapper\">\n<li>\n                    Gi\u1edbi t\u00ednh: Nam                <\/li>\n<li>\n                    Th\u1ec3 lo\u1ea1i: Fairway                <\/li>\n<li>\n                    H\u00e3ng: TaylorMade                <\/li>\n<li>\n                    S\u1ea3n xu\u1ea5t : Trung Qu\u1ed1c                <\/li>\n<li>\n                    B\u1ea3o h\u00e0nh: 1 N\u0103m (L\u1ed7i nh\u00e0 s\u1ea3n xu\u1ea5t)                <\/li>\n<\/ul>","protected":false},"excerpt":{"rendered":"<div class=\"text-bottom--product-detail-info\">\n<div class=\"item\">\n        S\u1ea3n ph\u1ea9m ch\u00ednh h\u00e3ng 100%.\n    <\/div>\n<div class=\"item\">\n<div>\n          Ch\u00ednh s\u00e1ch \u0111\u1ed5i h\u00e0ng  (Xem chi ti\u1ebft).\n        <\/div>\n<\/div>\n<div class=\"item\">\n        Gi\u00e1 s\u1ea3n ph\u1ea9m \u0111\u00e3 bao g\u1ed3m VAT.\n    <\/div>\n<div class=\"item\">\n        Mi\u1ec5n ph\u00ed v\u1eadn chuy\u1ec3n th\u01b0\u1eddng\n    <\/div>\n<\/div>","protected":false},"featured_media":18371,"comment_status":"closed","ping_status":"closed","template":"","meta":[],"pwb-brand":[3248],"product_cat":[3255],"product_tag":[4911],"class_list":{"0":"post-18370","1":"product","2":"type-product","3":"status-publish","4":"has-post-thumbnail","6":"pwb-brand-taylormade","7":"product_cat-fairway","8":"product_tag-gay-golf-taylormade-fairway-stealth-2-hd","10":"first","11":"instock","12":"shipping-taxable","13":"purchasable","14":"product-type-simple"},"brands":[{"id":3248,"name":"TaylorMade","slug":"taylormade"}],"_links":{"self":[{"href":"https:\/\/xgolf.vn\/es\/wp-json\/wp\/v2\/product\/18370","targetHints":{"allow":["GET"]}}],"collection":[{"href":"https:\/\/xgolf.vn\/es\/wp-json\/wp\/v2\/product"}],"about":[{"href":"https:\/\/xgolf.vn\/es\/wp-json\/wp\/v2\/types\/product"}],"replies":[{"embeddable":true,"href":"https:\/\/xgolf.vn\/es\/wp-json\/wp\/v2\/comments?post=18370"}],"wp:featuredmedia":[{"embeddable":true,"href":"https:\/\/xgolf.vn\/es\/wp-json\/wp\/v2\/media\/18371"}],"wp:attachment":[{"href":"https:\/\/xgolf.vn\/es\/wp-json\/wp\/v2\/media?parent=18370"}],"wp:term":[{"taxonomy":"pwb-brand","embeddable":true,"href":"https:\/\/xgolf.vn\/es\/wp-json\/wp\/v2\/pwb-brand?post=18370"},{"taxonomy":"product_cat","embeddable":true,"href":"https:\/\/xgolf.vn\/es\/wp-json\/wp\/v2\/product_cat?post=18370"},{"taxonomy":"product_tag","embeddable":true,"href":"https:\/\/xgolf.vn\/es\/wp-json\/wp\/v2\/product_tag?post=18370"}],"curies":[{"name":"wp","href":"https:\/\/api.w.org\/{rel}","templated":true}]}}