{"id":15360,"date":"2024-07-31T18:31:06","date_gmt":"2024-07-31T11:31:06","guid":{"rendered":"http:\/\/xgolf.vn\/-product-\/uncategorized\/kinh-golf-swans-stx-da-4417-mebk\/"},"modified":"2024-07-31T18:31:08","modified_gmt":"2024-07-31T11:31:08","slug":"kinh-golf-swans-stx-da-4417-mebk","status":"publish","type":"product","link":"https:\/\/xgolf.vn\/es\/-product-\/phu-kien\/kinh\/kinh-golf-swans-stx-da-4417-mebk\/","title":{"rendered":"K\u00ednh golf swans STX DA &#8211; 4417 MEBK"},"content":{"rendered":"<div class=\"product attribute description\">\n<div class=\"value\">#html-body [data-pb-style=SUOY69C]{justify-content:flex-start;display:flex;flex-direction:column;background-position:left top;background-size:cover;background-repeat:no-repeat;background-attachment:scroll}<\/p>\n<div data-content-type=\"row\" data-appearance=\"contained\" data-element=\"main\">\n<div data-enable-parallax=\"0\" data-parallax-speed=\"0.5\" data-background-images=\"{}\" data-background-type=\"image\" data-video-loop=\"true\" data-video-play-only-visible=\"true\" data-video-lazy-load=\"true\" data-video-fallback-src=\"\" data-element=\"inner\" data-pb-style=\"SUOY69C\">\n<div data-content-type=\"text\" data-appearance=\"default\" data-element=\"main\">\n<h1><span style=\"font-size: 28px\">K\u00ednh golf swans STX DA &#8211; 4417 MEBK<\/span><\/h1>\n<p><span style=\"font-size: 20px\">STRIX, v\u1ed1n \u0111\u01b0\u1ee3c bi\u1ebft \u0111\u1ebfn nh\u01b0 m\u1ed9t m\u1eabu \u0111\u1ed3ng h\u1ed3 th\u1ec3 thao ch\u00ednh th\u1ee9c, \u0111\u00e3 ph\u00e1t tri\u1ec3n h\u01a1n n\u1eefa. Trong khi v\u1eabn duy tr\u00ec ch\u1ee9c n\u0103ng \u0111i\u1ec1u ch\u1ec9nh m\u0169i, ch\u1ee9c n\u0103ng trao \u0111\u1ed5i th\u1ea5u k\u00ednh v\u00e0 \u0111\u1ed9 v\u1eeba v\u1eb7n nh\u01b0 c\u0169, ch\u00fang t\u00f4i \u0111\u00e3 \u00e1p d\u1ee5ng h\u00ecnh d\u1ea1ng th\u1ea5u k\u00ednh m\u1edbi gi\u00fap ng\u0103n gi\u00f3 l\u1ecdt v\u00e0o h\u01a1n n\u1eefa v\u00e0 m\u1ed9t g\u1ecdng k\u00ednh \u0111\u00fac li\u1ec1n ch\u1ed1ng tr\u01b0\u1ee3t m\u1edbi. N\u00f3 c\u00f3 th\u1ec3 \u0111\u01b0\u1ee3c s\u1eed d\u1ee5ng tho\u1ea3i m\u00e1i h\u01a1n trong m\u1ecdi t\u00ecnh hu\u1ed1ng nh\u01b0 \u0111\u1ea1p xe, ch\u1ea1y b\u1ed9 v\u00e0 ch\u01a1i g\u00f4n.<\/span><\/p>\n<p><span style=\"font-size: 20px\">M\u00e0u s\u1eafc s\u1ea3n ph\u1ea9m: 4417 MEBK Silver Mirror ULTRA Rose Pink (Nhi\u1ec1u m\u1eb7t sau \/ Clary tr\u00ean c\u1ea3 hai m\u1eb7t)<\/span><\/p>\n<p><span style=\"font-size: 20px\">Th\u00f4ng tin k\u00edch th\u01b0\u1edbc: K\u00edch th\u01b0\u1edbc mi\u1ec5n ph\u00ed<\/span><\/p>\n<p><span style=\"font-size: 20px\">K\u00ednh m\u00e1t th\u1ec3 thao s\u1ea3n xu\u1ea5t t\u1ea1i Nh\u1eadt B\u1ea3n<\/span><br \/><span style=\"font-size: 20px\">M\u00e0u khung kim lo\u1ea1i \u0111en m\u1edd<\/span><br \/><span style=\"font-size: 20px\">M\u00e0u tr\u00f2ng k\u00ednh G\u01b0\u01a1ng b\u1ea1c ULTRA h\u1ed3ng h\u1ed3ng (l\u1edbp ph\u1ee7 ch\u1ed1ng ph\u1ea3n chi\u1ebfu m\u1eb7t sau\/l\u1edbp ph\u1ee7 ch\u1ed1ng th\u1ea5m n\u01b0\u1edbc c\u1ea3 hai m\u1eb7t)<\/span><br \/><span style=\"font-size: 20px\">\u0110\u1ed9 truy\u1ec1n \u00e1nh s\u00e1ng nh\u00ecn th\u1ea5y \u0111\u01b0\u1ee3c 32%<\/span><br \/><span style=\"font-size: 20px\">C\u1eaft tia c\u1ef1c t\u00edm 99,9% tr\u1edf l\u00ean<\/span><br \/><span style=\"font-size: 20px\">C\u1ea3nh \u0111\u1ec1 xu\u1ea5t \u0110\u1ea1p xe \/ Ch\u1ea1y \/ Golf \/ B\u00f3ng ch\u00e0y \/ Qu\u1ea7n v\u1ee3t<\/span><\/p>\n<p><span style=\"font-size: 20px\">K\u00edch th\u01b0\u1edbc v\u1eadn chuy\u1ec3n: cao 18,7, r\u1ed9ng 10,6, s\u00e2u 7,2<\/span><\/p>\n<p><span style=\"font-size: 20px\">Tr\u1ecdng l\u01b0\u1ee3ng v\u1eadn chuy\u1ec3n: 130<\/span><\/p>\n<p>\u00a0<\/p>\n<\/div>\n<\/div>\n<\/div>\n<\/div>\n<\/div>\n<ul class=\"attribute-specs-wrapper\">\n<li>\n                    Th\u1ec3 lo\u1ea1i: K\u00ednh                <\/li>\n<li>\n                    H\u00e3ng: Swans                <\/li>\n<li>\n                    S\u1ea3n xu\u1ea5t : Nh\u1eadt B\u1ea3n                <\/li>\n<\/ul>","protected":false},"excerpt":{"rendered":"<div class=\"text-bottom--product-detail-info\">\n<div class=\"item\">\n        S\u1ea3n ph\u1ea9m ch\u00ednh h\u00e3ng 100%.\n    <\/div>\n<div class=\"item\">\n<div>\n          Ch\u00ednh s\u00e1ch \u0111\u1ed5i h\u00e0ng  (Xem chi ti\u1ebft).\n        <\/div>\n<\/div>\n<div class=\"item\">\n        Gi\u00e1 s\u1ea3n ph\u1ea9m \u0111\u00e3 bao g\u1ed3m VAT.\n    <\/div>\n<div class=\"item\">\n        Mi\u1ec5n ph\u00ed v\u1eadn chuy\u1ec3n th\u01b0\u1eddng\n    <\/div>\n<\/div>","protected":false},"featured_media":15361,"comment_status":"closed","ping_status":"closed","template":"","meta":[],"pwb-brand":[3503],"product_cat":[3346],"product_tag":[3584],"class_list":{"0":"post-15360","1":"product","2":"type-product","3":"status-publish","4":"has-post-thumbnail","6":"pwb-brand-swans","7":"product_cat-kinh","8":"product_tag-kinh-golf-swans-stx-da-4417-mebk","10":"first","11":"instock","12":"shipping-taxable","13":"purchasable","14":"product-type-simple"},"brands":[{"id":3503,"name":"Swans","slug":"swans"}],"_links":{"self":[{"href":"https:\/\/xgolf.vn\/es\/wp-json\/wp\/v2\/product\/15360","targetHints":{"allow":["GET"]}}],"collection":[{"href":"https:\/\/xgolf.vn\/es\/wp-json\/wp\/v2\/product"}],"about":[{"href":"https:\/\/xgolf.vn\/es\/wp-json\/wp\/v2\/types\/product"}],"replies":[{"embeddable":true,"href":"https:\/\/xgolf.vn\/es\/wp-json\/wp\/v2\/comments?post=15360"}],"wp:featuredmedia":[{"embeddable":true,"href":"https:\/\/xgolf.vn\/es\/wp-json\/wp\/v2\/media\/15361"}],"wp:attachment":[{"href":"https:\/\/xgolf.vn\/es\/wp-json\/wp\/v2\/media?parent=15360"}],"wp:term":[{"taxonomy":"pwb-brand","embeddable":true,"href":"https:\/\/xgolf.vn\/es\/wp-json\/wp\/v2\/pwb-brand?post=15360"},{"taxonomy":"product_cat","embeddable":true,"href":"https:\/\/xgolf.vn\/es\/wp-json\/wp\/v2\/product_cat?post=15360"},{"taxonomy":"product_tag","embeddable":true,"href":"https:\/\/xgolf.vn\/es\/wp-json\/wp\/v2\/product_tag?post=15360"}],"curies":[{"name":"wp","href":"https:\/\/api.w.org\/{rel}","templated":true}]}}