{"id":59095,"date":"2025-03-05T11:01:04","date_gmt":"2025-03-05T04:01:04","guid":{"rendered":"http:\/\/xgolf.vn\/-product-\/uncategorized\/kinh-mat-golf-tifosi-track-tortoise\/"},"modified":"2025-03-05T11:01:32","modified_gmt":"2025-03-05T04:01:32","slug":"kinh-mat-golf-tifosi-track-tortoise","status":"publish","type":"product","link":"https:\/\/xgolf.vn\/en\/-product-\/phu-kien\/kinh\/kinh-mat-golf-tifosi-track-tortoise\/","title":{"rendered":"KINH MAT golf TIFOSI TRACK, TORTOISE"},"content":{"rendered":"<div class=\"product attribute description\">\n<div class=\"value\">#html-body [data-pb-style=QW3OTOL]{justify-content:flex-start;display:flex;flex-direction:column;background-position:left top;background-size:cover;background-repeat:no-repeat;background-attachment:scroll}<\/p>\n<div data-content-type=\"row\" data-appearance=\"contained\" data-element=\"main\">\n<div data-enable-parallax=\"0\" data-parallax-speed=\"0.5\" data-background-images=\"{}\" data-background-type=\"image\" data-video-loop=\"true\" data-video-play-only-visible=\"true\" data-video-lazy-load=\"true\" data-video-fallback-src=\"\" data-element=\"inner\" data-pb-style=\"QW3OTOL\">\n<div data-content-type=\"text\" data-appearance=\"default\" data-element=\"main\">\n<h1><span style=\"font-size: 28px\">KINH MAT golf \u00a0TIFOSI \u00a0TRACK, TORTOISE<\/span><\/h1>\n<div class=\"grid product-single\">\n<div class=\"grid__item large--nine-twelfths medium--one-whole small--one-whole\">\n<div class=\"product-content\">\n<div class=\"pro-short-desc\">\u00a0<\/div>\n<\/div>\n<\/div>\n<\/div>\n<div class=\"grid\">\n<div class=\"grid__item large--nine-twelfths medium--one-whole small--one-whole small--hide\">\n<div class=\"product-description-wrapper\">\n<h2 class=\"tab clearfix\"><span style=\"font-size: 24px\">Th\u00f4ng tin s\u1ea3n ph\u1ea9m\u00a0<\/span><\/h2>\n<div class=\"tab clearfix\">\u00a0<\/div>\n<div id=\"protab1\" class=\"pro-tabcontent\">\n<table class=\"shop_attributes\">\n<tbody>\n<tr>\n<th>\n<p><img decoding=\"async\" src=\"http:\/\/xgolf.vn\/wp-content\/uploads\/2025\/03\/polycarbonate_lens_small-2.png\" title=\"polycarbonate_lens_small-2\"><\/p>\n<\/th>\n<td>\n<p><span style=\"font-size: 16px\"><strong>Ch\u1ea5t li\u1ec7u POLYCARBONATE<\/strong><\/span><\/p>\n<p><span style=\"font-size: 16px\">\u0110\u01b0\u1ee3c ch\u1ebf t\u1ea1o t\u1eeb ch\u1ea5t li\u1ec7u polycarbonate ch\u1ed1ng tr\u1ea7y x\u01b0\u1edbc, ch\u1ed1ng v\u1ee1.<\/span><\/p>\n<\/td>\n<\/tr>\n<tr>\n<th>\n<p><span style=\"font-size: 16px\"><img decoding=\"async\" src=\"http:\/\/xgolf.vn\/wp-content\/uploads\/2025\/03\/glareguard_small-2.png\" title=\"glareguard_small-2\"><\/span><\/p>\n<\/th>\n<td>\n<p><span style=\"font-size: 16px\"><strong>Ch\u1ed1ng ch\u00f3i<\/strong><\/span><\/p>\n<p><span style=\"font-size: 16px\">L\u1edbp ph\u1ee7 tr\u00f2ng k\u00ednh b\u1ea3o v\u1ec7 ch\u1ed1ng ch\u00f3i \u0111\u1ed9c quy\u1ec1n c\u1ee7a Tifosi l\u00e0m gi\u1ea3m m\u1ecfi m\u1eaft.<\/span><\/p>\n<\/td>\n<\/tr>\n<tr>\n<th>\n<p><span style=\"font-size: 16px\"><img decoding=\"async\" src=\"http:\/\/xgolf.vn\/wp-content\/uploads\/2025\/03\/grilamid_tr90_1_small-2.png\" title=\"grilamid_tr90_1_small-2\"><\/span><\/p>\n<\/th>\n<td>\n<p><span style=\"font-size: 16px\"><strong>G\u1ecdng k\u00ednh b\u1eb1ng ch\u1ea5t li\u1ec7u GRILAMID TR-90<\/strong><\/span><\/p>\n<p><span style=\"font-size: 16px\">Ch\u1ea5t li\u1ec7u nylon c\u1ef1c k\u1ef3 nh\u1eb9 v\u00e0 b\u1ec1n, ch\u1ed1ng l\u1ea1i c\u00e1c t\u00e1c h\u1ea1i t\u1eeb ch\u1ea5t h\u00f3a h\u1ecdc v\u00e0 tia c\u1ef1c t\u00edm.<\/span><\/p>\n<\/td>\n<\/tr>\n<tr>\n<th>\n<p><span style=\"font-size: 16px\"><img decoding=\"async\" src=\"http:\/\/xgolf.vn\/wp-content\/uploads\/2025\/03\/hydrophilic_rubber_13_small-2.png\" title=\"hydrophilic_rubber_13_small-2\"><\/span><\/p>\n<\/th>\n<td>\n<p><span style=\"font-size: 16px\"><strong>Cao su \u01b0a n\u01b0\u1edbc\u00a0<\/strong><\/span><\/p>\n<p><span style=\"font-size: 16px\">Ph\u1ea7n cao su \u01b0a n\u01b0\u1edbc \u1edf \u0111\u1ec7m tai v\u00e0 m\u0169i gi\u00fap t\u0103ng \u0111\u1ed9 b\u00e1m ngay c\u1ea3 khi \u0111\u1ed5 m\u1ed3 h\u00f4i.<\/span><\/p>\n<\/td>\n<\/tr>\n<tr>\n<th>\n<p><span style=\"font-size: 16px\"><img decoding=\"async\" src=\"http:\/\/xgolf.vn\/wp-content\/uploads\/2025\/03\/optically_decentered_small-2.png\" title=\"optically_decentered_small-2\"><\/span><\/p>\n<\/th>\n<td>\n<p><span style=\"font-size: 16px\"><strong>\u0110\u1ea1t chu\u1ea9n quang h\u1ecdc\u00a0<\/strong><\/span><\/p>\n<p><span style=\"font-size: 16px\">Gi\u00fap hi\u1ec3n th\u1ecb m\u1ed9t c\u00e1ch ch\u00e2n th\u1eadt v\u00e0 ng\u0103n ng\u1eeba hi\u1ec7n t\u01b0\u1ee3ng ph\u00f3ng \u0111\u1ea1i kh\u00f4ng mong mu\u1ed1n.<\/span><\/p>\n<\/td>\n<\/tr>\n<tr>\n<th>\n<p><span style=\"font-size: 16px\"><img decoding=\"async\" src=\"http:\/\/xgolf.vn\/wp-content\/uploads\/2025\/03\/uv_protection_small-2.png\" title=\"uv_protection_small-2\"><\/span><\/p>\n<\/th>\n<td>\n<p><span style=\"font-size: 16px\"><strong>Ch\u1ed1ng Tia UV<\/strong><\/span><\/p>\n<p><span style=\"font-size: 16px\">T\u1ea5t c\u1ea3 tr\u00f2ng k\u00ednh Tifosi 100% \u0111\u1ec1u ch\u1ed1ng tia UVA v\u00e0 UVB \u0111\u1ed9c h\u1ea1i.<\/span><\/p>\n<\/td>\n<\/tr>\n<\/tbody>\n<\/table>\n<\/div>\n<\/div>\n<\/div>\n<\/div>\n<p><span style=\"font-size: 16px\">&#8211; C\u00d4NG NGH\u1ec6 TR\u00d2NG K\u00cdNH\u00a0 : Ti\u00eau c\u1ef1 kh\u00fac x\u1ea1 \u0111\u01b0\u1ee3c chuy\u1ec3n m\u1ed9t c\u00e1ch chi\u1ebfn l\u01b0\u1ee3c t\u1eeb \u0111i\u1ec3m t\u00e2m c\u1ee7a th\u1ea5u k\u00ednh \u0111\u1ec3 kh\u00fac x\u1ea1 t\u1ed1i \u01b0u v\u1eadt th\u1ec3. Tr\u00f2ng k\u00ednh ch\u1ed1ng v\u1ee1 (kh\u00f4ng ch\u1ed1ng x\u01b0\u1edbc) v\u1edbi kh\u1ea3 n\u0103ng b\u1ea3o v\u1ec7 UVA \/ UVB kh\u1ecfi c\u00e1c tia UV c\u00f3 h\u1ea1i<\/span><\/p>\n<p><span style=\"font-size: 16px\">&#8211; G\u1eccNG K\u00cdNH SI\u00caU NH\u1eb8 :Ch\u1ec9 23 gram \u0111\u01b0\u1ee3c l\u00e0m t\u1eeb Grilamid TR-90, b\u1ec1n v\u00e0 nh\u1eb9 cho c\u1ea3m gi\u00e1c tho\u1ea3i m\u00e1i c\u1ea3 ng\u00e0y.<\/span><\/p>\n<p><span style=\"font-size: 16px\">&#8211; C\u00d4NG NGH\u1ec6 TH\u00cdCH \u1ee8NG : Mi\u1ebfng \u0111\u1ec7m m\u0169i th\u1ea5m n\u01b0\u1edbc gi\u00fap t\u0103ng \u0111\u1ed9 b\u00e1m khi b\u1ea1n \u0111\u1ed5 m\u1ed3 h\u00f4i, c\u00f4ng ngh\u1ec7 Tifosi Glide cho ph\u00e9p g\u1ecdng k\u00ednh \u00a0mang l\u1ea1i c\u1ea3m gi\u00e1c v\u1eeba v\u1eb7n ch\u1ed1ng n\u1ea3y<\/span><\/p>\n<p><span style=\"font-size: 16px\">&#8211; BAO G\u1ed2M:T\u00fai v\u1ec7 sinh s\u1ee3i microfiber<\/span><\/p>\n<\/div>\n<\/div>\n<\/div>\n<\/div>\n<\/div>\n<ul class=\"attribute-specs-wrapper\">\n<li>\n                    Gi\u1edbi t\u00ednh: Nam, N\u1eef                <\/li>\n<li>\n                    Th\u1ec3 lo\u1ea1i: K\u00ednh                <\/li>\n<li>\n                    H\u00e3ng: TIFOSI                <\/li>\n<\/ul>","protected":false},"excerpt":{"rendered":"<div class=\"text-bottom--product-detail-info\">\n<div class=\"item\">\n        S\u1ea3n ph\u1ea9m ch\u00ednh h\u00e3ng 100%.\n    <\/div>\n<div class=\"item\">\n<div>\n          Ch\u00ednh s\u00e1ch \u0111\u1ed5i h\u00e0ng  (Xem chi ti\u1ebft).\n        <\/div>\n<\/div>\n<div class=\"item\">\n        Gi\u00e1 s\u1ea3n ph\u1ea9m \u0111\u00e3 bao g\u1ed3m VAT.\n    <\/div>\n<div class=\"item\">\n        Mi\u1ec5n ph\u00ed v\u1eadn chuy\u1ec3n th\u01b0\u1eddng\n    <\/div>\n<\/div>","protected":false},"featured_media":59096,"comment_status":"closed","ping_status":"closed","template":"","meta":[],"pwb-brand":[4361],"product_cat":[3346],"product_tag":[3647,8336,8188,8699,8700],"class_list":{"0":"post-59095","1":"product","2":"type-product","3":"status-publish","4":"has-post-thumbnail","6":"pwb-brand-tifosi","7":"product_cat-kinh","8":"product_tag-a","9":"product_tag-cover","10":"product_tag-g","11":"product_tag-kinh-mat-golf-tifosi-track","12":"product_tag-tortoise","14":"first","15":"instock","16":"shipping-taxable","17":"product-type-simple"},"brands":[{"id":4361,"name":"TIFOSI","slug":"tifosi"}],"_links":{"self":[{"href":"https:\/\/xgolf.vn\/en\/wp-json\/wp\/v2\/product\/59095","targetHints":{"allow":["GET"]}}],"collection":[{"href":"https:\/\/xgolf.vn\/en\/wp-json\/wp\/v2\/product"}],"about":[{"href":"https:\/\/xgolf.vn\/en\/wp-json\/wp\/v2\/types\/product"}],"replies":[{"embeddable":true,"href":"https:\/\/xgolf.vn\/en\/wp-json\/wp\/v2\/comments?post=59095"}],"wp:featuredmedia":[{"embeddable":true,"href":"https:\/\/xgolf.vn\/en\/wp-json\/wp\/v2\/media\/59096"}],"wp:attachment":[{"href":"https:\/\/xgolf.vn\/en\/wp-json\/wp\/v2\/media?parent=59095"}],"wp:term":[{"taxonomy":"pwb-brand","embeddable":true,"href":"https:\/\/xgolf.vn\/en\/wp-json\/wp\/v2\/pwb-brand?post=59095"},{"taxonomy":"product_cat","embeddable":true,"href":"https:\/\/xgolf.vn\/en\/wp-json\/wp\/v2\/product_cat?post=59095"},{"taxonomy":"product_tag","embeddable":true,"href":"https:\/\/xgolf.vn\/en\/wp-json\/wp\/v2\/product_tag?post=59095"}],"curies":[{"name":"wp","href":"https:\/\/api.w.org\/{rel}","templated":true}]}}