{"id":18745,"date":"2024-08-01T02:47:20","date_gmt":"2024-07-31T19:47:20","guid":{"rendered":"http:\/\/xgolf.vn\/-product-\/uncategorized\/bo-gay-sat-mizuno-pro-243-n-s-pro-850-gh-7g\/"},"modified":"2024-08-01T02:47:24","modified_gmt":"2024-07-31T19:47:24","slug":"bo-gay-sat-mizuno-pro-243-n-s-pro-850-gh-7g","status":"publish","type":"product","link":"https:\/\/xgolf.vn\/en\/-product-\/gay\/iron\/bo-gay-sat-mizuno-pro-243-n-s-pro-850-gh-7g\/","title":{"rendered":"B\u1ed9 g\u1eady s\u1eaft Mizuno PRO 243 N.S.PRO 850 GH (7g)"},"content":{"rendered":"<div class=\"product attribute description\">\n<div class=\"value\">#html-body [data-pb-style=ND0QIBC]{background-position:left top;background-size:cover;background-repeat:no-repeat;background-attachment:scroll;align-self:stretch}#html-body [data-pb-style=MT8NGEG]{display:flex;width:100%}#html-body [data-pb-style=F3D9XOT],#html-body [data-pb-style=YWWO9C4]{justify-content:flex-start;display:flex;flex-direction:column;background-position:left top;background-size:cover;background-repeat:no-repeat;background-attachment:scroll;width:50%;align-self:stretch}<\/p>\n<div class=\"pagebuilder-column-group\" data-background-images=\"{}\" data-content-type=\"column-group\" data-appearance=\"default\" data-grid-size=\"12\" data-element=\"main\" data-pb-style=\"ND0QIBC\">\n<div class=\"pagebuilder-column-line\" data-content-type=\"column-line\" data-element=\"main\" data-pb-style=\"MT8NGEG\">\n<div class=\"pagebuilder-column\" data-content-type=\"column\" data-appearance=\"full-height\" data-background-images=\"{}\" data-element=\"main\" data-pb-style=\"F3D9XOT\">\n<div data-content-type=\"text\" data-appearance=\"default\" data-element=\"main\">\n<p>K\u1ef9 thu\u1eadt r\u00e8n d\u00f2ng ch\u1ea3y h\u1ea1t \u0111\u1ed9c quy\u1ec1n c\u1ee7a Mizuno \u0111\u00e3 \u0111\u01b0\u1ee3c m\u00e0i gi\u0169a trong phi\u00ean b\u1ea3n m\u1edbi nh\u1ea5t n\u00e0y, \u0111\u1ebfn m\u1ee9c gi\u1edd \u0111\u00e2y n\u00f3 l\u00e0 m\u1ed9t ph\u01b0\u01a1ng ph\u00e1p m\u1edbi \u0111\u01b0\u1ee3c c\u1ea5p b\u1eb1ng s\u00e1ng ch\u1ebf.<\/p>\n<p>\u0111\u01b0\u1ee3c trang b\u1ecb Th\u00e9p Crom Molybdenum (SCM420) \u0111\u01b0\u1ee3c r\u00e8n ch\u00ednh x\u00e1c v\u00e0 th\u00e9p carbon nh\u1eb9 4120 \u1edf b\u00e0n \u1ee7i d\u00e0i v\u00e0 th\u00e9p nh\u1eb9 S25CM \u0111\u01b0\u1ee3c r\u00e8n ch\u00ednh x\u00e1c v\u00e0 th\u00e9p carbon nh\u1eb9 1025E t\u1eeb b\u00e0n \u1ee7i s\u1ed1 8 tr\u1edf xu\u1ed1ng.<\/p>\n<p>\u00a0<br \/>B\u1ed9 g\u1eady s\u1eaft 243 c\u0169ng t\u1ef1 h\u00e0o v\u1ec1 C\u1ea5u tr\u00fac khe si\u00eau nh\u1ecf d\u00f2ng ch\u1ea3y m\u1edbi mang t\u00ednh c\u00e1ch m\u1ea1ng c\u1ee7a Mizuno, \u0111\u01b0\u1ee3c thi\u1ebft k\u1ebf \u0111\u1ec3 mang l\u1ea1i s\u1ef1 c\u00e2n b\u1eb1ng ho\u00e0n h\u1ea3o v\u1ec1 t\u1ed1c \u0111\u1ed9, kho\u1ea3ng c\u00e1ch, \u0111\u1ed9 \u1ed5n \u0111\u1ecbnh v\u00e0 qu\u1ef9 \u0111\u1ea1o.<\/p>\n<p>Mizuno c\u0169ng \u0111\u00e3 t\u1ea1o ra b\u1ec1 m\u1eb7t m\u1ecfng nh\u1ea5t \u0111\u1ec3 gi\u00fap mang l\u1ea1i t\u1ed1c \u0111\u1ed9 b\u00f3ng b\u00f9ng n\u1ed5 v\u00e0 c\u1ea3m gi\u00e1c \u201cgi\u1eadt g\u00e2n\u201d tr\u00ean bao.<\/p>\n<p>S\u1ef1 k\u1ebft h\u1ee3p n\u00e0y mang \u0111\u1ebfn m\u1ed9t lo\u1ea1i g\u1eady s\u1eaft m\u00e0 ng\u01b0\u1eddi ch\u01a1i v\u00e0 ng\u01b0\u1eddi \u0111\u1ecbnh h\u00ecnh c\u00fa \u0111\u00e1nh s\u1ebd y\u00eau th\u00edch, nh\u01b0ng c\u00f3 th\u00eam \u0111\u1ed9 \u1ed5n \u0111\u1ecbnh m\u00e0 g\u1eady 241 kh\u00f4ng c\u00f3.<\/p>\n<p>Ch\u00fang \u0111\u1ec1u ph\u00f9 h\u1ee3p v\u1edbi nh\u1eefng ng\u01b0\u1eddi ch\u01a1i g\u00f4n c\u00f3 \u0111i\u1ec3m ch\u1ea5p trung b\u00ecnh \u0111ang t\u00ecm ki\u1ebfm kh\u1ea3 n\u0103ng \u0111\u00e1nh b\u00f3ng v\u00e0 t\u1ea1o h\u00ecnh c\u00fa \u0111\u00e1nh \u0111\u01b0\u1ee3c c\u1ea3i thi\u1ec7n v\u00e0 m\u1ea1nh m\u1ebd h\u01a1n.<\/p>\n<p>\u0111\u01b0\u1ee3c c\u1ea3i ti\u1ebfn nhi\u1ec1u so v\u1edbi Pro 223. Mong \u0111\u1ee3i s\u1ef1 \u1ed5n \u0111\u1ecbnh, kho\u1ea3ng c\u00e1ch v\u00e0 kh\u1ea3 n\u0103ng ki\u1ec3m so\u00e1t t\u1ed1t h\u01a1n.<\/p>\n<\/div>\n<\/div>\n<\/div>\n<\/div>\n<\/div>\n<\/div>\n<ul class=\"attribute-specs-wrapper\">\n<li>\n                    Gi\u1edbi t\u00ednh: Nam                <\/li>\n<li>\n                    Th\u1ec3 lo\u1ea1i: Iron                <\/li>\n<li>\n                    H\u00e3ng: Mizuno                <\/li>\n<\/ul>","protected":false},"excerpt":{"rendered":"<div class=\"text-bottom--product-detail-info\">\n<div class=\"item\">\n        S\u1ea3n ph\u1ea9m ch\u00ednh h\u00e3ng 100%.\n    <\/div>\n<div class=\"item\">\n<div>\n          Ch\u00ednh s\u00e1ch \u0111\u1ed5i h\u00e0ng  (Xem chi ti\u1ebft).\n        <\/div>\n<\/div>\n<div class=\"item\">\n        Gi\u00e1 s\u1ea3n ph\u1ea9m \u0111\u00e3 bao g\u1ed3m VAT.\n    <\/div>\n<div class=\"item\">\n        Mi\u1ec5n ph\u00ed v\u1eadn chuy\u1ec3n th\u01b0\u1eddng\n    <\/div>\n<\/div>","protected":false},"featured_media":18746,"comment_status":"closed","ping_status":"closed","template":"","meta":[],"pwb-brand":[3411],"product_cat":[3258],"product_tag":[5084],"class_list":{"0":"post-18745","1":"product","2":"type-product","3":"status-publish","4":"has-post-thumbnail","6":"pwb-brand-mizuno","7":"product_cat-iron","8":"product_tag-bo-gay-mizuno-ir-pro-243-n-s-pro-850-gh-7g","10":"first","11":"instock","12":"shipping-taxable","13":"purchasable","14":"product-type-simple"},"brands":[{"id":3411,"name":"Mizuno","slug":"mizuno"}],"_links":{"self":[{"href":"https:\/\/xgolf.vn\/en\/wp-json\/wp\/v2\/product\/18745","targetHints":{"allow":["GET"]}}],"collection":[{"href":"https:\/\/xgolf.vn\/en\/wp-json\/wp\/v2\/product"}],"about":[{"href":"https:\/\/xgolf.vn\/en\/wp-json\/wp\/v2\/types\/product"}],"replies":[{"embeddable":true,"href":"https:\/\/xgolf.vn\/en\/wp-json\/wp\/v2\/comments?post=18745"}],"wp:featuredmedia":[{"embeddable":true,"href":"https:\/\/xgolf.vn\/en\/wp-json\/wp\/v2\/media\/18746"}],"wp:attachment":[{"href":"https:\/\/xgolf.vn\/en\/wp-json\/wp\/v2\/media?parent=18745"}],"wp:term":[{"taxonomy":"pwb-brand","embeddable":true,"href":"https:\/\/xgolf.vn\/en\/wp-json\/wp\/v2\/pwb-brand?post=18745"},{"taxonomy":"product_cat","embeddable":true,"href":"https:\/\/xgolf.vn\/en\/wp-json\/wp\/v2\/product_cat?post=18745"},{"taxonomy":"product_tag","embeddable":true,"href":"https:\/\/xgolf.vn\/en\/wp-json\/wp\/v2\/product_tag?post=18745"}],"curies":[{"name":"wp","href":"https:\/\/api.w.org\/{rel}","templated":true}]}}