{"id":17136,"date":"2024-07-31T22:45:18","date_gmt":"2024-07-31T15:45:18","guid":{"rendered":"http:\/\/xgolf.vn\/-product-\/uncategorized\/tifosi-kinh-mat-seek-fc-2-0-gloss-black-400259\/"},"modified":"2024-07-31T22:45:27","modified_gmt":"2024-07-31T15:45:27","slug":"tifosi-kinh-mat-seek-fc-2-0-gloss-black-400259","status":"publish","type":"product","link":"https:\/\/xgolf.vn\/de\/-product-\/phu-kien\/kinh\/tifosi-kinh-mat-seek-fc-2-0-gloss-black-400259\/","title":{"rendered":"TIFOSI KINH MAT, SEEK FC 2.0, GLOSS BLACK ( 400259)"},"content":{"rendered":"<div class=\"product attribute description\">\n<div class=\"value\">#html-body [data-pb-style=DWRSNF6]{justify-content:flex-start;display:flex;flex-direction:column;background-position:left top;background-size:cover;background-repeat:no-repeat;background-attachment:scroll}<\/p>\n<div data-content-type=\"row\" data-appearance=\"contained\" data-element=\"main\">\n<div data-enable-parallax=\"0\" data-parallax-speed=\"0.5\" data-background-images=\"{}\" data-background-type=\"image\" data-video-loop=\"true\" data-video-play-only-visible=\"true\" data-video-lazy-load=\"true\" data-video-fallback-src=\"\" data-element=\"inner\" data-pb-style=\"DWRSNF6\">\n<div data-content-type=\"text\" data-appearance=\"default\" data-element=\"main\">\n<h1><span style=\"font-size: 28px\">TIFOSI KINH MAT, SEEK FC 2.0, GLOSS BLACK ( 400259<\/span>)<\/h1>\n<div class=\"row product-detail-main pr_style_01\">\n<div id=\"detail-product\" class=\"col-md-4 col-sm-12 col-xs-12 product-content-desc\">\n<div class=\"product-description\">\n<div class=\"title-bl\">\n<p><span style=\"font-size: 20px\">M\u00f4 t\u1ea3<\/span><\/p>\n<\/div>\n<div class=\"description-productdetail\">\n<p><span style=\"font-size: 20px\">Seek thu\u1ed9c d\u00f2ng m\u1eabu k\u00ednh \u0111\u01a1n tr\u00f2ng c\u1ee7a Tifosi v\u1edbi tr\u00f2ng k\u00ednh polycarbonate ch\u1ed1ng v\u1ee1, b\u1ea3o v\u1ec7 100% kh\u1ecfi c\u00e1c tia UVA &amp; UVB c\u00f3 h\u1ea1i. G\u1ecdng k\u00ednh s\u1eed d\u1ee5ng ch\u1ea5t li\u1ec7u Grilamid TR-90, ph\u1ea7n \u0111\u1ec7m tai v\u00e0 m\u0169i b\u1eb1ng cao su \u01b0a n\u01b0\u1edbc th\u1ea5m h\u00fat cao ch\u1ed1ng tr\u01b0\u1ee3t hi\u1ec7u qu\u1ea3. Ngo\u00e0i ra ph\u1ea7n \u0111\u1ec7m tai v\u00e0 m\u0169i c\u00f3 th\u1ec3 \u0111i\u1ec1u ch\u1ec9nh cho ph\u00f9 h\u1ee3p v\u00e0 tho\u1ea3i m\u00e1i h\u01a1n.<\/span><\/p>\n<p><span style=\"font-size: 20px\"><img decoding=\"async\" src=\"http:\/\/xgolf.vn\/wp-content\/uploads\/2024\/07\/1_47e47cdba0034b4f9df81d8dac8407f8.png\" title=\"1_47e47cdba0034b4f9df81d8dac8407f8\"><\/span><\/p>\n<p>\u00a0<\/p>\n<div>\n<p>\u00a0<\/p>\n<table>\n<tbody>\n<tr>\n<th>\n<p><span style=\"font-size: 20px\"><img decoding=\"async\" src=\"http:\/\/xgolf.vn\/wp-content\/uploads\/2024\/07\/adjustable_ear_pads_1_small.png\" title=\"adjustable_ear_pads_1_small\"><\/span><\/p>\n<\/th>\n<td>\n<p><span style=\"font-size: 20px\"><strong>C\u00e0ng k\u00ednh \u0111i\u1ec1u ch\u1ec9nh \u0111\u01b0\u1ee3c<\/strong><\/span><\/p>\n<p><span style=\"font-size: 20px\">H\u1ed7 tr\u1ee3 t\u00f9y ch\u1ec9nh, t\u0103ng s\u1ef1 tho\u1ea3i m\u00e1i khi s\u1eed d\u1ee5ng.<\/span><\/p>\n<\/td>\n<\/tr>\n<tr>\n<th>\n<p><span style=\"font-size: 20px\"><img decoding=\"async\" src=\"http:\/\/xgolf.vn\/wp-content\/uploads\/2024\/07\/polycarbonate_lens_small.png\" title=\"polycarbonate_lens_small\"><\/span><\/p>\n<\/th>\n<td>\n<p><span style=\"font-size: 20px\"><strong>Ch\u1ea5t li\u1ec7u POLYCARBONATE<\/strong><\/span><\/p>\n<p><span style=\"font-size: 20px\">\u0110\u01b0\u1ee3c ch\u1ebf t\u1ea1o t\u1eeb ch\u1ea5t li\u1ec7u polycarbonate ch\u1ed1ng tr\u1ea7y x\u01b0\u1edbc, ch\u1ed1ng v\u1ee1.<\/span><\/p>\n<\/td>\n<\/tr>\n<tr>\n<th>\n<p><span style=\"font-size: 20px\"><img decoding=\"async\" src=\"http:\/\/xgolf.vn\/wp-content\/uploads\/2024\/07\/glareguard_small.png\" title=\"glareguard_small\"><\/span><\/p>\n<\/th>\n<td>\n<p><span style=\"font-size: 20px\"><strong>Ch\u1ed1ng ch\u00f3i<\/strong><\/span><\/p>\n<p><span style=\"font-size: 20px\">L\u1edbp ph\u1ee7 tr\u00f2ng k\u00ednh b\u1ea3o v\u1ec7 ch\u1ed1ng ch\u00f3i \u0111\u1ed9c quy\u1ec1n c\u1ee7a Tifosi l\u00e0m gi\u1ea3m m\u1ecfi m\u1eaft.<\/span><\/p>\n<\/td>\n<\/tr>\n<tr>\n<th>\n<p><span style=\"font-size: 20px\"><img decoding=\"async\" src=\"http:\/\/xgolf.vn\/wp-content\/uploads\/2024\/07\/grilamid_tr90_1_small.png\" title=\"grilamid_tr90_1_small\"><\/span><\/p>\n<\/th>\n<td>\n<p><span style=\"font-size: 20px\"><strong>G\u1ecdng k\u00ednh b\u1eb1ng ch\u1ea5t li\u1ec7u GRILAMID TR-90<\/strong><\/span><\/p>\n<p><span style=\"font-size: 20px\">Ch\u1ea5t li\u1ec7u nylon c\u1ef1c k\u1ef3 nh\u1eb9 v\u00e0 b\u1ec1n, ch\u1ed1ng l\u1ea1i c\u00e1c t\u00e1c h\u1ea1i t\u1eeb ch\u1ea5t h\u00f3a h\u1ecdc v\u00e0 tia c\u1ef1c t\u00edm.<\/span><\/p>\n<\/td>\n<\/tr>\n<tr>\n<th>\n<p><span style=\"font-size: 20px\"><img decoding=\"async\" src=\"http:\/\/xgolf.vn\/wp-content\/uploads\/2024\/07\/hydrophilic_rubber_13_small.png\" title=\"hydrophilic_rubber_13_small\"><\/span><\/p>\n<\/th>\n<td>\n<p><span style=\"font-size: 20px\"><strong>Cao su \u01b0a n\u01b0\u1edbc\u00a0<\/strong><\/span><\/p>\n<p><span style=\"font-size: 20px\">Ph\u1ea7n cao su \u01b0a n\u01b0\u1edbc \u1edf \u0111\u1ec7m tai v\u00e0 m\u0169i gi\u00fap t\u0103ng \u0111\u1ed9 b\u00e1m ngay c\u1ea3 khi \u0111\u1ed5 m\u1ed3 h\u00f4i.<\/span><\/p>\n<\/td>\n<\/tr>\n<tr>\n<th>\n<p><span style=\"font-size: 20px\"><img decoding=\"async\" src=\"http:\/\/xgolf.vn\/wp-content\/uploads\/2024\/07\/optically_decentered_small.png\" title=\"optically_decentered_small\"><\/span><\/p>\n<\/th>\n<td>\n<p><span style=\"font-size: 20px\"><strong>\u0110\u1ea1t chu\u1ea9n quang h\u1ecdc\u00a0<\/strong><\/span><\/p>\n<p><span style=\"font-size: 20px\">Gi\u00fap hi\u1ec3n th\u1ecb m\u1ed9t c\u00e1ch ch\u00e2n th\u1eadt v\u00e0 ng\u0103n ng\u1eeba hi\u1ec7n t\u01b0\u1ee3ng ph\u00f3ng \u0111\u1ea1i kh\u00f4ng mong mu\u1ed1n.<\/span><\/p>\n<\/td>\n<\/tr>\n<tr>\n<th>\n<p><span style=\"font-size: 20px\"><img decoding=\"async\" src=\"http:\/\/xgolf.vn\/wp-content\/uploads\/2024\/07\/uv_protection_small.png\" title=\"uv_protection_small\"><\/span><\/p>\n<\/th>\n<td>\n<p><span style=\"font-size: 20px\"><strong>Ch\u1ed1ng Tia UV<\/strong><\/span><\/p>\n<p><span style=\"font-size: 20px\">T\u1ea5t c\u1ea3 tr\u00f2ng k\u00ednh Tifosi 100% \u0111\u1ec1u ch\u1ed1ng tia UVA v\u00e0 UVB \u0111\u1ed9c h\u1ea1i.<\/span><\/p>\n<\/td>\n<\/tr>\n<tr>\n<th>\n<p><span style=\"font-size: 20px\"><img decoding=\"async\" src=\"http:\/\/xgolf.vn\/wp-content\/uploads\/2024\/07\/adjustable_nose_small.png\" title=\"adjustable_nose_small\"><\/span><\/p>\n<\/th>\n<td>\n<p><span style=\"font-size: 20px\"><strong>\u0110\u1ec7m m\u0169i \u0111i\u1ec1u ch\u1ec9nh \u0111\u01b0\u1ee3c\u00a0<\/strong><\/span><\/p>\n<p><span style=\"font-size: 20px\">H\u1ed7 tr\u1ee3 t\u00f9y ch\u1ec9nh, h\u1ea1n ch\u1ebf tr\u01b0\u1ee3t v\u00e0 t\u0103ng s\u1ef1 tho\u1ea3i m\u00e1i.<\/span><\/p>\n<\/td>\n<\/tr>\n<tr>\n<th>\n<p><span style=\"font-size: 20px\"><img decoding=\"async\" src=\"http:\/\/xgolf.vn\/wp-content\/uploads\/2024\/07\/case_included_small.png\" title=\"case_included_small\"><\/span><\/p>\n<\/th>\n<td>\n<p><span style=\"font-size: 20px\"><strong>H\u1ed9p k\u00ednh k\u00e8m theo<\/strong><\/span><\/p>\n<p><span style=\"font-size: 20px\">Gi\u00fap b\u1ea3o qu\u1ea3n k\u00ednh t\u1ed1t h\u01a1n.<\/span><\/p>\n<\/td>\n<\/tr>\n<\/tbody>\n<\/table>\n<\/div>\n<\/div>\n<\/div>\n<\/div>\n<\/div>\n<div class=\"pro_tab\">\n<p class=\"tabs\"><span style=\"font-size: 20px\"><button class=\"tablinks active\" data-electronic=\"tab1\">C\u00d4NG NGH\u1ec6<\/button><\/span><\/p>\n<div class=\"wrapper_tabcontent\">\n<div id=\"tab1\" class=\"tabcontent active\">\n<table class=\"shop_attributes\">\n<tbody>\n<tr>\n<th>\n<p><span style=\"font-size: 20px\">M\u00f4 t\u1ea3<\/span><\/p>\n<\/th>\n<td>\n<p><span style=\"font-size: 20px\">S\u1eed d\u1ee5ng ch\u1ea5t li\u1ec7u Grilamid TR-90, m\u1ed9t h\u1ee3p ch\u1ea5t nylon homopolyamide \u0111\u1eb7c tr\u01b0ng b\u1edfi \u0111\u1ed9 b\u1ec1n khi u\u1ed1n cong c\u1ef1c k\u1ef3 cao, t\u1ef7 tr\u1ecdng th\u1ea5p v\u00e0 kh\u1ea3 n\u0103ng ch\u1ed1ng l\u1ea1i t\u00e1c h\u1ea1i c\u1ee7a h\u00f3a ch\u1ea5t v\u00e0 tia c\u1ef1c t\u00edm cao. Ph\u1ea7n \u0111\u1ec7m tai v\u00e0 m\u0169i b\u1eb1ng cao su \u01b0a n\u01b0\u1edbc th\u1ea5m h\u00fat cao ch\u1ed1ng tr\u01b0\u1ee3t hi\u1ec7u qu\u1ea3. Ngo\u00e0i ra ph\u1ea7n \u0111\u1ec7m tai v\u00e0 m\u0169i c\u00f3 th\u1ec3 \u0111i\u1ec1u ch\u1ec9nh cho ph\u00f9 h\u1ee3p v\u00e0 tho\u1ea3i m\u00e1i h\u01a1n.<\/span><\/p>\n<\/td>\n<\/tr>\n<tr>\n<th>\n<p><span style=\"font-size: 20px\">Tr\u00f2ng k\u00ednh\u00a0<\/span><\/p>\n<\/th>\n<td>\n<p><span style=\"font-size: 20px\"><img decoding=\"async\" src=\"http:\/\/xgolf.vn\/wp-content\/uploads\/2024\/07\/crit_smoke_compact.png\" title=\"crit_smoke_compact\"><\/span><\/p>\n<\/td>\n<\/tr>\n<\/tbody>\n<\/table>\n<\/div>\n<\/div>\n<\/div>\n<p>\u00a0<\/p>\n<\/div>\n<\/div>\n<\/div>\n<\/div>\n<\/div>\n<ul class=\"attribute-specs-wrapper\">\n<li>\n                    Gi\u1edbi t\u00ednh: Nam, N\u1eef                <\/li>\n<li>\n                    H\u00e3ng: TIFOSI                <\/li>\n<li>\n                    S\u1ea3n xu\u1ea5t : Trung Qu\u1ed1c                <\/li>\n<\/ul>","protected":false},"excerpt":{"rendered":"<div class=\"text-bottom--product-detail-info\">\n<div class=\"item\">\n        S\u1ea3n ph\u1ea9m ch\u00ednh h\u00e3ng 100%.\n    <\/div>\n<div class=\"item\">\n<div>\n          Ch\u00ednh s\u00e1ch \u0111\u1ed5i h\u00e0ng  (Xem chi ti\u1ebft).\n        <\/div>\n<\/div>\n<div class=\"item\">\n        Gi\u00e1 s\u1ea3n ph\u1ea9m \u0111\u00e3 bao g\u1ed3m VAT.\n    <\/div>\n<div class=\"item\">\n        Mi\u1ec5n ph\u00ed v\u1eadn chuy\u1ec3n th\u01b0\u1eddng\n    <\/div>\n<\/div>","protected":false},"featured_media":17137,"comment_status":"closed","ping_status":"closed","template":"","meta":[],"pwb-brand":[4361],"product_cat":[3346],"product_tag":[4360,4359,4358],"class_list":{"0":"post-17136","1":"product","2":"type-product","3":"status-publish","4":"has-post-thumbnail","6":"pwb-brand-tifosi","7":"product_cat-kinh","8":"product_tag-gloss-black-400259","9":"product_tag-seek-fc-2-0","10":"product_tag-tifosi-kinh-mat","12":"first","13":"instock","14":"shipping-taxable","15":"purchasable","16":"product-type-simple"},"brands":[{"id":4361,"name":"TIFOSI","slug":"tifosi"}],"_links":{"self":[{"href":"https:\/\/xgolf.vn\/de\/wp-json\/wp\/v2\/product\/17136","targetHints":{"allow":["GET"]}}],"collection":[{"href":"https:\/\/xgolf.vn\/de\/wp-json\/wp\/v2\/product"}],"about":[{"href":"https:\/\/xgolf.vn\/de\/wp-json\/wp\/v2\/types\/product"}],"replies":[{"embeddable":true,"href":"https:\/\/xgolf.vn\/de\/wp-json\/wp\/v2\/comments?post=17136"}],"wp:featuredmedia":[{"embeddable":true,"href":"https:\/\/xgolf.vn\/de\/wp-json\/wp\/v2\/media\/17137"}],"wp:attachment":[{"href":"https:\/\/xgolf.vn\/de\/wp-json\/wp\/v2\/media?parent=17136"}],"wp:term":[{"taxonomy":"pwb-brand","embeddable":true,"href":"https:\/\/xgolf.vn\/de\/wp-json\/wp\/v2\/pwb-brand?post=17136"},{"taxonomy":"product_cat","embeddable":true,"href":"https:\/\/xgolf.vn\/de\/wp-json\/wp\/v2\/product_cat?post=17136"},{"taxonomy":"product_tag","embeddable":true,"href":"https:\/\/xgolf.vn\/de\/wp-json\/wp\/v2\/product_tag?post=17136"}],"curies":[{"name":"wp","href":"https:\/\/api.w.org\/{rel}","templated":true}]}}