{"id":54214,"date":"2025-01-05T11:45:15","date_gmt":"2025-01-05T04:45:15","guid":{"rendered":"http:\/\/xgolf.vn\/-product-\/uncategorized\/tui-gay-golf-ggc-x138-black-3-8kg-5-o-xxio\/"},"modified":"2025-01-05T11:46:16","modified_gmt":"2025-01-05T04:46:16","slug":"tui-gay-golf-ggc-x138-black-3-8kg-5-o-xxio","status":"publish","type":"product","link":"https:\/\/xgolf.vn\/bn\/-product-\/tui\/tui-dung-gay\/tui-gay-golf-ggc-x138-black-3-8kg-5-o-xxio\/","title":{"rendered":"T\u00fai g\u1eady golf GGC-X138 Black 3.8kg 5 \u00f4 | XXIO"},"content":{"rendered":"<div id=\"proDes\" class=\"pro-tabcontent\">\n<h2 style=\"font-size: 24px;font-family: RobotoCondensed-Bold\">\n<p>\t\t\t\t\t\t\t\t\tT\u00fai g\u1eady golf GGC-X138 Black 3.8kg 5 \u00f4 | XXIO<\/p>\n<\/h2>\n<p>M\u1eabu t\u00fai g\u1eady cart bag cao c\u1ea5p, thi\u1ebft k\u1ebf nhi\u1ec1u ng\u0103n ph\u1ee5, b\u1ea3o \u0111\u1ea3m s\u1ee9c ch\u1ee9a ho\u00e0n h\u1ea3o cho golfer d\u00f9 ch\u01a1i l\u1ebb hay ch\u01a1i gi\u1ea3i.<\/p>\n<ul>\n<li>Ch\u1ea5t li\u1ec7u PU cao c\u1ea5p.\u00a0<\/li>\n<li>Logo ph\u1ee7 m\u00e0u v\u00e0ng gold cao c\u1ea5p.\u00a0<\/li>\n<li>C\u00f3 cover che \u0111\u1ea7u g\u1eady.\u00a0<\/li>\n<li>Kh\u1ed1i l\u01b0\u1ee3ng t\u00fai: 3.8kg.\u00a0<\/li>\n<li>Mi\u1ec7ng t\u00fai chia th\u00e0nh 5 khoang chia g\u1eady.\u00a0<\/li>\n<li>Th\u1ebb t\u00ean mica.<\/li>\n<\/ul>\n<p>\t\t\t\t\t\t\t\t<img decoding=\"async\" src=\"http:\/\/xgolf.vn\/wp-content\/uploads\/2025\/01\/4907913314919_b15a56beab9b4023b0d722ca4056beff_1024x1024-1.jpg\" alt=\"T\u00fai g\u1eady golf GGC-X138 black 3.8kg 5 \u00f4 | XXIO\" style=\"margin-left: auto;margin-right: auto\" width=\"100%\" title=\"4907913314919_b15a56beab9b4023b0d722ca4056beff_1024x1024-1\"><\/p>\n<div><\/div>\n<div style=\"padding: 10px;text-align: left;margin-bottom: 10px;background-color: #a3e1ff;border-radius: 10px\">\n\t\t\t\t\t\t\t\t\t<strong>M\u00e0u s\u1eafc s\u1ea3n ph\u1ea9m<\/strong><br \/>H\u00ecnh \u1ea3nh s\u1ea3n ph\u1ea9m \u0111\u00e3 \u0111\u01b0\u1ee3c ch\u1ee5p t\u1eeb th\u1ef1c t\u1ebf, tuy nhi\u00ean t\u00f9y v\u00e0o m\u00f4i tr\u01b0\u1eddng \u00e1nh s\u00e1ng v\u00e0 m\u00e0n h\u00ecnh c\u1ee7a thi\u1ebft b\u1ecb, m\u00e0u s\u1eafc th\u1ef1c t\u1ebf c\u00f3 th\u1ec3 kh\u00f4ng ho\u00e0n to\u00e0n gi\u1ed1ng. Xin l\u01b0u \u00fd \u0111i\u1ec1u n\u00e0y khi mua h\u00e0ng.\n\t\t\t\t\t\t\t\t<\/div>\n<\/p><\/div>","protected":false},"excerpt":{"rendered":"<p>T\u00fai g\u1eady golf GGC-X138 Black 3.8kg 5 \u00f4 | XXIO M\u1eabu t\u00fai g\u1eady cart bag cao c\u1ea5p, thi\u1ebft k\u1ebf nhi\u1ec1u ng\u0103n ph\u1ee5, b\u1ea3o \u0111\u1ea3m s\u1ee9c ch\u1ee9a ho\u00e0n h\u1ea3o cho golfer d\u00f9 ch\u01a1i l\u1ebb hay ch\u01a1i gi\u1ea3i. Ch\u1ea5t li\u1ec7u PU cao c\u1ea5p.\u00a0 Logo ph\u1ee7 m\u00e0u v\u00e0ng gold cao c\u1ea5p.\u00a0 C\u00f3 cover che \u0111\u1ea7u g\u1eady.\u00a0 Kh\u1ed1i l\u01b0\u1ee3ng [&#8230;]","protected":false},"featured_media":54215,"comment_status":"closed","ping_status":"closed","template":"","meta":[],"pwb-brand":[3562],"product_cat":[3328],"product_tag":[3647,8336,8188,8298],"class_list":{"0":"post-54214","1":"product","2":"type-product","3":"status-publish","4":"has-post-thumbnail","6":"pwb-brand-xxio","7":"product_cat-tui-dung-gay","8":"product_tag-a","9":"product_tag-cover","10":"product_tag-g","11":"product_tag-gay-golf","13":"first","14":"instock","15":"sale","16":"shipping-taxable","17":"purchasable","18":"product-type-simple"},"brands":[{"id":3562,"name":"XXIO","slug":"xxio"}],"_links":{"self":[{"href":"https:\/\/xgolf.vn\/bn\/wp-json\/wp\/v2\/product\/54214","targetHints":{"allow":["GET"]}}],"collection":[{"href":"https:\/\/xgolf.vn\/bn\/wp-json\/wp\/v2\/product"}],"about":[{"href":"https:\/\/xgolf.vn\/bn\/wp-json\/wp\/v2\/types\/product"}],"replies":[{"embeddable":true,"href":"https:\/\/xgolf.vn\/bn\/wp-json\/wp\/v2\/comments?post=54214"}],"wp:featuredmedia":[{"embeddable":true,"href":"https:\/\/xgolf.vn\/bn\/wp-json\/wp\/v2\/media\/54215"}],"wp:attachment":[{"href":"https:\/\/xgolf.vn\/bn\/wp-json\/wp\/v2\/media?parent=54214"}],"wp:term":[{"taxonomy":"pwb-brand","embeddable":true,"href":"https:\/\/xgolf.vn\/bn\/wp-json\/wp\/v2\/pwb-brand?post=54214"},{"taxonomy":"product_cat","embeddable":true,"href":"https:\/\/xgolf.vn\/bn\/wp-json\/wp\/v2\/product_cat?post=54214"},{"taxonomy":"product_tag","embeddable":true,"href":"https:\/\/xgolf.vn\/bn\/wp-json\/wp\/v2\/product_tag?post=54214"}],"curies":[{"name":"wp","href":"https:\/\/api.w.org\/{rel}","templated":true}]}}