{"id":27577,"date":"2024-09-11T23:59:48","date_gmt":"2024-09-11T16:59:48","guid":{"rendered":"http:\/\/xgolf.vn\/-product-\/uncategorized\/vo-golf-co-thap-tl350-taylormade\/"},"modified":"2024-09-11T23:59:58","modified_gmt":"2024-09-11T16:59:58","slug":"vo-golf-co-thap-tl350-taylormade","status":"publish","type":"product","link":"https:\/\/xgolf.vn\/bn\/-product-\/giay\/vo-golf-co-thap-tl350-taylormade\/","title":{"rendered":"V\u1edb golf c\u1ed5 th\u1ea5p TL350 | TaylorMade"},"content":{"rendered":"<div id=\"proDes\" class=\"pro-tabcontent\">\n<h2 style=\"font-size: 24px;font-family: RobotoCondensed-Bold\"> V\u1edb golf c\u1ed5 th\u1ea5p TL350 | TaylorMade<\/h2>\n<p>\t\t\t\t\t\t\t\t&#8211; K\u00edch c\u1ee1: Ph\u00f9 h\u1ee3p b\u00e0n ch\u00e2n c\u00f3 chi\u1ec1u d\u00e0i 25 &#8211; 27 cm<\/p>\n<div>\u00a0<\/div>\n<div>Ch\u1ea5t li\u1ec7u kh\u00e1ng khu\u1ea9n, kh\u1eed m\u00f9i, nhanh kh\u00f4, th\u1ea5m h\u00fat.<\/div>\n<p>\t\t\t\t\t\t\t\t<img decoding=\"async\" src=\"http:\/\/xgolf.vn\/wp-content\/uploads\/2024\/09\/taylormadegolf_m19383_i_20240215_4d6a00ae063e4f55ae02740310fdd736_1024x1024-1.jpg\" alt=\"M19383 | V\u1edb golf TL350 | TL350 Men's Socks | light grey | TaylorMade |\" style=\"margin-left: auto;margin-right: auto\" width=\"100%\" title=\"taylormadegolf_m19383_i_20240215_4d6a00ae063e4f55ae02740310fdd736_1024x1024-1\"><\/p>\n<div><\/div>\n<div style=\"padding: 10px;text-align: left;margin-bottom: 10px;background-color: #a3e1ff;border-radius: 10px\">\n\t\t\t\t\t\t\t\t\t<strong>M\u00e0u s\u1eafc s\u1ea3n ph\u1ea9m<\/strong><br \/>H\u00ecnh \u1ea3nh s\u1ea3n ph\u1ea9m \u0111\u00e3 \u0111\u01b0\u1ee3c ch\u1ee5p t\u1eeb th\u1ef1c t\u1ebf, tuy nhi\u00ean t\u00f9y v\u00e0o m\u00f4i tr\u01b0\u1eddng \u00e1nh s\u00e1ng v\u00e0 m\u00e0n h\u00ecnh c\u1ee7a thi\u1ebft b\u1ecb, m\u00e0u s\u1eafc th\u1ef1c t\u1ebf c\u00f3 th\u1ec3 kh\u00f4ng ho\u00e0n to\u00e0n gi\u1ed1ng. Xin l\u01b0u \u00fd \u0111i\u1ec1u n\u00e0y khi mua h\u00e0ng.\n\t\t\t\t\t\t\t\t<\/div>\n<\/p><\/div>","protected":false},"excerpt":{"rendered":"<p>V\u1edb golf c\u1ed5 th\u1ea5p TL350 | TaylorMade &#8211; K\u00edch c\u1ee1: Ph\u00f9 h\u1ee3p b\u00e0n ch\u00e2n c\u00f3 chi\u1ec1u d\u00e0i 25 &#8211; 27 cm \u00a0 Ch\u1ea5t li\u1ec7u kh\u00e1ng khu\u1ea9n, kh\u1eed m\u00f9i, nhanh kh\u00f4, th\u1ea5m h\u00fat. M\u00e0u s\u1eafc s\u1ea3n ph\u1ea9mH\u00ecnh \u1ea3nh s\u1ea3n ph\u1ea9m \u0111\u00e3 \u0111\u01b0\u1ee3c ch\u1ee5p t\u1eeb th\u1ef1c t\u1ebf, tuy nhi\u00ean t\u00f9y v\u00e0o m\u00f4i tr\u01b0\u1eddng \u00e1nh s\u00e1ng v\u00e0 m\u00e0n [&#8230;]","protected":false},"featured_media":27578,"comment_status":"closed","ping_status":"closed","template":"","meta":[],"pwb-brand":[3248],"product_cat":[3309],"product_tag":[3647],"class_list":{"0":"post-27577","1":"product","2":"type-product","3":"status-publish","4":"has-post-thumbnail","6":"pwb-brand-taylormade","7":"product_cat-giay","8":"product_tag-a","10":"first","11":"instock","12":"sale","13":"shipping-taxable","14":"purchasable","15":"product-type-simple"},"brands":[{"id":3248,"name":"TaylorMade","slug":"taylormade"}],"_links":{"self":[{"href":"https:\/\/xgolf.vn\/bn\/wp-json\/wp\/v2\/product\/27577","targetHints":{"allow":["GET"]}}],"collection":[{"href":"https:\/\/xgolf.vn\/bn\/wp-json\/wp\/v2\/product"}],"about":[{"href":"https:\/\/xgolf.vn\/bn\/wp-json\/wp\/v2\/types\/product"}],"replies":[{"embeddable":true,"href":"https:\/\/xgolf.vn\/bn\/wp-json\/wp\/v2\/comments?post=27577"}],"wp:featuredmedia":[{"embeddable":true,"href":"https:\/\/xgolf.vn\/bn\/wp-json\/wp\/v2\/media\/27578"}],"wp:attachment":[{"href":"https:\/\/xgolf.vn\/bn\/wp-json\/wp\/v2\/media?parent=27577"}],"wp:term":[{"taxonomy":"pwb-brand","embeddable":true,"href":"https:\/\/xgolf.vn\/bn\/wp-json\/wp\/v2\/pwb-brand?post=27577"},{"taxonomy":"product_cat","embeddable":true,"href":"https:\/\/xgolf.vn\/bn\/wp-json\/wp\/v2\/product_cat?post=27577"},{"taxonomy":"product_tag","embeddable":true,"href":"https:\/\/xgolf.vn\/bn\/wp-json\/wp\/v2\/product_tag?post=27577"}],"curies":[{"name":"wp","href":"https:\/\/api.w.org\/{rel}","templated":true}]}}