{"id":26082,"date":"2024-09-09T14:16:40","date_gmt":"2024-09-09T07:16:40","guid":{"rendered":"http:\/\/xgolf.vn\/-product-\/uncategorized\/gay-golf-driver-beres-nx-vizard-for-nx-honma\/"},"modified":"2024-09-09T14:16:52","modified_gmt":"2024-09-09T07:16:52","slug":"gay-golf-driver-beres-nx-vizard-for-nx-honma","status":"publish","type":"product","link":"https:\/\/xgolf.vn\/bn\/-product-\/gay\/driver\/gay-golf-driver-beres-nx-vizard-for-nx-honma\/","title":{"rendered":"G\u1eady Golf Driver Beres NX VIZARD for NX | HONMA"},"content":{"rendered":"<div id=\"proDes\" class=\"pro-tabcontent\">\n<h2 style=\"font-size: 24px;font-family: RobotoCondensed-Bold\">G\u1eady Golf Driver Beres NX VIZARD for NX | HONMA<\/h2>\n<p>\t\t\t\t\t\t\t\t<img decoding=\"async\" src=\"http:\/\/xgolf.vn\/wp-content\/uploads\/2024\/09\/gay_golf_driver_be-nx_vizard_for_nx_honma_21930153a15f4a71961c8f7509d7594e_1024x1024-1.jpg\" alt=\"G\u1eady Golf Driver BE-NX VIZARD for NX | HONMA\" style=\"margin-left: auto;margin-right: auto\" width=\"100%\" title=\"gay_golf_driver_be-nx_vizard_for_nx_honma_21930153a15f4a71961c8f7509d7594e_1024x1024-1\"><\/p>\n<p>\t\t\t\t\t\t\t\t<img decoding=\"async\" src=\"http:\/\/xgolf.vn\/wp-content\/uploads\/2024\/09\/gay_golf_driver_be-nx_vizard_for_nx_honma_dcfbf00057b3461bb43204c5cadf8b8a_1024x1024.jpg\" alt=\"G\u1eady Golf Driver BE-NX VIZARD for NX | HONMA\" style=\"margin-left: auto;margin-right: auto\" width=\"100%\" title=\"gay_golf_driver_be-nx_vizard_for_nx_honma_dcfbf00057b3461bb43204c5cadf8b8a_1024x1024\"><\/p>\n<div><\/div>\n<div style=\"padding: 10px;text-align: left;margin-bottom: 10px;background-color: #a3e1ff;border-radius: 10px\">\n\t\t\t\t\t\t\t\t\t<strong>M\u00e0u s\u1eafc s\u1ea3n ph\u1ea9m<\/strong><br \/>H\u00ecnh \u1ea3nh s\u1ea3n ph\u1ea9m \u0111\u00e3 \u0111\u01b0\u1ee3c ch\u1ee5p t\u1eeb th\u1ef1c t\u1ebf, tuy nhi\u00ean t\u00f9y v\u00e0o m\u00f4i tr\u01b0\u1eddng \u00e1nh s\u00e1ng v\u00e0 m\u00e0n h\u00ecnh c\u1ee7a thi\u1ebft b\u1ecb, m\u00e0u s\u1eafc th\u1ef1c t\u1ebf c\u00f3 th\u1ec3 kh\u00f4ng ho\u00e0n to\u00e0n gi\u1ed1ng. Xin l\u01b0u \u00fd \u0111i\u1ec1u n\u00e0y khi mua h\u00e0ng.\n\t\t\t\t\t\t\t\t<\/div>\n<\/p><\/div>","protected":false},"excerpt":{"rendered":"<div id=\"variant-swatch-0\" class=\"swatch swatch-product-single clearfix\" data-option=\"option1\" data-option-index=\"0\">\n<div class=\"header\">\n      <span class=\"title\"><\/p>\n<p>          Shaft<\/p>\n<p>      <\/span><\/div>\n<div class=\"select-swap\">\n<div data-value=\"VIZARD for NX\" class=\"n-sd swatch-element vizard-for-nx\">\n<p>                <label for=\"swatch-0-vizard-for-nx\"><br \/>\n                  VIZARD for NX<br \/>\n                  <img decoding=\"async\" class=\"crossed-out\" src=\"https:\/\/theme.hstatic.net\/1000007560\/1001261951\/14\/soldout1.png?v=199\"><br \/>\n                  <img decoding=\"async\" class=\"img-check\" src=\"https:\/\/theme.hstatic.net\/1000007560\/1001261951\/14\/select-pro.png?v=199\"><br \/>\n                <\/label><\/p><\/div>\n<\/p><\/div>\n<\/p><\/div>","protected":false},"featured_media":26083,"comment_status":"closed","ping_status":"closed","template":"","meta":[],"pwb-brand":[3247],"product_cat":[3254],"product_tag":[3647],"class_list":{"0":"post-26082","1":"product","2":"type-product","3":"status-publish","4":"has-post-thumbnail","6":"pwb-brand-honma","7":"product_cat-driver","8":"product_tag-a","10":"first","11":"instock","12":"sale","13":"shipping-taxable","14":"purchasable","15":"product-type-simple"},"brands":[{"id":3247,"name":"HONMA","slug":"honma"}],"_links":{"self":[{"href":"https:\/\/xgolf.vn\/bn\/wp-json\/wp\/v2\/product\/26082","targetHints":{"allow":["GET"]}}],"collection":[{"href":"https:\/\/xgolf.vn\/bn\/wp-json\/wp\/v2\/product"}],"about":[{"href":"https:\/\/xgolf.vn\/bn\/wp-json\/wp\/v2\/types\/product"}],"replies":[{"embeddable":true,"href":"https:\/\/xgolf.vn\/bn\/wp-json\/wp\/v2\/comments?post=26082"}],"wp:featuredmedia":[{"embeddable":true,"href":"https:\/\/xgolf.vn\/bn\/wp-json\/wp\/v2\/media\/26083"}],"wp:attachment":[{"href":"https:\/\/xgolf.vn\/bn\/wp-json\/wp\/v2\/media?parent=26082"}],"wp:term":[{"taxonomy":"pwb-brand","embeddable":true,"href":"https:\/\/xgolf.vn\/bn\/wp-json\/wp\/v2\/pwb-brand?post=26082"},{"taxonomy":"product_cat","embeddable":true,"href":"https:\/\/xgolf.vn\/bn\/wp-json\/wp\/v2\/product_cat?post=26082"},{"taxonomy":"product_tag","embeddable":true,"href":"https:\/\/xgolf.vn\/bn\/wp-json\/wp\/v2\/product_tag?post=26082"}],"curies":[{"name":"wp","href":"https:\/\/api.w.org\/{rel}","templated":true}]}}