{"id":18303,"date":"2024-08-01T01:40:11","date_gmt":"2024-07-31T18:40:11","guid":{"rendered":"http:\/\/xgolf.vn\/-product-\/uncategorized\/gay-golf-taylormade-fairway-stealth-2-tour-ad-cq6\/"},"modified":"2024-08-01T01:40:17","modified_gmt":"2024-07-31T18:40:17","slug":"gay-golf-taylormade-fairway-stealth-2-tour-ad-cq6","status":"publish","type":"product","link":"https:\/\/xgolf.vn\/bn\/-product-\/gay\/fairway\/gay-golf-taylormade-fairway-stealth-2-tour-ad-cq6\/","title":{"rendered":"G\u1eady golf TaylorMade fairway Stealth 2 Tour AD CQ6"},"content":{"rendered":"<div class=\"product attribute description\">\n<div class=\"value\">\n<h1>G\u1eady golf TaylorMade fairway Stealth 2 Tour AD CQ6<\/h1>\n<h2>Th\u00f4ng Tin<\/h2>\n<h3>C\u00f4ng ngh\u1ec7 h\u00ecnh n\u00f3n ngh\u1ecbch \u0111\u1ea3o n\u00e2ng c\u1ea5p<\/h3>\n<p>\u0110\u1ed9 d\u00e0y m\u1eb7t g\u1eady \u0111\u01b0\u1ee3c thay \u0111\u1ed5i \u0111\u1ec3 t\u00f4i \u0111a ho\u00e1 v\u1eadn t\u1ed1c b\u00f3ng qua m\u1eb7t g\u1eady \u0111\u1ed3ng th\u1eddi v\u1eabn duy tr\u00ec kh\u1ea3 n\u0103ng ch\u01a1i t\u1ef1 tin c\u00f9ng t\u01b0 th\u1ebf \u0111\u00e1nh l\u00f4i cu\u1ed1n.<\/p>\n<h3>Thi\u1ebft k\u1ebf CG c\u1ef1c th\u1ea5p<\/h3>\n<p>Tr\u1ecdng t\u00e2m \u0111\u01b0\u1ee3c \u0111\u1ecbnh v\u1ecb th\u1ea5p h\u01a1n so v\u1edbi Fairway Stealth tr\u01b0\u1edbc, b\u1eb1ng vi\u1ec7c \u0111\u01b0a t\u1edbi h\u00ecnh chi\u1ebfu CG chu\u1ea9n x\u00e1c h\u01a1n nh\u1eb1m \u0111em l\u1ea1i hi\u1ec7u su\u1ea5t t\u1ed1t h\u01a1n m\u00e0 kh\u00f4ng c\u1ea7n hy sinh kho\u1ea3ng c\u00e1ch.<\/p>\n<p>\u0110\u1ec3 \u0111\u1ea1t \u0111\u01b0\u1ee3c k\u1ef3 t\u00edch n\u00e0y , c\u00e1c k\u1ef9 s\u01b0 \u0111\u00e3 ph\u1ea3i h\u1ea1 th\u1ea5p CG b\u1eb1ng vi\u1ec7c \u0111\u1eb7t 1 kh\u1ed1i n\u1eb7ng b\u00ean tr\u1ecdng v\u1ecb tr\u00ed h\u01b0\u1edbng sau c\u1ee7a g\u1eady v\u00e0 h\u1ea1 th\u1ea5p ctown xu\u1ed1ng 2mm.<\/p>\n<h3>Crown Carbon 3D<\/h3>\n<p>Crown carbon 3D khi\u1ebfn kh\u1ed1i n\u00e0y t\u00e1ch ra kh\u1ecfi khu toe cao, l\u00e0m tr\u1ecdng l\u1ef1c \u0111\u01b0\u1ee3c \u0111\u1ecbnh v\u1ecb v\u1ec1 ph\u00eda sau g\u1eady \u0111em \u0111\u1ebfn \u0111\u1ed9 \u1ed5n \u0111\u1ecbnh t\u1ed1i \u01b0u v\u00e0 kh\u1ea3 n\u0103ng ch\u01a1i cao \u0111\u1ea1t c\u1ea5p cao nh\u1ea5t.<\/p>\n<h3>Thi\u1ebft k\u1ebf Sole V Steel<\/h3>\n<p>\u00a0<\/p>\n<p>C\u00f4ng ngh\u1ec7 bi\u1ec3u t\u01b0\u1ee3ng c\u1ee7a Taylormade th\u1eadt s\u1ef1 l\u00e0 s\u1ea3n v\u1eadt b\u1edfi v\u00ec n\u00f3 gi\u00fap c\u1ea3i thi\u1ec7t t\u01b0\u01a1ng t\u00e1c v\u00e0 \u0111\u1ed9 linh do\u1ea1t tr\u00ean s\u00e2n c\u1ecf .<\/p>\n<h3>Ki\u00ean k\u1ebft Laser n\u00e2ng c\u1ea5p<\/h3>\n<p>Do t\u01b0\u01a1ng ph\u1ea3n quan tr\u1ecdng gi\u1eefa m\u1eb7t g\u1eady v\u00e0 crown , ph\u1ea7n li\u00ean k\u1ebft kh\u1eafc laser \u0111\u01b0\u1ee3c thi\u1ebft k\u1ebf \u0111\u1ec3 l\u00e0m n\u1ed5i b\u1eadt l\u00ean li\u00ean k\u1ebft \u0111\u1ecbnh h\u01b0\u1edbng gi\u00fap golfer t\u0103ng s\u1ef1 t\u1ef1 tin v\u00e0 \u0111\u1ea1t \u0111\u01b0\u1ee3c m\u1ee5c ti\u00eau ch\u00ednh x\u00e1c .<\/p>\n<h3>Khe Speed Pocket<\/h3>\n<p>Thi\u1ebft k\u1ebf Speed Pocket linh ho\u1ea1t c\u1ee7a Taylormade \u0111\u01b0\u1ee3c t\u1ea1o ra \u0111\u1ec3 t\u1ed1i \u0111a ho\u00e1 v\u1eadn t\u1ed1c b\u00f3ng v\u00e0 t\u0103ng \u1ed5n \u0111\u1ecbnh cho nh\u1eefng c\u00fa \u0111\u00e1nh tr\u00ean b\u1ec1 m\u1eb7t th\u1ea5p<\/p>\n<p>\u00a0<\/p>\n<table class=\"tw-w-inline-block tw-w-full tw-mx-auto tw-max-w-7xl tw-bg-gray-100\" width=\"1703\">\n<tbody>\n<tr class=\"tw-w-full tw-flex tw-border-0 tw-border-b  tw-border-solid tw-border-gray-200 tw-bg-white\">\n<td class=\"tw-mr-4 tw-w-48 xl:tw-w-96 tw-p-2 tw-flex tw-items-center tw-font-bold h4 tw-uppercase\">E<\/td>\n<th class=\"tw-text-center tw-mr-4  tw-w-32 tw-p-2 tw-pb-4\"><img decoding=\"async\" class=\"tw-block tw-w-full\" src=\"http:\/\/xgolf.vn\/wp-content\/uploads\/2024\/08\/ta103_zoom_d-1.jpg\" alt=\"Stealth 2 Plus Fairway\" title=\"ta103_zoom_d-1\"><\/p>\n<div class=\"tw-font-bold tw-uppercase tw-text-xs tw-text-center tw-leading-none\">STEALTH 2 PLUS FAIRWAY<\/div>\n<\/th>\n<th class=\"tw-text-center tw-mr-4  tw-w-32 tw-p-2 tw-pb-4\"><img decoding=\"async\" class=\"tw-block tw-w-full\" src=\"http:\/\/xgolf.vn\/wp-content\/uploads\/2024\/08\/ta115_zoom_d-1.jpg\" alt=\"Stealth 2 Fairway\" title=\"ta115_zoom_d-1\"><\/p>\n<div class=\"tw-font-bold tw-uppercase tw-text-xs tw-text-center tw-leading-none\">STEALTH 2 FAIRWAY<\/div>\n<\/th>\n<th class=\"tw-text-center tw-mr-4  tw-w-32 tw-p-2 tw-pb-4\"><img decoding=\"async\" class=\"tw-block tw-w-full\" src=\"http:\/\/xgolf.vn\/wp-content\/uploads\/2024\/08\/ta117_zoom_d-1.jpg\" alt=\"Stealth 2 HD Fairway\" title=\"ta117_zoom_d-1\"><\/p>\n<div class=\"tw-font-bold tw-uppercase tw-text-xs tw-text-center tw-leading-none\">STEALTH 2 HD FAIRWAY<\/div>\n<\/th>\n<th class=\"tw-text-center tw-mr-4  tw-w-32 tw-p-2 tw-pb-4\"><img decoding=\"async\" class=\"tw-block tw-w-full\" src=\"http:\/\/xgolf.vn\/wp-content\/uploads\/2024\/08\/ta118_zoom_d-1.jpg\" alt=\"Stealth 2 HD Womens Fairway\" title=\"ta118_zoom_d-1\"><\/p>\n<div class=\"tw-font-bold tw-uppercase tw-text-xs tw-text-center tw-leading-none\">STEALTH 2 HD WOMENS FAIRWAY<\/div>\n<\/th>\n<\/tr>\n<tr class=\"tw-flex tw-border-0 tw-border-b  tw-border-solid tw-border-gray-200\">\n<td class=\"tw-font-bold tw-text-xs lg:tw-text-sm tw-uppercase tw-mr-4 tw-w-48 xl:tw-w-96 tw-p-3 tw-flex tw-items-center\">V STEEL\u2122 SOLE<\/td>\n<td class=\"tw-text-sm tw-text-center tw-w-32  tw-py-3 tw-mr-4 tw-flex tw-items-center tw-justify-center\">V<\/td>\n<td class=\"tw-text-sm tw-text-center tw-w-32  tw-py-3 tw-mr-4 tw-flex tw-items-center tw-justify-center\">V<\/td>\n<td class=\"tw-text-sm tw-text-center tw-w-32  tw-py-3 tw-mr-4 tw-flex tw-items-center tw-justify-center\">V<\/td>\n<td class=\"tw-text-sm tw-text-center tw-w-32  tw-py-3 tw-mr-4 tw-flex tw-items-center tw-justify-center\">V<\/td>\n<\/tr>\n<tr class=\"tw-flex tw-border-0 tw-border-b  tw-border-solid tw-border-gray-200\">\n<td class=\"tw-font-bold tw-text-xs lg:tw-text-sm tw-uppercase tw-mr-4 tw-w-48 xl:tw-w-96 tw-p-3 tw-flex tw-items-center\">TWIST FACE\u2122<\/td>\n<td class=\"tw-text-sm tw-text-center tw-w-32  tw-py-3 tw-mr-4 tw-flex tw-items-center tw-justify-center\">V<\/td>\n<td class=\"tw-text-sm tw-text-center tw-w-32  tw-py-3 tw-mr-4 tw-flex tw-items-center tw-justify-center\">V<\/td>\n<td class=\"tw-text-sm tw-text-center tw-w-32  tw-py-3 tw-mr-4 tw-flex tw-items-center tw-justify-center\">V<\/td>\n<td class=\"tw-text-sm tw-text-center tw-w-32  tw-py-3 tw-mr-4 tw-flex tw-items-center tw-justify-center\">V<\/td>\n<\/tr>\n<tr class=\"tw-flex tw-border-0 tw-border-b  tw-border-solid tw-border-gray-200\">\n<td class=\"tw-font-bold tw-text-xs lg:tw-text-sm tw-uppercase tw-mr-4 tw-w-48 xl:tw-w-96 tw-p-3 tw-flex tw-items-center\">SPEED POCKET\u2122<\/td>\n<td class=\"tw-text-sm tw-text-center tw-w-32  tw-py-3 tw-mr-4 tw-flex tw-items-center tw-justify-center\">V<\/td>\n<td class=\"tw-text-sm tw-text-center tw-w-32  tw-py-3 tw-mr-4 tw-flex tw-items-center tw-justify-center\">V<\/td>\n<td class=\"tw-text-sm tw-text-center tw-w-32  tw-py-3 tw-mr-4 tw-flex tw-items-center tw-justify-center\">V<\/td>\n<td class=\"tw-text-sm tw-text-center tw-w-32  tw-py-3 tw-mr-4 tw-flex tw-items-center tw-justify-center\">V<\/td>\n<\/tr>\n<tr class=\"tw-flex tw-border-0 tw-border-b  tw-border-solid tw-border-gray-200\">\n<td class=\"tw-font-bold tw-text-xs lg:tw-text-sm tw-uppercase tw-mr-4 tw-w-48 xl:tw-w-96 tw-p-3 tw-flex tw-items-center\">FACE MATERIAL<\/td>\n<td class=\"tw-text-sm tw-text-center tw-w-32  tw-py-3 tw-mr-4 tw-flex tw-items-center tw-justify-center\">\n<div class=\"tw-px-2\">TITANIUM<\/div>\n<\/td>\n<td class=\"tw-text-sm tw-text-center tw-w-32  tw-py-3 tw-mr-4 tw-flex tw-items-center tw-justify-center\">\n<div class=\"tw-px-2\">C300 STEEL<\/div>\n<\/td>\n<td class=\"tw-text-sm tw-text-center tw-w-32  tw-py-3 tw-mr-4 tw-flex tw-items-center tw-justify-center\">\n<div class=\"tw-px-2\">C300 STEEL<\/div>\n<\/td>\n<td class=\"tw-text-sm tw-text-center tw-w-32  tw-py-3 tw-mr-4 tw-flex tw-items-center tw-justify-center\">\n<div class=\"tw-px-2\">C300 STEEL<\/div>\n<\/td>\n<\/tr>\n<tr class=\"tw-flex tw-border-0 tw-border-b  tw-border-solid tw-border-gray-200\">\n<td class=\"tw-font-bold tw-text-xs lg:tw-text-sm tw-uppercase tw-mr-4 tw-w-48 xl:tw-w-96 tw-p-3 tw-flex tw-items-center\">HEAD SIZE (3W)<\/td>\n<td class=\"tw-text-sm tw-text-center tw-w-32  tw-py-3 tw-mr-4 tw-flex tw-items-center tw-justify-center\">\n<div class=\"tw-px-2\">170cc<\/div>\n<\/td>\n<td class=\"tw-text-sm tw-text-center tw-w-32  tw-py-3 tw-mr-4 tw-flex tw-items-center tw-justify-center\">\n<div class=\"tw-px-2\">185cc<\/div>\n<\/td>\n<td class=\"tw-text-sm tw-text-center tw-w-32  tw-py-3 tw-mr-4 tw-flex tw-items-center tw-justify-center\">\n<div class=\"tw-px-2\">200cc<\/div>\n<\/td>\n<td class=\"tw-text-sm tw-text-center tw-w-32  tw-py-3 tw-mr-4 tw-flex tw-items-center tw-justify-center\">\n<div class=\"tw-px-2\">200cc<\/div>\n<\/td>\n<\/tr>\n<tr class=\"tw-flex tw-border-0 tw-border-b  tw-border-solid tw-border-gray-200\">\n<td class=\"tw-font-bold tw-text-xs lg:tw-text-sm tw-uppercase tw-mr-4 tw-w-48 xl:tw-w-96 tw-p-3 tw-flex tw-items-center\">ADJUSTABILITY<\/td>\n<td class=\"tw-text-sm tw-text-center tw-w-32  tw-py-3 tw-mr-4 tw-flex tw-items-center tw-justify-center\">\n<div class=\"tw-px-2\">MOVABLE WEIGHT &amp; LOFT SLEEVE<\/div>\n<\/td>\n<td class=\"tw-text-sm tw-text-center tw-w-32  tw-py-3 tw-mr-4 tw-flex tw-items-center tw-justify-center\">\u00a0<\/td>\n<td class=\"tw-text-sm tw-text-center tw-w-32  tw-py-3 tw-mr-4 tw-flex tw-items-center tw-justify-center\">\u00a0<\/td>\n<td class=\"tw-text-sm tw-text-center tw-w-32  tw-py-3 tw-mr-4 tw-flex tw-items-center tw-justify-center\">\u00a0<\/td>\n<\/tr>\n<tr class=\"tw-flex tw-border-0 tw-border-b  tw-border-solid tw-border-gray-200\">\n<td class=\"tw-font-bold tw-text-xs lg:tw-text-sm tw-uppercase tw-mr-4 tw-w-48 xl:tw-w-96 tw-p-3 tw-flex tw-items-center\">CARBON CROWN<\/td>\n<td class=\"tw-text-sm tw-text-center tw-w-32  tw-py-3 tw-mr-4 tw-flex tw-items-center tw-justify-center\">V<\/td>\n<td class=\"tw-text-sm tw-text-center tw-w-32  tw-py-3 tw-mr-4 tw-flex tw-items-center tw-justify-center\">V<\/td>\n<td class=\"tw-text-sm tw-text-center tw-w-32  tw-py-3 tw-mr-4 tw-flex tw-items-center tw-justify-center\">V<\/td>\n<td class=\"tw-text-sm tw-text-center tw-w-32  tw-py-3 tw-mr-4 tw-flex tw-items-center tw-justify-center\">V<\/td>\n<\/tr>\n<tr class=\"tw-flex tw-border-0 tw-border-b  tw-border-solid tw-border-gray-200\">\n<td class=\"tw-font-bold tw-text-xs lg:tw-text-sm tw-uppercase tw-mr-4 tw-w-48 xl:tw-w-96 tw-p-3 tw-flex tw-items-center\">CUSTOM SHAFTS &amp; GRIPS<\/td>\n<td class=\"tw-text-sm tw-text-center tw-w-32  tw-py-3 tw-mr-4 tw-flex tw-items-center tw-justify-center\">V<\/td>\n<td class=\"tw-text-sm tw-text-center tw-w-32  tw-py-3 tw-mr-4 tw-flex tw-items-center tw-justify-center\">V<\/td>\n<td class=\"tw-text-sm tw-text-center tw-w-32  tw-py-3 tw-mr-4 tw-flex tw-items-center tw-justify-center\">V<\/td>\n<td class=\"tw-text-sm tw-text-center tw-w-32  tw-py-3 tw-mr-4 tw-flex tw-items-center tw-justify-center\">V<\/td>\n<\/tr>\n<tr class=\"tw-flex tw-border-0 tw-border-b  tw-border-solid tw-border-gray-200\">\n<td class=\"tw-font-bold tw-text-xs lg:tw-text-sm tw-uppercase tw-mr-4 tw-w-48 xl:tw-w-96 tw-p-3 tw-flex tw-items-center\">FLIGHT BIAS<\/td>\n<td class=\"tw-text-sm tw-text-center tw-w-32  tw-py-3 tw-mr-4 tw-flex tw-items-center tw-justify-center\">\n<div class=\"tw-px-2\">NEUTRAL<\/div>\n<\/td>\n<td class=\"tw-text-sm tw-text-center tw-w-32  tw-py-3 tw-mr-4 tw-flex tw-items-center tw-justify-center\">\n<div class=\"tw-px-2\">NEUTRAL<\/div>\n<\/td>\n<td class=\"tw-text-sm tw-text-center tw-w-32  tw-py-3 tw-mr-4 tw-flex tw-items-center tw-justify-center\">\n<div class=\"tw-px-2\">DRAW<\/div>\n<\/td>\n<td class=\"tw-text-sm tw-text-center tw-w-32  tw-py-3 tw-mr-4 tw-flex tw-items-center tw-justify-center\">\n<div class=\"tw-px-2\">DRAW<\/div>\n<\/td>\n<\/tr>\n<tr class=\"tw-flex tw-border-0 tw-border-b  tw-border-solid tw-border-gray-200\">\n<td class=\"tw-font-bold tw-text-xs lg:tw-text-sm tw-uppercase tw-mr-4 tw-w-48 xl:tw-w-96 tw-p-3 tw-flex tw-items-center\">FORGIVENESS<\/td>\n<td class=\"tw-text-sm tw-text-center tw-w-32  tw-py-3 tw-mr-4 tw-flex tw-items-center tw-justify-center\">\n<div class=\"tw-px-2\">HIGH<\/div>\n<\/td>\n<td class=\"tw-text-sm tw-text-center tw-w-32  tw-py-3 tw-mr-4 tw-flex tw-items-center tw-justify-center\">\n<div class=\"tw-px-2\">HIGHER<\/div>\n<\/td>\n<td class=\"tw-text-sm tw-text-center tw-w-32  tw-py-3 tw-mr-4 tw-flex tw-items-center tw-justify-center\">\n<div class=\"tw-px-2\">HIGHEST<\/div>\n<\/td>\n<td class=\"tw-text-sm tw-text-center tw-w-32  tw-py-3 tw-mr-4 tw-flex tw-items-center tw-justify-center\">\n<div class=\"tw-px-2\">HIGHEST<\/div>\n<\/td>\n<\/tr>\n<tr class=\"tw-flex tw-border-0 tw-border-b  tw-border-solid tw-border-gray-200\">\n<td class=\"tw-font-bold tw-text-xs lg:tw-text-sm tw-uppercase tw-mr-4 tw-w-48 xl:tw-w-96 tw-p-3 tw-flex tw-items-center\">LAUNCH<\/td>\n<td class=\"tw-text-sm tw-text-center tw-w-32  tw-py-3 tw-mr-4 tw-flex tw-items-center tw-justify-center\">\n<div class=\"tw-px-2\">MID<\/div>\n<\/td>\n<td class=\"tw-text-sm tw-text-center tw-w-32  tw-py-3 tw-mr-4 tw-flex tw-items-center tw-justify-center\">\n<div class=\"tw-px-2\">MID-HIGH<\/div>\n<\/td>\n<td class=\"tw-text-sm tw-text-center tw-w-32  tw-py-3 tw-mr-4 tw-flex tw-items-center tw-justify-center\">\n<div class=\"tw-px-2\">HIGH<\/div>\n<\/td>\n<td class=\"tw-text-sm tw-text-center tw-w-32  tw-py-3 tw-mr-4 tw-flex tw-items-center tw-justify-center\">\n<div class=\"tw-px-2\">HIGH<\/div>\n<\/td>\n<\/tr>\n<tr class=\"tw-flex tw-border-0 tw-border-b  tw-border-solid tw-border-gray-200\">\n<td class=\"tw-font-bold tw-text-xs lg:tw-text-sm tw-uppercase tw-mr-4 tw-w-48 xl:tw-w-96 tw-p-3 tw-flex tw-items-center\">SPIN<\/td>\n<td class=\"tw-text-sm tw-text-center tw-w-32  tw-py-3 tw-mr-4 tw-flex tw-items-center tw-justify-center\">\n<div class=\"tw-px-2\">LOW<\/div>\n<\/td>\n<td class=\"tw-text-sm tw-text-center tw-w-32  tw-py-3 tw-mr-4 tw-flex tw-items-center tw-justify-center\">\n<div class=\"tw-px-2\">MID-LOW<\/div>\n<\/td>\n<td class=\"tw-text-sm tw-text-center tw-w-32  tw-py-3 tw-mr-4 tw-flex tw-items-center tw-justify-center\">\n<div class=\"tw-px-2\">MID<\/div>\n<\/td>\n<td class=\"tw-text-sm tw-text-center tw-w-32  tw-py-3 tw-mr-4 tw-flex tw-items-center tw-justify-center\">\n<div class=\"tw-px-2\">MID<\/div>\n<\/td>\n<\/tr>\n<\/tbody>\n<\/table>\n<h2>Th\u00f4ng s\u1ed1\u00a0<\/h2>\n<table width=\"100%\" cellpadding=\"5\" bgcolor=\"#999999\">\n<tbody>\n<tr align=\"center\" bgcolor=\"#000000\">\n<th width=\"28%\"><span style=\"color: #ffffff\"><span>head<\/span><\/span><\/th>\n<th width=\"72%\"><span style=\"color: #ffffff\"><span>STEALTH2 FAIRWAY WOOD<\/span><\/span><\/th>\n<\/tr>\n<tr align=\"center\" bgcolor=\"#ffffff\">\n<td bgcolor=\"#efefef\"><span>head material<\/span><\/td>\n<td><span>Stainless steel (450SS) + 3D carbon crown<\/span><\/td>\n<\/tr>\n<\/tbody>\n<\/table>\n<table width=\"100%\" cellpadding=\"5\" bgcolor=\"#999999\">\n<tbody>\n<tr align=\"center\" bgcolor=\"#000000\">\n<th width=\"28%\"><span style=\"color: #ffffff\"><span>Count<\/span><\/span><\/th>\n<th width=\"36%\"><span style=\"color: #ffffff\"><span>3W<\/span><\/span><\/th>\n<th width=\"36%\"><span style=\"color: #ffffff\"><span>5W<\/span><\/span><\/th>\n<\/tr>\n<tr align=\"center\" bgcolor=\"#ffffff\">\n<td bgcolor=\"#efefef\"><span>Loft angle (\u00b0)<\/span><\/td>\n<td><span>15<\/span><\/td>\n<td><span>18<\/span><\/td>\n<\/tr>\n<tr align=\"center\" bgcolor=\"#ffffff\">\n<td bgcolor=\"#efefef\"><span>Lie angle (\u00b0)<\/span><\/td>\n<td><span>57<\/span><\/td>\n<td><span>57.5<\/span><\/td>\n<\/tr>\n<tr align=\"center\" bgcolor=\"#ffffff\">\n<td bgcolor=\"#efefef\"><span>Volume (cm3)<\/span><\/td>\n<td><span>185<\/span><\/td>\n<td><span>170<\/span><\/td>\n<\/tr>\n<tr align=\"center\" bgcolor=\"#ffffff\">\n<td bgcolor=\"#efefef\"><span>length (inch)<\/span><\/td>\n<td><span>43<\/span><\/td>\n<td><span>42<\/span><\/td>\n<\/tr>\n<\/tbody>\n<\/table>\n<p><\/p>\n<table style=\"width: 100%\" width=\"100%\" cellpadding=\"5\" bgcolor=\"#999999\">\n<tbody>\n<tr align=\"center\" bgcolor=\"#000000\">\n<th style=\"width: 36.3412%\"><span style=\"color: #ffffff\"><span>shaft<\/span><\/span><\/th>\n<th style=\"width: 31.1496%\"><span style=\"color: #ffffff\"><span>Tour AD<\/span><br \/><span>CQ-6<\/span><\/span><\/th>\n<\/tr>\n<tr align=\"center\" bgcolor=\"#ffffff\">\n<td style=\"width: 36.3412%\" bgcolor=\"#f0f0f0\" width=\"28%\"><span>flex<\/span><\/td>\n<td style=\"width: 31.1496%\" width=\"24%\"><span>S.<\/span><\/td>\n<\/tr>\n<tr align=\"center\" bgcolor=\"#ffffff\">\n<td style=\"width: 36.3412%\" bgcolor=\"#efefef\"><span>Club weight (g): 3W<\/span><\/td>\n<td style=\"width: 31.1496%\"><span>324<\/span><\/td>\n<\/tr>\n<tr align=\"center\" bgcolor=\"#ffffff\">\n<td style=\"width: 36.3412%\" bgcolor=\"#efefef\"><span>Shaft weight (g)<\/span><\/td>\n<td style=\"width: 31.1496%\"><span>64<\/span><\/td>\n<\/tr>\n<tr align=\"center\" bgcolor=\"#ffffff\">\n<td style=\"width: 36.3412%\" bgcolor=\"#efefef\"><span>Torque (\u00b0)<\/span><\/td>\n<td style=\"width: 31.1496%\"><span>3.4<\/span><\/td>\n<\/tr>\n<tr align=\"center\" bgcolor=\"#ffffff\">\n<td style=\"width: 36.3412%\" bgcolor=\"#efefef\"><span>balance<\/span><\/td>\n<td style=\"width: 31.1496%\"><span>D1.5<\/span><\/td>\n<\/tr>\n<tr align=\"center\" bgcolor=\"#ffffff\">\n<td style=\"width: 36.3412%\" bgcolor=\"#efefef\"><span>condition<\/span><\/td>\n<td style=\"width: 31.1496%\"><span>first middle<\/span><\/td>\n<\/tr>\n<tr align=\"center\" bgcolor=\"#ffffff\">\n<td style=\"width: 36.3412%\" bgcolor=\"#efefef\"><span>grip<\/span><\/td>\n<td style=\"width: 31.1496%\"><span>Lamkin Crossline 360 \u200b\u200bBlack\/Red CP (diameter 60, about 47.5g)<\/span><\/td>\n<\/tr>\n<\/tbody>\n<\/table>\n<p><\/p>\n<\/div>\n<\/div>\n<ul class=\"attribute-specs-wrapper\">\n<li>\n                    Gi\u1edbi t\u00ednh: Nam                <\/li>\n<li>\n                    Th\u1ec3 lo\u1ea1i: Fairway                <\/li>\n<li>\n                    H\u00e3ng: TaylorMade                <\/li>\n<li>\n                    S\u1ea3n xu\u1ea5t : Trung Qu\u1ed1c                <\/li>\n<\/ul>","protected":false},"excerpt":{"rendered":"<div class=\"text-bottom--product-detail-info\">\n<div class=\"item\">\n        S\u1ea3n ph\u1ea9m ch\u00ednh h\u00e3ng 100%.\n    <\/div>\n<div class=\"item\">\n<div>\n          Ch\u00ednh s\u00e1ch \u0111\u1ed5i h\u00e0ng  (Xem chi ti\u1ebft).\n        <\/div>\n<\/div>\n<div class=\"item\">\n        Gi\u00e1 s\u1ea3n ph\u1ea9m \u0111\u00e3 bao g\u1ed3m VAT.\n    <\/div>\n<div class=\"item\">\n        Mi\u1ec5n ph\u00ed v\u1eadn chuy\u1ec3n th\u01b0\u1eddng\n    <\/div>\n<\/div>","protected":false},"featured_media":18304,"comment_status":"closed","ping_status":"closed","template":"","meta":[],"pwb-brand":[3248],"product_cat":[3255],"product_tag":[4880],"class_list":{"0":"post-18303","1":"product","2":"type-product","3":"status-publish","4":"has-post-thumbnail","6":"pwb-brand-taylormade","7":"product_cat-fairway","8":"product_tag-gay-golf-taylormade-fairway-stealth-2-tour-ad-cq6","10":"first","11":"instock","12":"shipping-taxable","13":"product-type-simple"},"brands":[{"id":3248,"name":"TaylorMade","slug":"taylormade"}],"_links":{"self":[{"href":"https:\/\/xgolf.vn\/bn\/wp-json\/wp\/v2\/product\/18303","targetHints":{"allow":["GET"]}}],"collection":[{"href":"https:\/\/xgolf.vn\/bn\/wp-json\/wp\/v2\/product"}],"about":[{"href":"https:\/\/xgolf.vn\/bn\/wp-json\/wp\/v2\/types\/product"}],"replies":[{"embeddable":true,"href":"https:\/\/xgolf.vn\/bn\/wp-json\/wp\/v2\/comments?post=18303"}],"wp:featuredmedia":[{"embeddable":true,"href":"https:\/\/xgolf.vn\/bn\/wp-json\/wp\/v2\/media\/18304"}],"wp:attachment":[{"href":"https:\/\/xgolf.vn\/bn\/wp-json\/wp\/v2\/media?parent=18303"}],"wp:term":[{"taxonomy":"pwb-brand","embeddable":true,"href":"https:\/\/xgolf.vn\/bn\/wp-json\/wp\/v2\/pwb-brand?post=18303"},{"taxonomy":"product_cat","embeddable":true,"href":"https:\/\/xgolf.vn\/bn\/wp-json\/wp\/v2\/product_cat?post=18303"},{"taxonomy":"product_tag","embeddable":true,"href":"https:\/\/xgolf.vn\/bn\/wp-json\/wp\/v2\/product_tag?post=18303"}],"curies":[{"name":"wp","href":"https:\/\/api.w.org\/{rel}","templated":true}]}}