{"id":28292,"date":"2024-09-13T11:00:42","date_gmt":"2024-09-13T04:00:42","guid":{"rendered":"http:\/\/xgolf.vn\/-product-\/uncategorized\/gay-putter-king-vintage-cuda-single-bend-cobra\/"},"modified":"2024-09-13T11:01:07","modified_gmt":"2024-09-13T04:01:07","slug":"gay-putter-king-vintage-cuda-single-bend-cobra","status":"publish","type":"product","link":"https:\/\/xgolf.vn\/ar\/-product-\/gay\/putter\/gay-putter-king-vintage-cuda-single-bend-cobra\/","title":{"rendered":"G\u1eady putter KING Vintage Cuda SINGLE BEND | Cobra"},"content":{"rendered":"<div id=\"proDes\" class=\"pro-tabcontent\">\n<h2 style=\"font-size: 24px;font-family: RobotoCondensed-Bold\">G\u1eady putter KING Vintage Cuda SINGLE BEND | Cobra<\/h2>\n<p>\t\t\t\t\t\t\t\t<img decoding=\"async\" src=\"http:\/\/xgolf.vn\/wp-content\/uploads\/2024\/09\/gay_putter_king_vintage_cuda_single_bend_cobra__1__55b41d706f2549d9be6d44880631dc28_1024x1024-1.jpg\" alt=\"G\u1eady putter KING Vintage Cuda SINGLE BEND | Cobra\" style=\"margin-left: auto;margin-right: auto\" width=\"100%\" title=\"gay_putter_king_vintage_cuda_single_bend_cobra__1__55b41d706f2549d9be6d44880631dc28_1024x1024-1\"><\/p>\n<p>\t\t\t\t\t\t\t\t<img decoding=\"async\" src=\"http:\/\/xgolf.vn\/wp-content\/uploads\/2024\/09\/gay_putter_king_vintage_cuda_single_bend_cobra__2__239a9ae1fbca411b917a758deef9449d_1024x1024.jpg\" alt=\"G\u1eady putter KING Vintage Cuda SINGLE BEND | Cobra\" style=\"margin-left: auto;margin-right: auto\" width=\"100%\" title=\"gay_putter_king_vintage_cuda_single_bend_cobra__2__239a9ae1fbca411b917a758deef9449d_1024x1024\"><\/p>\n<p>\t\t\t\t\t\t\t\t<img decoding=\"async\" src=\"http:\/\/xgolf.vn\/wp-content\/uploads\/2024\/09\/gay_putter_king_vintage_cuda_single_bend_cobra__3__23f6461c7f104bbe88eb2c1a770f67d1_1024x1024.jpg\" alt=\"G\u1eady putter KING Vintage Cuda SINGLE BEND | Cobra\" style=\"margin-left: auto;margin-right: auto\" width=\"100%\" title=\"gay_putter_king_vintage_cuda_single_bend_cobra__3__23f6461c7f104bbe88eb2c1a770f67d1_1024x1024\"><\/p>\n<p>\t\t\t\t\t\t\t\t<img decoding=\"async\" src=\"http:\/\/xgolf.vn\/wp-content\/uploads\/2024\/09\/gay_putter_king_vintage_cuda_single_bend_cobra__4__da91704b627447aba32e776a278c12dd_1024x1024.jpg\" alt=\"G\u1eady putter KING Vintage Cuda SINGLE BEND | Cobra\" style=\"margin-left: auto;margin-right: auto\" width=\"100%\" title=\"gay_putter_king_vintage_cuda_single_bend_cobra__4__da91704b627447aba32e776a278c12dd_1024x1024\"><\/p>\n<p>\t\t\t\t\t\t\t\t<img decoding=\"async\" src=\"http:\/\/xgolf.vn\/wp-content\/uploads\/2024\/09\/gay_putter_king_vintage_cuda_single_bend_cobra__5__9b748e10a1494f87b5c09b1050666fb1_1024x1024.jpg\" alt=\"G\u1eady putter KING Vintage Cuda SINGLE BEND | Cobra\" style=\"margin-left: auto;margin-right: auto\" width=\"100%\" title=\"gay_putter_king_vintage_cuda_single_bend_cobra__5__9b748e10a1494f87b5c09b1050666fb1_1024x1024\"><\/p>\n<p>\t\t\t\t\t\t\t\t<img decoding=\"async\" src=\"http:\/\/xgolf.vn\/wp-content\/uploads\/2024\/09\/gay_putter_king_vintage_cuda_single_bend_cobra__6__3c42ace8753248288bf43de44645ca37_1024x1024.jpg\" alt=\"G\u1eady putter KING Vintage Cuda SINGLE BEND | Cobra\" style=\"margin-left: auto;margin-right: auto\" width=\"100%\" title=\"gay_putter_king_vintage_cuda_single_bend_cobra__6__3c42ace8753248288bf43de44645ca37_1024x1024\"><\/p>\n<div><\/div>\n<div style=\"padding: 10px;text-align: left;margin-bottom: 10px;background-color: #a3e1ff;border-radius: 10px\">\n\t\t\t\t\t\t\t\t\t<strong>M\u00e0u s\u1eafc s\u1ea3n ph\u1ea9m<\/strong><br \/>H\u00ecnh \u1ea3nh s\u1ea3n ph\u1ea9m \u0111\u00e3 \u0111\u01b0\u1ee3c ch\u1ee5p t\u1eeb th\u1ef1c t\u1ebf, tuy nhi\u00ean t\u00f9y v\u00e0o m\u00f4i tr\u01b0\u1eddng \u00e1nh s\u00e1ng v\u00e0 m\u00e0n h\u00ecnh c\u1ee7a thi\u1ebft b\u1ecb, m\u00e0u s\u1eafc th\u1ef1c t\u1ebf c\u00f3 th\u1ec3 kh\u00f4ng ho\u00e0n to\u00e0n gi\u1ed1ng. Xin l\u01b0u \u00fd \u0111i\u1ec1u n\u00e0y khi mua h\u00e0ng.\n\t\t\t\t\t\t\t\t<\/div>\n<\/p><\/div>","protected":false},"excerpt":{"rendered":"<div id=\"variant-swatch-0\" class=\"swatch swatch-product-single clearfix\" data-option=\"option1\" data-option-index=\"0\">\n<div class=\"header\">\n      <span class=\"title\"><\/p>\n<p>          K\u00edch th\u01b0\u1edbc<\/p>\n<p>      <\/span><\/div>\n<div class=\"select-swap\">\n<div data-value=\"34 inchs\" class=\"n-sd swatch-element 34-inchs\">\n<p>                <label for=\"swatch-0-34-inchs\"><br \/>\n                  34 inchs<br \/>\n                  <img decoding=\"async\" class=\"crossed-out\" src=\"https:\/\/theme.hstatic.net\/1000007560\/1001261951\/14\/soldout1.png?v=207\"><br \/>\n                  <img decoding=\"async\" class=\"img-check\" src=\"https:\/\/theme.hstatic.net\/1000007560\/1001261951\/14\/select-pro.png?v=207\"><br \/>\n                <\/label><\/p><\/div>\n<div data-value=\"35 inchs\" class=\"n-sd swatch-element 35-inchs\">\n<p>                <label for=\"swatch-0-35-inchs\"><br \/>\n                  35 inchs<br \/>\n                  <img decoding=\"async\" class=\"crossed-out\" src=\"https:\/\/theme.hstatic.net\/1000007560\/1001261951\/14\/soldout1.png?v=207\"><br \/>\n                  <img decoding=\"async\" class=\"img-check\" src=\"https:\/\/theme.hstatic.net\/1000007560\/1001261951\/14\/select-pro.png?v=207\"><br \/>\n                <\/label><\/p><\/div>\n<\/p><\/div>\n<\/p><\/div>","protected":false},"featured_media":28293,"comment_status":"closed","ping_status":"closed","template":"","meta":[],"pwb-brand":[7869],"product_cat":[3257],"product_tag":[3647],"class_list":{"0":"post-28292","1":"product","2":"type-product","3":"status-publish","4":"has-post-thumbnail","6":"pwb-brand-cobra","7":"product_cat-putter","8":"product_tag-a","10":"first","11":"instock","12":"sale","13":"shipping-taxable","14":"purchasable","15":"product-type-simple"},"brands":[{"id":7869,"name":"Cobra","slug":"cobra"}],"_links":{"self":[{"href":"https:\/\/xgolf.vn\/ar\/wp-json\/wp\/v2\/product\/28292","targetHints":{"allow":["GET"]}}],"collection":[{"href":"https:\/\/xgolf.vn\/ar\/wp-json\/wp\/v2\/product"}],"about":[{"href":"https:\/\/xgolf.vn\/ar\/wp-json\/wp\/v2\/types\/product"}],"replies":[{"embeddable":true,"href":"https:\/\/xgolf.vn\/ar\/wp-json\/wp\/v2\/comments?post=28292"}],"wp:featuredmedia":[{"embeddable":true,"href":"https:\/\/xgolf.vn\/ar\/wp-json\/wp\/v2\/media\/28293"}],"wp:attachment":[{"href":"https:\/\/xgolf.vn\/ar\/wp-json\/wp\/v2\/media?parent=28292"}],"wp:term":[{"taxonomy":"pwb-brand","embeddable":true,"href":"https:\/\/xgolf.vn\/ar\/wp-json\/wp\/v2\/pwb-brand?post=28292"},{"taxonomy":"product_cat","embeddable":true,"href":"https:\/\/xgolf.vn\/ar\/wp-json\/wp\/v2\/product_cat?post=28292"},{"taxonomy":"product_tag","embeddable":true,"href":"https:\/\/xgolf.vn\/ar\/wp-json\/wp\/v2\/product_tag?post=28292"}],"curies":[{"name":"wp","href":"https:\/\/api.w.org\/{rel}","templated":true}]}}