{"id":18598,"date":"2024-08-01T02:25:05","date_gmt":"2024-07-31T19:25:05","guid":{"rendered":"http:\/\/xgolf.vn\/-product-\/uncategorized\/gay-golf-fairway-callaway-rogue-st-max\/"},"modified":"2024-08-01T02:25:10","modified_gmt":"2024-07-31T19:25:10","slug":"gay-golf-fairway-callaway-rogue-st-max","status":"publish","type":"product","link":"https:\/\/xgolf.vn\/ar\/-product-\/gay\/fairway\/gay-golf-fairway-callaway-rogue-st-max\/","title":{"rendered":"G\u1eady golf fairway Callaway Rogue ST Max"},"content":{"rendered":"<div class=\"product attribute description\">\n<div class=\"value\"><iframe width=\"560\" height=\"315\" src=\"https:\/\/www.youtube.com\/embed\/yLA4ACuDbtk\" title=\"YouTube video player\" frameborder allow=\"accelerometer; autoplay; clipboard-write; encrypted-media; gyroscope; picture-in-picture\" allowfullscreen><\/iframe>\n<h1><strong>G\u1eady golf fairway Callaway Rogue ST Max<\/strong><\/h1>\n<h3><strong>V\u1ec1 thi\u1ebft k\u1ebf<\/strong><\/h3>\n<p>\u0110\u1ea7u g\u1eady s\u1ebd \u0111\u01b0\u1ee3c thi\u1ebft k\u1ebf kh\u00e1c nhau trong c\u00e1c phi\u00ean b\u1ea3n\u00a0 fairway c\u1ee7a Rogue ST. Thi\u1ebft k\u1ebf m\u1eb7t h\u01a1i kh\u00e9p k\u00edn, c\u00e1c r\u00e3nh d\u1ecdc v\u00e0 r\u00e3nh ngang v\u1edbi g\u00f3c th\u1eb3ng \u0111\u1ee9ng h\u01a1n \u0111\u01b0\u1ee3c bao g\u1ed3m trong Rogue ST MAX D. M\u1ed9t kh\u1ed1i vonfram 27g l\u00e0m c\u01a1 s\u1edf, c\u00e2n b\u1eb1ng tr\u1ecdng l\u01b0\u1ee3ng v\u00e0 h\u1ea1 th\u1ea5p tr\u1ecdng t\u00e2m c\u1ee7a CG. \u0110i\u1ec1u n\u00e0y gi\u00fap t\u1ea1o ra l\u1ef1c m\u1ea1nh, t\u1ed1c \u0111\u1ed9 b\u00f3ng ph\u00f3ng cao trong khi gi\u1ea3m \u0111\u1ed9 xo\u00e1y khi ti\u1ebfp x\u00fac.<\/p>\n<p>K\u1ebft th\u00fac t\u1ed5ng th\u1ec3 l\u00e0 m\u1ed9t m\u00e0u \u0111en m\u1edd c\u1ed5 \u0111i\u1ec3n v\u1edbi thi\u1ebft k\u1ebf nh\u1ecf g\u1ecdn cho c\u1ea3m gi\u00e1c sang tr\u1ecdng, \u0111\u00e2y l\u00e0 m\u1ed9t c\u1ea3i ti\u1ebfn so v\u1edbi c\u00e1c m\u1eabu Epic 2021 v\u00e0 Mavrik tr\u01b0\u1edbc \u0111\u00f3.<\/p>\n<p>M\u1eb7t g\u1eady c\u00f3 m\u00e0u x\u00e1m nh\u1ea1t \u0111\u1ec3 t\u01b0\u01a1ng ph\u1ea3n v\u1edbi m\u00e0u \u0111en c\u1ee7a ph\u1ea7n Crown. Ch\u00ednh nh\u1edd s\u1ef1 k\u1ebft h\u1ee3p v\u1ec1 thi\u1ebft k\u1ebf v\u00e0 trung h\u00f2a v\u1ec1 m\u00e0u s\u1eafc mang l\u1ea1i m\u1ed9t di\u1ec7n m\u1ea1o thu h\u00fat cho g\u1eady Rogue ST MAX.<\/p>\n<h3><strong>V\u1ec1 c\u00f4ng ngh\u1ec7 n\u1ed5i b\u1eadt<\/strong><\/h3>\n<p>Fairway Rogue ST MAX c\u1ee7a Callaway s\u1edf h\u1eefu nhi\u1ec1u c\u00f4ng ngh\u1ec7 hi\u1ec7n \u0111\u1ea1i. C\u00f3 th\u1ec3 k\u1ec3 \u0111\u1ebfn nh\u01b0<strong>:<\/strong><\/p>\n<h4><strong>C\u00f4ng ngh\u1ec7 Jailbreak ST<\/strong><\/h4>\n<p>M\u1ed9t h\u1ec7 th\u1ed1ng B\u1ebb kh\u00f3a AI m\u1edbi \u0111\u01b0\u1ee3c thi\u1ebft k\u1ebf l\u1ea1i nh\u1eb1m th\u00fac \u0111\u1ea9y t\u1ed1c \u0111\u1ed9 v\u00e0 \u0111\u1ed9 \u1ed5n \u0111\u1ecbnh c\u1ee7a qu\u1ea3 b\u00f3ng. Hai thanh Jailbreak \u0111\u01b0\u1ee3c di chuy\u1ec3n ra ngo\u00e0i chu vi c\u1ee7a m\u1eb7t g\u1eady, t\u0103ng th\u00eam \u0111\u1ed9 c\u1ee9ng trong khi v\u1eabn cho ph\u00e9p m\u1eb7t g\u1eady u\u1ed1n cong \u0111\u1ec3 \u0111\u1ea1t t\u1ed1c \u0111\u1ed9 t\u1ed1i \u0111a.<\/p>\n<h4><strong>C\u00f4ng ngh\u1ec7 Flash Face\u00a0<\/strong><\/h4>\n<p>M\u1eb7t c\u1ee7a g\u1eady AI \u0111\u00e3 \u0111\u01b0\u1ee3c tinh ch\u1ec9nh \u0111\u1ec3 t\u0103ng t\u1ed1c \u0111\u1ed9 kh\u1edfi \u0111\u1ed9ng v\u00e0 quay. Trong c\u00e1c s\u1ea3n ph\u1ea9m Rogue ST MAX \u0111\u00e3 ra m\u1eaft, M\u1eb7t g\u1eady th\u00f4ng minh n\u00e0y \u0111\u01b0\u1ee3c \u0111i\u1ec1u ch\u1ec9nh ph\u00f9 h\u1ee3p v\u1edbi t\u1eebng l\u1ef1a ch\u1ecdn model v\u00e0 g\u00f3c loft trong c\u00e1c m\u1eabu g\u1eady.<\/p>\n<h4><strong>C\u00f4ng ngh\u1ec7 Face Cup<\/strong><\/h4>\n<p>B\u1ec1 m\u1eb7t g\u1eady \u0111\u01b0\u1ee3c l\u00e0m b\u1eb1ng ch\u1ea5t li\u1ec7u th\u00e9p C300 Maraging c\u00f3 \u0111\u1ed9 b\u1ec1n cao. C\u00f4ng ngh\u1ec7 Flash Face Cup cho ph\u00e9p golfer t\u0103ng t\u1ed1c \u0111\u1ed9 v\u00e0 \u0111\u1ed9 xo\u00e1y cho nh\u1eefng c\u00fa \u0111\u00e1nh ngo\u00e0i trung t\u00e2m.\u00a0<\/p>\n<h3><strong>Thi\u1ebft k\u1ebf tr\u1ecdng l\u01b0\u1ee3ng b\u1eb1ng ch\u1ea5t li\u1ec7u nh\u1eb9 nh\u1eb1m t\u1ed1i \u01b0u h\u00f3a t\u1ed1c \u0111\u1ed9<\/strong><\/h3>\n<p>Speed Tuned l\u00e0 t\u1eeb vi\u1ebft t\u1eaft c\u1ee7a \u0111i\u1ec1u ch\u1ec9nh t\u1ed1c \u0111\u1ed9. Callaway \u0111\u1eb7t m\u1ed9t thanh vonfram c\u00f3 kh\u1ed1i l\u01b0\u1ee3ng 27g \u1edf ph\u00eda tr\u01b0\u1edbc g\u1eady \u0111\u1ec3 gi\u00fap t\u0103ng t\u1ed1c \u0111\u1ed9 v\u00e0 kho\u1ea3ng c\u00e1ch b\u00f3ng. Thi\u1ebft k\u1ebf n\u00e0y, gi\u1ed1ng nh\u01b0 thanh vonfram trong c\u00e1c tr\u00ecnh \u0111i\u1ec1u khi\u1ec3n Rogue ST m\u1edbi, h\u1ea1 th\u1ea5p tr\u1ecdng t\u00e2m \u0111\u1ec3 gi\u1ea3m \u0111\u1ed9 xo\u00e1y v\u00e0 t\u1ed1i \u0111a h\u00f3a b\u1ed9 b\u00f3ng.<\/p>\n<p>L\u1edbp ho\u00e0n thi\u1ec7n t\u1ed5ng th\u1ec3 b\u1eb1ng m\u00e0u \u0111en m\u1edd c\u1ed5 \u0111i\u1ec3n, thi\u1ebft k\u1ebf nh\u1ecf g\u1ecdn mang l\u1ea1i c\u1ea3m gi\u00e1c cao c\u1ea5p \u2013 c\u1ea3i ti\u1ebfn d\u1ef1a tr\u00ean c\u00e1c d\u00f2ng Epic 2021 v\u00e0 Mavrik tr\u01b0\u1edbc \u0111\u00f3.\u00a0<\/p>\n<h3><strong>V\u1ec1 \u00e2m thanh v\u00e0 c\u1ea3m nh\u1eadn<\/strong><\/h3>\n<p>\u00c2m thanh c\u1ee7a Rogue ST Max D Fairway Woods \u00eam h\u01a1n v\u00e0 c\u00f3 \u00e2m v\u1ef1c s\u00e2u h\u01a1n. Tr\u00e1i ng\u01b0\u1ee3c v\u1edbi \u00e2m thanh kim lo\u1ea1i m\u1ea1nh m\u1ebd c\u1ee7a lo\u1ea1t phim tr\u01b0\u1edbc, \u00e2m thanh khi \u0111\u00e1nh b\u00f3ng \u0111\u01b0\u1ee3c c\u1ea3i thi\u1ec7n. Rogue ST Max D Wood mang l\u1ea1i \u0111\u01b0\u1eddng b\u00f3ng t\u1ed1c \u0111\u1ed9, c\u00f3 t\u00e1c d\u1ee5ng c\u1eaft gi\u1ea3m s\u1ee9c c\u1ea3n c\u1ee7a gi\u00f3 v\u00e0 c\u00e1c y\u1ebfu t\u1ed1 m\u00f4i tr\u01b0\u1eddng kh\u00e1c. Th\u1ef1c hi\u1ec7n \u0111\u1eb7c bi\u1ec7t t\u1ed1t \u1edf fairway v\u00e0 ng\u1eafn.<\/p>\n<p><strong>Th\u00f4ng s\u1ed1 k\u1ef9 thu\u1eadt:<\/strong><\/p>\n<ul>\n<li>T\u00ean s\u1ea3n ph\u1ea9m:\u00a0Callaway\u00a0Rogue ST MAX Fairway Woods<\/li>\n<li>Th\u01b0\u01a1ng hi\u1ec7u: Callaway<\/li>\n<li>Shaft: <strong>Shaft: fujikura ventus\u00a0<\/strong><\/li>\n<li>Flex:R , S<\/li>\n<\/ul>\n<\/div>\n<\/div>\n<ul class=\"attribute-specs-wrapper\">\n<li>\n                    Gi\u1edbi t\u00ednh: Nam                <\/li>\n<li>\n                    Th\u1ec3 lo\u1ea1i: Fairway                <\/li>\n<li>\n                    H\u00e3ng: Callaway                <\/li>\n<li>\n                    S\u1ea3n xu\u1ea5t : Trung Qu\u1ed1c                <\/li>\n<li>\n                    B\u1ea3o h\u00e0nh: 1 N\u0103m (L\u1ed7i nh\u00e0 s\u1ea3n xu\u1ea5t)                <\/li>\n<\/ul>","protected":false},"excerpt":{"rendered":"<div class=\"text-bottom--product-detail-info\">\n<div class=\"item\">\n        S\u1ea3n ph\u1ea9m ch\u00ednh h\u00e3ng 100%.\n    <\/div>\n<div class=\"item\">\n<div>\n          Ch\u00ednh s\u00e1ch \u0111\u1ed5i h\u00e0ng  (Xem chi ti\u1ebft).\n        <\/div>\n<\/div>\n<div class=\"item\">\n        Gi\u00e1 s\u1ea3n ph\u1ea9m \u0111\u00e3 bao g\u1ed3m VAT.\n    <\/div>\n<div class=\"item\">\n        Mi\u1ec5n ph\u00ed v\u1eadn chuy\u1ec3n th\u01b0\u1eddng\n    <\/div>\n<\/div>","protected":false},"featured_media":18599,"comment_status":"closed","ping_status":"closed","template":"","meta":[],"pwb-brand":[3519],"product_cat":[3255],"product_tag":[5015],"class_list":{"0":"post-18598","1":"product","2":"type-product","3":"status-publish","4":"has-post-thumbnail","6":"pwb-brand-callaway","7":"product_cat-fairway","8":"product_tag-gay-golf-fairway-callaway-rogue-st-max","10":"first","11":"instock","12":"shipping-taxable","13":"purchasable","14":"product-type-simple"},"brands":[{"id":3519,"name":"Callaway","slug":"callaway"}],"_links":{"self":[{"href":"https:\/\/xgolf.vn\/ar\/wp-json\/wp\/v2\/product\/18598","targetHints":{"allow":["GET"]}}],"collection":[{"href":"https:\/\/xgolf.vn\/ar\/wp-json\/wp\/v2\/product"}],"about":[{"href":"https:\/\/xgolf.vn\/ar\/wp-json\/wp\/v2\/types\/product"}],"replies":[{"embeddable":true,"href":"https:\/\/xgolf.vn\/ar\/wp-json\/wp\/v2\/comments?post=18598"}],"wp:featuredmedia":[{"embeddable":true,"href":"https:\/\/xgolf.vn\/ar\/wp-json\/wp\/v2\/media\/18599"}],"wp:attachment":[{"href":"https:\/\/xgolf.vn\/ar\/wp-json\/wp\/v2\/media?parent=18598"}],"wp:term":[{"taxonomy":"pwb-brand","embeddable":true,"href":"https:\/\/xgolf.vn\/ar\/wp-json\/wp\/v2\/pwb-brand?post=18598"},{"taxonomy":"product_cat","embeddable":true,"href":"https:\/\/xgolf.vn\/ar\/wp-json\/wp\/v2\/product_cat?post=18598"},{"taxonomy":"product_tag","embeddable":true,"href":"https:\/\/xgolf.vn\/ar\/wp-json\/wp\/v2\/product_tag?post=18598"}],"curies":[{"name":"wp","href":"https:\/\/api.w.org\/{rel}","templated":true}]}}