{"id":17955,"date":"2024-08-01T00:47:14","date_gmt":"2024-07-31T17:47:14","guid":{"rendered":"http:\/\/xgolf.vn\/-product-\/uncategorized\/kinh-golf-tifosi-davos-white-black\/"},"modified":"2024-08-01T00:47:17","modified_gmt":"2024-07-31T17:47:17","slug":"kinh-golf-tifosi-davos-white-black","status":"publish","type":"product","link":"https:\/\/xgolf.vn\/ar\/-product-\/phu-kien\/kinh\/kinh-golf-tifosi-davos-white-black\/","title":{"rendered":"Ki\u0301nh golf TIFOSI DAVOS, WHITE\/BLACK"},"content":{"rendered":"<div class=\"product attribute description\">\n<div class=\"value\">#html-body [data-pb-style=QSVFJAG]{background-position:left top;background-size:cover;background-repeat:no-repeat;background-attachment:scroll;align-self:stretch}#html-body [data-pb-style=GUQK4UF]{display:flex;width:100%}#html-body [data-pb-style=E4C22PF]{justify-content:flex-start;display:flex;flex-direction:column;background-position:left top;background-size:cover;background-repeat:no-repeat;background-attachment:scroll;width:100%;align-self:stretch}<\/p>\n<div class=\"pagebuilder-column-group\" data-background-images=\"{}\" data-content-type=\"column-group\" data-appearance=\"default\" data-grid-size=\"12\" data-element=\"main\" data-pb-style=\"QSVFJAG\">\n<div class=\"pagebuilder-column-line\" data-content-type=\"column-line\" data-element=\"main\" data-pb-style=\"GUQK4UF\">\n<div class=\"pagebuilder-column\" data-content-type=\"column\" data-appearance=\"full-height\" data-background-images=\"{}\" data-element=\"main\" data-pb-style=\"E4C22PF\">\n<div data-content-type=\"text\" data-appearance=\"default\" data-element=\"main\">\n<h3>Ki\u0301nh golf TIFOSI DAVOS, WHITE\/BLACK<\/h3>\n<ul>\n<li><strong>C\u00e0ng k\u00ednh \u0111i\u1ec1u ch\u1ec9nh \u0111\u01b0\u1ee3c<\/strong> : H\u1ed7 tr\u1ee3 t\u00f9y ch\u1ec9nh, t\u0103ng s\u1ef1 tho\u1ea3i m\u00e1i khi s\u1eed d\u1ee5ng.<\/li>\n<li><strong>Ch\u1ea5t li\u1ec7u POLYCARBONATE <\/strong>: \u0110\u01b0\u1ee3c ch\u1ebf t\u1ea1o t\u1eeb ch\u1ea5t li\u1ec7u polycarbonate ch\u1ed1ng tr\u1ea7y x\u01b0\u1edbc, ch\u1ed1ng v\u1ee1.\u00a0<\/li>\n<li><strong>Ch\u1ed1ng ch\u00f3i <\/strong>: L\u1edbp ph\u1ee7 tr\u00f2ng k\u00ednh b\u1ea3o v\u1ec7 ch\u1ed1ng ch\u00f3i \u0111\u1ed9c quy\u1ec1n c\u1ee7a Tifosi l\u00e0m gi\u1ea3m m\u1ecfi m\u1eaft.\u00a0<\/li>\n<li><strong>G\u1ecdng k\u00ednh b\u1eb1ng ch\u1ea5t li\u1ec7u GRILAMID TR-90:<\/strong> Ch\u1ea5t li\u1ec7u nylon c\u1ef1c k\u1ef3 nh\u1eb9 v\u00e0 b\u1ec1n, ch\u1ed1ng l\u1ea1i c\u00e1c t\u00e1c h\u1ea1i t\u1eeb ch\u1ea5t h\u00f3a h\u1ecdc v\u00e0 tia c\u1ef1c t\u00edm.\u00a0<\/li>\n<li><strong>Cao su \u01b0a n\u01b0\u1edbc<\/strong> \u00a0:Ph\u1ea7n cao su \u01b0a n\u01b0\u1edbc \u1edf \u0111\u1ec7m tai v\u00e0 m\u0169i gi\u00fap t\u0103ng \u0111\u1ed9 b\u00e1m ngay c\u1ea3 khi \u0111\u1ed5 m\u1ed3 h\u00f4i.\u00a0<\/li>\n<li><strong>\u0110\u1ea1t chu\u1ea9n quang h\u1ecdc:<\/strong> Gi\u00fap hi\u1ec3n th\u1ecb m\u1ed9t c\u00e1ch ch\u00e2n th\u1eadt v\u00e0 ng\u0103n ng\u1eeba hi\u1ec7n t\u01b0\u1ee3ng ph\u00f3ng \u0111\u1ea1i kh\u00f4ng mong mu\u1ed1n\u00a0<\/li>\n<li><strong>Ch\u1ed1ng Tia UV:<\/strong> T\u1ea5t c\u1ea3 tr\u00f2ng k\u00ednh Tifosi 100% \u0111\u1ec1u ch\u1ed1ng tia UVA v\u00e0 UVB \u0111\u1ed9c h\u1ea1i.\u00a0<\/li>\n<li><strong>\u00a0H\u1ed9p k\u00ednh k\u00e8m theo<\/strong> :Gi\u00fap b\u1ea3o qu\u1ea3n k\u00ednh t\u1ed1t h\u01a1n. \u00a0\u00a0<\/li>\n<li><strong>\u0110\u1ec7m m\u0169i \u0111i\u1ec1u ch\u1ec9nh \u0111\u01b0\u1ee3c :<\/strong> H\u1ed7 tr\u1ee3 t\u00f9y ch\u1ec9nh, h\u1ea1n ch\u1ebf tr\u01b0\u1ee3t v\u00e0 t\u0103ng s\u1ef1 tho\u1ea3i m\u00e1i.\u00a0<\/li>\n<li><strong>Tr\u00f2ng k\u00ednh tho\u00e1ng kh\u00ed :<\/strong>T\u0103ng lu\u1ed3ng kh\u00f4ng kh\u00ed \u0111\u1ec3 ng\u0103n ch\u1eb7n hi\u1ec7n t\u01b0\u1ee3ng m\u1edd k\u00ednh v\u00e0 tho\u00e1ng m\u00e1t h\u01a1n.<\/li>\n<\/ul>\n<\/div>\n<\/div>\n<\/div>\n<\/div>\n<\/div>\n<\/div>\n<ul class=\"attribute-specs-wrapper\">\n<li>\n                    Gi\u1edbi t\u00ednh: Nam                <\/li>\n<li>\n                    H\u00e3ng: TIFOSI                <\/li>\n<li>\n                    S\u1ea3n xu\u1ea5t : Trung Qu\u1ed1c                <\/li>\n<\/ul>","protected":false},"excerpt":{"rendered":"<div class=\"text-bottom--product-detail-info\">\n<div class=\"item\">\n        S\u1ea3n ph\u1ea9m ch\u00ednh h\u00e3ng 100%.\n    <\/div>\n<div class=\"item\">\n<div>\n          Ch\u00ednh s\u00e1ch \u0111\u1ed5i h\u00e0ng  (Xem chi ti\u1ebft).\n        <\/div>\n<\/div>\n<div class=\"item\">\n        Gi\u00e1 s\u1ea3n ph\u1ea9m \u0111\u00e3 bao g\u1ed3m VAT.\n    <\/div>\n<div class=\"item\">\n        Mi\u1ec5n ph\u00ed v\u1eadn chuy\u1ec3n th\u01b0\u1eddng\n    <\/div>\n<\/div>","protected":false},"featured_media":17956,"comment_status":"closed","ping_status":"closed","template":"","meta":[],"pwb-brand":[4361],"product_cat":[3346],"product_tag":[4726,4727],"class_list":{"0":"post-17955","1":"product","2":"type-product","3":"status-publish","4":"has-post-thumbnail","6":"pwb-brand-tifosi","7":"product_cat-kinh","8":"product_tag-kinh-golf-tifosi-davos","9":"product_tag-white-black","11":"first","12":"instock","13":"shipping-taxable","14":"purchasable","15":"product-type-simple"},"brands":[{"id":4361,"name":"TIFOSI","slug":"tifosi"}],"_links":{"self":[{"href":"https:\/\/xgolf.vn\/ar\/wp-json\/wp\/v2\/product\/17955","targetHints":{"allow":["GET"]}}],"collection":[{"href":"https:\/\/xgolf.vn\/ar\/wp-json\/wp\/v2\/product"}],"about":[{"href":"https:\/\/xgolf.vn\/ar\/wp-json\/wp\/v2\/types\/product"}],"replies":[{"embeddable":true,"href":"https:\/\/xgolf.vn\/ar\/wp-json\/wp\/v2\/comments?post=17955"}],"wp:featuredmedia":[{"embeddable":true,"href":"https:\/\/xgolf.vn\/ar\/wp-json\/wp\/v2\/media\/17956"}],"wp:attachment":[{"href":"https:\/\/xgolf.vn\/ar\/wp-json\/wp\/v2\/media?parent=17955"}],"wp:term":[{"taxonomy":"pwb-brand","embeddable":true,"href":"https:\/\/xgolf.vn\/ar\/wp-json\/wp\/v2\/pwb-brand?post=17955"},{"taxonomy":"product_cat","embeddable":true,"href":"https:\/\/xgolf.vn\/ar\/wp-json\/wp\/v2\/product_cat?post=17955"},{"taxonomy":"product_tag","embeddable":true,"href":"https:\/\/xgolf.vn\/ar\/wp-json\/wp\/v2\/product_tag?post=17955"}],"curies":[{"name":"wp","href":"https:\/\/api.w.org\/{rel}","templated":true}]}}